{"id":28,"date":"2016-08-23T11:43:19","date_gmt":"2016-08-23T14:43:19","guid":{"rendered":"https:\/\/wp.ufpel.edu.br\/bachareladoemquimica\/?page_id=28"},"modified":"2025-06-30T12:59:51","modified_gmt":"2025-06-30T15:59:51","slug":"contatos","status":"publish","type":"page","link":"https:\/\/wp.ufpel.edu.br\/bachareladoemquimica\/contatos\/","title":{"rendered":"CONTATOS"},"content":{"rendered":"<p><strong>Secretaria Acad\u00eamica: Sala 102 &#8211; Pr\u00e9dio 31 &#8211; Campus Cap\u00e3o do Le\u00e3o<\/strong><\/p>\n<p>Telefone: (53) 3275-7454<\/p>\n<p><strong>HOR\u00c1RIOS DE ATENDIMENTO: <\/strong>Das 08 \u00e0s 20h<\/p>\n<p><strong>E-mail do Colegiado<\/strong>: colegiadodaquimica@gmail.com OU quimica@ufpel.edu.br<\/p>\n<p><strong>Sala Coordena\u00e7\u00e3o: Sala 107 &#8211; Pr\u00e9dio 31 &#8211; Campus Cap\u00e3o do Le\u00e3o<\/strong><\/p>\n<p><strong>E-mail da Coordenadora<\/strong>: adriane.mn@hotmail.com<\/p>\n<p><strong>Celular:<\/strong> 53 991880909<\/p>\n<p><strong>E-mail da Coordenadora Adjunta:<\/strong> gracelie.serpa@gmail.com<\/p>\n<p><strong>Celular:<\/strong> 53 999114518<\/p>\n<p>&nbsp;<\/p>\n","protected":false},"excerpt":{"rendered":"<p>Secretaria Acad\u00eamica: Sala 102 &#8211; Pr\u00e9dio 31 &#8211; Campus Cap\u00e3o do Le\u00e3o Telefone: (53) 3275-7454 HOR\u00c1RIOS DE ATENDIMENTO: Das 08 \u00e0s 20h E-mail do Colegiado: colegiadodaquimica@gmail.com OU quimica@ufpel.edu.br Sala Coordena\u00e7\u00e3o: Sala 107 &#8211; Pr\u00e9dio 31 &#8211; Campus Cap\u00e3o do Le\u00e3o E-mail da Coordenadora: adriane.mn@hotmail.com Celular: 53 991880909 E-mail da Coordenadora Adjunta: gracelie.serpa@gmail.com Celular: 53 999114518 [&hellip;]<\/p>\n","protected":false},"author":688,"featured_media":0,"parent":0,"menu_order":0,"comment_status":"closed","ping_status":"closed","template":"","meta":{"footnotes":""},"class_list":["post-28","page","type-page","status-publish","hentry"],"_links":{"self":[{"href":"https:\/\/wp.ufpel.edu.br\/bachareladoemquimica\/wp-json\/wp\/v2\/pages\/28","targetHints":{"allow":["GET"]}}],"collection":[{"href":"https:\/\/wp.ufpel.edu.br\/bachareladoemquimica\/wp-json\/wp\/v2\/pages"}],"about":[{"href":"https:\/\/wp.ufpel.edu.br\/bachareladoemquimica\/wp-json\/wp\/v2\/types\/page"}],"author":[{"embeddable":true,"href":"https:\/\/wp.ufpel.edu.br\/bachareladoemquimica\/wp-json\/wp\/v2\/users\/688"}],"replies":[{"embeddable":true,"href":"https:\/\/wp.ufpel.edu.br\/bachareladoemquimica\/wp-json\/wp\/v2\/comments?post=28"}],"version-history":[{"count":16,"href":"https:\/\/wp.ufpel.edu.br\/bachareladoemquimica\/wp-json\/wp\/v2\/pages\/28\/revisions"}],"predecessor-version":[{"id":1694,"href":"https:\/\/wp.ufpel.edu.br\/bachareladoemquimica\/wp-json\/wp\/v2\/pages\/28\/revisions\/1694"}],"wp:attachment":[{"href":"https:\/\/wp.ufpel.edu.br\/bachareladoemquimica\/wp-json\/wp\/v2\/media?parent=28"}],"curies":[{"name":"wp","href":"https:\/\/api.w.org\/{rel}","templated":true}]}}