{"id":1785,"date":"2025-08-21T14:48:30","date_gmt":"2025-08-21T17:48:30","guid":{"rendered":"https:\/\/wp.ufpel.edu.br\/bachareladoemquimica\/?page_id=1785"},"modified":"2025-08-21T14:48:30","modified_gmt":"2025-08-21T17:48:30","slug":"acoes-de-extensao","status":"publish","type":"page","link":"https:\/\/wp.ufpel.edu.br\/bachareladoemquimica\/acoes-de-extensao\/","title":{"rendered":"A\u00c7\u00d5ES DE EXTENS\u00c3O"},"content":{"rendered":"<p><img class=\"alignnone size-medium wp-image-1792\" src=\"https:\/\/wp.ufpel.edu.br\/bachareladoemquimica\/files\/2025\/08\/Reciclando_1-400x400.png\" alt=\"\" width=\"400\" height=\"400\" srcset=\"https:\/\/wp.ufpel.edu.br\/bachareladoemquimica\/files\/2025\/08\/Reciclando_1-400x400.png 400w, https:\/\/wp.ufpel.edu.br\/bachareladoemquimica\/files\/2025\/08\/Reciclando_1-1024x1024.png 1024w, https:\/\/wp.ufpel.edu.br\/bachareladoemquimica\/files\/2025\/08\/Reciclando_1-200x200.png 200w, https:\/\/wp.ufpel.edu.br\/bachareladoemquimica\/files\/2025\/08\/Reciclando_1-768x768.png 768w, https:\/\/wp.ufpel.edu.br\/bachareladoemquimica\/files\/2025\/08\/Reciclando_1.png 1500w\" sizes=\"(max-width: 400px) 100vw, 400px\" \/><img class=\"alignnone size-medium wp-image-1791\" src=\"https:\/\/wp.ufpel.edu.br\/bachareladoemquimica\/files\/2025\/08\/Reciclando_2-400x400.png\" alt=\"\" width=\"400\" height=\"400\" srcset=\"https:\/\/wp.ufpel.edu.br\/bachareladoemquimica\/files\/2025\/08\/Reciclando_2-400x400.png 400w, https:\/\/wp.ufpel.edu.br\/bachareladoemquimica\/files\/2025\/08\/Reciclando_2-1024x1024.png 1024w, https:\/\/wp.ufpel.edu.br\/bachareladoemquimica\/files\/2025\/08\/Reciclando_2-200x200.png 200w, https:\/\/wp.ufpel.edu.br\/bachareladoemquimica\/files\/2025\/08\/Reciclando_2-768x768.png 768w, https:\/\/wp.ufpel.edu.br\/bachareladoemquimica\/files\/2025\/08\/Reciclando_2.png 1500w\" sizes=\"(max-width: 400px) 100vw, 400px\" \/><\/p>\n<p><img class=\"alignnone size-medium wp-image-1790\" src=\"https:\/\/wp.ufpel.edu.br\/bachareladoemquimica\/files\/2025\/08\/Reciclando_3-400x400.png\" alt=\"\" width=\"400\" height=\"400\" srcset=\"https:\/\/wp.ufpel.edu.br\/bachareladoemquimica\/files\/2025\/08\/Reciclando_3-400x400.png 400w, https:\/\/wp.ufpel.edu.br\/bachareladoemquimica\/files\/2025\/08\/Reciclando_3-1024x1024.png 1024w, https:\/\/wp.ufpel.edu.br\/bachareladoemquimica\/files\/2025\/08\/Reciclando_3-200x200.png 200w, https:\/\/wp.ufpel.edu.br\/bachareladoemquimica\/files\/2025\/08\/Reciclando_3-768x768.png 768w, https:\/\/wp.ufpel.edu.br\/bachareladoemquimica\/files\/2025\/08\/Reciclando_3.png 1500w\" sizes=\"(max-width: 400px) 100vw, 400px\" \/><img class=\"alignnone size-medium wp-image-1789\" src=\"https:\/\/wp.ufpel.edu.br\/bachareladoemquimica\/files\/2025\/08\/Reciclando_4-400x400.png\" alt=\"\" width=\"400\" height=\"400\" srcset=\"https:\/\/wp.ufpel.edu.br\/bachareladoemquimica\/files\/2025\/08\/Reciclando_4-400x400.png 400w, https:\/\/wp.ufpel.edu.br\/bachareladoemquimica\/files\/2025\/08\/Reciclando_4-1024x1024.png 1024w, https:\/\/wp.ufpel.edu.br\/bachareladoemquimica\/files\/2025\/08\/Reciclando_4-200x200.png 200w, https:\/\/wp.ufpel.edu.br\/bachareladoemquimica\/files\/2025\/08\/Reciclando_4-768x768.png 768w, https:\/\/wp.ufpel.edu.br\/bachareladoemquimica\/files\/2025\/08\/Reciclando_4.png 1500w\" sizes=\"(max-width: 400px) 100vw, 400px\" \/><\/p>\n<p><img class=\"alignnone size-medium wp-image-1788\" src=\"https:\/\/wp.ufpel.edu.br\/bachareladoemquimica\/files\/2025\/08\/Reciclando_5-400x400.png\" alt=\"\" width=\"400\" height=\"400\" srcset=\"https:\/\/wp.ufpel.edu.br\/bachareladoemquimica\/files\/2025\/08\/Reciclando_5-400x400.png 400w, https:\/\/wp.ufpel.edu.br\/bachareladoemquimica\/files\/2025\/08\/Reciclando_5-1024x1024.png 1024w, https:\/\/wp.ufpel.edu.br\/bachareladoemquimica\/files\/2025\/08\/Reciclando_5-200x200.png 200w, https:\/\/wp.ufpel.edu.br\/bachareladoemquimica\/files\/2025\/08\/Reciclando_5-768x768.png 768w, https:\/\/wp.ufpel.edu.br\/bachareladoemquimica\/files\/2025\/08\/Reciclando_5.png 1500w\" sizes=\"(max-width: 400px) 100vw, 400px\" \/><img class=\"alignnone size-medium wp-image-1787\" src=\"https:\/\/wp.ufpel.edu.br\/bachareladoemquimica\/files\/2025\/08\/Reciclando_6-400x400.png\" alt=\"\" width=\"400\" height=\"400\" srcset=\"https:\/\/wp.ufpel.edu.br\/bachareladoemquimica\/files\/2025\/08\/Reciclando_6-400x400.png 400w, https:\/\/wp.ufpel.edu.br\/bachareladoemquimica\/files\/2025\/08\/Reciclando_6-1024x1024.png 1024w, https:\/\/wp.ufpel.edu.br\/bachareladoemquimica\/files\/2025\/08\/Reciclando_6-200x200.png 200w, https:\/\/wp.ufpel.edu.br\/bachareladoemquimica\/files\/2025\/08\/Reciclando_6-768x768.png 768w, https:\/\/wp.ufpel.edu.br\/bachareladoemquimica\/files\/2025\/08\/Reciclando_6.png 1500w\" sizes=\"(max-width: 400px) 100vw, 400px\" \/><\/p>\n","protected":false},"excerpt":{"rendered":"","protected":false},"author":688,"featured_media":0,"parent":0,"menu_order":0,"comment_status":"closed","ping_status":"closed","template":"","meta":{"footnotes":""},"class_list":["post-1785","page","type-page","status-publish","hentry"],"_links":{"self":[{"href":"https:\/\/wp.ufpel.edu.br\/bachareladoemquimica\/wp-json\/wp\/v2\/pages\/1785","targetHints":{"allow":["GET"]}}],"collection":[{"href":"https:\/\/wp.ufpel.edu.br\/bachareladoemquimica\/wp-json\/wp\/v2\/pages"}],"about":[{"href":"https:\/\/wp.ufpel.edu.br\/bachareladoemquimica\/wp-json\/wp\/v2\/types\/page"}],"author":[{"embeddable":true,"href":"https:\/\/wp.ufpel.edu.br\/bachareladoemquimica\/wp-json\/wp\/v2\/users\/688"}],"replies":[{"embeddable":true,"href":"https:\/\/wp.ufpel.edu.br\/bachareladoemquimica\/wp-json\/wp\/v2\/comments?post=1785"}],"version-history":[{"count":1,"href":"https:\/\/wp.ufpel.edu.br\/bachareladoemquimica\/wp-json\/wp\/v2\/pages\/1785\/revisions"}],"predecessor-version":[{"id":1793,"href":"https:\/\/wp.ufpel.edu.br\/bachareladoemquimica\/wp-json\/wp\/v2\/pages\/1785\/revisions\/1793"}],"wp:attachment":[{"href":"https:\/\/wp.ufpel.edu.br\/bachareladoemquimica\/wp-json\/wp\/v2\/media?parent=1785"}],"curies":[{"name":"wp","href":"https:\/\/api.w.org\/{rel}","templated":true}]}}