{"id":1603,"date":"2024-12-10T12:14:26","date_gmt":"2024-12-10T15:14:26","guid":{"rendered":"https:\/\/wp.ufpel.edu.br\/bachareladoemquimica\/?page_id=1603"},"modified":"2025-06-30T11:48:02","modified_gmt":"2025-06-30T14:48:02","slug":"coordenacao","status":"publish","type":"page","link":"https:\/\/wp.ufpel.edu.br\/bachareladoemquimica\/coordenacao\/","title":{"rendered":"COORDENA\u00c7\u00c3O"},"content":{"rendered":"<p><strong>Bi\u00eanio 2024-2026<\/strong> &#8211; <em>Coordenadora: Adriane Medeiros Nunes<\/em><\/p>\n<p><em>\u00a0 \u00a0 \u00a0 \u00a0 \u00a0 \u00a0 \u00a0 \u00a0 \u00a0 \u00a0 \u00a0 \u00a0 \u00a0 \u00a0 \u00a0 \u00a0 \u00a0 \u00a0 \u00a0 Coordenadora Adjunta: Grac\u00e9lie Aparecida Serpa Schulz<\/em><\/p>\n<p>Proposta para o per\u00edodo: <a href=\"https:\/\/wp.ufpel.edu.br\/bachareladoemquimica\/files\/2025\/06\/Proposta_Coordenacao_2024.pdf\">Proposta_Coordenacao_2024<\/a><\/p>\n<p>&nbsp;<\/p>\n<p><strong>Bi\u00eanio 2022-2024<\/strong> &#8211; <em>Coordenadora: Grac\u00e9lie Aparecida Serpa Schulz<\/em><\/p>\n<p><em>\u00a0 \u00a0 \u00a0 \u00a0 \u00a0 \u00a0 \u00a0 \u00a0 \u00a0 \u00a0 \u00a0 \u00a0 \u00a0 \u00a0 \u00a0 \u00a0 \u00a0 \u00a0 \u00a0 Coordenadora Adjunta: Adriane Medeiros Nunes<\/em><\/p>\n<p>Proposta para o per\u00edodo: <a href=\"https:\/\/wp.ufpel.edu.br\/bachareladoemquimica\/files\/2025\/06\/Proposta_Coordenacao_2022.pdf\">Proposta_Coordenacao_2022<\/a><\/p>\n<p>&nbsp;<\/p>\n<p><strong>Bi\u00eanio 2020-2022<\/strong> &#8211; <em>Coordenadora: Grac\u00e9lie Aparecida Serpa Schulz<\/em><\/p>\n<p><em>\u00a0 \u00a0 \u00a0 \u00a0 \u00a0 \u00a0 \u00a0 \u00a0 \u00a0 \u00a0 \u00a0 \u00a0 \u00a0 \u00a0 \u00a0 \u00a0 \u00a0 \u00a0 \u00a0 Coordenadora Adjunta: Adriane Medeiros Nunes<\/em><\/p>\n<p>Proposta para o per\u00edodo: <a href=\"https:\/\/wp.ufpel.edu.br\/bachareladoemquimica\/files\/2025\/06\/Proposta_Coordenacao_2020.pdf\">Proposta_Coordenacao_2020<\/a><\/p>\n","protected":false},"excerpt":{"rendered":"<p>Bi\u00eanio 2024-2026 &#8211; Coordenadora: Adriane Medeiros Nunes \u00a0 \u00a0 \u00a0 \u00a0 \u00a0 \u00a0 \u00a0 \u00a0 \u00a0 \u00a0 \u00a0 \u00a0 \u00a0 \u00a0 \u00a0 \u00a0 \u00a0 \u00a0 \u00a0 Coordenadora Adjunta: Grac\u00e9lie Aparecida Serpa Schulz Proposta para o per\u00edodo: Proposta_Coordenacao_2024 &nbsp; Bi\u00eanio 2022-2024 &#8211; Coordenadora: Grac\u00e9lie Aparecida Serpa Schulz \u00a0 \u00a0 \u00a0 \u00a0 \u00a0 \u00a0 \u00a0 \u00a0 \u00a0 [&hellip;]<\/p>\n","protected":false},"author":688,"featured_media":0,"parent":0,"menu_order":0,"comment_status":"closed","ping_status":"closed","template":"","meta":{"footnotes":""},"class_list":["post-1603","page","type-page","status-publish","hentry"],"_links":{"self":[{"href":"https:\/\/wp.ufpel.edu.br\/bachareladoemquimica\/wp-json\/wp\/v2\/pages\/1603","targetHints":{"allow":["GET"]}}],"collection":[{"href":"https:\/\/wp.ufpel.edu.br\/bachareladoemquimica\/wp-json\/wp\/v2\/pages"}],"about":[{"href":"https:\/\/wp.ufpel.edu.br\/bachareladoemquimica\/wp-json\/wp\/v2\/types\/page"}],"author":[{"embeddable":true,"href":"https:\/\/wp.ufpel.edu.br\/bachareladoemquimica\/wp-json\/wp\/v2\/users\/688"}],"replies":[{"embeddable":true,"href":"https:\/\/wp.ufpel.edu.br\/bachareladoemquimica\/wp-json\/wp\/v2\/comments?post=1603"}],"version-history":[{"count":4,"href":"https:\/\/wp.ufpel.edu.br\/bachareladoemquimica\/wp-json\/wp\/v2\/pages\/1603\/revisions"}],"predecessor-version":[{"id":1679,"href":"https:\/\/wp.ufpel.edu.br\/bachareladoemquimica\/wp-json\/wp\/v2\/pages\/1603\/revisions\/1679"}],"wp:attachment":[{"href":"https:\/\/wp.ufpel.edu.br\/bachareladoemquimica\/wp-json\/wp\/v2\/media?parent=1603"}],"curies":[{"name":"wp","href":"https:\/\/api.w.org\/{rel}","templated":true}]}}