{"id":16,"date":"2016-08-23T11:41:51","date_gmt":"2016-08-23T14:41:51","guid":{"rendered":"https:\/\/wp.ufpel.edu.br\/bachareladoemquimica\/?page_id=16"},"modified":"2025-06-30T10:11:45","modified_gmt":"2025-06-30T13:11:45","slug":"recepcao-aos-calouros","status":"publish","type":"page","link":"https:\/\/wp.ufpel.edu.br\/bachareladoemquimica\/recepcao-aos-calouros\/","title":{"rendered":"RECEP\u00c7\u00c3O AOS CALOUROS"},"content":{"rendered":"<p><a href=\"https:\/\/wp.ufpel.edu.br\/bachareladoemquimica\/files\/2025\/05\/Apresentacao-ingressantes_-Bacharelado-em-Quimica-2025_1.pdf\">Apresenta\u00e7\u00e3o ingressantes_ Bacharelado em Qu\u00edmica 2025_1<\/a><\/p>\n","protected":false},"excerpt":{"rendered":"<p>Apresenta\u00e7\u00e3o ingressantes_ Bacharelado em Qu\u00edmica 2025_1<\/p>\n","protected":false},"author":688,"featured_media":0,"parent":0,"menu_order":0,"comment_status":"closed","ping_status":"closed","template":"","meta":{"footnotes":""},"class_list":["post-16","page","type-page","status-publish","hentry"],"_links":{"self":[{"href":"https:\/\/wp.ufpel.edu.br\/bachareladoemquimica\/wp-json\/wp\/v2\/pages\/16","targetHints":{"allow":["GET"]}}],"collection":[{"href":"https:\/\/wp.ufpel.edu.br\/bachareladoemquimica\/wp-json\/wp\/v2\/pages"}],"about":[{"href":"https:\/\/wp.ufpel.edu.br\/bachareladoemquimica\/wp-json\/wp\/v2\/types\/page"}],"author":[{"embeddable":true,"href":"https:\/\/wp.ufpel.edu.br\/bachareladoemquimica\/wp-json\/wp\/v2\/users\/688"}],"replies":[{"embeddable":true,"href":"https:\/\/wp.ufpel.edu.br\/bachareladoemquimica\/wp-json\/wp\/v2\/comments?post=16"}],"version-history":[{"count":2,"href":"https:\/\/wp.ufpel.edu.br\/bachareladoemquimica\/wp-json\/wp\/v2\/pages\/16\/revisions"}],"predecessor-version":[{"id":1649,"href":"https:\/\/wp.ufpel.edu.br\/bachareladoemquimica\/wp-json\/wp\/v2\/pages\/16\/revisions\/1649"}],"wp:attachment":[{"href":"https:\/\/wp.ufpel.edu.br\/bachareladoemquimica\/wp-json\/wp\/v2\/media?parent=16"}],"curies":[{"name":"wp","href":"https:\/\/api.w.org\/{rel}","templated":true}]}}