{"id":10,"date":"2016-08-23T11:41:06","date_gmt":"2016-08-23T14:41:06","guid":{"rendered":"https:\/\/wp.ufpel.edu.br\/bachareladoemquimica\/?page_id=10"},"modified":"2025-06-30T13:08:03","modified_gmt":"2025-06-30T16:08:03","slug":"projeto-pedagogico","status":"publish","type":"page","link":"https:\/\/wp.ufpel.edu.br\/bachareladoemquimica\/projeto-pedagogico\/","title":{"rendered":"PROJETO PEDAG\u00d3GICO"},"content":{"rendered":"<p><a href=\"https:\/\/wp.ufpel.edu.br\/bachareladoemquimica\/files\/2025\/06\/PPC-Bacharelado-em-Quimica-2016.pdf\">PPC Bacharelado em Qu\u00edmica 2016<\/a><\/p>\n<p><a href=\"https:\/\/wp.ufpel.edu.br\/bachareladoemquimica\/files\/2025\/06\/PPC-Bacharelado-em-Quimica-2018.pdf\">PPC Bacharelado em Qu\u00edmica 2018<\/a><\/p>\n<p><a href=\"https:\/\/wp.ufpel.edu.br\/bachareladoemquimica\/files\/2025\/06\/PPC-Bacharelado-em-Quimica-2023.pdf\">PPC Bacharelado em Qu\u00edmica 2023<\/a><\/p>\n<p><a href=\"https:\/\/wp.ufpel.edu.br\/bachareladoemquimica\/files\/2025\/06\/PPC-Bacharelado-em-Quimica-2025.pdf\">PPC Bacharelado em Qu\u00edmica 2025<\/a><\/p>\n","protected":false},"excerpt":{"rendered":"<p>PPC Bacharelado em Qu\u00edmica 2016 PPC Bacharelado em Qu\u00edmica 2018 PPC Bacharelado em Qu\u00edmica 2023 PPC Bacharelado em Qu\u00edmica 2025<\/p>\n","protected":false},"author":688,"featured_media":0,"parent":0,"menu_order":0,"comment_status":"closed","ping_status":"closed","template":"","meta":{"footnotes":""},"class_list":["post-10","page","type-page","status-publish","hentry"],"_links":{"self":[{"href":"https:\/\/wp.ufpel.edu.br\/bachareladoemquimica\/wp-json\/wp\/v2\/pages\/10","targetHints":{"allow":["GET"]}}],"collection":[{"href":"https:\/\/wp.ufpel.edu.br\/bachareladoemquimica\/wp-json\/wp\/v2\/pages"}],"about":[{"href":"https:\/\/wp.ufpel.edu.br\/bachareladoemquimica\/wp-json\/wp\/v2\/types\/page"}],"author":[{"embeddable":true,"href":"https:\/\/wp.ufpel.edu.br\/bachareladoemquimica\/wp-json\/wp\/v2\/users\/688"}],"replies":[{"embeddable":true,"href":"https:\/\/wp.ufpel.edu.br\/bachareladoemquimica\/wp-json\/wp\/v2\/comments?post=10"}],"version-history":[{"count":16,"href":"https:\/\/wp.ufpel.edu.br\/bachareladoemquimica\/wp-json\/wp\/v2\/pages\/10\/revisions"}],"predecessor-version":[{"id":1700,"href":"https:\/\/wp.ufpel.edu.br\/bachareladoemquimica\/wp-json\/wp\/v2\/pages\/10\/revisions\/1700"}],"wp:attachment":[{"href":"https:\/\/wp.ufpel.edu.br\/bachareladoemquimica\/wp-json\/wp\/v2\/media?parent=10"}],"curies":[{"name":"wp","href":"https:\/\/api.w.org\/{rel}","templated":true}]}}