{"id":150,"date":"2018-05-10T17:08:46","date_gmt":"2018-05-10T20:08:46","guid":{"rendered":"https:\/\/wp.ufpel.edu.br\/ayala\/?page_id=150"},"modified":"2021-09-09T18:20:43","modified_gmt":"2021-09-09T21:20:43","slug":"introducao-ao-pensamento-fisico","status":"publish","type":"page","link":"https:\/\/wp.ufpel.edu.br\/ayala\/disciplinas\/introducao-ao-pensamento-fisico\/","title":{"rendered":"Introdu\u00e7\u00e3o ao Pensamento F\u00edsico"},"content":{"rendered":"<p>Abaixo voc\u00ea encontrar\u00e1 algumas informa\u00e7\u00f5es e os recursos utilizados na disciplina:<\/p>\n<p>Uma excelente introdu\u00e7\u00e3o \u00e0 Revolu\u00e7\u00e3o Copernicana, incluindo aspectos da Astronomia Antiga e Medieval,\u00a0\u00a0foi elaborada e apresentada\u00a0 por F\u00e1tima \u00c9vora no livro de dois volumes\u00a0 A Revolu\u00e7\u00e3o Copernicano Galileana.<\/p>\n<p>Para ter um bom entendimento inicial desse processo hist\u00f3rico \u00e9 importante que o livro seja estudado. No entanto, proponho uma leitura espec\u00edfica de alguns cap\u00edtulos para acompanhar cada uma de nossas aulas.<\/p>\n<p>A Tradi\u00e7\u00e3o Plat\u00f4nica &#8211; Capitulo 2; <a href=\"https:\/\/wp.ufpel.edu.br\/ayala\/files\/2020\/07\/evora_rev_cop_cap2_cap4.pdf\">evora_rev_cop_cap2_cap4<\/a><\/p>\n<p>A F\u00edsica Aristot\u00e9lica &#8211; Capitulo 3. link acima<\/p>\n<p>Epiciclos\u00a0 &#8211; Deferentes e o Modelo de Ptolomeu &#8212;\u00a0 Cap\u00edtulos 5 e 6\u00a0 e Ap\u00eandice T\u00e9cnico. <a href=\"https:\/\/wp.ufpel.edu.br\/ayala\/files\/2020\/07\/evora_rev_cop_cap5_cap6.pdf\">evora_rev_cop_cap5_cap6<\/a><\/p>\n<p>Ap\u00eandice &#8212; <a href=\"https:\/\/wp.ufpel.edu.br\/ayala\/files\/2020\/07\/evora_rev_cop_apencice_bibliog.pdf\">evora_rev_cop_apencice_bibliog<\/a><\/p>\n<p>Abaixo apresento as refer\u00eancias a partes do livro<\/p>\n<p>Galilei, Galileu. Di\u00e1logos sobre os Dois Principais Sistemas do Mundo: O Ptolomaico e o Copernicano.<\/p>\n<p>Acesso o texto do Di\u00e1logos no link abaixo<br \/>\n<a href=\"https:\/\/drive.google.com\/file\/d\/1KyF1r9nDMD-u1MMPaMZEknZnD11pT5es\/view?usp=sharing\">https:\/\/drive.google.com\/file\/d\/1KyF1r9nDMD-u1MMPaMZEknZnD11pT5es\/view?usp=sharing<\/a><\/p>\n<p>Sobre os argumentos em favor do movimento da Terra <a href=\"https:\/\/wp.ufpel.edu.br\/ayala\/files\/2020\/07\/Dialogos_galileu_196_201.pdf\">Dialogos_galileu_196_201<\/a><\/p>\n<p>Sobre o Argumento da Torre: <a href=\"https:\/\/wp.ufpel.edu.br\/ayala\/files\/2020\/07\/Evora_argumento_torre.pdf\">Evora_argumento_torre<\/a><\/p>\n<p>Trecho dos Principia &#8212; Leis do Movimento <a href=\"https:\/\/wp.ufpel.edu.br\/ayala\/files\/2020\/08\/principia_newton_leisdomov_53_68.pdf\">principia_newton_leisdomov_53_68<\/a><\/p>\n<p>&nbsp;<\/p>\n<p>&nbsp;<\/p>\n","protected":false},"excerpt":{"rendered":"<p>Abaixo voc\u00ea encontrar\u00e1 algumas informa\u00e7\u00f5es e os recursos utilizados na disciplina: Uma excelente introdu\u00e7\u00e3o \u00e0 Revolu\u00e7\u00e3o Copernicana, incluindo aspectos da Astronomia Antiga e Medieval,\u00a0\u00a0foi elaborada e apresentada\u00a0 por F\u00e1tima \u00c9vora no livro de dois volumes\u00a0 A Revolu\u00e7\u00e3o Copernicano Galileana. Para&#8230; <a class=\"more-link\" href=\"https:\/\/wp.ufpel.edu.br\/ayala\/disciplinas\/introducao-ao-pensamento-fisico\/\">Continue lendo &rarr;<\/a><\/p>\n","protected":false},"author":754,"featured_media":0,"parent":46,"menu_order":0,"comment_status":"closed","ping_status":"closed","template":"","meta":{"footnotes":""},"class_list":["post-150","page","type-page","status-publish","hentry"],"_links":{"self":[{"href":"https:\/\/wp.ufpel.edu.br\/ayala\/wp-json\/wp\/v2\/pages\/150","targetHints":{"allow":["GET"]}}],"collection":[{"href":"https:\/\/wp.ufpel.edu.br\/ayala\/wp-json\/wp\/v2\/pages"}],"about":[{"href":"https:\/\/wp.ufpel.edu.br\/ayala\/wp-json\/wp\/v2\/types\/page"}],"author":[{"embeddable":true,"href":"https:\/\/wp.ufpel.edu.br\/ayala\/wp-json\/wp\/v2\/users\/754"}],"replies":[{"embeddable":true,"href":"https:\/\/wp.ufpel.edu.br\/ayala\/wp-json\/wp\/v2\/comments?post=150"}],"version-history":[{"count":34,"href":"https:\/\/wp.ufpel.edu.br\/ayala\/wp-json\/wp\/v2\/pages\/150\/revisions"}],"predecessor-version":[{"id":363,"href":"https:\/\/wp.ufpel.edu.br\/ayala\/wp-json\/wp\/v2\/pages\/150\/revisions\/363"}],"up":[{"embeddable":true,"href":"https:\/\/wp.ufpel.edu.br\/ayala\/wp-json\/wp\/v2\/pages\/46"}],"wp:attachment":[{"href":"https:\/\/wp.ufpel.edu.br\/ayala\/wp-json\/wp\/v2\/media?parent=150"}],"curies":[{"name":"wp","href":"https:\/\/api.w.org\/{rel}","templated":true}]}}