{"id":112,"date":"2016-08-18T10:03:18","date_gmt":"2016-08-18T13:03:18","guid":{"rendered":"https:\/\/wp.ufpel.edu.br\/avicultura\/?page_id=112"},"modified":"2016-08-18T10:03:18","modified_gmt":"2016-08-18T13:03:18","slug":"plano-de-ensino","status":"publish","type":"page","link":"https:\/\/wp.ufpel.edu.br\/avicultura\/plano-de-ensino\/","title":{"rendered":"Plano de ensino"},"content":{"rendered":"<p>No\u00a0plano de ensino constam os procedimentos pedag\u00f3gicos, avalia\u00e7\u00f5es, cronograma e conte\u00fado das atividades te\u00f3rico-pr\u00e1ticas.<\/p>\n<p>Poss\u00edveis altera\u00e7\u00f5es podem ocorrer, assim fique atento \u00e0 comunica\u00e7\u00e3o atrav\u00e9s da plataforma COBALTO.<\/p>\n<p>Fico \u00e0 disposi\u00e7\u00e3o para sanar d\u00favidas.<\/p>\n<p><a href=\"https:\/\/wp.ufpel.edu.br\/avicultura\/files\/2016\/08\/Plano_ensino_Avicultura_2016_2.doc\">Plano_ensino_Avicultura_2016_2<\/a><\/p>\n","protected":false},"excerpt":{"rendered":"<p>No\u00a0plano de ensino constam os procedimentos pedag\u00f3gicos, avalia\u00e7\u00f5es, cronograma e conte\u00fado das atividades te\u00f3rico-pr\u00e1ticas. Poss\u00edveis altera\u00e7\u00f5es podem ocorrer, assim fique atento \u00e0 comunica\u00e7\u00e3o atrav\u00e9s da plataforma COBALTO. Fico \u00e0 disposi\u00e7\u00e3o para sanar d\u00favidas. Plano_ensino_Avicultura_2016_2<\/p>\n","protected":false},"author":59,"featured_media":0,"parent":0,"menu_order":0,"comment_status":"closed","ping_status":"closed","template":"","meta":{"footnotes":""},"class_list":["post-112","page","type-page","status-publish","hentry"],"_links":{"self":[{"href":"https:\/\/wp.ufpel.edu.br\/avicultura\/wp-json\/wp\/v2\/pages\/112","targetHints":{"allow":["GET"]}}],"collection":[{"href":"https:\/\/wp.ufpel.edu.br\/avicultura\/wp-json\/wp\/v2\/pages"}],"about":[{"href":"https:\/\/wp.ufpel.edu.br\/avicultura\/wp-json\/wp\/v2\/types\/page"}],"author":[{"embeddable":true,"href":"https:\/\/wp.ufpel.edu.br\/avicultura\/wp-json\/wp\/v2\/users\/59"}],"replies":[{"embeddable":true,"href":"https:\/\/wp.ufpel.edu.br\/avicultura\/wp-json\/wp\/v2\/comments?post=112"}],"version-history":[{"count":1,"href":"https:\/\/wp.ufpel.edu.br\/avicultura\/wp-json\/wp\/v2\/pages\/112\/revisions"}],"predecessor-version":[{"id":125,"href":"https:\/\/wp.ufpel.edu.br\/avicultura\/wp-json\/wp\/v2\/pages\/112\/revisions\/125"}],"wp:attachment":[{"href":"https:\/\/wp.ufpel.edu.br\/avicultura\/wp-json\/wp\/v2\/media?parent=112"}],"curies":[{"name":"wp","href":"https:\/\/api.w.org\/{rel}","templated":true}]}}