{"id":13,"date":"2015-11-17T20:54:03","date_gmt":"2015-11-17T22:54:03","guid":{"rendered":"https:\/\/wp.ufpel.edu.br\/aulusmm\/?page_id=13"},"modified":"2017-09-23T20:45:05","modified_gmt":"2017-09-23T23:45:05","slug":"sobre","status":"publish","type":"page","link":"https:\/\/wp.ufpel.edu.br\/aulusmm\/sobre\/","title":{"rendered":"SOBRE"},"content":{"rendered":"<p>Professor associado do Centro de Letras e Comunica\u00e7\u00e3o da Universidade Federal de Pelotas, exercendo atividades de doc\u00eancia em gradua\u00e7\u00e3o e p\u00f3s-gradua\u00e7\u00e3o. \u00c9 professor-orientador do Programa de P\u00f3s-Gradua\u00e7\u00e3o em Letras (\u00c1rea de Literatura Comparada). Atua na \u00e1rea de Letras, com \u00eanfase nos seguintes temas: literatura brasileira, teoria da literatura, literatura e hist\u00f3ria, literatura e trauma e poesia brasileira contempor\u00e2nea.<\/p>\n","protected":false},"excerpt":{"rendered":"<p>Professor associado do Centro de Letras e Comunica\u00e7\u00e3o da Universidade Federal de Pelotas, exercendo atividades de doc\u00eancia em gradua\u00e7\u00e3o e p\u00f3s-gradua\u00e7\u00e3o. \u00c9 professor-orientador do Programa de P\u00f3s-Gradua\u00e7\u00e3o em Letras (\u00c1rea de Literatura Comparada). Atua na \u00e1rea de Letras, com \u00eanfase nos seguintes temas: literatura brasileira, teoria da literatura, literatura e hist\u00f3ria, literatura e trauma e &hellip; <\/p>\n<p class=\"link-more\"><a href=\"https:\/\/wp.ufpel.edu.br\/aulusmm\/sobre\/\" class=\"more-link\">Continue lendo<span class=\"screen-reader-text\"> &#8220;SOBRE&#8221;<\/span><\/a><\/p>\n","protected":false},"author":594,"featured_media":0,"parent":0,"menu_order":0,"comment_status":"closed","ping_status":"closed","template":"","meta":{"jetpack_post_was_ever_published":false,"footnotes":""},"class_list":["post-13","page","type-page","status-publish","hentry"],"jetpack_sharing_enabled":true,"jetpack_shortlink":"https:\/\/wp.me\/P6XyNv-d","jetpack-related-posts":[],"jetpack_likes_enabled":true,"_links":{"self":[{"href":"https:\/\/wp.ufpel.edu.br\/aulusmm\/wp-json\/wp\/v2\/pages\/13","targetHints":{"allow":["GET"]}}],"collection":[{"href":"https:\/\/wp.ufpel.edu.br\/aulusmm\/wp-json\/wp\/v2\/pages"}],"about":[{"href":"https:\/\/wp.ufpel.edu.br\/aulusmm\/wp-json\/wp\/v2\/types\/page"}],"author":[{"embeddable":true,"href":"https:\/\/wp.ufpel.edu.br\/aulusmm\/wp-json\/wp\/v2\/users\/594"}],"replies":[{"embeddable":true,"href":"https:\/\/wp.ufpel.edu.br\/aulusmm\/wp-json\/wp\/v2\/comments?post=13"}],"version-history":[{"count":4,"href":"https:\/\/wp.ufpel.edu.br\/aulusmm\/wp-json\/wp\/v2\/pages\/13\/revisions"}],"predecessor-version":[{"id":738,"href":"https:\/\/wp.ufpel.edu.br\/aulusmm\/wp-json\/wp\/v2\/pages\/13\/revisions\/738"}],"wp:attachment":[{"href":"https:\/\/wp.ufpel.edu.br\/aulusmm\/wp-json\/wp\/v2\/media?parent=13"}],"curies":[{"name":"wp","href":"https:\/\/api.w.org\/{rel}","templated":true}]}}