{"id":997,"date":"2013-09-16T11:18:44","date_gmt":"2013-09-16T14:18:44","guid":{"rendered":"https:\/\/wp.ufpel.edu.br\/audin\/?page_id=997"},"modified":"2023-12-11T17:23:57","modified_gmt":"2023-12-11T20:23:57","slug":"analise-de-riscos","status":"publish","type":"page","link":"https:\/\/wp.ufpel.edu.br\/audin\/trabalhos-da-audin\/outros-trabalhos\/analise-de-riscos\/","title":{"rendered":"An\u00e1lise de Riscos"},"content":{"rendered":"<p><a href=\"https:\/\/wp.ufpel.edu.br\/audin\/files\/2023\/12\/Nota_Tecnica_N__01.2019_publicacao.pdf\" target=\"_blank\" rel=\"noopener\">An\u00e1lise de Riscos 01.2013<\/a>: Proposta de Termo de Contrato de Assessoria T\u00e9cnica em Sa\u00fade de Produ\u00e7\u00e3o Leiteira<\/p>\n","protected":false},"excerpt":{"rendered":"<p>An\u00e1lise de Riscos 01.2013: Proposta de Termo de Contrato de Assessoria T\u00e9cnica em Sa\u00fade de Produ\u00e7\u00e3o Leiteira<\/p>\n","protected":false},"author":127,"featured_media":0,"parent":2226,"menu_order":0,"comment_status":"closed","ping_status":"closed","template":"","meta":{"_crdt_document":"","footnotes":""},"class_list":["post-997","page","type-page","status-publish","hentry"],"jetpack_sharing_enabled":true,"_links":{"self":[{"href":"https:\/\/wp.ufpel.edu.br\/audin\/wp-json\/wp\/v2\/pages\/997","targetHints":{"allow":["GET"]}}],"collection":[{"href":"https:\/\/wp.ufpel.edu.br\/audin\/wp-json\/wp\/v2\/pages"}],"about":[{"href":"https:\/\/wp.ufpel.edu.br\/audin\/wp-json\/wp\/v2\/types\/page"}],"author":[{"embeddable":true,"href":"https:\/\/wp.ufpel.edu.br\/audin\/wp-json\/wp\/v2\/users\/127"}],"replies":[{"embeddable":true,"href":"https:\/\/wp.ufpel.edu.br\/audin\/wp-json\/wp\/v2\/comments?post=997"}],"version-history":[{"count":7,"href":"https:\/\/wp.ufpel.edu.br\/audin\/wp-json\/wp\/v2\/pages\/997\/revisions"}],"predecessor-version":[{"id":2834,"href":"https:\/\/wp.ufpel.edu.br\/audin\/wp-json\/wp\/v2\/pages\/997\/revisions\/2834"}],"up":[{"embeddable":true,"href":"https:\/\/wp.ufpel.edu.br\/audin\/wp-json\/wp\/v2\/pages\/2226"}],"wp:attachment":[{"href":"https:\/\/wp.ufpel.edu.br\/audin\/wp-json\/wp\/v2\/media?parent=997"}],"curies":[{"name":"wp","href":"https:\/\/api.w.org\/{rel}","templated":true}]}}