{"id":3077,"date":"2025-08-11T10:48:56","date_gmt":"2025-08-11T13:48:56","guid":{"rendered":"https:\/\/wp.ufpel.edu.br\/audin\/?page_id=3077"},"modified":"2025-12-08T15:12:33","modified_gmt":"2025-12-08T18:12:33","slug":"relatorios-de-auditoria-2025","status":"publish","type":"page","link":"https:\/\/wp.ufpel.edu.br\/audin\/relatorios-de-auditoria-2025\/","title":{"rendered":"Relat\u00f3rios de Auditoria 2025"},"content":{"rendered":"<p><a href=\"https:\/\/wp.ufpel.edu.br\/audin\/files\/2025\/08\/RELATORIO-FINAL-No-01-2025_QUALIDADE_ENSINO-site.pdf\">Relat\u00f3rio de Auditoria 01\/2025: Qualidade do Ensino Superior &#8211; PPCs<\/a><\/p>\n<p><a href=\"https:\/\/wp.ufpel.edu.br\/audin\/files\/2025\/09\/23._2025_AUDIN_SUPERVISAO_Rel._de_Auditoria_02_QUAL.ENSINO_FREQUENCIA__4_-3.pdf\">Relat\u00f3rio de Auditoria 02\/2025: Qualidade do Ensino Superior &#8211; Registro de Avalia\u00e7\u00f5es e Notas; Registro de Frequ\u00eancia<\/a><\/p>\n<p><a href=\"https:\/\/wp.ufpel.edu.br\/audin\/files\/2025\/08\/RELATORIO-DE-AUDITORIA-VERSAO-PUBLICADA.pdf\">Relat\u00f3rio de Auditoria 03\/2025: Qualidade do Ensino Superior &#8211; ENADE<\/a><\/p>\n<p><a href=\"https:\/\/wp.ufpel.edu.br\/audin\/files\/2025\/11\/RELATORIO-4-2025-site-audin.pdf\">Relat\u00f3rio de Auditoria 04\/2025: Universidade Aberta do Brasil &#8211; UAB<\/a><\/p>\n<p><a href=\"https:\/\/wp.ufpel.edu.br\/audin\/files\/2025\/12\/21.-Relatorio-de-Auditoria-05.2025-Publicacao.pdf\" target=\"_blank\" rel=\"noopener\">Relat\u00f3rio de Auditoria 05\/2025: Plano de Desenvolvimento das Unidades<\/a><\/p>\n","protected":false},"excerpt":{"rendered":"<p>Relat\u00f3rio de Auditoria 01\/2025: Qualidade do Ensino Superior &#8211; PPCs Relat\u00f3rio de Auditoria 02\/2025: Qualidade do Ensino Superior &#8211; Registro de Avalia\u00e7\u00f5es e Notas; Registro de Frequ\u00eancia Relat\u00f3rio de Auditoria 03\/2025: Qualidade do Ensino Superior &#8211; ENADE Relat\u00f3rio de Auditoria 04\/2025: Universidade Aberta do Brasil &#8211; UAB Relat\u00f3rio de Auditoria 05\/2025: Plano de Desenvolvimento das [&hellip;]<\/p>\n","protected":false},"author":127,"featured_media":0,"parent":0,"menu_order":0,"comment_status":"closed","ping_status":"closed","template":"","meta":{"footnotes":""},"class_list":["post-3077","page","type-page","status-publish","hentry"],"jetpack_sharing_enabled":true,"_links":{"self":[{"href":"https:\/\/wp.ufpel.edu.br\/audin\/wp-json\/wp\/v2\/pages\/3077","targetHints":{"allow":["GET"]}}],"collection":[{"href":"https:\/\/wp.ufpel.edu.br\/audin\/wp-json\/wp\/v2\/pages"}],"about":[{"href":"https:\/\/wp.ufpel.edu.br\/audin\/wp-json\/wp\/v2\/types\/page"}],"author":[{"embeddable":true,"href":"https:\/\/wp.ufpel.edu.br\/audin\/wp-json\/wp\/v2\/users\/127"}],"replies":[{"embeddable":true,"href":"https:\/\/wp.ufpel.edu.br\/audin\/wp-json\/wp\/v2\/comments?post=3077"}],"version-history":[{"count":3,"href":"https:\/\/wp.ufpel.edu.br\/audin\/wp-json\/wp\/v2\/pages\/3077\/revisions"}],"predecessor-version":[{"id":3093,"href":"https:\/\/wp.ufpel.edu.br\/audin\/wp-json\/wp\/v2\/pages\/3077\/revisions\/3093"}],"wp:attachment":[{"href":"https:\/\/wp.ufpel.edu.br\/audin\/wp-json\/wp\/v2\/media?parent=3077"}],"curies":[{"name":"wp","href":"https:\/\/api.w.org\/{rel}","templated":true}]}}