{"id":2980,"date":"2024-10-11T15:51:28","date_gmt":"2024-10-11T18:51:28","guid":{"rendered":"https:\/\/wp.ufpel.edu.br\/audin\/?page_id=2980"},"modified":"2024-10-11T15:58:06","modified_gmt":"2024-10-11T18:58:06","slug":"nota-tecnica","status":"publish","type":"page","link":"https:\/\/wp.ufpel.edu.br\/audin\/nota-tecnica\/","title":{"rendered":"Nota T\u00e9cnica"},"content":{"rendered":"<p style=\"text-align: left;\"><span style=\"font-family: verdana, geneva, sans-serif; font-size: 12pt;\"><a class=\"lbp_secondary cboxElement\" href=\"https:\/\/wp.ufpel.edu.br\/audin\/files\/2013\/04\/Nota-T\u00e9cnica-n\u00ba-01-Implanta\u00e7\u00e3o-de-Unidade-de-Auditoria-Interna.pdf\" target=\"_blank\" rel=\"noopener\"><span style=\"font-family: verdana, geneva, sans-serif;\">Nota T\u00e9cnica 01\/2013<\/span><\/a>: Implanta\u00e7\u00e3o da Unidade de Auditoria Interna<\/span><\/p>\n<p style=\"text-align: left;\"><span style=\"font-family: verdana, geneva, sans-serif; font-size: 12pt;\"><a class=\"lbp_secondary cboxElement\" href=\"https:\/\/wp.ufpel.edu.br\/audin\/files\/2013\/04\/Nota-T\u00e9cnica-n\u00ba-02-Pagamentos-das-remunera\u00e7\u00f5es-por-substitui\u00e7\u00f5es-decorrentes-de-afastamento-ou-impedimento-legal.pdf\" target=\"_blank\" rel=\"noopener\">Nota T\u00e9cnica 02\/2013<\/a>: Pagamento por Substitui\u00e7\u00e3o Decorrente de Afastamento ou Impedimento Legal<\/span><\/p>\n","protected":false},"excerpt":{"rendered":"<p>Nota T\u00e9cnica 01\/2013: Implanta\u00e7\u00e3o da Unidade de Auditoria Interna Nota T\u00e9cnica 02\/2013: Pagamento por Substitui\u00e7\u00e3o Decorrente de Afastamento ou Impedimento Legal<\/p>\n","protected":false},"author":127,"featured_media":0,"parent":0,"menu_order":0,"comment_status":"closed","ping_status":"closed","template":"","meta":{"footnotes":""},"class_list":["post-2980","page","type-page","status-publish","hentry"],"jetpack_sharing_enabled":true,"_links":{"self":[{"href":"https:\/\/wp.ufpel.edu.br\/audin\/wp-json\/wp\/v2\/pages\/2980","targetHints":{"allow":["GET"]}}],"collection":[{"href":"https:\/\/wp.ufpel.edu.br\/audin\/wp-json\/wp\/v2\/pages"}],"about":[{"href":"https:\/\/wp.ufpel.edu.br\/audin\/wp-json\/wp\/v2\/types\/page"}],"author":[{"embeddable":true,"href":"https:\/\/wp.ufpel.edu.br\/audin\/wp-json\/wp\/v2\/users\/127"}],"replies":[{"embeddable":true,"href":"https:\/\/wp.ufpel.edu.br\/audin\/wp-json\/wp\/v2\/comments?post=2980"}],"version-history":[{"count":3,"href":"https:\/\/wp.ufpel.edu.br\/audin\/wp-json\/wp\/v2\/pages\/2980\/revisions"}],"predecessor-version":[{"id":2990,"href":"https:\/\/wp.ufpel.edu.br\/audin\/wp-json\/wp\/v2\/pages\/2980\/revisions\/2990"}],"wp:attachment":[{"href":"https:\/\/wp.ufpel.edu.br\/audin\/wp-json\/wp\/v2\/media?parent=2980"}],"curies":[{"name":"wp","href":"https:\/\/api.w.org\/{rel}","templated":true}]}}