{"id":2912,"date":"2024-04-08T15:35:32","date_gmt":"2024-04-08T18:35:32","guid":{"rendered":"https:\/\/wp.ufpel.edu.br\/audin\/?page_id=2912"},"modified":"2025-01-29T15:52:14","modified_gmt":"2025-01-29T18:52:14","slug":"relatorios-de-auditoria-2023","status":"publish","type":"page","link":"https:\/\/wp.ufpel.edu.br\/audin\/relatorios-de-auditoria-2023\/","title":{"rendered":"Relat\u00f3rios de Auditoria 2023"},"content":{"rendered":"<p><a href=\"https:\/\/wp.ufpel.edu.br\/audin\/files\/2024\/04\/16.-Relatorio-de-Auditoria-01.2023-Contratacoes-para-publicacao.pdf\" target=\"_blank\" rel=\"noopener\"><span style=\"font-family: verdana, geneva, sans-serif;\">Relat\u00f3rio de Auditoria 01\/2023<\/span><\/a><span style=\"font-family: verdana, geneva, sans-serif;\">: Contrata\u00e7\u00f5es<\/span><\/p>\n<p><span style=\"font-family: verdana, geneva, sans-serif;\"><a href=\"https:\/\/wp.ufpel.edu.br\/audin\/files\/2025\/01\/29.-Relatorio-de-Auditoria-02.2023-RU-19.01.25.pdf\" target=\"_blank\" rel=\"noopener\">Relat\u00f3rio de Auditoria 02\/2023<\/a>: Gest\u00e3o dos Restaurantes Universit\u00e1rios<\/span><\/p>\n<p><span style=\"font-family: verdana, geneva, sans-serif;\"><a href=\"https:\/\/wp.ufpel.edu.br\/audin\/files\/2024\/07\/RELATO\u0301RIO-DE-AUDITORIA-03-2023_Governanc\u0327a_publicacao.pdf\" target=\"_blank\" rel=\"noopener\">Relat\u00f3rio de Auditoria 03\/2023<\/a>: Governan\u00e7a<\/span><\/p>\n<p><span style=\"font-family: verdana, geneva, sans-serif;\"><a href=\"https:\/\/wp.ufpel.edu.br\/audin\/files\/2024\/12\/RELATORIO-DE-AUDITORIA-No-04-2023_UAB_publicacao.pdf\" target=\"_blank\" rel=\"noopener\">Relat\u00f3rio de Auditoria 04\/2023<\/a>: Universidade Aberta do Brasil (UAB)<\/span><\/p>\n","protected":false},"excerpt":{"rendered":"<p>Relat\u00f3rio de Auditoria 01\/2023: Contrata\u00e7\u00f5es Relat\u00f3rio de Auditoria 02\/2023: Gest\u00e3o dos Restaurantes Universit\u00e1rios Relat\u00f3rio de Auditoria 03\/2023: Governan\u00e7a Relat\u00f3rio de Auditoria 04\/2023: Universidade Aberta do Brasil (UAB)<\/p>\n","protected":false},"author":127,"featured_media":0,"parent":0,"menu_order":0,"comment_status":"closed","ping_status":"closed","template":"","meta":{"footnotes":""},"class_list":["post-2912","page","type-page","status-publish","hentry"],"jetpack_sharing_enabled":true,"_links":{"self":[{"href":"https:\/\/wp.ufpel.edu.br\/audin\/wp-json\/wp\/v2\/pages\/2912","targetHints":{"allow":["GET"]}}],"collection":[{"href":"https:\/\/wp.ufpel.edu.br\/audin\/wp-json\/wp\/v2\/pages"}],"about":[{"href":"https:\/\/wp.ufpel.edu.br\/audin\/wp-json\/wp\/v2\/types\/page"}],"author":[{"embeddable":true,"href":"https:\/\/wp.ufpel.edu.br\/audin\/wp-json\/wp\/v2\/users\/127"}],"replies":[{"embeddable":true,"href":"https:\/\/wp.ufpel.edu.br\/audin\/wp-json\/wp\/v2\/comments?post=2912"}],"version-history":[{"count":10,"href":"https:\/\/wp.ufpel.edu.br\/audin\/wp-json\/wp\/v2\/pages\/2912\/revisions"}],"predecessor-version":[{"id":3031,"href":"https:\/\/wp.ufpel.edu.br\/audin\/wp-json\/wp\/v2\/pages\/2912\/revisions\/3031"}],"wp:attachment":[{"href":"https:\/\/wp.ufpel.edu.br\/audin\/wp-json\/wp\/v2\/media?parent=2912"}],"curies":[{"name":"wp","href":"https:\/\/api.w.org\/{rel}","templated":true}]}}