{"id":2675,"date":"2023-05-25T16:06:44","date_gmt":"2023-05-25T19:06:44","guid":{"rendered":"https:\/\/wp.ufpel.edu.br\/audin\/?page_id=2675"},"modified":"2023-12-21T11:15:25","modified_gmt":"2023-12-21T14:15:25","slug":"2022-2","status":"publish","type":"page","link":"https:\/\/wp.ufpel.edu.br\/audin\/trabalhos-da-audin\/relatorios-de-auditoria\/2022-2\/","title":{"rendered":"Relat\u00f3rios de Auditoria 2022"},"content":{"rendered":"<p><span style=\"font-family: verdana, geneva, sans-serif; font-size: 12pt;\"><a href=\"https:\/\/wp.ufpel.edu.br\/audin\/files\/2023\/05\/17.-Relatorio-de-Auditoria-01.2022-Vigilancia-para-publicacao.pdf\" target=\"_blank\" rel=\"noopener\">Relat\u00f3rio de Auditoria 01\/2022<\/a>: Seguran\u00e7a F\u00edsica Patrimonial (Vigil\u00e2ncia)<\/span><\/p>\n<p><span style=\"font-family: verdana, geneva, sans-serif; font-size: 12pt;\"><a href=\"https:\/\/wp.ufpel.edu.br\/audin\/files\/2023\/05\/16.-Relatorio-de-Auditoria-02.2022-Cotas-para-publicacao.PDF.pdf\" target=\"_blank\" rel=\"noopener\">Relat\u00f3rio de Auditoria 02\/2022<\/a>: Ingresso de Alunos por Cotas Sociais<\/span><\/p>\n<p><span style=\"font-family: verdana, geneva, sans-serif;\"><a href=\"https:\/\/wp.ufpel.edu.br\/audin\/files\/2023\/07\/RELATORIO-DE-AUDITORIA-No-03_2022_PUBLICACAO.pdf\" target=\"_blank\" rel=\"noopener\">Relat\u00f3rio de Auditoria 03\/2022<\/a>: Processos Eletr\u00f4nicos Administrativos e Transpar\u00eancia Ativa<\/span><\/p>\n<p><span style=\"font-family: verdana, geneva, sans-serif; font-size: 12pt;\"><a href=\"https:\/\/wp.ufpel.edu.br\/audin\/files\/2023\/06\/Relatorio_04.2022___Registros_Contabeis_publicacaoOK.pdf\" target=\"_blank\" rel=\"noopener\">Relat\u00f3rio de Auditoria 04\/2022<\/a>: Registros Cont\u00e1beis<\/span><\/p>\n<p>&nbsp;<\/p>\n<p>&nbsp;<\/p>\n","protected":false},"excerpt":{"rendered":"<p>Relat\u00f3rio de Auditoria 01\/2022: Seguran\u00e7a F\u00edsica Patrimonial (Vigil\u00e2ncia) Relat\u00f3rio de Auditoria 02\/2022: Ingresso de Alunos por Cotas Sociais Relat\u00f3rio de Auditoria 03\/2022: Processos Eletr\u00f4nicos Administrativos e Transpar\u00eancia Ativa Relat\u00f3rio de Auditoria 04\/2022: Registros Cont\u00e1beis &nbsp; &nbsp;<\/p>\n","protected":false},"author":293,"featured_media":0,"parent":1742,"menu_order":0,"comment_status":"closed","ping_status":"closed","template":"","meta":{"footnotes":""},"class_list":["post-2675","page","type-page","status-publish","hentry"],"jetpack_sharing_enabled":true,"_links":{"self":[{"href":"https:\/\/wp.ufpel.edu.br\/audin\/wp-json\/wp\/v2\/pages\/2675","targetHints":{"allow":["GET"]}}],"collection":[{"href":"https:\/\/wp.ufpel.edu.br\/audin\/wp-json\/wp\/v2\/pages"}],"about":[{"href":"https:\/\/wp.ufpel.edu.br\/audin\/wp-json\/wp\/v2\/types\/page"}],"author":[{"embeddable":true,"href":"https:\/\/wp.ufpel.edu.br\/audin\/wp-json\/wp\/v2\/users\/293"}],"replies":[{"embeddable":true,"href":"https:\/\/wp.ufpel.edu.br\/audin\/wp-json\/wp\/v2\/comments?post=2675"}],"version-history":[{"count":10,"href":"https:\/\/wp.ufpel.edu.br\/audin\/wp-json\/wp\/v2\/pages\/2675\/revisions"}],"predecessor-version":[{"id":2844,"href":"https:\/\/wp.ufpel.edu.br\/audin\/wp-json\/wp\/v2\/pages\/2675\/revisions\/2844"}],"up":[{"embeddable":true,"href":"https:\/\/wp.ufpel.edu.br\/audin\/wp-json\/wp\/v2\/pages\/1742"}],"wp:attachment":[{"href":"https:\/\/wp.ufpel.edu.br\/audin\/wp-json\/wp\/v2\/media?parent=2675"}],"curies":[{"name":"wp","href":"https:\/\/api.w.org\/{rel}","templated":true}]}}