{"id":2226,"date":"2022-12-16T09:50:25","date_gmt":"2022-12-16T12:50:25","guid":{"rendered":"https:\/\/wp.ufpel.edu.br\/audin\/?page_id=2226"},"modified":"2024-11-27T17:56:22","modified_gmt":"2024-11-27T20:56:22","slug":"outros-trabalhos","status":"publish","type":"page","link":"https:\/\/wp.ufpel.edu.br\/audin\/trabalhos-da-audin\/outros-trabalhos\/","title":{"rendered":"Outros Trabalhos"},"content":{"rendered":"<p><strong><span style=\"font-family: verdana, geneva, sans-serif;\">Trabalhos posteriores a 2018:<\/span><\/strong><\/p>\n<p><a href=\"https:\/\/wp.ufpel.edu.br\/audin\/trabalhos-da-audin\/outros-trabalhos\/nota-tecnica\/\" rel=\"noopener\">Nota T\u00e9cnica<\/a><\/p>\n<p>&nbsp;<\/p>\n<p><strong><span style=\"font-family: verdana, geneva, sans-serif;\">Trabalhos anteriores a 2018:<\/span><\/strong><\/p>\n<p><span style=\"font-family: verdana, geneva, sans-serif; font-size: 12pt;\"><a href=\"https:\/\/wp.ufpel.edu.br\/audin\/assessoria-tecnica\/\">Assessoria T\u00e9cnica<\/a><\/span><\/p>\n<p><span style=\"font-family: verdana, geneva, sans-serif;\"><a href=\"https:\/\/wp.ufpel.edu.br\/audin\/nota-tecnica\/\">Nota T\u00e9cnica<\/a><\/span><\/p>\n<p><span style=\"font-family: verdana, geneva, sans-serif; font-size: 12pt;\"><a href=\"https:\/\/wp.ufpel.edu.br\/audin\/orientacao-tecnica\/\">Orienta\u00e7\u00e3o T\u00e9cnica<\/a><\/span><\/p>\n","protected":false},"excerpt":{"rendered":"<p>Trabalhos posteriores a 2018: Nota T\u00e9cnica &nbsp; Trabalhos anteriores a 2018: Assessoria T\u00e9cnica Nota T\u00e9cnica Orienta\u00e7\u00e3o T\u00e9cnica<\/p>\n","protected":false},"author":20,"featured_media":0,"parent":2804,"menu_order":1,"comment_status":"closed","ping_status":"closed","template":"","meta":{"footnotes":""},"class_list":["post-2226","page","type-page","status-publish","hentry"],"jetpack_sharing_enabled":true,"_links":{"self":[{"href":"https:\/\/wp.ufpel.edu.br\/audin\/wp-json\/wp\/v2\/pages\/2226","targetHints":{"allow":["GET"]}}],"collection":[{"href":"https:\/\/wp.ufpel.edu.br\/audin\/wp-json\/wp\/v2\/pages"}],"about":[{"href":"https:\/\/wp.ufpel.edu.br\/audin\/wp-json\/wp\/v2\/types\/page"}],"author":[{"embeddable":true,"href":"https:\/\/wp.ufpel.edu.br\/audin\/wp-json\/wp\/v2\/users\/20"}],"replies":[{"embeddable":true,"href":"https:\/\/wp.ufpel.edu.br\/audin\/wp-json\/wp\/v2\/comments?post=2226"}],"version-history":[{"count":21,"href":"https:\/\/wp.ufpel.edu.br\/audin\/wp-json\/wp\/v2\/pages\/2226\/revisions"}],"predecessor-version":[{"id":2997,"href":"https:\/\/wp.ufpel.edu.br\/audin\/wp-json\/wp\/v2\/pages\/2226\/revisions\/2997"}],"up":[{"embeddable":true,"href":"https:\/\/wp.ufpel.edu.br\/audin\/wp-json\/wp\/v2\/pages\/2804"}],"wp:attachment":[{"href":"https:\/\/wp.ufpel.edu.br\/audin\/wp-json\/wp\/v2\/media?parent=2226"}],"curies":[{"name":"wp","href":"https:\/\/api.w.org\/{rel}","templated":true}]}}