{"id":2006,"date":"2022-06-13T14:31:27","date_gmt":"2022-06-13T17:31:27","guid":{"rendered":"https:\/\/wp.ufpel.edu.br\/audin\/?page_id=2006"},"modified":"2023-12-21T11:43:19","modified_gmt":"2023-12-21T14:43:19","slug":"2021-2","status":"publish","type":"page","link":"https:\/\/wp.ufpel.edu.br\/audin\/trabalhos-da-audin\/relatorios-de-auditoria\/2021-2\/","title":{"rendered":"Relat\u00f3rios de Auditoria 2021"},"content":{"rendered":"<p style=\"text-align: left;\"><span style=\"font-family: verdana, geneva, sans-serif;\"><a href=\"https:\/\/wp.ufpel.edu.br\/audin\/files\/2023\/05\/RELATORIO-DE-AUDITORIA-No-01_2021_Contratacoes_publicacao.pdf\" target=\"_blank\" rel=\"noopener\">Relat\u00f3rio de Auditoria 01\/2021<\/a>: Contrata\u00e7\u00f5es de Bens e Servi\u00e7os (Enfrentamento da epidemia de Covid-19)<\/span><\/p>\n<p style=\"text-align: left;\"><span style=\"font-family: verdana, geneva, sans-serif;\"><a href=\"https:\/\/wp.ufpel.edu.br\/audin\/files\/2023\/06\/Relatorio_final_Contratacoes-em-TIC_publicacao.pdf\" target=\"_blank\" rel=\"noopener\">Relat\u00f3rio de Auditoria 02\/2021<\/a>: Contrata\u00e7\u00f5es de TIC<\/span><\/p>\n<p><span style=\"font-family: verdana, geneva, sans-serif;\"><a href=\"https:\/\/wp.ufpel.edu.br\/audin\/files\/2023\/12\/Relatorio-de-Auditoria-03.2021-Licencas-Saude.pdf\">Relat\u00f3rio de Auditoria 03\/2021<\/a>: Licen\u00e7as Sa\u00fade<\/span><\/p>\n<p style=\"text-align: left;\"><span style=\"font-family: verdana, geneva, sans-serif;\"><a href=\"https:\/\/wp.ufpel.edu.br\/audin\/files\/2023\/05\/RELATORIO-DE-AUDITORIA-No-04-2021_BolsasIC_publicacao.pdf\" target=\"_blank\" rel=\"noopener\">Relat\u00f3rio de Auditoria 04\/2021<\/a>: Bolsas de Pesquisa (Inicia\u00e7\u00e3o Cient\u00edfica)<\/span><\/p>\n<p style=\"text-align: left;\">\n","protected":false},"excerpt":{"rendered":"<p>Relat\u00f3rio de Auditoria 01\/2021: Contrata\u00e7\u00f5es de Bens e Servi\u00e7os (Enfrentamento da epidemia de Covid-19) Relat\u00f3rio de Auditoria 02\/2021: Contrata\u00e7\u00f5es de TIC Relat\u00f3rio de Auditoria 03\/2021: Licen\u00e7as Sa\u00fade Relat\u00f3rio de Auditoria 04\/2021: Bolsas de Pesquisa (Inicia\u00e7\u00e3o Cient\u00edfica)<\/p>\n","protected":false},"author":127,"featured_media":0,"parent":1742,"menu_order":0,"comment_status":"closed","ping_status":"closed","template":"","meta":{"footnotes":""},"class_list":["post-2006","page","type-page","status-publish","hentry"],"jetpack_sharing_enabled":true,"_links":{"self":[{"href":"https:\/\/wp.ufpel.edu.br\/audin\/wp-json\/wp\/v2\/pages\/2006","targetHints":{"allow":["GET"]}}],"collection":[{"href":"https:\/\/wp.ufpel.edu.br\/audin\/wp-json\/wp\/v2\/pages"}],"about":[{"href":"https:\/\/wp.ufpel.edu.br\/audin\/wp-json\/wp\/v2\/types\/page"}],"author":[{"embeddable":true,"href":"https:\/\/wp.ufpel.edu.br\/audin\/wp-json\/wp\/v2\/users\/127"}],"replies":[{"embeddable":true,"href":"https:\/\/wp.ufpel.edu.br\/audin\/wp-json\/wp\/v2\/comments?post=2006"}],"version-history":[{"count":18,"href":"https:\/\/wp.ufpel.edu.br\/audin\/wp-json\/wp\/v2\/pages\/2006\/revisions"}],"predecessor-version":[{"id":2846,"href":"https:\/\/wp.ufpel.edu.br\/audin\/wp-json\/wp\/v2\/pages\/2006\/revisions\/2846"}],"up":[{"embeddable":true,"href":"https:\/\/wp.ufpel.edu.br\/audin\/wp-json\/wp\/v2\/pages\/1742"}],"wp:attachment":[{"href":"https:\/\/wp.ufpel.edu.br\/audin\/wp-json\/wp\/v2\/media?parent=2006"}],"curies":[{"name":"wp","href":"https:\/\/api.w.org\/{rel}","templated":true}]}}