{"id":2003,"date":"2022-06-13T14:29:44","date_gmt":"2022-06-13T17:29:44","guid":{"rendered":"https:\/\/wp.ufpel.edu.br\/audin\/?page_id=2003"},"modified":"2023-12-11T15:57:54","modified_gmt":"2023-12-11T18:57:54","slug":"2020-2","status":"publish","type":"page","link":"https:\/\/wp.ufpel.edu.br\/audin\/trabalhos-da-audin\/relatorios-de-auditoria\/2020-2\/","title":{"rendered":"Relat\u00f3rios de Auditoria 2020"},"content":{"rendered":"<p style=\"text-align: left;\"><span style=\"font-family: verdana, geneva, sans-serif;\"><a href=\"https:\/\/wp.ufpel.edu.br\/audin\/files\/2022\/07\/RELATORIO_DE_AUDITORIA_01_2020_para-publicacao.pdf\" target=\"_blank\" rel=\"noopener\">Relat\u00f3rio de Auditoria 01\/2020<\/a>: Transpar\u00eancia no Relacionamento entre a UFPel e suas Funda\u00e7\u00f5es de Apoio<\/span><\/p>\n<p style=\"text-align: left;\"><span style=\"font-family: verdana, geneva, sans-serif;\"><a href=\"https:\/\/wp.ufpel.edu.br\/audin\/files\/2022\/07\/RELATORIO-DE-AUDITORIA-No-02-2020_compressed.pdf\" target=\"_blank\" rel=\"noopener\">Relat\u00f3rio de Auditoria 02\/2020<\/a>: Presta\u00e7\u00f5es de Contas de Conv\u00eanios e Contratos<\/span><\/p>\n<p><span style=\"font-family: verdana, geneva, sans-serif;\"><a href=\"https:\/\/wp.ufpel.edu.br\/audin\/files\/2023\/05\/18.-Relatorio-de-Auditoria-03.2020-Fiscalizacao-de-Obras-para-publicacao.PDF.pdf\" target=\"_blank\" rel=\"noopener\">Relat\u00f3rio de Auditoria 03\/2020<\/a>: Fiscaliza\u00e7\u00e3o de Obras<\/span><\/p>\n","protected":false},"excerpt":{"rendered":"<p>Relat\u00f3rio de Auditoria 01\/2020: Transpar\u00eancia no Relacionamento entre a UFPel e suas Funda\u00e7\u00f5es de Apoio Relat\u00f3rio de Auditoria 02\/2020: Presta\u00e7\u00f5es de Contas de Conv\u00eanios e Contratos Relat\u00f3rio de Auditoria 03\/2020: Fiscaliza\u00e7\u00e3o de Obras<\/p>\n","protected":false},"author":127,"featured_media":0,"parent":1742,"menu_order":0,"comment_status":"closed","ping_status":"closed","template":"","meta":{"footnotes":""},"class_list":["post-2003","page","type-page","status-publish","hentry"],"jetpack_sharing_enabled":true,"_links":{"self":[{"href":"https:\/\/wp.ufpel.edu.br\/audin\/wp-json\/wp\/v2\/pages\/2003","targetHints":{"allow":["GET"]}}],"collection":[{"href":"https:\/\/wp.ufpel.edu.br\/audin\/wp-json\/wp\/v2\/pages"}],"about":[{"href":"https:\/\/wp.ufpel.edu.br\/audin\/wp-json\/wp\/v2\/types\/page"}],"author":[{"embeddable":true,"href":"https:\/\/wp.ufpel.edu.br\/audin\/wp-json\/wp\/v2\/users\/127"}],"replies":[{"embeddable":true,"href":"https:\/\/wp.ufpel.edu.br\/audin\/wp-json\/wp\/v2\/comments?post=2003"}],"version-history":[{"count":23,"href":"https:\/\/wp.ufpel.edu.br\/audin\/wp-json\/wp\/v2\/pages\/2003\/revisions"}],"predecessor-version":[{"id":2745,"href":"https:\/\/wp.ufpel.edu.br\/audin\/wp-json\/wp\/v2\/pages\/2003\/revisions\/2745"}],"up":[{"embeddable":true,"href":"https:\/\/wp.ufpel.edu.br\/audin\/wp-json\/wp\/v2\/pages\/1742"}],"wp:attachment":[{"href":"https:\/\/wp.ufpel.edu.br\/audin\/wp-json\/wp\/v2\/media?parent=2003"}],"curies":[{"name":"wp","href":"https:\/\/api.w.org\/{rel}","templated":true}]}}