{"id":1889,"date":"2019-05-02T15:10:05","date_gmt":"2019-05-02T18:10:05","guid":{"rendered":"https:\/\/wp.ufpel.edu.br\/audin\/?page_id=1889"},"modified":"2023-12-11T15:57:46","modified_gmt":"2023-12-11T18:57:46","slug":"2019-2","status":"publish","type":"page","link":"https:\/\/wp.ufpel.edu.br\/audin\/trabalhos-da-audin\/relatorios-de-auditoria\/2019-2\/","title":{"rendered":"Relat\u00f3rios de Auditoria 2019"},"content":{"rendered":"<p style=\"text-align: left;\"><span style=\"font-family: verdana, geneva, sans-serif;\"><a href=\"https:\/\/wp.ufpel.edu.br\/audin\/files\/2023\/06\/Relatorio_Final_Contrato33-2018_publicacao.pdf\" target=\"_blank\" rel=\"noopener\">Relat\u00f3rio de Auditoria 01\/2019<\/a>: Execu\u00e7\u00e3o contratual (Contrato 33\/2018 &#8211; Manuten\u00e7\u00e3o Predial)<\/span><\/p>\n<p style=\"text-align: left;\"><span style=\"font-family: verdana, geneva, sans-serif;\"><a href=\"https:\/\/wp.ufpel.edu.br\/audin\/files\/2020\/07\/RELAT%C3%93RIO-DE-AUDITORIA-02-2019-para-publica%C3%A7%C3%A3o.pdf\" target=\"_blank\" rel=\"noopener\"><span style=\"font-size: 10pt;\"><span style=\"font-size: 12pt;\">Relat\u00f3rio de Auditoria 02\/2019<\/span><\/span><\/a>: Di<span style=\"font-size: 12pt;\">\u00e1rias e Passagens<\/span><\/span><\/p>\n<p style=\"text-align: left;\"><span style=\"font-size: 12pt; font-family: verdana, geneva, sans-serif;\"><a href=\"https:\/\/wp.ufpel.edu.br\/audin\/files\/2020\/07\/Relat%C3%B3rio-03.2019-Benef%C3%ADcios-PROGEP-Final-Publica%C3%A7%C3%A3o.pdf\" target=\"_blank\" rel=\"noopener\">Relat\u00f3rio de Auditoria 03\/2019<\/a>: Benef\u00edcios da Progep<\/span><\/p>\n<p style=\"text-align: left;\">\n","protected":false},"excerpt":{"rendered":"<p>Relat\u00f3rio de Auditoria 01\/2019: Execu\u00e7\u00e3o contratual (Contrato 33\/2018 &#8211; Manuten\u00e7\u00e3o Predial) Relat\u00f3rio de Auditoria 02\/2019: Di\u00e1rias e Passagens Relat\u00f3rio de Auditoria 03\/2019: Benef\u00edcios da Progep<\/p>\n","protected":false},"author":127,"featured_media":0,"parent":1742,"menu_order":0,"comment_status":"closed","ping_status":"closed","template":"","meta":{"footnotes":""},"class_list":["post-1889","page","type-page","status-publish","hentry"],"jetpack_sharing_enabled":true,"_links":{"self":[{"href":"https:\/\/wp.ufpel.edu.br\/audin\/wp-json\/wp\/v2\/pages\/1889","targetHints":{"allow":["GET"]}}],"collection":[{"href":"https:\/\/wp.ufpel.edu.br\/audin\/wp-json\/wp\/v2\/pages"}],"about":[{"href":"https:\/\/wp.ufpel.edu.br\/audin\/wp-json\/wp\/v2\/types\/page"}],"author":[{"embeddable":true,"href":"https:\/\/wp.ufpel.edu.br\/audin\/wp-json\/wp\/v2\/users\/127"}],"replies":[{"embeddable":true,"href":"https:\/\/wp.ufpel.edu.br\/audin\/wp-json\/wp\/v2\/comments?post=1889"}],"version-history":[{"count":26,"href":"https:\/\/wp.ufpel.edu.br\/audin\/wp-json\/wp\/v2\/pages\/1889\/revisions"}],"predecessor-version":[{"id":2760,"href":"https:\/\/wp.ufpel.edu.br\/audin\/wp-json\/wp\/v2\/pages\/1889\/revisions\/2760"}],"up":[{"embeddable":true,"href":"https:\/\/wp.ufpel.edu.br\/audin\/wp-json\/wp\/v2\/pages\/1742"}],"wp:attachment":[{"href":"https:\/\/wp.ufpel.edu.br\/audin\/wp-json\/wp\/v2\/media?parent=1889"}],"curies":[{"name":"wp","href":"https:\/\/api.w.org\/{rel}","templated":true}]}}