{"id":1884,"date":"2019-05-02T15:06:35","date_gmt":"2019-05-02T18:06:35","guid":{"rendered":"https:\/\/wp.ufpel.edu.br\/audin\/?page_id=1884"},"modified":"2023-12-11T15:57:39","modified_gmt":"2023-12-11T18:57:39","slug":"2018-2","status":"publish","type":"page","link":"https:\/\/wp.ufpel.edu.br\/audin\/trabalhos-da-audin\/relatorios-de-auditoria\/2018-2\/","title":{"rendered":"Relat\u00f3rios de Auditoria 2018"},"content":{"rendered":"<p style=\"text-align: left;\"><span style=\"font-size: 10pt;\"><a href=\"https:\/\/wp.ufpel.edu.br\/audin\/files\/2019\/05\/RELAT%C3%93RIO-DE-AUDITORIA-01-2018-AUDIN-Ouvidoria-Final-Para-publica%C3%A7%C3%A3o.pdf\" target=\"_blank\" rel=\"noopener\"><span style=\"font-family: verdana, geneva, sans-serif; font-size: 12pt;\">Relat\u00f3rio de Auditoria 01\/2018<\/span><\/a><span style=\"font-family: verdana, geneva, sans-serif; font-size: 12pt;\">:<\/span><span style=\"font-family: verdana, geneva, sans-serif; font-size: 12pt;\">\u00a0Ouvidoria<\/span><\/span><\/p>\n<p style=\"text-align: left;\"><span style=\"font-family: verdana, geneva, sans-serif; font-size: 12pt;\"><a href=\"https:\/\/wp.ufpel.edu.br\/audin\/files\/2019\/05\/R.A.-02-2018-AUDIN-Transpar%C3%AAncia-Final-Publica%C3%A7%C3%A3o.pdf\" target=\"_blank\" rel=\"noopener\">Relat\u00f3rio de Auditoria 02\/2018<\/a>: Transpar\u00eancia e Dados Abertos<\/span><\/p>\n<p style=\"text-align: left;\"><span style=\"font-family: verdana, geneva, sans-serif; font-size: 12pt;\"><a href=\"https:\/\/wp.ufpel.edu.br\/audin\/files\/2023\/04\/16.-Relatorio-Final-03.2018-Benef.-Estud-Proc.-Seletivo-para-publicacao.pdf\" target=\"_blank\" rel=\"noopener\">Relat\u00f3rio de Auditoria 03\/2018<\/a>: Benef\u00edcios de Assist\u00eancia Estudantil<\/span><\/p>\n<p><span style=\"font-family: verdana, geneva, sans-serif;\"><a href=\"https:\/\/wp.ufpel.edu.br\/audin\/files\/2023\/06\/Relatorio_Final__04.2018_Gestao_de__Transportes_publicacao.pdf\" target=\"_blank\" rel=\"noopener\">Relat\u00f3rio de Auditoria 04\/2018<\/a>: Gest\u00e3o de Transporte<\/span><\/p>\n<p><span style=\"font-family: verdana, geneva, sans-serif;\"><a href=\"https:\/\/wp.ufpel.edu.br\/audin\/files\/2023\/06\/RELATORIO_DE_AUDITORIA_052018_publicacaoOK.pdf\" target=\"_blank\" rel=\"noopener\">Relat\u00f3rio de Auditoria 05\/2018<\/a>: Processos Administrativos Disciplinares e Sindic\u00e2ncias<\/span><\/p>\n<p style=\"text-align: left;\"><span style=\"font-family: verdana, geneva, sans-serif; font-size: 12pt;\"><a href=\"https:\/\/wp.ufpel.edu.br\/audin\/files\/2019\/09\/RELAT%C3%93RIO-DE-AUDITORIA-07-2018-AUDIN-publica%C3%A7%C3%A3o.pdf\" target=\"_blank\" rel=\"noopener\">Relat\u00f3rio de Auditoria 07\/2018<\/a>: Acessibilidade e Inclus\u00e3o<\/span><\/p>\n","protected":false},"excerpt":{"rendered":"<p>Relat\u00f3rio de Auditoria 01\/2018:\u00a0Ouvidoria Relat\u00f3rio de Auditoria 02\/2018: Transpar\u00eancia e Dados Abertos Relat\u00f3rio de Auditoria 03\/2018: Benef\u00edcios de Assist\u00eancia Estudantil Relat\u00f3rio de Auditoria 04\/2018: Gest\u00e3o de Transporte Relat\u00f3rio de Auditoria 05\/2018: Processos Administrativos Disciplinares e Sindic\u00e2ncias Relat\u00f3rio de Auditoria 07\/2018: Acessibilidade e Inclus\u00e3o<\/p>\n","protected":false},"author":127,"featured_media":0,"parent":1742,"menu_order":0,"comment_status":"closed","ping_status":"closed","template":"","meta":{"footnotes":""},"class_list":["post-1884","page","type-page","status-publish","hentry"],"jetpack_sharing_enabled":true,"_links":{"self":[{"href":"https:\/\/wp.ufpel.edu.br\/audin\/wp-json\/wp\/v2\/pages\/1884","targetHints":{"allow":["GET"]}}],"collection":[{"href":"https:\/\/wp.ufpel.edu.br\/audin\/wp-json\/wp\/v2\/pages"}],"about":[{"href":"https:\/\/wp.ufpel.edu.br\/audin\/wp-json\/wp\/v2\/types\/page"}],"author":[{"embeddable":true,"href":"https:\/\/wp.ufpel.edu.br\/audin\/wp-json\/wp\/v2\/users\/127"}],"replies":[{"embeddable":true,"href":"https:\/\/wp.ufpel.edu.br\/audin\/wp-json\/wp\/v2\/comments?post=1884"}],"version-history":[{"count":27,"href":"https:\/\/wp.ufpel.edu.br\/audin\/wp-json\/wp\/v2\/pages\/1884\/revisions"}],"predecessor-version":[{"id":2762,"href":"https:\/\/wp.ufpel.edu.br\/audin\/wp-json\/wp\/v2\/pages\/1884\/revisions\/2762"}],"up":[{"embeddable":true,"href":"https:\/\/wp.ufpel.edu.br\/audin\/wp-json\/wp\/v2\/pages\/1742"}],"wp:attachment":[{"href":"https:\/\/wp.ufpel.edu.br\/audin\/wp-json\/wp\/v2\/media?parent=1884"}],"curies":[{"name":"wp","href":"https:\/\/api.w.org\/{rel}","templated":true}]}}