{"id":1819,"date":"2018-04-19T18:24:56","date_gmt":"2018-04-19T21:24:56","guid":{"rendered":"https:\/\/wp.ufpel.edu.br\/audin\/?page_id=1819"},"modified":"2023-12-11T15:57:32","modified_gmt":"2023-12-11T18:57:32","slug":"2017-2","status":"publish","type":"page","link":"https:\/\/wp.ufpel.edu.br\/audin\/trabalhos-da-audin\/relatorios-de-auditoria\/2017-2\/","title":{"rendered":"Relat\u00f3rios de Auditoria 2017"},"content":{"rendered":"<p style=\"text-align: left;\"><span style=\"font-family: verdana, geneva, sans-serif; font-size: 12pt;\"><a href=\"https:\/\/wp.ufpel.edu.br\/audin\/files\/2018\/05\/RELAT\u00d3RIO-DE-AUDITORIA-01-2017-AUDIN.pdf\" target=\"_blank\" rel=\"noopener\">Relat\u00f3rio de Auditoria 01\/2017<\/a>: Bolsas de Extens\u00e3o<\/span><\/p>\n<p style=\"text-align: left;\"><span style=\"font-family: verdana, geneva, sans-serif; font-size: 12pt;\"><a href=\"https:\/\/wp.ufpel.edu.br\/audin\/files\/2018\/04\/Relat%C3%B3rio-de-Auditoria-02.2017.pdf\" target=\"_blank\" rel=\"noopener\">Relat\u00f3rio de Auditoria 02\/2017<\/a>: Programa Bolsa Perman\u00eancia<\/span><\/p>\n<p style=\"text-align: left;\"><span style=\"font-family: verdana, geneva, sans-serif; font-size: 12pt;\"><a href=\"https:\/\/wp.ufpel.edu.br\/audin\/files\/2018\/04\/Relat%C3%B3rio-de-Auditoria-03.2017.pdf\" target=\"_blank\" rel=\"noopener\">Relat\u00f3rio de Auditoria 03\/2017<\/a>: Almoxarifado<\/span><\/p>\n<p style=\"text-align: left;\"><span style=\"font-family: verdana, geneva, sans-serif; font-size: 12pt;\"><a href=\"https:\/\/wp.ufpel.edu.br\/audin\/files\/2018\/04\/Relat%C3%B3rio-de-Auditoria-04.2017.pdf\" target=\"_blank\" rel=\"noopener\">Relat\u00f3rio de Auditoria 04\/2017<\/a>: Gest\u00e3o de Res\u00edduos<\/span><\/p>\n<p style=\"text-align: left;\"><span style=\"font-family: verdana, geneva, sans-serif; font-size: 12pt;\"><a href=\"https:\/\/wp.ufpel.edu.br\/audin\/files\/2018\/07\/RELAT\u00d3RIO-DE-AUDITORIA-N\u00ba-05.2017AUDIN.pdf\" target=\"_blank\" rel=\"noopener\">Relat\u00f3rio de Auditoria 05\/2017<\/a>: Diploma\u00e7\u00e3o<\/span><\/p>\n<p style=\"text-align: left;\"><span style=\"font-family: verdana, geneva, sans-serif; font-size: 12pt;\"><a href=\"https:\/\/wp.ufpel.edu.br\/audin\/files\/2018\/08\/RELAT\u00d3RIO-DE-AUDITORIA-06-2017-AUDIN-Final.pdf\" target=\"_blank\" rel=\"noopener\">Relat\u00f3rio de Auditoria 06\/2017<\/a>: Ac\u00famulo de Cargos<\/span><\/p>\n<p style=\"text-align: left;\"><span style=\"font-family: verdana, geneva, sans-serif; font-size: 12pt;\"><a href=\"https:\/\/wp.ufpel.edu.br\/audin\/files\/2018\/08\/RELAT\u00d3RIO-DE-AUDITORIA-07-2017.pdf\" target=\"_blank\" rel=\"noopener\">Relat\u00f3rio de Auditoria 0<span style=\"font-family: verdana, geneva, sans-serif; font-size: 12pt;\">7\/2017<\/span><\/a>: Avalia\u00e7\u00e3o de Cursos<\/span><\/p>\n<p style=\"text-align: left;\"><span style=\"font-family: verdana, geneva, sans-serif; font-size: 12pt;\"><a href=\"https:\/\/wp.ufpel.edu.br\/audin\/relatorio-final-de-auditoria-execucao-orcamentaria-publicar\/\" target=\"_blank\" rel=\"noopener\">Relat\u00f3rio de Auditoria 08\/2017<\/a>: Execu\u00e7\u00e3o Or\u00e7ament\u00e1ria<\/span><\/p>\n<p style=\"text-align: left;\"><span style=\"font-family: verdana, geneva, sans-serif; font-size: 12pt;\"><a href=\"https:\/\/wp.ufpel.edu.br\/audin\/files\/2019\/04\/6.-Relat%C3%B3rio-Final-09.2017-Execu%C3%A7%C3%A3o-Contratual_para-publica%C3%A7%C3%A3o.pdf\" target=\"_blank\" rel=\"noopener\">Relat\u00f3rio de Auditoria 09\/2017<\/a>: Execu\u00e7\u00e3o Contratual (Res\u00edduos de Sa\u00fade)<\/span><\/p>\n","protected":false},"excerpt":{"rendered":"<p>Relat\u00f3rio de Auditoria 01\/2017: Bolsas de Extens\u00e3o Relat\u00f3rio de Auditoria 02\/2017: Programa Bolsa Perman\u00eancia Relat\u00f3rio de Auditoria 03\/2017: Almoxarifado Relat\u00f3rio de Auditoria 04\/2017: Gest\u00e3o de Res\u00edduos Relat\u00f3rio de Auditoria 05\/2017: Diploma\u00e7\u00e3o Relat\u00f3rio de Auditoria 06\/2017: Ac\u00famulo de Cargos Relat\u00f3rio de Auditoria 07\/2017: Avalia\u00e7\u00e3o de Cursos Relat\u00f3rio de Auditoria 08\/2017: Execu\u00e7\u00e3o Or\u00e7ament\u00e1ria Relat\u00f3rio de Auditoria 09\/2017: [&hellip;]<\/p>\n","protected":false},"author":127,"featured_media":0,"parent":1742,"menu_order":0,"comment_status":"closed","ping_status":"closed","template":"","meta":{"footnotes":""},"class_list":["post-1819","page","type-page","status-publish","hentry"],"jetpack_sharing_enabled":true,"_links":{"self":[{"href":"https:\/\/wp.ufpel.edu.br\/audin\/wp-json\/wp\/v2\/pages\/1819","targetHints":{"allow":["GET"]}}],"collection":[{"href":"https:\/\/wp.ufpel.edu.br\/audin\/wp-json\/wp\/v2\/pages"}],"about":[{"href":"https:\/\/wp.ufpel.edu.br\/audin\/wp-json\/wp\/v2\/types\/page"}],"author":[{"embeddable":true,"href":"https:\/\/wp.ufpel.edu.br\/audin\/wp-json\/wp\/v2\/users\/127"}],"replies":[{"embeddable":true,"href":"https:\/\/wp.ufpel.edu.br\/audin\/wp-json\/wp\/v2\/comments?post=1819"}],"version-history":[{"count":28,"href":"https:\/\/wp.ufpel.edu.br\/audin\/wp-json\/wp\/v2\/pages\/1819\/revisions"}],"predecessor-version":[{"id":2697,"href":"https:\/\/wp.ufpel.edu.br\/audin\/wp-json\/wp\/v2\/pages\/1819\/revisions\/2697"}],"up":[{"embeddable":true,"href":"https:\/\/wp.ufpel.edu.br\/audin\/wp-json\/wp\/v2\/pages\/1742"}],"wp:attachment":[{"href":"https:\/\/wp.ufpel.edu.br\/audin\/wp-json\/wp\/v2\/media?parent=1819"}],"curies":[{"name":"wp","href":"https:\/\/api.w.org\/{rel}","templated":true}]}}