{"id":1742,"date":"2017-06-05T15:58:44","date_gmt":"2017-06-05T18:58:44","guid":{"rendered":"https:\/\/wp.ufpel.edu.br\/audin\/?page_id=1742"},"modified":"2025-07-02T16:21:09","modified_gmt":"2025-07-02T19:21:09","slug":"relatorios-de-auditoria","status":"publish","type":"page","link":"https:\/\/wp.ufpel.edu.br\/audin\/trabalhos-da-audin\/relatorios-de-auditoria\/","title":{"rendered":"Relat\u00f3rios de Auditoria"},"content":{"rendered":"<p><a href=\"https:\/\/wp.ufpel.edu.br\/audin\/relatorios-de-auditoria-2024\/\">Relat\u00f3rios de Auditoria 2024<\/a><\/p>\n<p><span style=\"font-family: verdana, geneva, sans-serif;\"><a href=\"https:\/\/wp.ufpel.edu.br\/audin\/relatorios-de-auditoria-2023\/\">Relat\u00f3rios de Auditoria 2023<\/a><\/span><\/p>\n<p><a href=\"https:\/\/wp.ufpel.edu.br\/audin\/2022-2\/\"><span style=\"font-family: verdana, geneva, sans-serif;\">Relat\u00f3rios de Auditoria 2022<\/span><\/a><\/p>\n<p><a href=\"https:\/\/wp.ufpel.edu.br\/audin\/2021-2\/\"><span style=\"font-family: verdana, geneva, sans-serif;\">Relat\u00f3rios de Auditoria 2021<\/span><\/a><\/p>\n<p><a href=\"https:\/\/wp.ufpel.edu.br\/audin\/2020-2\/\"><span style=\"font-family: verdana, geneva, sans-serif;\">Relat\u00f3rios de Auditoria 2020<\/span><\/a><\/p>\n<p><span style=\"font-family: verdana, geneva, sans-serif;\"><a href=\"https:\/\/wp.ufpel.edu.br\/audin\/2019-2\/\">Relat\u00f3rios de Auditoria 2019<\/a><\/span><\/p>\n<p><span style=\"font-family: verdana, geneva, sans-serif;\"><a href=\"https:\/\/wp.ufpel.edu.br\/audin\/2018-2\/\">Relat\u00f3rios de Auditoria 2018<\/a><\/span><\/p>\n<p><span style=\"font-family: verdana, geneva, sans-serif;\"><a href=\"https:\/\/wp.ufpel.edu.br\/audin\/2017-2\/\">Relat\u00f3rios de Auditoria 2017<\/a><\/span><\/p>\n<p><span style=\"font-family: verdana, geneva, sans-serif;\"><a href=\"https:\/\/wp.ufpel.edu.br\/audin\/2016-2\/\">Relat\u00f3rios de Auditoria 2016<\/a><\/span><\/p>\n<p><span style=\"font-family: verdana, geneva, sans-serif;\"><a href=\"https:\/\/wp.ufpel.edu.br\/audin\/2015-2\/\">Relat\u00f3rios de Auditoria 2015<\/a><\/span><\/p>\n<p><span style=\"font-family: verdana, geneva, sans-serif;\"><a href=\"https:\/\/wp.ufpel.edu.br\/audin\/2014-2\/\">Relat\u00f3rios de Auditoria 2014<\/a><\/span><\/p>\n<p><span style=\"font-family: verdana, geneva, sans-serif;\"><a href=\"https:\/\/wp.ufpel.edu.br\/audin\/2013-2\/\">Relat\u00f3rios de Auditoria 2013<\/a><\/span><\/p>\n<p><span style=\"font-family: verdana, geneva, sans-serif;\"><a href=\"https:\/\/wp.ufpel.edu.br\/audin\/2012-2\/\">Relat\u00f3rios de Auditoria 2012<\/a><\/span><\/p>\n<p><span style=\"font-family: verdana, geneva, sans-serif;\"><a href=\"https:\/\/wp.ufpel.edu.br\/audin\/relatorios-de-auditoria-2\/2011-2\/\">Relat\u00f3rios de Auditoria 2011<\/a><\/span><\/p>\n","protected":false},"excerpt":{"rendered":"<p>Relat\u00f3rios de Auditoria 2024 Relat\u00f3rios de Auditoria 2023 Relat\u00f3rios de Auditoria 2022 Relat\u00f3rios de Auditoria 2021 Relat\u00f3rios de Auditoria 2020 Relat\u00f3rios de Auditoria 2019 Relat\u00f3rios de Auditoria 2018 Relat\u00f3rios de Auditoria 2017 Relat\u00f3rios de Auditoria 2016 Relat\u00f3rios de Auditoria 2015 Relat\u00f3rios de Auditoria 2014 Relat\u00f3rios de Auditoria 2013 Relat\u00f3rios de Auditoria 2012 Relat\u00f3rios de Auditoria [&hellip;]<\/p>\n","protected":false},"author":127,"featured_media":0,"parent":2804,"menu_order":0,"comment_status":"closed","ping_status":"closed","template":"","meta":{"footnotes":""},"class_list":["post-1742","page","type-page","status-publish","hentry"],"jetpack_sharing_enabled":true,"_links":{"self":[{"href":"https:\/\/wp.ufpel.edu.br\/audin\/wp-json\/wp\/v2\/pages\/1742","targetHints":{"allow":["GET"]}}],"collection":[{"href":"https:\/\/wp.ufpel.edu.br\/audin\/wp-json\/wp\/v2\/pages"}],"about":[{"href":"https:\/\/wp.ufpel.edu.br\/audin\/wp-json\/wp\/v2\/types\/page"}],"author":[{"embeddable":true,"href":"https:\/\/wp.ufpel.edu.br\/audin\/wp-json\/wp\/v2\/users\/127"}],"replies":[{"embeddable":true,"href":"https:\/\/wp.ufpel.edu.br\/audin\/wp-json\/wp\/v2\/comments?post=1742"}],"version-history":[{"count":21,"href":"https:\/\/wp.ufpel.edu.br\/audin\/wp-json\/wp\/v2\/pages\/1742\/revisions"}],"predecessor-version":[{"id":3071,"href":"https:\/\/wp.ufpel.edu.br\/audin\/wp-json\/wp\/v2\/pages\/1742\/revisions\/3071"}],"up":[{"embeddable":true,"href":"https:\/\/wp.ufpel.edu.br\/audin\/wp-json\/wp\/v2\/pages\/2804"}],"wp:attachment":[{"href":"https:\/\/wp.ufpel.edu.br\/audin\/wp-json\/wp\/v2\/media?parent=1742"}],"curies":[{"name":"wp","href":"https:\/\/api.w.org\/{rel}","templated":true}]}}