{"id":1691,"date":"2017-05-09T15:31:48","date_gmt":"2017-05-09T18:31:48","guid":{"rendered":"https:\/\/wp.ufpel.edu.br\/audin\/?page_id=1691"},"modified":"2023-12-11T15:56:47","modified_gmt":"2023-12-11T18:56:47","slug":"2011-2","status":"publish","type":"page","link":"https:\/\/wp.ufpel.edu.br\/audin\/trabalhos-da-audin\/relatorios-de-auditoria\/2011-2\/","title":{"rendered":"Relat\u00f3rios de Auditoria 2011"},"content":{"rendered":"<p style=\"text-align: left;\"><span style=\"font-family: verdana, geneva, sans-serif; font-size: 12pt;\"><a href=\"https:\/\/wp.ufpel.edu.br\/audin\/files\/2017\/05\/Relat\u00f3rio-de-auditoria-01-2011.pdf\" target=\"_blank\" rel=\"noopener\">Relat\u00f3rio de Auditoria 01\/2011<\/a>: Gest\u00e3o de Suprimento de Bens e Servi\u00e7os (Aquisi\u00e7\u00f5es e Contratos)<\/span><\/p>\n<p style=\"text-align: left;\"><span style=\"font-size: 12pt; font-family: verdana, geneva, sans-serif;\"><a href=\"https:\/\/wp.ufpel.edu.br\/audin\/files\/2017\/05\/Relat\u00f3rio-de-auditoria-02-2011.pdf\" target=\"_blank\" rel=\"noopener\">Relat\u00f3rio de Auditoria 02\/2011<\/a>: Concess\u00e3o de Insalubridade, Periculosidade e Aposentadoria<\/span><\/p>\n<p style=\"text-align: left;\"><span style=\"font-size: 12pt; font-family: verdana, geneva, sans-serif;\"><a href=\"https:\/\/wp.ufpel.edu.br\/audin\/files\/2017\/05\/Relat\u00f3rio-de-auditoria-03-2011.pdf\" target=\"_blank\" rel=\"noopener\">Relat\u00f3rio de Auditoria 03\/2011<\/a>: Di\u00e1rias atrav\u00e9s do Sistema de Concess\u00e3o de Di\u00e1rias e Gest\u00e3o Financeiro-Or\u00e7ament\u00e1ria<\/span><\/p>\n","protected":false},"excerpt":{"rendered":"<p>Relat\u00f3rio de Auditoria 01\/2011: Gest\u00e3o de Suprimento de Bens e Servi\u00e7os (Aquisi\u00e7\u00f5es e Contratos) Relat\u00f3rio de Auditoria 02\/2011: Concess\u00e3o de Insalubridade, Periculosidade e Aposentadoria Relat\u00f3rio de Auditoria 03\/2011: Di\u00e1rias atrav\u00e9s do Sistema de Concess\u00e3o de Di\u00e1rias e Gest\u00e3o Financeiro-Or\u00e7ament\u00e1ria<\/p>\n","protected":false},"author":127,"featured_media":0,"parent":1742,"menu_order":0,"comment_status":"closed","ping_status":"closed","template":"","meta":{"footnotes":""},"class_list":["post-1691","page","type-page","status-publish","hentry"],"jetpack_sharing_enabled":true,"_links":{"self":[{"href":"https:\/\/wp.ufpel.edu.br\/audin\/wp-json\/wp\/v2\/pages\/1691","targetHints":{"allow":["GET"]}}],"collection":[{"href":"https:\/\/wp.ufpel.edu.br\/audin\/wp-json\/wp\/v2\/pages"}],"about":[{"href":"https:\/\/wp.ufpel.edu.br\/audin\/wp-json\/wp\/v2\/types\/page"}],"author":[{"embeddable":true,"href":"https:\/\/wp.ufpel.edu.br\/audin\/wp-json\/wp\/v2\/users\/127"}],"replies":[{"embeddable":true,"href":"https:\/\/wp.ufpel.edu.br\/audin\/wp-json\/wp\/v2\/comments?post=1691"}],"version-history":[{"count":24,"href":"https:\/\/wp.ufpel.edu.br\/audin\/wp-json\/wp\/v2\/pages\/1691\/revisions"}],"predecessor-version":[{"id":2703,"href":"https:\/\/wp.ufpel.edu.br\/audin\/wp-json\/wp\/v2\/pages\/1691\/revisions\/2703"}],"up":[{"embeddable":true,"href":"https:\/\/wp.ufpel.edu.br\/audin\/wp-json\/wp\/v2\/pages\/1742"}],"wp:attachment":[{"href":"https:\/\/wp.ufpel.edu.br\/audin\/wp-json\/wp\/v2\/media?parent=1691"}],"curies":[{"name":"wp","href":"https:\/\/api.w.org\/{rel}","templated":true}]}}