{"id":1174,"date":"2014-02-13T16:45:14","date_gmt":"2014-02-13T18:45:14","guid":{"rendered":"https:\/\/wp.ufpel.edu.br\/audin\/?page_id=1174"},"modified":"2024-11-29T15:41:45","modified_gmt":"2024-11-29T18:41:45","slug":"nota-tecnica","status":"publish","type":"page","link":"https:\/\/wp.ufpel.edu.br\/audin\/trabalhos-da-audin\/outros-trabalhos\/nota-tecnica\/","title":{"rendered":"Nota T\u00e9cnica"},"content":{"rendered":"<p style=\"text-align: left;\"><span style=\"font-family: verdana, geneva, sans-serif;\"><a href=\"https:\/\/wp.ufpel.edu.br\/audin\/files\/2023\/06\/Nota_Tecnica_N__01.2019_publicacao.pdf\">Nota_T\u00e9cnica_01\/2019<\/a>: Execu\u00e7\u00e3o do Contrato 31\/2018 (manuten\u00e7\u00e3o de ve\u00edculos)<\/span><\/p>\n<p style=\"text-align: left;\"><a href=\"https:\/\/wp.ufpel.edu.br\/audin\/files\/2024\/07\/NOTA-TECNICA-03-2024_PUBLICACAO.pdf\" target=\"_blank\" rel=\"noopener\"><span style=\"font-family: verdana, geneva, sans-serif;\">Nota T\u00e9cnica 03\/2024<\/span><\/a>: <span style=\"font-family: verdana, geneva, sans-serif;\">An\u00e1lise da minuta que disp\u00f5e sobre a \u201cPol\u00edtica de Gest\u00e3o de Integridade, Riscos e Controles Internos, o Programa de Integridade e a Pol\u00edtica de Preven\u00e7\u00e3o e do Combate \u00e0 Fraude e Corrup\u00e7\u00e3o no \u00e2mbito da UFPel\u201d<\/span><\/p>\n<p style=\"text-align: left;\"><span style=\"font-family: verdana, geneva, sans-serif;\"><a href=\"https:\/\/wp.ufpel.edu.br\/audin\/files\/2024\/11\/19.-SEI_UFPel-2808801-Nota-Tecnica-publicada.pdf\" target=\"_blank\" rel=\"noopener\">Nota T\u00e9cnica 04\/2024<\/a>: Log\u00edstica institucional acad\u00eamica e administrativa na \u00e1rea fim da Institui\u00e7\u00e3o para o aperfei\u00e7oamento do servi\u00e7o educacional<\/span><\/p>\n","protected":false},"excerpt":{"rendered":"<p>Nota_T\u00e9cnica_01\/2019: Execu\u00e7\u00e3o do Contrato 31\/2018 (manuten\u00e7\u00e3o de ve\u00edculos) Nota T\u00e9cnica 03\/2024: An\u00e1lise da minuta que disp\u00f5e sobre a \u201cPol\u00edtica de Gest\u00e3o de Integridade, Riscos e Controles Internos, o Programa de Integridade e a Pol\u00edtica de Preven\u00e7\u00e3o e do Combate \u00e0 Fraude e Corrup\u00e7\u00e3o no \u00e2mbito da UFPel\u201d Nota T\u00e9cnica 04\/2024: Log\u00edstica institucional acad\u00eamica e administrativa [&hellip;]<\/p>\n","protected":false},"author":127,"featured_media":0,"parent":2226,"menu_order":0,"comment_status":"closed","ping_status":"closed","template":"","meta":{"footnotes":""},"class_list":["post-1174","page","type-page","status-publish","hentry"],"jetpack_sharing_enabled":true,"_links":{"self":[{"href":"https:\/\/wp.ufpel.edu.br\/audin\/wp-json\/wp\/v2\/pages\/1174","targetHints":{"allow":["GET"]}}],"collection":[{"href":"https:\/\/wp.ufpel.edu.br\/audin\/wp-json\/wp\/v2\/pages"}],"about":[{"href":"https:\/\/wp.ufpel.edu.br\/audin\/wp-json\/wp\/v2\/types\/page"}],"author":[{"embeddable":true,"href":"https:\/\/wp.ufpel.edu.br\/audin\/wp-json\/wp\/v2\/users\/127"}],"replies":[{"embeddable":true,"href":"https:\/\/wp.ufpel.edu.br\/audin\/wp-json\/wp\/v2\/comments?post=1174"}],"version-history":[{"count":26,"href":"https:\/\/wp.ufpel.edu.br\/audin\/wp-json\/wp\/v2\/pages\/1174\/revisions"}],"predecessor-version":[{"id":3001,"href":"https:\/\/wp.ufpel.edu.br\/audin\/wp-json\/wp\/v2\/pages\/1174\/revisions\/3001"}],"up":[{"embeddable":true,"href":"https:\/\/wp.ufpel.edu.br\/audin\/wp-json\/wp\/v2\/pages\/2226"}],"wp:attachment":[{"href":"https:\/\/wp.ufpel.edu.br\/audin\/wp-json\/wp\/v2\/media?parent=1174"}],"curies":[{"name":"wp","href":"https:\/\/api.w.org\/{rel}","templated":true}]}}