{"id":1172,"date":"2014-02-13T16:44:25","date_gmt":"2014-02-13T18:44:25","guid":{"rendered":"https:\/\/wp.ufpel.edu.br\/audin\/?page_id=1172"},"modified":"2024-09-04T08:11:53","modified_gmt":"2024-09-04T11:11:53","slug":"orientacao-tecnica","status":"publish","type":"page","link":"https:\/\/wp.ufpel.edu.br\/audin\/trabalhos-da-audin\/outros-trabalhos\/orientacao-tecnica\/","title":{"rendered":"Orienta\u00e7\u00e3o T\u00e9cnica"},"content":{"rendered":"<p style=\"text-align: left;\"><span style=\"font-family: verdana, geneva, sans-serif; font-size: 12pt;\"><a href=\"https:\/\/wp.ufpel.edu.br\/audin\/files\/2013\/04\/Orienta\u00e7\u00e3o-T\u00e9cnica-01-Contrato-n\u00ba-50.2011-UFPel-FAU-referente-ao-Hospital-Escola.pdf\" target=\"_blank\" rel=\"noopener\">Orienta\u00e7\u00e3o T\u00e9cnica 01\/2013<\/a>: Execu\u00e7\u00e3o Contratual (Hospital Escola)<\/span><\/p>\n<p style=\"text-align: left;\"><span style=\"font-family: verdana, geneva, sans-serif; font-size: 12pt;\"><a href=\"https:\/\/wp.ufpel.edu.br\/audin\/files\/2013\/04\/Orienta\u00e7\u00e3o-T\u00e9cnica-02-Acumula\u00e7\u00e3o-de-cargos-empregos-ou-fun\u00e7\u00f5es-p\u00fablicas.pdf\" target=\"_blank\" rel=\"noopener\">Orienta\u00e7\u00e3o T\u00e9cnica 02\/2013<\/a>: Acumula\u00e7\u00e3o de Cargos, Empregos ou Fun\u00e7\u00f5es P\u00fablicas<\/span><\/p>\n<p style=\"text-align: left;\"><span style=\"font-family: verdana, geneva, sans-serif; font-size: 12pt;\"><a href=\"https:\/\/wp.ufpel.edu.br\/audin\/files\/2013\/04\/Orienta\u00e7\u00e3o-T\u00e9cnica-03-Pagamento-de-Gratifica\u00e7\u00e3o-por-Encargo-de-Curso-ou-Concurso-Compilado.pdf\" target=\"_blank\" rel=\"noopener\">Orienta\u00e7\u00e3o T\u00e9cnica 03\/2013<\/a>: Pagamento por Gratifica\u00e7\u00e3o por Encargo de Curso ou Concurso<\/span><\/p>\n<p style=\"text-align: left;\"><span style=\"font-family: verdana, geneva, sans-serif; font-size: 12pt;\"><a href=\"https:\/\/wp.ufpel.edu.br\/audin\/files\/2013\/04\/Orienta\u00e7\u00e3o-T\u00e9cnica-04-Poss\u00edveis-irregularidades-na-aplica\u00e7\u00e3o-de-recursos-federais-nos-contratos-e-conv\u00eanios-entre-a-UFPel-e-a-Funda\u00e7\u00e3o-Simon-Bol\u00edvar.pdf\" target=\"_blank\" rel=\"noopener\">Orienta\u00e7\u00e3o T\u00e9cnica 04\/2013<\/a>: Aplica\u00e7\u00e3o de Recursos entre UFPel e Funda\u00e7\u00e3o\u00a0<\/span><\/p>\n<p style=\"text-align: left;\"><span style=\"font-family: verdana, geneva, sans-serif; font-size: 12pt;\"><a href=\"https:\/\/wp.ufpel.edu.br\/audin\/files\/2013\/04\/Orienta\u00e7\u00e3o-T\u00e9cnica-05-Apura\u00e7\u00e3o-de-Responsabiliza\u00e7\u00e3o.pdf\" target=\"_blank\" rel=\"noopener\">Orienta\u00e7\u00e3o T\u00e9cnica 05\/2013<\/a>: Apura\u00e7\u00e3o de Responsabilidade<\/span><\/p>\n<p style=\"text-align: left;\"><span style=\"font-family: verdana, geneva, sans-serif; font-size: 12pt;\"><a href=\"https:\/\/wp.ufpel.edu.br\/audin\/files\/2013\/04\/Orienta\u00e7\u00e3o-T\u00e9cnica-06-Uso-de-espa\u00e7o-f\u00edsico-da-Universidade-Federal-de-Pelotas.pdf\" target=\"_blank\" rel=\"noopener\">Orienta\u00e7\u00e3o T\u00e9cnica 06\/2013<\/a>: Uso de Espa\u00e7o F\u00edsico<\/span><\/p>\n<p style=\"text-align: left;\"><span style=\"font-family: verdana, geneva, sans-serif; font-size: 12pt;\"><a href=\"https:\/\/wp.ufpel.edu.br\/audin\/files\/2013\/04\/Orienta\u00e7\u00e3o-T\u00e9cnica-07-Crit\u00e9rios-de-Sustentabilidade-nos-Editais-Compilado.pdf\" target=\"_blank\" rel=\"noopener\">Orienta\u00e7\u00e3o T\u00e9cnica 07\/2013<\/a>: Crit\u00e9rios de Sustentabilidade em Editais<\/span><\/p>\n<p style=\"text-align: left;\"><span style=\"font-family: verdana, geneva, sans-serif; font-size: 12pt;\"><a href=\"https:\/\/wp.ufpel.edu.br\/audin\/files\/2013\/04\/Orienta\u00e7\u00e3o-T\u00e9cnica-08-Tomada-de-Contas.pdf\" target=\"_blank\" rel=\"noopener\">Orienta\u00e7\u00e3o T\u00e9cnica 08\/2013<\/a>: TCE (Projeto Pista)<\/span><\/p>\n<p style=\"text-align: left;\"><span style=\"font-family: verdana, geneva, sans-serif; font-size: 12pt;\"><a href=\"https:\/\/wp.ufpel.edu.br\/audin\/files\/2013\/04\/Orientacao-Tecnica-09-Projeto-Basico-Fiscaliza\u00e7\u00e3o-e-Execu\u00e7\u00e3o-Contratual.pdf\" target=\"_blank\" rel=\"noopener\">Orienta\u00e7\u00e3o T\u00e9cnica 09\/2013<\/a>: Projeto B\u00e1sico, Fiscaliza\u00e7\u00e3o e Execu\u00e7\u00e3o Contratual<\/span><\/p>\n<p style=\"text-align: left;\"><span style=\"font-family: verdana, geneva, sans-serif; font-size: 12pt;\"><a href=\"https:\/\/wp.ufpel.edu.br\/audin\/files\/2013\/04\/Orienta\u00e7\u00e3o-T\u00e9cnica-10-Apura\u00e7\u00e3o-de-Responsabiliza\u00e7\u00e3o.pdf\" target=\"_blank\" rel=\"noopener\">Orienta\u00e7\u00e3o T\u00e9cnica 10\/2013<\/a>: Apura\u00e7\u00e3o de Responsabilidade<\/span><\/p>\n<p style=\"text-align: left;\"><span style=\"font-family: verdana, geneva, sans-serif; font-size: 12pt;\"><a href=\"https:\/\/wp.ufpel.edu.br\/audin\/files\/2013\/11\/Orienta\u00e7\u00e3o-T\u00e9cnica-N\u00ba-11-Aquisi\u00e7\u00e3o-de-Im\u00f3vel-Demandas-Externa-da-CGU.pdf\" target=\"_blank\" rel=\"noopener\">Orienta\u00e7\u00e3o T\u00e9cnica 11\/2013<\/a>: Aquisi\u00e7\u00e3o de Im\u00f3vel<\/span><\/p>\n<p style=\"text-align: left;\"><span style=\"font-family: verdana, geneva, sans-serif; font-size: 12pt;\"><a href=\"https:\/\/wp.ufpel.edu.br\/audin\/files\/2013\/12\/Orientacao-Tecnica-12.pdf\" target=\"_blank\" rel=\"noopener\">Orienta\u00e7\u00e3o T\u00e9cnica 12\/2013<\/a>: An\u00e1lise de Presta\u00e7\u00f5es de Contas de Conv\u00eanios<\/span><\/p>\n<p style=\"text-align: left;\"><span style=\"font-family: verdana, geneva, sans-serif; font-size: 12pt;\"><a href=\"https:\/\/wp.ufpel.edu.br\/audin\/files\/2013\/12\/Orientac\u00e3o-T\u00e9cnica-13.pdf\" target=\"_blank\" rel=\"noopener\">Orienta\u00e7\u00e3o T\u00e9cnica 13\/2013<\/a>: Comiss\u00e3o Permanente PAD<\/span><\/p>\n","protected":false},"excerpt":{"rendered":"<p>Orienta\u00e7\u00e3o T\u00e9cnica 01\/2013: Execu\u00e7\u00e3o Contratual (Hospital Escola) Orienta\u00e7\u00e3o T\u00e9cnica 02\/2013: Acumula\u00e7\u00e3o de Cargos, Empregos ou Fun\u00e7\u00f5es P\u00fablicas Orienta\u00e7\u00e3o T\u00e9cnica 03\/2013: Pagamento por Gratifica\u00e7\u00e3o por Encargo de Curso ou Concurso Orienta\u00e7\u00e3o T\u00e9cnica 04\/2013: Aplica\u00e7\u00e3o de Recursos entre UFPel e Funda\u00e7\u00e3o\u00a0 Orienta\u00e7\u00e3o T\u00e9cnica 05\/2013: Apura\u00e7\u00e3o de Responsabilidade Orienta\u00e7\u00e3o T\u00e9cnica 06\/2013: Uso de Espa\u00e7o F\u00edsico Orienta\u00e7\u00e3o T\u00e9cnica 07\/2013: [&hellip;]<\/p>\n","protected":false},"author":127,"featured_media":0,"parent":2226,"menu_order":0,"comment_status":"closed","ping_status":"closed","template":"","meta":{"footnotes":""},"class_list":["post-1172","page","type-page","status-publish","hentry"],"jetpack_sharing_enabled":true,"_links":{"self":[{"href":"https:\/\/wp.ufpel.edu.br\/audin\/wp-json\/wp\/v2\/pages\/1172","targetHints":{"allow":["GET"]}}],"collection":[{"href":"https:\/\/wp.ufpel.edu.br\/audin\/wp-json\/wp\/v2\/pages"}],"about":[{"href":"https:\/\/wp.ufpel.edu.br\/audin\/wp-json\/wp\/v2\/types\/page"}],"author":[{"embeddable":true,"href":"https:\/\/wp.ufpel.edu.br\/audin\/wp-json\/wp\/v2\/users\/127"}],"replies":[{"embeddable":true,"href":"https:\/\/wp.ufpel.edu.br\/audin\/wp-json\/wp\/v2\/comments?post=1172"}],"version-history":[{"count":24,"href":"https:\/\/wp.ufpel.edu.br\/audin\/wp-json\/wp\/v2\/pages\/1172\/revisions"}],"predecessor-version":[{"id":2973,"href":"https:\/\/wp.ufpel.edu.br\/audin\/wp-json\/wp\/v2\/pages\/1172\/revisions\/2973"}],"up":[{"embeddable":true,"href":"https:\/\/wp.ufpel.edu.br\/audin\/wp-json\/wp\/v2\/pages\/2226"}],"wp:attachment":[{"href":"https:\/\/wp.ufpel.edu.br\/audin\/wp-json\/wp\/v2\/media?parent=1172"}],"curies":[{"name":"wp","href":"https:\/\/api.w.org\/{rel}","templated":true}]}}