{"id":1170,"date":"2014-02-13T16:42:54","date_gmt":"2014-02-13T18:42:54","guid":{"rendered":"https:\/\/wp.ufpel.edu.br\/audin\/?page_id=1170"},"modified":"2024-10-11T15:54:42","modified_gmt":"2024-10-11T18:54:42","slug":"assessoria-tecnica","status":"publish","type":"page","link":"https:\/\/wp.ufpel.edu.br\/audin\/trabalhos-da-audin\/outros-trabalhos\/assessoria-tecnica\/","title":{"rendered":"Assessoria T\u00e9cnica"},"content":{"rendered":"<p style=\"text-align: left;\"><span style=\"font-family: verdana, geneva, sans-serif; font-size: 12pt;\"><a class=\"lbp_secondary cboxElement\" href=\"https:\/\/wp.ufpel.edu.br\/audin\/files\/2014\/02\/Anexo-08-Assessoria-T\u00e9cnica-1.2013.pdf\" target=\"_blank\" rel=\"noopener\">Assessoria T\u00e9cnica 01\/2013<\/a>: Di\u00e1rias e Utiliza\u00e7\u00e3o de Carros Oficias<\/span><\/p>\n<p style=\"text-align: left;\"><span style=\"font-family: verdana, geneva, sans-serif; font-size: 12pt;\"><a class=\"lbp_secondary cboxElement\" href=\"https:\/\/wp.ufpel.edu.br\/audin\/files\/2014\/02\/Assessoria-T\u00e9cnica-3-Pagamento-de-Substitui\u00e7\u00e3o.pdf\" target=\"_blank\" rel=\"noopener\">Assessoria T\u00e9cnica 03\/2013<\/a>: Afastamento ou Impedimento Legal do Titular de Cargo de Dire\u00e7\u00e3o<\/span><\/p>\n<p style=\"text-align: left;\"><span style=\"font-family: verdana, geneva, sans-serif; font-size: 12pt;\"><a class=\"lbp_secondary cboxElement\" href=\"https:\/\/wp.ufpel.edu.br\/audin\/files\/2014\/02\/Assessoria-T\u00e9cnica-4-Pagamento-de-Gratifica\u00e7\u00e3o-por-Encargo-de-Curso-ou-Concurso.pdf\" target=\"_blank\" rel=\"noopener\">Assessoria T\u00e9cnica 04\/2013:<\/a> Gratifica\u00e7\u00e3o por Encargo de Curso ou Concurso<\/span><\/p>\n<p style=\"text-align: left;\"><span style=\"font-family: verdana, geneva, sans-serif; font-size: 12pt;\"><a class=\"lbp_secondary cboxElement\" href=\"https:\/\/wp.ufpel.edu.br\/audin\/files\/2014\/02\/Assessoria-T\u00e9cnica-5-Jornada-de-trabalho-das-Assistentes-Sociais.pdf\" target=\"_blank\" rel=\"noopener\">Assessoria T\u00e9cnica 05\/2013<\/a>: Jornada de Trabalho dos Assistentes Sociais<\/span><\/p>\n<p style=\"text-align: left;\"><span style=\"font-family: verdana, geneva, sans-serif; font-size: 12pt;\"><a class=\"lbp_secondary cboxElement\" href=\"https:\/\/wp.ufpel.edu.br\/audin\/files\/2014\/02\/Assessoria-T\u00e9cnica-6-Trabalhadores-da-FAU.pdf\" target=\"_blank\" rel=\"noopener\">Assessoria T\u00e9cnica 06\/2013<\/a>: Terceiriza\u00e7\u00e3o<\/span><\/p>\n<p style=\"text-align: left;\"><span style=\"font-family: verdana, geneva, sans-serif; font-size: 12pt;\"><a class=\"lbp_secondary cboxElement\" href=\"https:\/\/wp.ufpel.edu.br\/audin\/files\/2014\/02\/Assessoria-T\u00e9cnica-7-Nomea\u00e7\u00e3o-e-prazo-de-validade-em-Concurso-da-UFPel.pdf\" target=\"_blank\" rel=\"noopener\">Assessoria T\u00e9cnica 07\/2013<\/a>: Concurso da UFPel<\/span><\/p>\n<p><a href=\"https:\/\/wp.ufpel.edu.br\/audin\/files\/2014\/02\/Assessoria-T\u00e9cnica.pdf\" target=\"_blank\" rel=\"noopener\"><span style=\"font-family: verdana, geneva, sans-serif; font-size: 12pt;\">Assessoria T\u00e9cnica 02\/2014<\/span><\/a>:<span style=\"font-family: verdana, geneva, sans-serif; font-size: 12pt;\">\u00a0Gratifica\u00e7\u00e3o por Encargo de Curso ou Concurso<\/span><\/p>\n","protected":false},"excerpt":{"rendered":"<p>Assessoria T\u00e9cnica 01\/2013: Di\u00e1rias e Utiliza\u00e7\u00e3o de Carros Oficias Assessoria T\u00e9cnica 03\/2013: Afastamento ou Impedimento Legal do Titular de Cargo de Dire\u00e7\u00e3o Assessoria T\u00e9cnica 04\/2013: Gratifica\u00e7\u00e3o por Encargo de Curso ou Concurso Assessoria T\u00e9cnica 05\/2013: Jornada de Trabalho dos Assistentes Sociais Assessoria T\u00e9cnica 06\/2013: Terceiriza\u00e7\u00e3o Assessoria T\u00e9cnica 07\/2013: Concurso da UFPel Assessoria T\u00e9cnica 02\/2014:\u00a0Gratifica\u00e7\u00e3o por [&hellip;]<\/p>\n","protected":false},"author":127,"featured_media":0,"parent":2226,"menu_order":0,"comment_status":"closed","ping_status":"closed","template":"","meta":{"footnotes":""},"class_list":["post-1170","page","type-page","status-publish","hentry"],"jetpack_sharing_enabled":true,"_links":{"self":[{"href":"https:\/\/wp.ufpel.edu.br\/audin\/wp-json\/wp\/v2\/pages\/1170","targetHints":{"allow":["GET"]}}],"collection":[{"href":"https:\/\/wp.ufpel.edu.br\/audin\/wp-json\/wp\/v2\/pages"}],"about":[{"href":"https:\/\/wp.ufpel.edu.br\/audin\/wp-json\/wp\/v2\/types\/page"}],"author":[{"embeddable":true,"href":"https:\/\/wp.ufpel.edu.br\/audin\/wp-json\/wp\/v2\/users\/127"}],"replies":[{"embeddable":true,"href":"https:\/\/wp.ufpel.edu.br\/audin\/wp-json\/wp\/v2\/comments?post=1170"}],"version-history":[{"count":23,"href":"https:\/\/wp.ufpel.edu.br\/audin\/wp-json\/wp\/v2\/pages\/1170\/revisions"}],"predecessor-version":[{"id":2984,"href":"https:\/\/wp.ufpel.edu.br\/audin\/wp-json\/wp\/v2\/pages\/1170\/revisions\/2984"}],"up":[{"embeddable":true,"href":"https:\/\/wp.ufpel.edu.br\/audin\/wp-json\/wp\/v2\/pages\/2226"}],"wp:attachment":[{"href":"https:\/\/wp.ufpel.edu.br\/audin\/wp-json\/wp\/v2\/media?parent=1170"}],"curies":[{"name":"wp","href":"https:\/\/api.w.org\/{rel}","templated":true}]}}