{"id":113,"date":"2012-05-16T14:18:22","date_gmt":"2012-05-16T14:18:22","guid":{"rendered":"https:\/\/wp.ufpel.edu.br\/audin\/?page_id=113"},"modified":"2024-04-01T14:02:53","modified_gmt":"2024-04-01T17:02:53","slug":"legislacao","status":"publish","type":"page","link":"https:\/\/wp.ufpel.edu.br\/audin\/legislacao\/","title":{"rendered":"Legisla\u00e7\u00e3o"},"content":{"rendered":"<p style=\"text-align: justify;\"><span style=\"font-family: verdana, geneva, sans-serif; font-size: 12pt;\"><strong id=\"constituicao\">CONSTITUI\u00c7\u00c3O FEDERAL<\/strong><\/span><\/p>\n<p style=\"text-align: left;\"><span style=\"font-family: verdana, geneva, sans-serif; font-size: 12pt;\"><a href=\"http:\/\/www.planalto.gov.br\/ccivil_03\/constituicao\/constituicao.htm\" target=\"_blank\" rel=\"noopener\">Constitui\u00e7\u00e3o da Rep\u00fablica Federativa do Brasil de 1988<\/a>: Institui um Estado Democr\u00e1tico, destinado a assegurar o exerc\u00edcio dos direitos sociais e individuais, a liberdade, a seguran\u00e7a, o bem-estar, o desenvolvimento, a igualdade e a justi\u00e7a como valores supremos de uma sociedade fraterna, pluralista e sem preconceitos, fundada na harmonia social e comprometida, na ordem interna e internacional, com a solu\u00e7\u00e3o pac\u00edfica das controv\u00e9rsias.<\/span><\/p>\n<p style=\"text-align: left;\"><span style=\"font-family: verdana, geneva, sans-serif; font-size: 12pt;\"><strong id=\"leis\">LEIS ORDIN\u00c1RIAS<\/strong><\/span><\/p>\n<p style=\"text-align: left;\"><span style=\"font-family: verdana, geneva, sans-serif; font-size: 12pt;\"><a href=\"http:\/\/www.planalto.gov.br\/ccivil_03\/leis\/LEIS_2001\/L10180.htm\" target=\"_blank\" rel=\"noopener\">Lei n\u00ba 10.180, de 06 de fevereiro de 2001<\/a>: Organiza e disciplina os Sistemas de Planejamento e de Or\u00e7amento Federal, de Administra\u00e7\u00e3o Financeira Federal, de Contabilidade Federal e de Controle Interno do Poder Executivo Federal, e d\u00e1 outras provid\u00eancias.<\/span><\/p>\n<p style=\"text-align: left;\"><span style=\"font-family: verdana, geneva, sans-serif; font-size: 12pt;\"><strong id=\"decretos\">DECRETOS<\/strong><\/span><\/p>\n<p style=\"text-align: left;\"><span style=\"font-family: verdana, geneva, sans-serif; font-size: 12pt;\"><a href=\"http:\/\/www.planalto.gov.br\/ccivil_03\/decreto\/D1171.htm\" target=\"_blank\" rel=\"noopener\">Decreto n\u00ba 1.171, de 22 de junho de 1994<\/a>: Aprova o C\u00f3digo de \u00c9tica do Servidor P\u00fablico Civil do Poder Executivo Federal.<\/span><\/p>\n<p style=\"text-align: left;\"><span style=\"font-family: verdana, geneva, sans-serif; font-size: 12pt;\"><a href=\"http:\/\/www.planalto.gov.br\/ccivil_03\/decreto\/D3591.htm\" target=\"_blank\" rel=\"noopener\">Decreto n\u00ba 3.591, de 06 de setembro de 2000<\/a>: Disp\u00f5e sobre o Sistema de Controle Interno do Poder Executivo Federal e d\u00e1 outras provid\u00eancias.<\/span><\/p>\n<p style=\"text-align: left;\"><span style=\"font-family: verdana, geneva, sans-serif; font-size: 12pt;\"><a href=\"http:\/\/www.planalto.gov.br\/ccivil_03\/_ato2015-2018\/2017\/decreto\/D9203.htm\" target=\"_blank\" rel=\"noopener\">Decreto n\u00ba 9.203, de 22 de novembro 2017<\/a>:Disp\u00f5e sobre a pol\u00edtica de governan\u00e7a da administra\u00e7\u00e3o p\u00fablica federal direta, aut\u00e1rquica e fundacional.<\/span><\/p>\n<p style=\"text-align: left;\"><span style=\"font-family: verdana, geneva, sans-serif; font-size: 12pt;\"><strong id=\"portarias\">PORTARIAS<\/strong><\/span><\/p>\n<p style=\"text-align: left;\"><span style=\"font-family: verdana, geneva, sans-serif; font-size: 12pt;\"><a href=\"https:\/\/wp.ufpel.edu.br\/audin\/files\/2024\/03\/PORTARIA-N-2737-DE-20-DE-DEZEMBRO-DE-2017-CGU.pdf\" target=\"_blank\" rel=\"noopener\">Portaria CGU n\u00ba. 2.737, de 20 de dezembro de 2017<\/a>: Disciplina o procedimento de consulta para nomea\u00e7\u00e3o, designa\u00e7\u00e3o, exonera\u00e7\u00e3o ou dispensa do titular de unidade de auditoria interna ou auditor interno.<\/span><\/p>\n<p style=\"text-align: left;\"><span style=\"font-family: verdana, geneva, sans-serif; font-size: 12pt;\"><a href=\"https:\/\/ufsb.edu.br\/images\/Portaria_n%C2%BA_777_de_18_de_fevereiro_de_2019.pdf\" target=\"_blank\" rel=\"noopener\">Portaria CGU n\u00ba 777, de 18 de fevereiro de 2019<\/a>:<strong>\u00a0<\/strong>Recomenda que as Unidades de Auditoria Interna Governamental (UAIG) utilizem como refer\u00eancia, preferencialmente, a metodologia Internal Audit Capability Model (IA-CM), do Instituto dos Auditores Internos (IIA).<\/span><\/p>\n<p style=\"text-align: left;\"><span style=\"font-family: verdana, geneva, sans-serif; font-size: 12pt;\"><a href=\"https:\/\/ufsb.edu.br\/images\/Portaria_n%C2%BA_1.055_de_30_de_abril_de_2020.pdf\" target=\"_blank\" rel=\"noopener\">Portaria CGU n\u00ba 1.055, de 30 de abril de 2020<\/a>: Aprova a Orienta\u00e7\u00e3o Pr\u00e1tica sobre o Plano de Auditoria Interna baseado em riscos.<\/span><\/p>\n<p style=\"text-align: left;\"><span style=\"font-family: verdana, geneva, sans-serif; font-size: 12pt;\"><a href=\"https:\/\/wp.ufpel.edu.br\/audin\/files\/2024\/03\/PORTARIA-No-1.531-DE-1o-DE-JULHO-DE-2021-PORTARIA-No-1.531-DE-1o-DE-JULHO-DE-2021-DOU-Imprensa-Nacional-1.pdf\" target=\"_blank\" rel=\"noopener\">Portaria CGU n\u00ba. 1.531, de 1\u00ba de julho de 2021<\/a>: Orienta tecnicamente os \u00f3rg\u00e3os e entidades sujeitos ao Controle Interno do Poder Executivo Federal sobre a instaura\u00e7\u00e3o e a organiza\u00e7\u00e3o da fase interna do processo de Tomada de Contas Especial.<\/span><\/p>\n<p style=\"text-align: left;\"><span style=\"font-family: verdana, geneva, sans-serif; font-size: 12pt;\"><strong id=\"instrucoes\">INSTRU\u00c7\u00d5ES NORMATIVAS<\/strong><\/span><\/p>\n<p style=\"text-align: left;\"><span style=\"font-family: verdana, geneva, sans-serif; font-size: 12pt;\"><a href=\"https:\/\/wp.ufpel.edu.br\/audin\/files\/2024\/03\/INSTRUCAO-NORMATIVA-CONJUNTA-No-1-DE-10-DE-MAIO-DE-2016-Imprensa-Nacional.pdf\" target=\"_blank\" rel=\"noopener\">Instru\u00e7\u00e3o Normativa Conjunta MP\/CGU n\u00ba 01\/2016<\/a>: Disp\u00f5e sobre controles internos, gest\u00e3o de riscos e governan\u00e7a no \u00e2mbito do Poder Executivo federal.<\/span><\/p>\n<p style=\"text-align: left;\"><span style=\"font-family: verdana, geneva, sans-serif; font-size: 12pt;\"><a href=\"https:\/\/wp.ufpel.edu.br\/audin\/files\/2024\/03\/INSTRUCAO-NORMATIVA-No-3-DE-9-DE-JUNHO-DE-2017-Imprensa-Nacional.pdf\" target=\"_blank\" rel=\"noopener\">Instru\u00e7\u00e3o Normativa CGU n\u00ba 03\/2017<\/a>: Aprova o Referencial T\u00e9cnico da Atividade de Auditoria Interna Governamental do Poder Executivo Federal.<\/span><\/p>\n<p style=\"text-align: left;\"><span style=\"font-family: verdana, geneva, sans-serif; font-size: 12pt;\"><a href=\"https:\/\/www.gov.br\/cgu\/pt-br\/centrais-de-conteudo\/publicacoes\/auditoria-e-fiscalizacao\/arquivos\/manual-de-orientacoes-tecnicas-1.pdf\" target=\"_blank\" rel=\"noopener\">Instru\u00e7\u00e3o Normativa CGU n\u00ba 08\/2017<\/a>: Manual de orienta\u00e7\u00f5es t\u00e9cnicas da atividade de auditoria interna governamental do Poder Executivo Federal.<\/span><\/p>\n<p style=\"text-align: left;\"><span style=\"font-family: verdana, geneva, sans-serif; font-size: 12pt;\"><a href=\"https:\/\/ufsb.edu.br\/images\/Instru%C3%A7%C3%A3o_Normativa_n%C2%BA_10_de_28_de_abril_de_2020.pdf\" target=\"_blank\" rel=\"noopener\">Instru\u00e7\u00e3o Normativa CGU n\u00ba 10\/2020<\/a>:<strong>\u00a0<\/strong>Aprova a Sistem\u00e1tica de Quantifica\u00e7\u00e3o e Registro dos Resultados e Benef\u00edcios da Atividade de Auditoria Interna Governamental do Poder Executivo Federal<em>.<\/em><\/span><\/p>\n<p style=\"text-align: left;\"><span style=\"font-family: verdana, geneva, sans-serif; font-size: 12pt;\"><a href=\"https:\/\/wp.ufpel.edu.br\/audin\/files\/2024\/03\/InstruoNormaticaCGUden13Aprovaosrequisitosmnimosaseremobservadosnosestatutos.pdf\" target=\"_blank\" rel=\"noopener\">Instru\u00e7\u00e3o Normativa n\u00ba 13\/2020<\/a>: Aprova os requisitos m\u00ednimos a serem observados nos estatutos das Unidades de Auditoria Interna Governamental (UAIG) do Poder Executivo Federal.<\/span><\/p>\n<p style=\"text-align: left;\"><span style=\"font-family: verdana, geneva, sans-serif; font-size: 12pt;\"><a href=\"https:\/\/repositorio.cgu.gov.br\/bitstream\/1\/66718\/4\/IN_5_2021.pdf\" target=\"_blank\" rel=\"noopener\">Instru\u00e7\u00e3o Normativa CGU n\u00ba 05\/2021<\/a>:<strong>\u00a0<\/strong>Disp\u00f5e sobre o Plano Anual de Auditoria Interna, sobre o Relat\u00f3rio Anual de Atividades de Auditoria Interna e sobre o parecer sobre a presta\u00e7\u00e3o de contas da entidade das unidades de auditoria interna governamental sujeitas \u00e0 supervis\u00e3o t\u00e9cnica do Sistema de Controle Interno do Poder Executivo Federal.<\/span><\/p>\n<p style=\"text-align: left;\"><span style=\"font-family: verdana, geneva, sans-serif; font-size: 12pt;\"><strong id=\"orientacoes\">ORIENTA\u00c7\u00d5ES NORMATIVAS<\/strong><\/span><\/p>\n<p style=\"text-align: left;\"><span style=\"font-family: verdana, geneva, sans-serif; font-size: 12pt;\"><a href=\"https:\/\/repositorio.cgu.gov.br\/bitstream\/1\/44974\/5\/Orientacao_pratica_relatorio_de_auditoria_2019.pdf\" target=\"_blank\" rel=\"noopener\">Orienta\u00e7\u00e3o Pr\u00e1tica CGU 2019 &#8211; Relat\u00f3rios de Auditoria<\/a>: Estabelece diretrizes e orienta\u00e7\u00f5es relativas \u00e0 elabora\u00e7\u00e3o e apresenta\u00e7\u00e3o dos relat\u00f3rios de auditoria produzidos no \u00e2mbito da Secretaria Federal de Controle Interno e das Controladorias-Regionais da Uni\u00e3o nos Estados.<\/span><\/p>\n<p style=\"text-align: left;\"><span style=\"font-family: verdana, geneva, sans-serif; font-size: 12pt;\"><a href=\"https:\/\/repositorio.cgu.gov.br\/bitstream\/1\/44970\/5\/Orientacao_Pratica_PABR_v1.1.pdf\" target=\"_blank\" rel=\"noopener\">Orienta\u00e7\u00e3o Pr\u00e1tica CGU 2020 &#8211; Paint baseado em riscos<\/a>: Orienta as Unidades de Auditoria Interna Governamentais (UAIG) do Poder Executivo Federal para a elabora\u00e7\u00e3o do Paint baseado em riscos.<\/span><\/p>\n","protected":false},"excerpt":{"rendered":"<p>CONSTITUI\u00c7\u00c3O FEDERAL Constitui\u00e7\u00e3o da Rep\u00fablica Federativa do Brasil de 1988: Institui um Estado Democr\u00e1tico, destinado a assegurar o exerc\u00edcio dos direitos sociais e individuais, a liberdade, a seguran\u00e7a, o bem-estar, o desenvolvimento, a igualdade e a justi\u00e7a como valores supremos de uma sociedade fraterna, pluralista e sem preconceitos, fundada na harmonia social e comprometida, na [&hellip;]<\/p>\n","protected":false},"author":127,"featured_media":0,"parent":0,"menu_order":5,"comment_status":"closed","ping_status":"closed","template":"","meta":{"_crdt_document":"","footnotes":""},"class_list":["post-113","page","type-page","status-publish","hentry"],"jetpack_sharing_enabled":true,"_links":{"self":[{"href":"https:\/\/wp.ufpel.edu.br\/audin\/wp-json\/wp\/v2\/pages\/113","targetHints":{"allow":["GET"]}}],"collection":[{"href":"https:\/\/wp.ufpel.edu.br\/audin\/wp-json\/wp\/v2\/pages"}],"about":[{"href":"https:\/\/wp.ufpel.edu.br\/audin\/wp-json\/wp\/v2\/types\/page"}],"author":[{"embeddable":true,"href":"https:\/\/wp.ufpel.edu.br\/audin\/wp-json\/wp\/v2\/users\/127"}],"replies":[{"embeddable":true,"href":"https:\/\/wp.ufpel.edu.br\/audin\/wp-json\/wp\/v2\/comments?post=113"}],"version-history":[{"count":99,"href":"https:\/\/wp.ufpel.edu.br\/audin\/wp-json\/wp\/v2\/pages\/113\/revisions"}],"predecessor-version":[{"id":2911,"href":"https:\/\/wp.ufpel.edu.br\/audin\/wp-json\/wp\/v2\/pages\/113\/revisions\/2911"}],"wp:attachment":[{"href":"https:\/\/wp.ufpel.edu.br\/audin\/wp-json\/wp\/v2\/media?parent=113"}],"curies":[{"name":"wp","href":"https:\/\/api.w.org\/{rel}","templated":true}]}}