{"id":46,"date":"2013-10-23T12:45:42","date_gmt":"2013-10-23T14:45:42","guid":{"rendered":"https:\/\/wp.ufpel.edu.br\/atletasdofuturo\/?page_id=46"},"modified":"2013-10-23T12:51:35","modified_gmt":"2013-10-23T14:51:35","slug":"contato","status":"publish","type":"page","link":"https:\/\/wp.ufpel.edu.br\/atletasdofuturo\/contato\/","title":{"rendered":"Contato"},"content":{"rendered":"<div id=\"yui_3_13_0_rc_1_1_1382457205798_46026\"><strong>Carlos Castilho de Barros (<\/strong>Representante Regional &#8211; Rio Grande do Sul)<\/div>\n<div id=\"yui_3_13_0_rc_1_1_1382457205798_46034\">Prof. Dr. Universidade Federal de Pelotas -UFPel<\/div>\n<div>Laborat\u00f3rio de Nutrifisiogen\u00f4mica e Metabologia<\/div>\n<div id=\"yui_3_13_0_rc_1_1_1382457205798_46027\">Faculdade de Nutri\u00e7\u00e3o<\/div>\n<div id=\"yui_3_13_0_rc_1_1_1382457205798_46030\">R. Gomes Carneiro n\u00ba 01 &#8211; Sala 239 &#8211; Pelotas &#8211; RS<\/div>\n<div id=\"yui_3_13_0_rc_1_1_1382457205798_46028\">CEP 96010-610<\/div>\n<div><\/div>\n<div>e-mail: <strong>barros_cc@yahoo.com.br<\/strong><\/div>\n<div><\/div>\n<div id=\"yui_3_13_0_rc_1_1_1382457205798_46131\">Cel.: +55 53 8147-5331<\/div>\n","protected":false},"excerpt":{"rendered":"<p>Carlos Castilho de Barros (Representante Regional &#8211; Rio Grande do Sul) Prof. Dr. Universidade Federal de Pelotas -UFPel Laborat\u00f3rio de Nutrifisiogen\u00f4mica e Metabologia Faculdade de Nutri\u00e7\u00e3o R. Gomes Carneiro n\u00ba 01 &#8211; Sala 239 &#8211; Pelotas &#8211; RS CEP 96010-610 &hellip; <a href=\"https:\/\/wp.ufpel.edu.br\/atletasdofuturo\/contato\/\">Continue lendo <span class=\"meta-nav\">&rarr;<\/span><\/a><\/p>\n","protected":false},"author":274,"featured_media":0,"parent":0,"menu_order":9,"comment_status":"closed","ping_status":"closed","template":"","meta":{"footnotes":""},"class_list":["post-46","page","type-page","status-publish","hentry"],"_links":{"self":[{"href":"https:\/\/wp.ufpel.edu.br\/atletasdofuturo\/wp-json\/wp\/v2\/pages\/46","targetHints":{"allow":["GET"]}}],"collection":[{"href":"https:\/\/wp.ufpel.edu.br\/atletasdofuturo\/wp-json\/wp\/v2\/pages"}],"about":[{"href":"https:\/\/wp.ufpel.edu.br\/atletasdofuturo\/wp-json\/wp\/v2\/types\/page"}],"author":[{"embeddable":true,"href":"https:\/\/wp.ufpel.edu.br\/atletasdofuturo\/wp-json\/wp\/v2\/users\/274"}],"replies":[{"embeddable":true,"href":"https:\/\/wp.ufpel.edu.br\/atletasdofuturo\/wp-json\/wp\/v2\/comments?post=46"}],"version-history":[{"count":1,"href":"https:\/\/wp.ufpel.edu.br\/atletasdofuturo\/wp-json\/wp\/v2\/pages\/46\/revisions"}],"predecessor-version":[{"id":47,"href":"https:\/\/wp.ufpel.edu.br\/atletasdofuturo\/wp-json\/wp\/v2\/pages\/46\/revisions\/47"}],"wp:attachment":[{"href":"https:\/\/wp.ufpel.edu.br\/atletasdofuturo\/wp-json\/wp\/v2\/media?parent=46"}],"curies":[{"name":"wp","href":"https:\/\/api.w.org\/{rel}","templated":true}]}}