{"id":43,"date":"2013-10-23T12:36:23","date_gmt":"2013-10-23T14:36:23","guid":{"rendered":"https:\/\/wp.ufpel.edu.br\/atletasdofuturo\/?page_id=43"},"modified":"2013-10-23T12:49:38","modified_gmt":"2013-10-23T14:49:38","slug":"objetivos","status":"publish","type":"page","link":"https:\/\/wp.ufpel.edu.br\/atletasdofuturo\/objetivos\/","title":{"rendered":"Objetivos"},"content":{"rendered":"<p>O principal objetivo do nosso projeto \u00e9 desenvolver um banco de dados \u00d4MICO (gen\u00f4mico, prote\u00f4mico e metabol\u00f4mico) baseado nas caracter\u00edsticas dos atletas brasileiros para auxiliar no desenvolvimento do esporte no Brasil.<\/p>\n<p><a href=\"https:\/\/wp.ufpel.edu.br\/atletasdofuturo\/files\/2013\/10\/guga-abraco.png\"><img loading=\"lazy\" decoding=\"async\" class=\"alignnone size-medium wp-image-44\" alt=\"guga abraco\" src=\"https:\/\/wp.ufpel.edu.br\/atletasdofuturo\/files\/2013\/10\/guga-abraco-300x187.png\" width=\"300\" height=\"187\" srcset=\"https:\/\/wp.ufpel.edu.br\/atletasdofuturo\/files\/2013\/10\/guga-abraco-300x187.png 300w, https:\/\/wp.ufpel.edu.br\/atletasdofuturo\/files\/2013\/10\/guga-abraco.png 734w\" sizes=\"auto, (max-width: 300px) 100vw, 300px\" \/><\/a><\/p>\n<p>Obter uma distribui\u00e7\u00e3o dos diferentes marcadores \u00d4MICOS importantes na \u00e1rea de performance atl\u00e9tica e medicina esportiva na popula\u00e7\u00e3o de atletas brasileiros.<\/p>\n<p>Avaliar o impacto desses marcadores \u00d4MICOS na aptid\u00e3o f\u00edsica dos atletas por meio de estudos de associa\u00e7\u00e3o.<\/p>\n<p>Com base neste banco de dados \u00d4MICO ser\u00e3o selecionados os marcadores mais freq\u00fcentes em nossa popula\u00e7\u00e3o e criada uma plataforma que poder\u00e1 ser utilizada como importante ferramenta para a sele\u00e7\u00e3o de talentos esportivos e no aperfei\u00e7oamento do treinamento\/orienta\u00e7\u00e3o f\u00edsica de nossos atletas.<\/p>\n<p>Desenvolvimento de um software para utiliza\u00e7\u00e3o como ferramenta de apoio para orienta\u00e7\u00e3o dos futuros jovens atletas.<\/p>\n<p>Promover o desenvolvimento do Esporte no Brasil como forma de inclus\u00e3o social, utilizando as ci\u00eancias \u00d4MICAS.<\/p>\n","protected":false},"excerpt":{"rendered":"<p>O principal objetivo do nosso projeto \u00e9 desenvolver um banco de dados \u00d4MICO (gen\u00f4mico, prote\u00f4mico e metabol\u00f4mico) baseado nas caracter\u00edsticas dos atletas brasileiros para auxiliar no desenvolvimento do esporte no Brasil. Obter uma distribui\u00e7\u00e3o dos diferentes marcadores \u00d4MICOS importantes na &hellip; <a href=\"https:\/\/wp.ufpel.edu.br\/atletasdofuturo\/objetivos\/\">Continue lendo <span class=\"meta-nav\">&rarr;<\/span><\/a><\/p>\n","protected":false},"author":274,"featured_media":0,"parent":0,"menu_order":2,"comment_status":"closed","ping_status":"closed","template":"","meta":{"footnotes":""},"class_list":["post-43","page","type-page","status-publish","hentry"],"_links":{"self":[{"href":"https:\/\/wp.ufpel.edu.br\/atletasdofuturo\/wp-json\/wp\/v2\/pages\/43","targetHints":{"allow":["GET"]}}],"collection":[{"href":"https:\/\/wp.ufpel.edu.br\/atletasdofuturo\/wp-json\/wp\/v2\/pages"}],"about":[{"href":"https:\/\/wp.ufpel.edu.br\/atletasdofuturo\/wp-json\/wp\/v2\/types\/page"}],"author":[{"embeddable":true,"href":"https:\/\/wp.ufpel.edu.br\/atletasdofuturo\/wp-json\/wp\/v2\/users\/274"}],"replies":[{"embeddable":true,"href":"https:\/\/wp.ufpel.edu.br\/atletasdofuturo\/wp-json\/wp\/v2\/comments?post=43"}],"version-history":[{"count":1,"href":"https:\/\/wp.ufpel.edu.br\/atletasdofuturo\/wp-json\/wp\/v2\/pages\/43\/revisions"}],"predecessor-version":[{"id":45,"href":"https:\/\/wp.ufpel.edu.br\/atletasdofuturo\/wp-json\/wp\/v2\/pages\/43\/revisions\/45"}],"wp:attachment":[{"href":"https:\/\/wp.ufpel.edu.br\/atletasdofuturo\/wp-json\/wp\/v2\/media?parent=43"}],"curies":[{"name":"wp","href":"https:\/\/api.w.org\/{rel}","templated":true}]}}