{"id":40,"date":"2013-10-23T12:32:56","date_gmt":"2013-10-23T14:32:56","guid":{"rendered":"https:\/\/wp.ufpel.edu.br\/atletasdofuturo\/?page_id=40"},"modified":"2013-10-23T12:50:01","modified_gmt":"2013-10-23T14:50:01","slug":"tecnologia","status":"publish","type":"page","link":"https:\/\/wp.ufpel.edu.br\/atletasdofuturo\/tecnologia\/","title":{"rendered":"Tecnologia"},"content":{"rendered":"<p>Os avan\u00e7os nas tecnologias de estudo do DNA e proteina tem sido marcados por um desenvolvimento sem precedentes na \u00faltima d\u00e9cada. Ap\u00f3s o t\u00e9rmino do Projeto Genoma Humano em 2001, que foi um marco representativo de uma nova era em gen\u00f4mica, o interesse de pesquisadores de diferente \u00e1reas do conhecimento tem se deslocado para a an\u00e1lise das pequenas varia\u00e7\u00f5es em nosso genoma, conhecidos como SNPs (single nucleotide polymorphisms).<\/p>\n<p>Da mesma forma os avan\u00e7os nas ci\u00eancias \u00f4micas em geral (prote\u00f4mica, metabol\u00f4mica, etc) tem revolucionado o modo de se entender os processos biol\u00f3gicos\/fisiol\u00f3gicos\/cl\u00ednicos. Esses novos campos est\u00e3o ampliando consideravelmente nossa maneira de investigar e entender esses processos.<\/p>\n<p>A identifica\u00e7\u00e3o dessas regi\u00f5es em nosso genoma bem como a express\u00e3o de mol\u00e9culas marcadoras poder\u00e3o tem uma grande capacidade de nos informar sobre os mecanismos que regulam diferentes fen\u00f3tipos, dentre os quais os ligados a aptid\u00e3o esportiva. O avan\u00e7o da tecnologia nessas \u00e1reas pode levar ao desenvolvimento de biomarcadores para aptid\u00e3o esportiva, extremamente importantes para o processo de orienta\u00e7\u00e3o de jovens atletas em in\u00edcio de carreira esportiva.<\/p>\n<p>Al\u00e9m disso, esses marcadores podem ser utilizados em v\u00e1rios campos da biomedicina, na farmacologia e na medicina esportiva. Desta forma, iremos desenvolver este projeto com a finalidade de se obter uma ferramenta para auxiliar na orienta\u00e7\u00e3o esportiva de nossos jovens atletas, utilizando marcadores \u00d4MICOS presentes em nossos atletas de elite de hoje e do passado, de diferentes modalidades.<\/p>\n<p>Extra\u00e7\u00e3o do DNA gen\u00f4mico dos atletas via swab bucal<\/p>\n<div id=\"tabs-3\">\n<p>Uma das fases iniciais para o sucesso do projeto e da an\u00e1lise dos marcadores gen\u00e9ticos \u00e9 a obten\u00e7\u00e3o de DNA gen\u00f4mico de boa qualidade. Ser\u00e1 utilizado swab bucal comercial e metodologia propriet\u00e1ria para a extra\u00e7\u00e3o do DNA.<\/p>\n<p><a href=\"https:\/\/wp.ufpel.edu.br\/atletasdofuturo\/files\/2013\/10\/basquete.png\"><img loading=\"lazy\" decoding=\"async\" class=\"alignnone size-medium wp-image-41\" alt=\"basquete\" src=\"https:\/\/wp.ufpel.edu.br\/atletasdofuturo\/files\/2013\/10\/basquete-300x187.png\" width=\"300\" height=\"187\" srcset=\"https:\/\/wp.ufpel.edu.br\/atletasdofuturo\/files\/2013\/10\/basquete-300x187.png 300w, https:\/\/wp.ufpel.edu.br\/atletasdofuturo\/files\/2013\/10\/basquete.png 734w\" sizes=\"auto, (max-width: 300px) 100vw, 300px\" \/><\/a><\/p>\n<p>An\u00e1lise ampla dos marcadores gen\u00e9ticos dos atletas brasileiros<\/p>\n<p>Os marcadores gen\u00e9ticos ligados a performance esportiva ser\u00e3o avaliados no DNA gen\u00f4mico de nossos atletas utilizando tecnologia de ponta em gen\u00f4mica e prote\u00f4mica. Inicialmente ser\u00e3o analisados milhares de marcadores presentes no genoma, utilizando-se tecnologia conhecida como GWAS (Genome Wide Association Studies) ou Estudos de Associa\u00e7\u00e3o Amplo de Genoma. Posteriormente, os marcadores que estiverem associados com performance esportiva em nossos atletas ser\u00e3o utilizados para a customiza\u00e7\u00e3o de um microarray, o qual ser\u00e1 utilizado para avaliar a distribui\u00e7\u00e3o dos diferentes marcadores em nossos jovens atletas.<\/p>\n<p>Os dados gerados no projeto ser\u00e3o utilizados para a cria\u00e7\u00e3o de uma plataforma Gen\u00f4mica\/Prote\u00f4mica, que ser\u00e1 utilizada como importante ferramenta para a sele\u00e7\u00e3o de talentos esportivos e no aperfei\u00e7oamento do treinamento f\u00edsico de nossos jovens atletas.<\/p>\n<\/div>\n","protected":false},"excerpt":{"rendered":"<p>Os avan\u00e7os nas tecnologias de estudo do DNA e proteina tem sido marcados por um desenvolvimento sem precedentes na \u00faltima d\u00e9cada. Ap\u00f3s o t\u00e9rmino do Projeto Genoma Humano em 2001, que foi um marco representativo de uma nova era em &hellip; <a href=\"https:\/\/wp.ufpel.edu.br\/atletasdofuturo\/tecnologia\/\">Continue lendo <span class=\"meta-nav\">&rarr;<\/span><\/a><\/p>\n","protected":false},"author":274,"featured_media":0,"parent":0,"menu_order":3,"comment_status":"closed","ping_status":"closed","template":"","meta":{"footnotes":""},"class_list":["post-40","page","type-page","status-publish","hentry"],"_links":{"self":[{"href":"https:\/\/wp.ufpel.edu.br\/atletasdofuturo\/wp-json\/wp\/v2\/pages\/40","targetHints":{"allow":["GET"]}}],"collection":[{"href":"https:\/\/wp.ufpel.edu.br\/atletasdofuturo\/wp-json\/wp\/v2\/pages"}],"about":[{"href":"https:\/\/wp.ufpel.edu.br\/atletasdofuturo\/wp-json\/wp\/v2\/types\/page"}],"author":[{"embeddable":true,"href":"https:\/\/wp.ufpel.edu.br\/atletasdofuturo\/wp-json\/wp\/v2\/users\/274"}],"replies":[{"embeddable":true,"href":"https:\/\/wp.ufpel.edu.br\/atletasdofuturo\/wp-json\/wp\/v2\/comments?post=40"}],"version-history":[{"count":1,"href":"https:\/\/wp.ufpel.edu.br\/atletasdofuturo\/wp-json\/wp\/v2\/pages\/40\/revisions"}],"predecessor-version":[{"id":42,"href":"https:\/\/wp.ufpel.edu.br\/atletasdofuturo\/wp-json\/wp\/v2\/pages\/40\/revisions\/42"}],"wp:attachment":[{"href":"https:\/\/wp.ufpel.edu.br\/atletasdofuturo\/wp-json\/wp\/v2\/media?parent=40"}],"curies":[{"name":"wp","href":"https:\/\/api.w.org\/{rel}","templated":true}]}}