{"id":66,"date":"2018-06-23T09:35:39","date_gmt":"2018-06-23T12:35:39","guid":{"rendered":"https:\/\/wp.ufpel.edu.br\/atlasdearquitetura\/?page_id=66"},"modified":"2018-06-23T09:35:39","modified_gmt":"2018-06-23T12:35:39","slug":"referencias","status":"publish","type":"page","link":"https:\/\/wp.ufpel.edu.br\/atlasdearquitetura\/referencias\/","title":{"rendered":"refer\u00eancias"},"content":{"rendered":"<p><strong>B\u00e1sica <\/strong><\/p>\n<p>AGAMBEN, G. O que \u00e9 o contempor\u00e2neo? E outros ensaios. Chapec\u00f3: Unochapec\u00f3, 2009.<\/p>\n<p>GAUSA, M.; GUALLART, V.; SORIANO, F.; M\u00dcLLER, W.; PORRAS, F. &amp; MORALES, J. Diccionario Met\u00e1polis de Arquitectura Avanzada: ciudad y tecnolog\u00eda en la sociedad de la informaci\u00f3n. Barcelona: Actar, 2000.<\/p>\n<p>GUATELLI, I. Arquitetura dos entre-lugares: sobre a import\u00e2ncia do trabalho conceitual. S\u00e3o Paulo: SENAC, 2012.<\/p>\n<p>MONTANER, J. M. A condi\u00e7\u00e3o contempor\u00e2nea da arquitetura. Barcelona, 2016.<\/p>\n<p>RAUTERBERG, H. Entrevistas com arquitetos. S\u00e3o Paulo: Viana &amp; Mosley, 2009. UNWIN, S. A an\u00e1lise da arquitetura. Porto Alegre: Bookman, 2013.<\/p>\n<p>UNWIN, S. A an\u00e1lise da arquitetura. Porto Alegre: Bookman, 2013.<\/p>\n<p><strong>Complementar<\/strong><\/p>\n<p>ALEXANDER, C.; ISHIKAWA, S.; SILVERSTEIN, M.; JACOBSON, M.; FIKSDAHL, K.; ANGEL, S. Uma Linguagem de Padr\u00f5es (A Pattern Language). Porto Alegre: Bookman, 2013.<\/p>\n<p>CAMPOS, C. Antes de la idea: pasos hacia una metodolog\u00eda proyectual. Buenos Aires, Nobuko, 2012. FRENCH, H. Os + importantes conjuntos habitacionais do s\u00e9culo XX. Porto Alegre: Bookman, 2009.<\/p>\n<p>GREGORY, R. As + importantes edifica\u00e7\u00f5es contempor\u00e2neas. Porto Alegre: Bookman, 2009. MONEO, R. Inquieta\u00e7\u00e3o te\u00f3rica e estrat\u00e9gia projetual. S\u00e3o Paulo: COSAC NAIFY, 2009.<\/p>\n<p>MONTANER, J. M.; MUXI, Z. Arquitetura e Politica. Barcelona, 2015.<\/p>\n<p>MONTANER, J. M. Del diagrama a las experiencias, hacia una arquitectura de la acci\u00f3n. Barcelona: Gustavo Gili, 2015.<\/p>\n<p>MONTANER, J. M. Sistemas arquitet\u00f4nicos contempor\u00e2neos. Barcelona, 2009.<\/p>\n<p>SYKES, A. K. (org.). O campo ampliado da arquitetura. Antologia Te\u00f3rica 1993-2009. S\u00e3o Paulo: Cosac &amp; Naify, 2013.<\/p>\n<p>WESTON, R. As + importantes edifica\u00e7\u00f5es do s\u00e9culo XX. Porto Alegre: Bookman, 2011.<\/p>\n","protected":false},"excerpt":{"rendered":"<p>B\u00e1sica AGAMBEN, G. O que \u00e9 o contempor\u00e2neo? E outros ensaios. Chapec\u00f3: Unochapec\u00f3, 2009. GAUSA, M.; GUALLART, V.; SORIANO, F.; M\u00dcLLER, W.; PORRAS, F. &amp; MORALES, J. Diccionario Met\u00e1polis de Arquitectura Avanzada: ciudad y tecnolog\u00eda en la sociedad de la informaci\u00f3n. Barcelona: Actar, 2000. GUATELLI, I. Arquitetura dos entre-lugares: sobre a import\u00e2ncia do trabalho conceitual.&hellip;<\/p>\n","protected":false},"author":716,"featured_media":0,"parent":0,"menu_order":0,"comment_status":"closed","ping_status":"closed","template":"","meta":{"footnotes":""},"class_list":["post-66","page","type-page","status-publish","hentry"],"_links":{"self":[{"href":"https:\/\/wp.ufpel.edu.br\/atlasdearquitetura\/wp-json\/wp\/v2\/pages\/66","targetHints":{"allow":["GET"]}}],"collection":[{"href":"https:\/\/wp.ufpel.edu.br\/atlasdearquitetura\/wp-json\/wp\/v2\/pages"}],"about":[{"href":"https:\/\/wp.ufpel.edu.br\/atlasdearquitetura\/wp-json\/wp\/v2\/types\/page"}],"author":[{"embeddable":true,"href":"https:\/\/wp.ufpel.edu.br\/atlasdearquitetura\/wp-json\/wp\/v2\/users\/716"}],"replies":[{"embeddable":true,"href":"https:\/\/wp.ufpel.edu.br\/atlasdearquitetura\/wp-json\/wp\/v2\/comments?post=66"}],"version-history":[{"count":1,"href":"https:\/\/wp.ufpel.edu.br\/atlasdearquitetura\/wp-json\/wp\/v2\/pages\/66\/revisions"}],"predecessor-version":[{"id":69,"href":"https:\/\/wp.ufpel.edu.br\/atlasdearquitetura\/wp-json\/wp\/v2\/pages\/66\/revisions\/69"}],"wp:attachment":[{"href":"https:\/\/wp.ufpel.edu.br\/atlasdearquitetura\/wp-json\/wp\/v2\/media?parent=66"}],"curies":[{"name":"wp","href":"https:\/\/api.w.org\/{rel}","templated":true}]}}