{"id":35,"date":"2018-06-23T08:49:13","date_gmt":"2018-06-23T11:49:13","guid":{"rendered":"https:\/\/wp.ufpel.edu.br\/atlasdearquitetura\/?page_id=35"},"modified":"2022-12-27T11:11:56","modified_gmt":"2022-12-27T14:11:56","slug":"genese","status":"publish","type":"page","link":"https:\/\/wp.ufpel.edu.br\/atlasdearquitetura\/genese\/","title":{"rendered":"g\u00eanese"},"content":{"rendered":"<p style=\"text-align: left;\"><span style=\"font-size: 10pt; font-family: arial, helvetica, sans-serif;\">Site tem origem nas disciplinas de Teoria e Historia I &#8211; arquitetura e urbanismo na contemporaneidade (2017\/1-2018\/1) e Teoria e Hist\u00f3ria da Arquitetura, Urbanismo e Paisagismo I (2016\/2), da Faculdade de Arquitetura e Urbanismo (FAUrb), da Universidade Federal de Pelotas (UFPel).\u00a0<\/span><\/p>\n<p><span style=\"font-size: 10pt; font-family: arial, helvetica, sans-serif;\">A disciplina, de Teoria e Hist\u00f3ria I, tem como ementa:\u00a0Introdu\u00e7\u00e3o a arquitetura e urbanismo na contemporaneidade. Complexidade, Simplicidade, Contextualismo e Sustentabilidade. Arquitetura, Urbanismo e as pessoas. Fronteiras e interc\u00e2mbios na contemporaneidade. Pluralismo e globaliza\u00e7\u00e3o. Casos paradigm\u00e1ticos. M\u00e9todos e l\u00f3gicas projetuais emergentes (recorte espacial &#8211; Europa, EUA e Am\u00e9rica Latina, Brasil). <\/span><\/p>\n<p><span style=\"font-size: 10pt; font-family: arial, helvetica, sans-serif;\">Os objetivos gerais s\u00e3o: Introduzir o acad\u00eamico nas teorias e hist\u00f3ria da arquitetura e urbanismo na contemporaneidade, a partir do estudo de um panorama geral de aproxima\u00e7\u00f5es com projetos paradigm\u00e1ticos e de refer\u00eancia nas \u00faltimas d\u00e9cadas e; Desenvolver m\u00e9todos de analise de projetos de arquitetura e urbanismo come\u00e7ando por seus processos e pr\u00e1ticas projetuais.<\/span><\/p>\n<p><span style=\"font-size: 10pt; font-family: arial, helvetica, sans-serif;\">Durante um semestre letivo se dedica a estudar arquitetos e arquitetas nacionais e internacionais, suas biografias e an\u00e1lise de suas principais obras. A cada semestre as turmas pesquisam grupos de profissionais por temas: mulheres arquitetas, arquitetos e habita\u00e7\u00e3o, arquitetos contempor\u00e2neos, etc.<\/span><\/p>\n<p>&nbsp;<\/p>\n<p><strong>Prof. Dr. Eduardo Rocha<\/strong><\/p>\n<p>Estagi\u00e1rias Docentes (PROGRAU\/UFPel)<\/p>\n<p><strong>Carolina Clasen<\/strong><\/p>\n<p><strong>Gabriele Vargas<\/strong><\/p>\n<p><strong>Isabella Maricatto<\/strong><\/p>\n<p><strong>Jordana Berchon<\/strong><\/p>\n<p><strong>La\u00eds Becker Ferreira<\/strong><\/p>\n<p><strong>Lorena Maia Resende<\/strong><\/p>\n<p><strong>Paula Pedreira Del Fiol<\/strong><\/p>\n<p><strong>Shirley Lara Terra dos Santos<\/strong><\/p>\n<p><strong>Ta\u00eds Beltrame dos Santos<\/strong><\/p>\n<p><strong>Vanessa Forneck<\/strong><\/p>\n<p>Estagi\u00e1rias Docentes (PPGMP\/UFPel)<\/p>\n<p><strong>Carolina Magalh\u00e3es Falc\u00e3o<\/strong><\/p>\n<p>Monitoras Volunt\u00e1rias<\/p>\n<p><strong>Paula Vendrusculo (2021\/2)<\/strong><\/p>\n<p><strong>Ramaiana Cabral de Mello Mesko<\/strong><\/p>\n<p>Monitora<\/p>\n<p><strong>Agnes Ramos Rodrigues (2021\/1)<\/strong><\/p>\n<p>Bolsista Volunt\u00e1ria<\/p>\n<p><strong>Paula Vendrusculo<\/strong><\/p>\n","protected":false},"excerpt":{"rendered":"<p>Site tem origem nas disciplinas de Teoria e Historia I &#8211; arquitetura e urbanismo na contemporaneidade (2017\/1-2018\/1) e Teoria e Hist\u00f3ria da Arquitetura, Urbanismo e Paisagismo I (2016\/2), da Faculdade de Arquitetura e Urbanismo (FAUrb), da Universidade Federal de Pelotas (UFPel).\u00a0 A disciplina, de Teoria e Hist\u00f3ria I, tem como ementa:\u00a0Introdu\u00e7\u00e3o a arquitetura e urbanismo&hellip;<\/p>\n","protected":false},"author":716,"featured_media":0,"parent":0,"menu_order":0,"comment_status":"closed","ping_status":"closed","template":"","meta":{"footnotes":""},"class_list":["post-35","page","type-page","status-publish","hentry"],"_links":{"self":[{"href":"https:\/\/wp.ufpel.edu.br\/atlasdearquitetura\/wp-json\/wp\/v2\/pages\/35","targetHints":{"allow":["GET"]}}],"collection":[{"href":"https:\/\/wp.ufpel.edu.br\/atlasdearquitetura\/wp-json\/wp\/v2\/pages"}],"about":[{"href":"https:\/\/wp.ufpel.edu.br\/atlasdearquitetura\/wp-json\/wp\/v2\/types\/page"}],"author":[{"embeddable":true,"href":"https:\/\/wp.ufpel.edu.br\/atlasdearquitetura\/wp-json\/wp\/v2\/users\/716"}],"replies":[{"embeddable":true,"href":"https:\/\/wp.ufpel.edu.br\/atlasdearquitetura\/wp-json\/wp\/v2\/comments?post=35"}],"version-history":[{"count":23,"href":"https:\/\/wp.ufpel.edu.br\/atlasdearquitetura\/wp-json\/wp\/v2\/pages\/35\/revisions"}],"predecessor-version":[{"id":2551,"href":"https:\/\/wp.ufpel.edu.br\/atlasdearquitetura\/wp-json\/wp\/v2\/pages\/35\/revisions\/2551"}],"wp:attachment":[{"href":"https:\/\/wp.ufpel.edu.br\/atlasdearquitetura\/wp-json\/wp\/v2\/media?parent=35"}],"curies":[{"name":"wp","href":"https:\/\/api.w.org\/{rel}","templated":true}]}}