{"id":89,"date":"2017-10-25T17:50:10","date_gmt":"2017-10-25T19:50:10","guid":{"rendered":"https:\/\/wp.ufpel.edu.br\/ateliedefigurinos\/?page_id=89"},"modified":"2025-03-04T00:31:37","modified_gmt":"2025-03-04T03:31:37","slug":"equipe","status":"publish","type":"page","link":"https:\/\/wp.ufpel.edu.br\/ateliedefigurinos\/apresentacao\/equipe\/","title":{"rendered":"Equipe"},"content":{"rendered":"<ul>\n<li>Larissa Martins<\/li>\n<\/ul>\n<div>\n<div>Servidora T.A &#8211; Cargo: Costureira de Espet\u00e1culo\/Cen\u00e1rio.<\/div>\n<div><span lang=\"EN-US\">T\u00e9cnica em Vestu\u00e1rio &#8211; CAVG\/UFPel<\/span><\/div>\n<div><span lang=\"EN-US\">Licenciada em Artes Visuais &#8211; UFPel<\/span><\/div>\n<\/div>\n<div><span lang=\"EN-US\">Especialista em Artes &#8211; Patrim\u00f4nio Cultural Conserva\u00e7\u00e3o de Artefatos &#8211; UFPel<\/span><\/div>\n<div><span lang=\"EN-US\">Mestra em Patrim<\/span><span lang=\"EN-US\">\u00f4<\/span><span lang=\"EN-US\">nio Cultural \u2013 UFSM<\/span><\/div>\n<div>\n<div class=\"sharedaddy sd-sharing-enabled\"><\/div>\n<\/div>\n","protected":false},"excerpt":{"rendered":"<p>Larissa Martins Servidora T.A &#8211; Cargo: Costureira de Espet\u00e1culo\/Cen\u00e1rio. T\u00e9cnica em Vestu\u00e1rio &#8211; CAVG\/UFPel Licenciada em Artes Visuais &#8211; UFPel Especialista em Artes &#8211; Patrim\u00f4nio Cultural Conserva\u00e7\u00e3o de Artefatos &#8211; UFPel Mestra em Patrim\u00f4nio Cultural \u2013 UFSM<\/p>\n","protected":false},"author":412,"featured_media":0,"parent":87,"menu_order":2,"comment_status":"closed","ping_status":"closed","template":"","meta":{"jetpack_post_was_ever_published":false,"footnotes":""},"class_list":["post-89","page","type-page","status-publish","hentry"],"jetpack_sharing_enabled":true,"jetpack_shortlink":"https:\/\/wp.me\/P9wvEO-1r","jetpack_likes_enabled":true,"jetpack-related-posts":[],"_links":{"self":[{"href":"https:\/\/wp.ufpel.edu.br\/ateliedefigurinos\/wp-json\/wp\/v2\/pages\/89","targetHints":{"allow":["GET"]}}],"collection":[{"href":"https:\/\/wp.ufpel.edu.br\/ateliedefigurinos\/wp-json\/wp\/v2\/pages"}],"about":[{"href":"https:\/\/wp.ufpel.edu.br\/ateliedefigurinos\/wp-json\/wp\/v2\/types\/page"}],"author":[{"embeddable":true,"href":"https:\/\/wp.ufpel.edu.br\/ateliedefigurinos\/wp-json\/wp\/v2\/users\/412"}],"replies":[{"embeddable":true,"href":"https:\/\/wp.ufpel.edu.br\/ateliedefigurinos\/wp-json\/wp\/v2\/comments?post=89"}],"version-history":[{"count":13,"href":"https:\/\/wp.ufpel.edu.br\/ateliedefigurinos\/wp-json\/wp\/v2\/pages\/89\/revisions"}],"predecessor-version":[{"id":4274,"href":"https:\/\/wp.ufpel.edu.br\/ateliedefigurinos\/wp-json\/wp\/v2\/pages\/89\/revisions\/4274"}],"up":[{"embeddable":true,"href":"https:\/\/wp.ufpel.edu.br\/ateliedefigurinos\/wp-json\/wp\/v2\/pages\/87"}],"wp:attachment":[{"href":"https:\/\/wp.ufpel.edu.br\/ateliedefigurinos\/wp-json\/wp\/v2\/media?parent=89"}],"curies":[{"name":"wp","href":"https:\/\/api.w.org\/{rel}","templated":true}]}}