{"id":85,"date":"2017-10-25T17:48:48","date_gmt":"2017-10-25T19:48:48","guid":{"rendered":"https:\/\/wp.ufpel.edu.br\/ateliedefigurinos\/?page_id=85"},"modified":"2022-09-24T23:57:25","modified_gmt":"2022-09-25T02:57:25","slug":"eventos","status":"publish","type":"page","link":"https:\/\/wp.ufpel.edu.br\/ateliedefigurinos\/eventos\/","title":{"rendered":"Outras produ\u00e7\u00f5es e Eventos"},"content":{"rendered":"<h2>2010<\/h2>\n<p>Produ\u00e7\u00f5es ligadas ao N\u00facleo de Teatro \u2013 UFPel<\/p>\n<p><a href=\"https:\/\/drive.google.com\/file\/d\/11LWC_LLyp8T3v2nLiHJQ_OB9akLy4OPQ\/view?usp=sharing\" target=\"_blank\" rel=\"noopener noreferrer\">\u2026e o gato n\u00e3o comeu\u2026<\/a><\/p>\n<p><a href=\"https:\/\/drive.google.com\/file\/d\/1R7pWmyAYowRDiFP-H-bk_0xiFGNQxPOq\/view?usp=sharing\" target=\"_blank\" rel=\"noopener noreferrer\">? La Cantante, por que no?<\/a><\/p>\n<p><a href=\"https:\/\/drive.google.com\/file\/d\/1U2rvRwYOvyWoNBLsuidhO8k6ZAy7GTpY\/view?usp=sharing\" target=\"_blank\" rel=\"noopener noreferrer\">A hist\u00f3ria \u00e9 uma hist\u00f3ria\u2026<\/a><\/p>\n<p><a href=\"https:\/\/drive.google.com\/file\/d\/1Mgdy369oKeBTgFbb9dj5UDu-i3QzrcxI\/view?usp=sharing\" target=\"_blank\" rel=\"noopener noreferrer\">Constru\u00e7\u00e3o de Manequins<\/a><\/p>\n<p><a href=\"https:\/\/drive.google.com\/file\/d\/15pv0kQtre4fNepS5G_uRYKIXmjjQu2i5\/view?usp=sharing\" target=\"_blank\" rel=\"noopener noreferrer\">Performance &#8211; Elias Pintanel<\/a><\/p>\n<p><a href=\"https:\/\/drive.google.com\/file\/d\/1espZEsWWOLuyj_2wg2Omdyi3dYoXy5OG\/view?usp=sharing\" target=\"_blank\" rel=\"noopener noreferrer\">Produ\u00e7\u00f5es &#8211; Gilda<\/a><\/p>\n<p><a href=\"https:\/\/drive.google.com\/file\/d\/1Sna0vbTMKOh9_SMe43gPH201dQx427Fd\/view?usp=sharing\" target=\"_blank\" rel=\"noopener noreferrer\">Produ\u00e7\u00f5es &#8211; Joice Lima<\/a><\/p>\n<p><a href=\"https:\/\/drive.google.com\/file\/d\/1_BequwfBSE1pJz7lQh8E2tJZpNNRnkLu\/view?usp=sharing\" target=\"_blank\" rel=\"noopener noreferrer\">Produ\u00e7\u00f5es &#8211; Mauricio Rodrigues<\/a><\/p>\n<h2><strong>2011<\/strong><\/h2>\n<p><a href=\"https:\/\/drive.google.com\/file\/d\/1tuYkr72XqcSthp_3KnDyqhBdNRJgPU0l\/view?usp=sharing\" target=\"_blank\" rel=\"noopener noreferrer\">Composi\u00e7\u00e3o Coreogr\u00e1fica III<\/a><\/p>\n<p><a href=\"https:\/\/drive.google.com\/file\/d\/1MmB81mmzMBA1QNWg45APZ_lqhXPZHhvi\/view?usp=sharing\" target=\"_blank\" rel=\"noopener noreferrer\">TAT\u00c1 Dan\u00e7a Sim\u00f5es \u2013 N\u00facleo de Dan\u00e7a-Teatro<\/a><\/p>\n<p><a href=\"https:\/\/drive.google.com\/file\/d\/1OVwPoUyOMTBKsXBPiH3UrrfQbk1KoLaf\/view?usp=sharing\" target=\"_blank\" rel=\"noopener noreferrer\">Casa de Alice<\/a><\/p>\n<p><a href=\"https:\/\/drive.google.com\/file\/d\/1DDOnD7j93n4R_vG3Xfrlk7CEk2nM29Xg\/view?usp=sharing\" target=\"_blank\" rel=\"noopener noreferrer\">Performance \u2013 Casamento \u2013 N\u00facleo de Teatro<\/a><\/p>\n<p><a href=\"https:\/\/drive.google.com\/file\/d\/1hZ8qd7A3H7bWJUJu326OxBNekWkHTuiM\/view?usp=sharing\" target=\"_blank\" rel=\"noopener noreferrer\">N\u00facleo II &#8211; N\u00facleo de Teatro<\/a><\/p>\n<p><a href=\"https:\/\/drive.google.com\/file\/d\/1QCOVrKkgi6suIYpR-Ewaq2e4nZer3FN3\/view?usp=sharing\" target=\"_blank\" rel=\"noopener noreferrer\">Espet\u00e1culo Casa &#8211; Polif\u00f4nico n\u00ba 2 &#8211; N\u00facleo de Teatro<\/a><\/p>\n<h2><strong>2012<\/strong><\/h2>\n<p><a href=\"https:\/\/drive.google.com\/file\/d\/14M-PtXC7cKNWdMZbh5Q6m77b4xVq3sht\/view?usp=sharing\" target=\"_blank\" rel=\"noopener noreferrer\">Mercosul Multicultural \u2013 a cultura pede passagem<\/a><\/p>\n<p><a href=\"https:\/\/drive.google.com\/file\/d\/1Zdqy8VHG3osm9b9qcSYUrzS3F8zPeSpD\/view?usp=sharing\" target=\"_blank\" rel=\"noopener noreferrer\">Cartas na mesa &#8211; Col\u00f3quio Internacional sobre imagin\u00e1rio<\/a><\/p>\n<p><a href=\"https:\/\/drive.google.com\/file\/d\/1mmW7-s6-goOKrSmPaDUf3N3bmf-iMZVJ\/view?usp=sharing\" target=\"_blank\" rel=\"noopener noreferrer\">Quilombo das Artes \u2013 Pe\u00e7a Infantil<\/a><\/p>\n<p><a href=\"https:\/\/drive.google.com\/file\/d\/1_oDOD0qQlztiRoFxbdBAl9cFN5_du16f\/view?usp=sharing\" target=\"_blank\" rel=\"noopener noreferrer\">Formatura 1\u00aa turma Teatro<\/a><\/p>\n<p><a href=\"https:\/\/drive.google.com\/file\/d\/1yvO_H6Rv5hPImYsL20C1R4EBthW89ZfU\/view?usp=sharing\" target=\"_blank\" rel=\"noopener noreferrer\">Formatura 1\u00aa Turma Dan\u00e7a<\/a><\/p>\n<h2><strong>2013<\/strong><\/h2>\n<p><a href=\"https:\/\/drive.google.com\/file\/d\/1GRqwq1hMLyyTlABnk3YRsjWHdtTH0L2S\/view?usp=sharing\" target=\"_blank\" rel=\"noopener noreferrer\">Barroco Revisitado \u2013 Parceria CA<\/a><\/p>\n<p><a href=\"https:\/\/drive.google.com\/file\/d\/11zKt9mK_8P66gKtoWXW7Ksj2eJbpIp0k\/view?usp=sharing\" target=\"_blank\" rel=\"noopener noreferrer\">Cria\u00e7\u00e3o de Figurinos \u2013 Anos 20 \u2013 Estagi\u00e1rias<\/a><\/p>\n<p><a href=\"https:\/\/drive.google.com\/file\/d\/1YMC_qDu31zMDXGAiOdrs8tgDOcRS84L5\/view?usp=sharing\" target=\"_blank\" rel=\"noopener noreferrer\">Espa\u00e7o dos Miser\u00e1veis<\/a><\/p>\n<p><a href=\"https:\/\/drive.google.com\/file\/d\/1VHnMlrZD9FFJb1A4nZC8ZpLE5OaCe3_2\/view?usp=sharing\" target=\"_blank\" rel=\"noopener noreferrer\">Dois dedim de prosa &#8211; N\u00facleo de Teatro<\/a><\/p>\n<p><a href=\"https:\/\/drive.google.com\/file\/d\/1VYjW5EdNdDaYJV5mSgqN9_uvUFga-brw\/view?usp=sharing\" target=\"_blank\" rel=\"noopener noreferrer\">Formatura 2\u00aa Turma Teatro<\/a><\/p>\n<h2><strong>2014<\/strong><\/h2>\n<p><a href=\"https:\/\/drive.google.com\/file\/d\/1zYiogxrV3mlFsRHmGyTi3NsHh35pjkmL\/view?usp=sharing\" target=\"_blank\" rel=\"noopener noreferrer\">Algod\u00e3o doce &#8211; Espet\u00e1culo Dan\u00e7a<\/a><\/p>\n<h2><strong>2015<\/strong><\/h2>\n<p><a href=\"https:\/\/drive.google.com\/file\/d\/109gcUU7GYzEX_BtSEfDhA4kb5znILGqZ\/view?usp=sharing\" target=\"_blank\" rel=\"noopener noreferrer\">VII Sal\u00e3o de Dan\u00e7a do RS<\/a><\/p>\n<h2><strong>2016<\/strong><\/h2>\n<p><a href=\"https:\/\/drive.google.com\/file\/d\/1nwVJ0y6nD4UsrCQ9ksz4ZmVWS7GmXu3S\/view?usp=sharing\" target=\"_blank\" rel=\"noopener noreferrer\">Shakespeare 400 anos \u2013 Projeto de Ensino<\/a><\/p>\n<p><a href=\"https:\/\/drive.google.com\/file\/d\/1jow4vyJEsbJuKZrj5LLzMwR5MIdrFyOR\/view?usp=sharing\" target=\"_blank\" rel=\"noopener noreferrer\">Figurinos para Stop Motion &#8211; Cinema UFPel<\/a><\/p>\n<h2><strong>2017<\/strong><\/h2>\n<p><a href=\"https:\/\/drive.google.com\/file\/d\/1Vr9mqfTpG_yJ2tg3bBtha20uXgz3EAaf\/view?usp=sharing\" target=\"_blank\" rel=\"noopener noreferrer\">Evento 10 anos Cinema UFPel<\/a><\/p>\n<p><a href=\"https:\/\/drive.google.com\/file\/d\/1N7voyLG_DHMuv2a_PHwBkEzou4qEIn05\/view?usp=sharing\" target=\"_blank\" rel=\"noopener noreferrer\">Disciplina Metodologia Dan\u00e7a &#8211; Viviane Saballa<\/a><\/p>\n<p><a href=\"https:\/\/drive.google.com\/file\/d\/1Cs20KrYwDE5S_O5YkUq_CoxZztoMlpwH\/view?usp=sharing\" target=\"_blank\" rel=\"noopener noreferrer\">Minicurso de Encaderna\u00e7\u00e3o \u2013 PRAE<\/a><\/p>\n<p><a href=\"https:\/\/drive.google.com\/file\/d\/1T1FV9Oqvs_stBYgT1aXQ5ugqdFp0cjyA\/view?usp=sharing\" target=\"_blank\" rel=\"noopener noreferrer\">TCC Pr\u00e1tico &#8211; Janaina Bruna<\/a><\/p>\n<p><a href=\"https:\/\/drive.google.com\/file\/d\/1isUbExrul9N-Om9cvY_A15ENTwCn3dN9\/view?usp=sharing\" target=\"_blank\" rel=\"noopener noreferrer\">TCC Pr\u00e1tico &#8211; Naiane Ribeiro<\/a><\/p>\n<p><a href=\"https:\/\/drive.google.com\/file\/d\/1okQD1TJUYFLnfbHCrlnc6oiyw0ZNGmOi\/view?usp=sharing\" target=\"_blank\" rel=\"noopener noreferrer\">TCC Pr\u00e1tico &#8211; Ta\u00eds Botelho<\/a><\/p>\n<h2><strong>2018<\/strong><\/h2>\n<p><a href=\"https:\/\/drive.google.com\/file\/d\/1jiqq1tKF39ABzhx8He0xkqGhEdHoBVJi\/view?usp=sharing\" target=\"_blank\" rel=\"noopener noreferrer\">Teatro de Bonecos<\/a><\/p>\n<p><a href=\"https:\/\/drive.google.com\/file\/d\/1Sutts9_EwB0cqn1sCR8CYsJSD-Kl2HKr\/view?usp=sharing\" target=\"_blank\" rel=\"noopener noreferrer\">Minicurso Bordado PRAE<\/a><\/p>\n<p><a href=\"https:\/\/drive.google.com\/file\/d\/1NUSFYk803D2d6pnLMuym27QkDqcMQtrY\/view?usp=sharing\" target=\"_blank\" rel=\"noopener noreferrer\">Tat\u00e1 &#8211; Quando voc\u00ea me toca<\/a><\/p>\n<h2><strong>2019<\/strong><\/h2>\n<p><a href=\"https:\/\/drive.google.com\/file\/d\/1W3IpSfBs3TiJvFOtRFIxaqA-IXqKRM62\/view?usp=sharing\" target=\"_blank\" rel=\"noopener noreferrer\">O Cuspo do Diabo<\/a><\/p>\n<p><a href=\"https:\/\/drive.google.com\/file\/d\/1uxT4lHSC_Fv6oDVQdsd35jkCHBjC2qb2\/view?usp=sharing\" target=\"_blank\" rel=\"noopener noreferrer\">Projeto Dan\u00e7a no Bairro &#8211; Manoel<\/a><\/p>\n<h2><strong>2020<\/strong><\/h2>\n<h2>2021<\/h2>\n<p>Ynda<\/p>\n<p>Sara<\/p>\n<h2><strong>2022<\/strong><\/h2>\n<p>Adere\u00e7os Coral UFPel<\/p>\n<p>Cen\u00e1rio Projeto Viv\u00eancias Teatrais na escola<\/p>\n<p><a href=\"https:\/\/drive.google.com\/file\/d\/17Tuqx3kulfn0K5AGklQMlPlRZ0G0nrvm\/view?usp=sharing\">Cen\u00e1rio Projeto Ensino Contempor\u00e2neo de Dan\u00e7a no ensino b\u00e1sico: pedagogias poss\u00edveis<\/a><\/p>\n<p>Semin\u00e1rio \u201cDi\u00e1logos sobre as Experi\u00eancias Exitosas no Ensino Remoto\u201d &#8211; T\u00edtulo: O ENSINO REMOTO: A\u00c7\u00d5ES QUE ULTRAPASSAM FORTEIRAS DA UNIVERSIDADE.<\/p>\n","protected":false},"excerpt":{"rendered":"<p>2010 Produ\u00e7\u00f5es ligadas ao N\u00facleo de Teatro \u2013 UFPel \u2026e o gato n\u00e3o comeu\u2026 ? La Cantante, por que no? A hist\u00f3ria \u00e9 uma hist\u00f3ria\u2026 Constru\u00e7\u00e3o de Manequins Performance &#8211; Elias Pintanel Produ\u00e7\u00f5es &#8211; Gilda Produ\u00e7\u00f5es &#8211; Joice Lima Produ\u00e7\u00f5es &#8211; Mauricio Rodrigues 2011 Composi\u00e7\u00e3o Coreogr\u00e1fica III TAT\u00c1 Dan\u00e7a Sim\u00f5es \u2013 N\u00facleo de Dan\u00e7a-Teatro Casa [&hellip;]<\/p>\n","protected":false},"author":412,"featured_media":0,"parent":0,"menu_order":6,"comment_status":"closed","ping_status":"closed","template":"","meta":{"jetpack_post_was_ever_published":false,"footnotes":""},"class_list":["post-85","page","type-page","status-publish","hentry"],"jetpack_sharing_enabled":true,"jetpack_shortlink":"https:\/\/wp.me\/P9wvEO-1n","jetpack_likes_enabled":true,"jetpack-related-posts":[],"_links":{"self":[{"href":"https:\/\/wp.ufpel.edu.br\/ateliedefigurinos\/wp-json\/wp\/v2\/pages\/85","targetHints":{"allow":["GET"]}}],"collection":[{"href":"https:\/\/wp.ufpel.edu.br\/ateliedefigurinos\/wp-json\/wp\/v2\/pages"}],"about":[{"href":"https:\/\/wp.ufpel.edu.br\/ateliedefigurinos\/wp-json\/wp\/v2\/types\/page"}],"author":[{"embeddable":true,"href":"https:\/\/wp.ufpel.edu.br\/ateliedefigurinos\/wp-json\/wp\/v2\/users\/412"}],"replies":[{"embeddable":true,"href":"https:\/\/wp.ufpel.edu.br\/ateliedefigurinos\/wp-json\/wp\/v2\/comments?post=85"}],"version-history":[{"count":15,"href":"https:\/\/wp.ufpel.edu.br\/ateliedefigurinos\/wp-json\/wp\/v2\/pages\/85\/revisions"}],"predecessor-version":[{"id":3985,"href":"https:\/\/wp.ufpel.edu.br\/ateliedefigurinos\/wp-json\/wp\/v2\/pages\/85\/revisions\/3985"}],"wp:attachment":[{"href":"https:\/\/wp.ufpel.edu.br\/ateliedefigurinos\/wp-json\/wp\/v2\/media?parent=85"}],"curies":[{"name":"wp","href":"https:\/\/api.w.org\/{rel}","templated":true}]}}