{"id":51,"date":"2017-04-25T17:24:12","date_gmt":"2017-04-25T20:24:12","guid":{"rendered":"https:\/\/wp.ufpel.edu.br\/ateliedefigurinos\/?page_id=51"},"modified":"2023-06-21T14:53:57","modified_gmt":"2023-06-21T17:53:57","slug":"historico","status":"publish","type":"page","link":"https:\/\/wp.ufpel.edu.br\/ateliedefigurinos\/apresentacao\/historico\/","title":{"rendered":"Hist\u00f3rico"},"content":{"rendered":"<p>O espa\u00e7o destinado ao Ateli\u00ea de Figurinos existe desde 2011. No ano de 2010, a guarda dos figurinos, era ligado ao Projeto de Extens\u00e3o N\u00facleo de Teatro.<\/p>\n<p>O Ateli\u00ea de Figurinos proporciona suporte \u00e0s atividades acad\u00eamicas dos cursos do Centro de Artes, principalmente atendendo \u00e0 Licenciatura em Dan\u00e7a e \u00e0 Licenciatura em Teatro, mas tamb\u00e9m aos cursos de Cinema, M\u00fasica, Artes Visuais, Design, entre outros que necessitem do empr\u00e9stimo, confec\u00e7\u00e3o e forma\u00e7\u00e3o especializada sobre cria\u00e7\u00e3o de figurino para a realiza\u00e7\u00e3o de atividades acad\u00eamicas ou culturais no \u00e2mbito da universidade.<\/p>\n<p>O espa\u00e7o, criado junto \u00e0 estrutura dos cursos da \u00e1rea das artes c\u00eanicas,\u00a0 mant\u00e9m um acervo composto por cerca de 2.000 pe\u00e7as, dispon\u00edveis\u00a0 para empr\u00e9stimo mediante cadastro de estudantes matriculados em qualquer curso da UFPEL.<\/p>\n<p>O Ateli\u00ea de Figurinos realiza a confec\u00e7\u00e3o de figurinos, adere\u00e7os e cen\u00e1rios para algumas disciplinas dos cursos de Licenciatura Teatro e Licenciatura Dan\u00e7a.<\/p>\n<p>O espa\u00e7o tamb\u00e9m recebe doa\u00e7\u00f5es de pe\u00e7as de roupas, acess\u00f3rios e adere\u00e7os, que ampliam e diversificam o seu acervo. Caso a equipe considere que a pe\u00e7a n\u00e3o atende mais as necessidades do Ateli\u00ea, as pe\u00e7as s\u00e3o doadas para institui\u00e7\u00f5es carentes.<\/p>\n<p>Al\u00e9m das atividades de confec\u00e7\u00e3o, organiza\u00e7\u00e3o e empr\u00e9stimo de seu acervo, o Ateli\u00ea de Figurinos possui um projeto de extens\u00e3o (Sala de Figurinos) que realiza cursos de diversas tem\u00e1ticas, buscando qualificar os interessados e aprimorar t\u00e9cnicas de figurino, moda e costura, pouco trabalhadas durante o per\u00edodo da gradua\u00e7\u00e3o. Os cursos s\u00e3o gratuitos e realizados de forma presencial e on-line. S\u00e3o abertos a comunidade e a modalidade on-line tem sido muito procurada por pessoas de todo o Brasil.<\/p>\n<p>Al\u00e9m dos minicursos, s\u00e3o realizadas parcerias com outros projetos e disciplinas, objetivando atender um maior n\u00famero de interessados na tem\u00e1tica de figurino.<\/p>\n<p>Todos os anos, o Ateli\u00ea de Figurinos recebe estagi\u00e1rios dos Cursos T\u00e9cnico em Vestu\u00e1rio e Tecnologia em Design de Moda do IFSul\/CAVG e Tecnologia em Design de Moda da UCPel.<\/p>\n<p>Ficou com alguma d\u00favida, entre em contato com n\u00f3s!<\/p>\n<p>&nbsp;<\/p>\n","protected":false},"excerpt":{"rendered":"<p>O espa\u00e7o destinado ao Ateli\u00ea de Figurinos existe desde 2011. No ano de 2010, a guarda dos figurinos, era ligado ao Projeto de Extens\u00e3o N\u00facleo de Teatro. O Ateli\u00ea de Figurinos proporciona suporte \u00e0s atividades acad\u00eamicas dos cursos do Centro de Artes, principalmente atendendo \u00e0 Licenciatura em Dan\u00e7a e \u00e0 Licenciatura em Teatro, mas tamb\u00e9m [&hellip;]<\/p>\n","protected":false},"author":412,"featured_media":0,"parent":87,"menu_order":1,"comment_status":"closed","ping_status":"closed","template":"","meta":{"jetpack_post_was_ever_published":false,"footnotes":""},"class_list":["post-51","page","type-page","status-publish","hentry"],"jetpack_sharing_enabled":true,"jetpack_shortlink":"https:\/\/wp.me\/P9wvEO-P","jetpack_likes_enabled":true,"jetpack-related-posts":[],"_links":{"self":[{"href":"https:\/\/wp.ufpel.edu.br\/ateliedefigurinos\/wp-json\/wp\/v2\/pages\/51","targetHints":{"allow":["GET"]}}],"collection":[{"href":"https:\/\/wp.ufpel.edu.br\/ateliedefigurinos\/wp-json\/wp\/v2\/pages"}],"about":[{"href":"https:\/\/wp.ufpel.edu.br\/ateliedefigurinos\/wp-json\/wp\/v2\/types\/page"}],"author":[{"embeddable":true,"href":"https:\/\/wp.ufpel.edu.br\/ateliedefigurinos\/wp-json\/wp\/v2\/users\/412"}],"replies":[{"embeddable":true,"href":"https:\/\/wp.ufpel.edu.br\/ateliedefigurinos\/wp-json\/wp\/v2\/comments?post=51"}],"version-history":[{"count":14,"href":"https:\/\/wp.ufpel.edu.br\/ateliedefigurinos\/wp-json\/wp\/v2\/pages\/51\/revisions"}],"predecessor-version":[{"id":4125,"href":"https:\/\/wp.ufpel.edu.br\/ateliedefigurinos\/wp-json\/wp\/v2\/pages\/51\/revisions\/4125"}],"up":[{"embeddable":true,"href":"https:\/\/wp.ufpel.edu.br\/ateliedefigurinos\/wp-json\/wp\/v2\/pages\/87"}],"wp:attachment":[{"href":"https:\/\/wp.ufpel.edu.br\/ateliedefigurinos\/wp-json\/wp\/v2\/media?parent=51"}],"curies":[{"name":"wp","href":"https:\/\/api.w.org\/{rel}","templated":true}]}}