{"id":472,"date":"2017-12-21T14:17:48","date_gmt":"2017-12-21T16:17:48","guid":{"rendered":"https:\/\/wp.ufpel.edu.br\/ateliedefigurinos\/?page_id=472"},"modified":"2020-09-04T13:13:00","modified_gmt":"2020-09-04T16:13:00","slug":"como-funciona","status":"publish","type":"page","link":"https:\/\/wp.ufpel.edu.br\/ateliedefigurinos\/emprestimos-de-figurinos\/como-funciona\/","title":{"rendered":"Como funciona"},"content":{"rendered":"<p>As pe\u00e7as est\u00e3o \u00e0 disposi\u00e7\u00e3o para empr\u00e9stimos SOMENTE para as atividades de ENSINO, PESQUISA e EXTENS\u00c3O.<\/p>\n<p>Todos os alunos da UFPel podem solicitar empr\u00e9stimo, mediante cadastro realizado no pr\u00f3prio Ateli\u00ea de Figurinos.<\/p>\n<p>As pe\u00e7as emprestadas dever\u00e3o ser devolvidas da mesma forma que foram retiradas, ou seja, limpas e sem danos.\u00a0Caso a pe\u00e7as tenha algum dano ou se for perdida, o caso ser\u00e1 analisado.<\/p>\n<p>Grande parte das pe\u00e7as possuem um c\u00f3digo.<\/p>\n<p><a href=\"https:\/\/i0.wp.com\/wp.ufpel.edu.br\/ateliedefigurinos\/files\/2017\/12\/c%C3%B3digo.jpg?ssl=1\"><img data-recalc-dims=\"1\" data-attachment-id=\"477\" data-permalink=\"https:\/\/wp.ufpel.edu.br\/ateliedefigurinos\/emprestimos-de-figurinos\/como-funciona\/codigo\/\" data-orig-file=\"https:\/\/i0.wp.com\/wp.ufpel.edu.br\/ateliedefigurinos\/files\/2017\/12\/c%C3%B3digo.jpg?fit=960%2C578&amp;ssl=1\" data-orig-size=\"960,578\" data-comments-opened=\"0\" data-image-meta=\"{&quot;aperture&quot;:&quot;0&quot;,&quot;credit&quot;:&quot;&quot;,&quot;camera&quot;:&quot;&quot;,&quot;caption&quot;:&quot;&quot;,&quot;created_timestamp&quot;:&quot;0&quot;,&quot;copyright&quot;:&quot;&quot;,&quot;focal_length&quot;:&quot;0&quot;,&quot;iso&quot;:&quot;0&quot;,&quot;shutter_speed&quot;:&quot;0&quot;,&quot;title&quot;:&quot;&quot;,&quot;orientation&quot;:&quot;0&quot;}\" data-image-title=\"c\u00f3digo\" data-image-description=\"\" data-image-caption=\"\" data-medium-file=\"https:\/\/i0.wp.com\/wp.ufpel.edu.br\/ateliedefigurinos\/files\/2017\/12\/c%C3%B3digo.jpg?fit=400%2C241&amp;ssl=1\" data-large-file=\"https:\/\/i0.wp.com\/wp.ufpel.edu.br\/ateliedefigurinos\/files\/2017\/12\/c%C3%B3digo.jpg?fit=960%2C578&amp;ssl=1\" class=\"alignnone wp-image-477\" src=\"https:\/\/i0.wp.com\/wp.ufpel.edu.br\/ateliedefigurinos\/files\/2017\/12\/c%C3%B3digo.jpg?resize=307%2C185&#038;ssl=1\" alt=\"\" width=\"307\" height=\"185\" srcset=\"https:\/\/i0.wp.com\/wp.ufpel.edu.br\/ateliedefigurinos\/files\/2017\/12\/c%C3%B3digo.jpg?resize=400%2C241&amp;ssl=1 400w, https:\/\/i0.wp.com\/wp.ufpel.edu.br\/ateliedefigurinos\/files\/2017\/12\/c%C3%B3digo.jpg?resize=768%2C462&amp;ssl=1 768w, https:\/\/i0.wp.com\/wp.ufpel.edu.br\/ateliedefigurinos\/files\/2017\/12\/c%C3%B3digo.jpg?w=960&amp;ssl=1 960w\" sizes=\"(max-width: 307px) 100vw, 307px\" \/><\/a><\/p>\n<ul>\n<li>C\u00f3digos:<\/li>\n<\/ul>\n<p>&gt;&gt; Letras<\/p>\n<p>F &#8211; Feminino<br \/>\nM &#8211; Masculino<br \/>\nU &#8211; Unisex<br \/>\nA &#8211; Acess\u00f3rios\/Adere\u00e7os<\/p>\n<p>&gt;&gt; N\u00fameros: Descrevem o tipo de pe\u00e7a.<\/p>\n<p>01 &#8211; Saias<br \/>\n02 &#8211; Cal\u00e7as<br \/>\n03 &#8211; Vestidos<br \/>\n04 &#8211; Casacos\/Jaquetas<br \/>\n05 &#8211; Blusas\/Camisas\/Camisetas<br \/>\n06 &#8211; Coletes<br \/>\n07 &#8211; Collants\/Roupas \u00cdntimas<br \/>\n09 &#8211; Roupas de Dormir<br \/>\n10 &#8211; Diversos &#8211; Outras pe\u00e7as<\/p>\n<p>&nbsp;<\/p>\n<p>Exemplo: \u00a0M06-016<\/p>\n<p><strong>M<\/strong> = Masculino\u00a0 \u00a0 \u00a0 \u00a0 \u00a0<strong>06<\/strong> = Colete\u00a0 \u00a0 \u00a0 \u00a0 \u00a0 \u00a0<strong>016<\/strong> = Identifica\u00e7\u00e3o da pe\u00e7a<\/p>\n<div id=\"attachment_245\" style=\"width: 410px\" class=\"wp-caption alignleft\"><a href=\"https:\/\/i0.wp.com\/wp.ufpel.edu.br\/ateliedefigurinos\/files\/2017\/10\/M06-016.jpg?ssl=1\"><img data-recalc-dims=\"1\" aria-describedby=\"caption-attachment-245\" class=\"size-medium wp-image-245\" src=\"https:\/\/i0.wp.com\/wp.ufpel.edu.br\/ateliedefigurinos\/files\/2017\/10\/M06-016-400x355.jpg?resize=400%2C355&#038;ssl=1\" alt=\"\" width=\"400\" height=\"355\" \/><\/a><p id=\"caption-attachment-245\" class=\"wp-caption-text\">M06-016<\/p><\/div>\n<p>&nbsp;<\/p>\n<p>&nbsp;<\/p>\n<p>&nbsp;<\/p>\n<blockquote><p>&gt;&gt;Acesse a aba ACERVOS para ver as pe\u00e7as dispon\u00edveis&lt;&lt;&lt;<\/p><\/blockquote>\n<p>&nbsp;<\/p>\n<p><strong>AQUISI\u00c7\u00c3O E DESCARTE DO ACERVO<\/strong><\/p>\n<p>&nbsp;<\/p>\n","protected":false},"excerpt":{"rendered":"<p>As pe\u00e7as est\u00e3o \u00e0 disposi\u00e7\u00e3o para empr\u00e9stimos SOMENTE para as atividades de ENSINO, PESQUISA e EXTENS\u00c3O. Todos os alunos da UFPel podem solicitar empr\u00e9stimo, mediante cadastro realizado no pr\u00f3prio Ateli\u00ea de Figurinos. As pe\u00e7as emprestadas dever\u00e3o ser devolvidas da mesma forma que foram retiradas, ou seja, limpas e sem danos.\u00a0Caso a pe\u00e7as tenha algum dano [&hellip;]<\/p>\n","protected":false},"author":412,"featured_media":0,"parent":117,"menu_order":0,"comment_status":"closed","ping_status":"closed","template":"","meta":{"jetpack_post_was_ever_published":false,"footnotes":""},"class_list":["post-472","page","type-page","status-publish","hentry"],"jetpack_sharing_enabled":true,"jetpack_shortlink":"https:\/\/wp.me\/P9wvEO-7C","jetpack_likes_enabled":true,"jetpack-related-posts":[],"_links":{"self":[{"href":"https:\/\/wp.ufpel.edu.br\/ateliedefigurinos\/wp-json\/wp\/v2\/pages\/472","targetHints":{"allow":["GET"]}}],"collection":[{"href":"https:\/\/wp.ufpel.edu.br\/ateliedefigurinos\/wp-json\/wp\/v2\/pages"}],"about":[{"href":"https:\/\/wp.ufpel.edu.br\/ateliedefigurinos\/wp-json\/wp\/v2\/types\/page"}],"author":[{"embeddable":true,"href":"https:\/\/wp.ufpel.edu.br\/ateliedefigurinos\/wp-json\/wp\/v2\/users\/412"}],"replies":[{"embeddable":true,"href":"https:\/\/wp.ufpel.edu.br\/ateliedefigurinos\/wp-json\/wp\/v2\/comments?post=472"}],"version-history":[{"count":12,"href":"https:\/\/wp.ufpel.edu.br\/ateliedefigurinos\/wp-json\/wp\/v2\/pages\/472\/revisions"}],"predecessor-version":[{"id":2501,"href":"https:\/\/wp.ufpel.edu.br\/ateliedefigurinos\/wp-json\/wp\/v2\/pages\/472\/revisions\/2501"}],"up":[{"embeddable":true,"href":"https:\/\/wp.ufpel.edu.br\/ateliedefigurinos\/wp-json\/wp\/v2\/pages\/117"}],"wp:attachment":[{"href":"https:\/\/wp.ufpel.edu.br\/ateliedefigurinos\/wp-json\/wp\/v2\/media?parent=472"}],"curies":[{"name":"wp","href":"https:\/\/api.w.org\/{rel}","templated":true}]}}