{"id":391,"date":"2017-10-29T00:34:40","date_gmt":"2017-10-29T02:34:40","guid":{"rendered":"https:\/\/wp.ufpel.edu.br\/ateliedefigurinos\/?page_id=391"},"modified":"2025-03-25T17:11:49","modified_gmt":"2025-03-25T20:11:49","slug":"rededecontatos","status":"publish","type":"page","link":"https:\/\/wp.ufpel.edu.br\/ateliedefigurinos\/rededecontatos\/","title":{"rendered":"Rede de Contatos &#8211; Profissionais e Materiais"},"content":{"rendered":"<p>Eiii!!!! Voc\u00ea que trabalha ou quer trabalhar com arte\/moda\/costura e muito mais&#8230;OU voc\u00ea que procura algum servi\u00e7o\/profissional qualificado&#8230;<\/p>\n<p>O Ateli\u00ea de Figurinos\/CA\/UFPel est\u00e1 fazendo um levantamento de pessoas e empresas que realizam algumas atividades ligadas a produ\u00e7\u00e3o\/customiza\u00e7\u00e3o de roupas, acess\u00f3rios, cen\u00e1rios e outras \u00e1reas art\u00edsticas.<\/p>\n<p>A proposta surgiu da necessidade de ter contatos e refer\u00eancias de profissionais para futuros trabalhos. Ex: Trabalhos particulares, Editas de financiamento p\u00fablico, participar de grupos art\u00edsticos, entre outras a\u00e7\u00f5es.<\/p>\n<p>Estes contatos v\u00e3o ficar dispon\u00edveis no site do Ateli\u00ea de Figurinos e ficar\u00e3o acess\u00edveis para quem quiser consultar.<\/p>\n<p>Est\u00e1 separado por atividade e por estados do Brasil.<\/p>\n<p>LINK: <a href=\"https:\/\/wp.ufpel.edu.br\/ateliedefigurinos\/rededecontatos\/\" target=\"_blank\" rel=\"noopener noreferrer\">https:\/\/wp.ufpel.edu.br\/ateliedefigurinos\/rededecontatos\/<\/a><\/p>\n<p>Ficou com d\u00favida? D\u00ea uma olhada em alguns profissionais que j\u00e1 se cadastraram. (ver acima &#8211; Rede de Contatos &#8211; Profissionais e Materiais)<\/p>\n<p>&nbsp;<\/p>\n<p>A Rede aceita contatos de todo o Brasil.<\/p>\n<p>Conhece algu\u00e9m? Indique.<\/p>\n<p>&nbsp;<\/p>\n<p>&gt;&gt; Ficou com mais alguma d\u00favida, entre em contato.<\/p>\n<p>E-mail: ateliedefigurinos@ufpel.edu.br<\/p>\n<p>Facebook: Perfil: Ateli\u00eaFigurinos Ufpel<\/p>\n<p>P\u00e1gina: Ateli\u00ea de Figurinos &#8211; UFPel<\/p>\n<p>Site Ateli\u00ea de Figurinos: <a href=\"http:\/\/wp.ufpel.du.br\/ateliedefigurinos\/\" target=\"_blank\" rel=\"noopener noreferrer\">http:\/\/wp.ufpel.du.br\/ateliedefigurinos\/<\/a><\/p>\n<p>Instagram: @ateliefigurinos<\/p>\n<p>&nbsp;<\/p>\n<p><strong>FA\u00c7A PARTE DESTA REDE &#8211; Preencha o formul\u00e1rio<\/strong> &#8211; <a href=\"https:\/\/forms.gle\/dABM9UD6FKPcpjve7\" target=\"_blank\" rel=\"noopener noreferrer\">https:\/\/forms.gle\/dABM9UD6FKPcpjve7<\/a><\/p>\n<p>&nbsp;<\/p>\n<blockquote><p><strong>&gt;&gt; REDE DE CONTATOS &lt;&lt;&lt;\u00a0<\/strong><\/p><\/blockquote>\n<p>&nbsp;<\/p>\n<p><strong>&gt;&gt; <a href=\"https:\/\/wp.ufpel.edu.br\/ateliedefigurinos\/rededecontatos\/figurinista\/\" target=\"_blank\" rel=\"noopener noreferrer\">FIGURINISTA<\/a><\/strong><\/p>\n<p><strong>&gt;&gt; <a href=\"https:\/\/wp.ufpel.edu.br\/ateliedefigurinos\/rededecontatos\/desenho\/\" target=\"_blank\" rel=\"noopener noreferrer\">DESENHO<\/a><\/strong><\/p>\n<p><strong>&gt;&gt; <a href=\"https:\/\/wp.ufpel.edu.br\/ateliedefigurinos\/rededecontatos\/modelagem\/\" target=\"_blank\" rel=\"noopener noreferrer\">MODELAGEM<\/a><\/strong><\/p>\n<p><strong>&gt;&gt; <a href=\"https:\/\/wp.ufpel.edu.br\/ateliedefigurinos\/rededecontatos\/costura\/\" target=\"_blank\" rel=\"noopener noreferrer\">COSTURA<\/a><\/strong><\/p>\n<p><strong>&gt;&gt; <a href=\"https:\/\/wp.ufpel.edu.br\/ateliedefigurinos\/rededecontatos\/estamparia-pintura-grafite-serigrafia\/\" target=\"_blank\" rel=\"noopener noreferrer\">ESTAMPARIA: PINTURA, GRAFITE, SERIGRAFIA&#8230;<\/a><\/strong><\/p>\n<p><strong>&gt;&gt;<a href=\"https:\/\/wp.ufpel.edu.br\/ateliedefigurinos\/rededecontatos\/acabamentos-bordado-aplicacoes-etiquetas\/\" target=\"_blank\" rel=\"noopener noreferrer\"> ACABAMENTO:\u00a0BORDADOS, APLICA\u00c7\u00d5ES&#8230;<\/a><\/strong><\/p>\n<p><strong>&gt;&gt; <a href=\"https:\/\/wp.ufpel.edu.br\/ateliedefigurinos\/rededecontatos\/2839-2\/\" target=\"_blank\" rel=\"noopener noreferrer\">TRIC\u00d4 \/ CROCH\u00ca<\/a><\/strong><\/p>\n<p><strong>&gt;&gt; <a href=\"https:\/\/wp.ufpel.edu.br\/ateliedefigurinos\/rededecontatos\/aderecos-artesanato\/\" target=\"_blank\" rel=\"noopener noreferrer\">ADERE\u00c7OS \/ ARTESANATO<\/a><\/strong><\/p>\n<p class=\"iw\"><strong>&gt;&gt; <a href=\"https:\/\/wp.ufpel.edu.br\/ateliedefigurinos\/rededecontatos\/2847-2\/\" target=\"_blank\" rel=\"noopener noreferrer\">MAQUIAGEM \/ CABELO<\/a><\/strong><\/p>\n<p><strong>&gt;&gt; <a href=\"https:\/\/wp.ufpel.edu.br\/ateliedefigurinos\/rededecontatos\/mascaras\/\">M\u00c1SCARAS<\/a><\/strong><\/p>\n<p><strong>&gt;&gt; <a href=\"https:\/\/wp.ufpel.edu.br\/ateliedefigurinos\/rededecontatos\/acervo-de-figurinos\/\">ACERVO DE FIGURINO<\/a><\/strong><\/p>\n<p><strong>&gt;&gt; <a href=\"https:\/\/wp.ufpel.edu.br\/ateliedefigurinos\/rededecontatos\/camareira\/\">CAMAREIRA<\/a><\/strong><\/p>\n<p><strong>&gt;&gt; <a href=\"https:\/\/wp.ufpel.edu.br\/ateliedefigurinos\/rededecontatos\/cenografia\/\" target=\"_blank\" rel=\"noopener noreferrer\">CENOGRAFIA \/ DECORA\u00c7\u00c3O DE EVENTOS<\/a><\/strong><\/p>\n<p><strong style=\"color: var(--cor-texto); font-family: var(--fonte-corpo);\">&gt;&gt; <a href=\"https:\/\/wp.ufpel.edu.br\/ateliedefigurinos\/rededecontatos\/iluminacao-cenica\/\" target=\"_blank\" rel=\"noopener noreferrer\">ILUMINA\u00c7\u00c3O C\u00caNICA<\/a><\/strong><\/p>\n<p><strong style=\"color: var(--cor-texto); font-family: var(--fonte-corpo);\">&gt;&gt; <a href=\"https:\/\/wp.ufpel.edu.br\/ateliedefigurinos\/rededecontatos\/contrarregra\/\">CONTRARREGRA<\/a><\/strong><\/p>\n<p><strong>&gt;&gt; PRODUTOR CULTURAL<\/strong><\/p>\n<p><strong>&gt;&gt; <a href=\"https:\/\/wp.ufpel.edu.br\/ateliedefigurinos\/rededecontatos\/lojas-e-outros-servicos\/\" target=\"_blank\" rel=\"noopener noreferrer\">LOJAS E OUTROS SERVI\u00c7OS<\/a><\/strong><\/p>\n<p>&nbsp;<\/p>\n<p>As Atualiza\u00e7\u00e3o e corre\u00e7\u00e3o dos dados podem ser enviados a qualquer momento pelo e-mail: <a href=\"mailto:ateliedefigurinos@gmail.com\">ateliedefigurinos@gmail.com<\/a><\/p>\n<p>&nbsp;<\/p>\n<p>OBS: O Ateli\u00ea de Figurinos n\u00e3o se responsabiliza por qualquer indica\u00e7\u00e3o ou servi\u00e7o prestado. Somente abrimos espa\u00e7o para divulga\u00e7\u00e3o.<\/p>\n","protected":false},"excerpt":{"rendered":"<p>Eiii!!!! Voc\u00ea que trabalha ou quer trabalhar com arte\/moda\/costura e muito mais&#8230;OU voc\u00ea que procura algum servi\u00e7o\/profissional qualificado&#8230; O Ateli\u00ea de Figurinos\/CA\/UFPel est\u00e1 fazendo um levantamento de pessoas e empresas que realizam algumas atividades ligadas a produ\u00e7\u00e3o\/customiza\u00e7\u00e3o de roupas, acess\u00f3rios, cen\u00e1rios e outras \u00e1reas art\u00edsticas. A proposta surgiu da necessidade de ter contatos e refer\u00eancias [&hellip;]<\/p>\n","protected":false},"author":412,"featured_media":0,"parent":0,"menu_order":8,"comment_status":"closed","ping_status":"closed","template":"","meta":{"jetpack_post_was_ever_published":false,"footnotes":""},"class_list":["post-391","page","type-page","status-publish","hentry"],"jetpack_sharing_enabled":true,"jetpack_shortlink":"https:\/\/wp.me\/P9wvEO-6j","jetpack_likes_enabled":true,"jetpack-related-posts":[],"_links":{"self":[{"href":"https:\/\/wp.ufpel.edu.br\/ateliedefigurinos\/wp-json\/wp\/v2\/pages\/391","targetHints":{"allow":["GET"]}}],"collection":[{"href":"https:\/\/wp.ufpel.edu.br\/ateliedefigurinos\/wp-json\/wp\/v2\/pages"}],"about":[{"href":"https:\/\/wp.ufpel.edu.br\/ateliedefigurinos\/wp-json\/wp\/v2\/types\/page"}],"author":[{"embeddable":true,"href":"https:\/\/wp.ufpel.edu.br\/ateliedefigurinos\/wp-json\/wp\/v2\/users\/412"}],"replies":[{"embeddable":true,"href":"https:\/\/wp.ufpel.edu.br\/ateliedefigurinos\/wp-json\/wp\/v2\/comments?post=391"}],"version-history":[{"count":78,"href":"https:\/\/wp.ufpel.edu.br\/ateliedefigurinos\/wp-json\/wp\/v2\/pages\/391\/revisions"}],"predecessor-version":[{"id":4288,"href":"https:\/\/wp.ufpel.edu.br\/ateliedefigurinos\/wp-json\/wp\/v2\/pages\/391\/revisions\/4288"}],"wp:attachment":[{"href":"https:\/\/wp.ufpel.edu.br\/ateliedefigurinos\/wp-json\/wp\/v2\/media?parent=391"}],"curies":[{"name":"wp","href":"https:\/\/api.w.org\/{rel}","templated":true}]}}