{"id":3714,"date":"2022-06-29T17:43:38","date_gmt":"2022-06-29T20:43:38","guid":{"rendered":"https:\/\/wp.ufpel.edu.br\/ateliedefigurinos\/?page_id=3714"},"modified":"2022-08-26T10:47:44","modified_gmt":"2022-08-26T13:47:44","slug":"camareira","status":"publish","type":"page","link":"https:\/\/wp.ufpel.edu.br\/ateliedefigurinos\/rededecontatos\/camareira\/","title":{"rendered":"Camareira"},"content":{"rendered":"<p><strong>&gt;&gt; CAMAREIRA<\/strong><\/p>\n<p>&nbsp;<\/p>\n<h3><strong>RIO GRANDE\u00a0 DO SUL<\/strong><\/h3>\n<p><strong>PORTO ALEGRE<\/strong><\/p>\n<div class=\"Qr7Oae\" role=\"listitem\">\n<div class=\"OxAavc NVbRL\" data-item-id=\"1788132075\">\n<div class=\"xMZTse Ih4Dzb\">\n<div class=\"Mh5jwe JqSWld yqQS1\" aria-describedby=\"c502\">\n<p>&gt; Casa Invertida Acervo Figurino e Objetos &#8211; Jacqueline Silva &#8211; <a href=\"mailto:jacque.aquino@hotmail.com\">jacque.aquino@hotmail.com<\/a> &#8211; (51) 982906713 &#8211; Facebook e Instagram @casa_invertida &#8211; Possui CNPJ &#8211; Trabalha como camareira (na \u00e1rea audiovisual) e possui um acervo de figurino e objetos que s\u00e3o locados para o estado todo ou brasil .<\/p>\n<\/div>\n<p>&gt; Samantha Moda autoral Plus Size &#8211; <a href=\"mailto:ateliersamanthas@gmail.com\">ateliersamanthas@gmail.com<\/a> &#8211; (51) 982467719 &#8211; @sammy.aq e @samanthaatelier15 &#8211; Possui CNPJ &#8211; Formada em Design de Moda e produ\u00e7\u00e3o de moda. Experi\u00eancia na \u00e1rea a mais de 7 anos. Trabalha como figurinista , assistente e camareira . Tem marca de roupas autoral Plus Size . Possui um acervo de figurino e objetos.<\/p>\n<\/div>\n<p>&nbsp;<\/p>\n<h3><strong>S\u00c3O PAULO<\/strong><\/h3>\n<\/div>\n<p>&gt; Alene Alves &#8211; <a href=\"mailto:alenealves90@gmail.com\">alenealves90@gmail.com<\/a> &#8211; (11) 953435620 &#8211; @alenealvesfigurinos &#8211; Grupo de Teatro a qual faz parte &#8211; @grupoidentidadeoculta &#8211; Possui CNPJ &#8211; Forma\u00e7\u00e3o acad\u00eamica em Design de Moda. Trabalha com figurino desde 2011, \u00e9 figurinista, e tamb\u00e9m atua como camareira de tv e assistente de figurino. Faz parte de um grupo de teatro onde desenvolver o olhar para a cria\u00e7\u00e3o, tamb\u00e9m fizendo figurinos para outros grupos e companhias de Teatro.<\/p>\n<p>&nbsp;<\/p>\n<\/div>\n","protected":false},"excerpt":{"rendered":"<p>&gt;&gt; CAMAREIRA &nbsp; RIO GRANDE\u00a0 DO SUL PORTO ALEGRE &gt; Casa Invertida Acervo Figurino e Objetos &#8211; Jacqueline Silva &#8211; jacque.aquino@hotmail.com &#8211; (51) 982906713 &#8211; Facebook e Instagram @casa_invertida &#8211; Possui CNPJ &#8211; Trabalha como camareira (na \u00e1rea audiovisual) e possui um acervo de figurino e objetos que s\u00e3o locados para o estado todo ou [&hellip;]<\/p>\n","protected":false},"author":412,"featured_media":0,"parent":391,"menu_order":13,"comment_status":"closed","ping_status":"closed","template":"","meta":{"jetpack_post_was_ever_published":false,"footnotes":""},"class_list":["post-3714","page","type-page","status-publish","hentry"],"jetpack_sharing_enabled":true,"jetpack_shortlink":"https:\/\/wp.me\/P9wvEO-XU","jetpack_likes_enabled":true,"jetpack-related-posts":[],"_links":{"self":[{"href":"https:\/\/wp.ufpel.edu.br\/ateliedefigurinos\/wp-json\/wp\/v2\/pages\/3714","targetHints":{"allow":["GET"]}}],"collection":[{"href":"https:\/\/wp.ufpel.edu.br\/ateliedefigurinos\/wp-json\/wp\/v2\/pages"}],"about":[{"href":"https:\/\/wp.ufpel.edu.br\/ateliedefigurinos\/wp-json\/wp\/v2\/types\/page"}],"author":[{"embeddable":true,"href":"https:\/\/wp.ufpel.edu.br\/ateliedefigurinos\/wp-json\/wp\/v2\/users\/412"}],"replies":[{"embeddable":true,"href":"https:\/\/wp.ufpel.edu.br\/ateliedefigurinos\/wp-json\/wp\/v2\/comments?post=3714"}],"version-history":[{"count":6,"href":"https:\/\/wp.ufpel.edu.br\/ateliedefigurinos\/wp-json\/wp\/v2\/pages\/3714\/revisions"}],"predecessor-version":[{"id":3948,"href":"https:\/\/wp.ufpel.edu.br\/ateliedefigurinos\/wp-json\/wp\/v2\/pages\/3714\/revisions\/3948"}],"up":[{"embeddable":true,"href":"https:\/\/wp.ufpel.edu.br\/ateliedefigurinos\/wp-json\/wp\/v2\/pages\/391"}],"wp:attachment":[{"href":"https:\/\/wp.ufpel.edu.br\/ateliedefigurinos\/wp-json\/wp\/v2\/media?parent=3714"}],"curies":[{"name":"wp","href":"https:\/\/api.w.org\/{rel}","templated":true}]}}