{"id":3712,"date":"2022-06-29T17:43:20","date_gmt":"2022-06-29T20:43:20","guid":{"rendered":"https:\/\/wp.ufpel.edu.br\/ateliedefigurinos\/?page_id=3712"},"modified":"2024-02-26T12:03:43","modified_gmt":"2024-02-26T15:03:43","slug":"acervo-de-figurinos","status":"publish","type":"page","link":"https:\/\/wp.ufpel.edu.br\/ateliedefigurinos\/rededecontatos\/acervo-de-figurinos\/","title":{"rendered":"Acervo de Figurinos \/ Brech\u00f3"},"content":{"rendered":"<p><strong>&gt;&gt;&gt; ACERVO DE FIGURINOS<\/strong> (Garimpo\/brech\u00f3, empr\u00e9stimo\/aluguel)<\/p>\n<p>&nbsp;<\/p>\n<h3>RIO GRANDE DO SUL<\/h3>\n<p><strong>PELOTAS<\/strong><\/p>\n<p>&gt; Doida da Espanha e Usina Feminista &#8211; Joana de Leon dos Santos &#8211; <a href=\"mailto:joanadoida2020@gmail.com\">joanadoida2020@gmail.com<\/a> &#8211; (53) 99554762 &#8211; @doidadaespanha &#8211; @usinafeminista &#8211; Possui CNPJ &#8211; Designer de moda, Artes Visuais, figurinista e cenografista desde 2008.<\/p>\n<p>&gt; Ateli\u00ea de Figurinos UFPel &#8211; <a href=\"mailto:ateliedefigurinos@gmail.com\">ateliedefigurinos@gmail.com<\/a> &#8211; Facebook: Perfil: Ateli\u00eaFigurinos Ufpel &#8211; P\u00e1gina: Ateli\u00ea de Figurinos &#8211; UFPel &#8211; Site Ateli\u00ea de Figurinos: <a href=\"http:\/\/wp.ufpel.du.br\/ateliedefigurinos\/\">http:\/\/wp.ufpel.du.br\/ateliedefigurinos\/ &#8211; <\/a>Instagram: @ateliefigurinos &#8211; Somente para atividades de ensino, pesquisa e extens\u00e3o da UFPel.<\/p>\n<p>&gt; Ex\u00e9rcito da Salva\u00e7\u00e3o &#8211; Av. Fernando Os\u00f3rio 6745 &#8211; de ter\u00e7a a s\u00e1bado das 9:30 \u00e0s 12h e das 13:30 \u00e0s 17:30 &#8211; 984056650 ou 31998306.<\/p>\n<p>&gt; Ex\u00e9rcito da Salva\u00e7\u00e3o &#8211; Dom Pedro II, 460 &#8211; ter\u00e7a, quarta, quinta, sexta e s\u00e1bado de 9h30 \u00e0s 13h e 14h30 \u00e0s 17h30 53 3199-7999 \/ Whatsapp: 53 99144-9175.<\/p>\n<p>&gt; Alberto Rosa, 400.<\/p>\n<p>&gt; Alberto Rosa, 405.<\/p>\n<p>&gt; APAJAD Pelotas &#8211; Alvaro Chaves, 77. Quartas, das 14;30 as 17:00.<\/p>\n<p>&nbsp;<\/p>\n<p>&nbsp;<\/p>\n<p><strong>PORTO ALEGRE<\/strong><\/p>\n<div class=\"Qr7Oae\" role=\"listitem\">\n<div class=\"OxAavc NVbRL\" data-item-id=\"1788132075\">\n<div class=\"xMZTse Ih4Dzb\">\n<div class=\"Mh5jwe JqSWld yqQS1\" aria-describedby=\"c502\">\n<p>&gt; Casa Invertida Acervo Figurino e Objetos &#8211; Jacqueline Silva &#8211; <a href=\"mailto:jacque.aquino@hotmail.com\">jacque.aquino@hotmail.com<\/a> &#8211; (51) 982906713 &#8211; Facebook e Instagram @casa_invertida &#8211; Possui CNPJ &#8211; Acervo de figurino e objetos que s\u00e3o locados para o estado todo ou brasil .<\/p>\n<p>&gt; Samantha Moda autoral Plus Size &#8211; <a href=\"mailto:ateliersamanthas@gmail.com\">ateliersamanthas@gmail.com<\/a> &#8211; (51) 982467719 &#8211; @sammy.aq e @samanthaatelier15 &#8211; Possui CNPJ &#8211; Formada em Design de Moda e produ\u00e7\u00e3o de moda. Experi\u00eancia na \u00e1rea a mais de 7 anos. Trabalha como figurinista , assistente e camareira . Tem marca de roupas autoral Plus Size . Possui um acervo de figurino e objetos.<\/p>\n<\/div>\n<\/div>\n<\/div>\n<\/div>\n","protected":false},"excerpt":{"rendered":"<p>&gt;&gt;&gt; ACERVO DE FIGURINOS (Garimpo\/brech\u00f3, empr\u00e9stimo\/aluguel) &nbsp; RIO GRANDE DO SUL PELOTAS &gt; Doida da Espanha e Usina Feminista &#8211; Joana de Leon dos Santos &#8211; joanadoida2020@gmail.com &#8211; (53) 99554762 &#8211; @doidadaespanha &#8211; @usinafeminista &#8211; Possui CNPJ &#8211; Designer de moda, Artes Visuais, figurinista e cenografista desde 2008. &gt; Ateli\u00ea de Figurinos UFPel &#8211; ateliedefigurinos@gmail.com [&hellip;]<\/p>\n","protected":false},"author":412,"featured_media":0,"parent":391,"menu_order":12,"comment_status":"closed","ping_status":"closed","template":"","meta":{"jetpack_post_was_ever_published":false,"footnotes":""},"class_list":["post-3712","page","type-page","status-publish","hentry"],"jetpack_sharing_enabled":true,"jetpack_shortlink":"https:\/\/wp.me\/P9wvEO-XS","jetpack_likes_enabled":true,"jetpack-related-posts":[],"_links":{"self":[{"href":"https:\/\/wp.ufpel.edu.br\/ateliedefigurinos\/wp-json\/wp\/v2\/pages\/3712","targetHints":{"allow":["GET"]}}],"collection":[{"href":"https:\/\/wp.ufpel.edu.br\/ateliedefigurinos\/wp-json\/wp\/v2\/pages"}],"about":[{"href":"https:\/\/wp.ufpel.edu.br\/ateliedefigurinos\/wp-json\/wp\/v2\/types\/page"}],"author":[{"embeddable":true,"href":"https:\/\/wp.ufpel.edu.br\/ateliedefigurinos\/wp-json\/wp\/v2\/users\/412"}],"replies":[{"embeddable":true,"href":"https:\/\/wp.ufpel.edu.br\/ateliedefigurinos\/wp-json\/wp\/v2\/comments?post=3712"}],"version-history":[{"count":12,"href":"https:\/\/wp.ufpel.edu.br\/ateliedefigurinos\/wp-json\/wp\/v2\/pages\/3712\/revisions"}],"predecessor-version":[{"id":4168,"href":"https:\/\/wp.ufpel.edu.br\/ateliedefigurinos\/wp-json\/wp\/v2\/pages\/3712\/revisions\/4168"}],"up":[{"embeddable":true,"href":"https:\/\/wp.ufpel.edu.br\/ateliedefigurinos\/wp-json\/wp\/v2\/pages\/391"}],"wp:attachment":[{"href":"https:\/\/wp.ufpel.edu.br\/ateliedefigurinos\/wp-json\/wp\/v2\/media?parent=3712"}],"curies":[{"name":"wp","href":"https:\/\/api.w.org\/{rel}","templated":true}]}}