{"id":3710,"date":"2022-06-29T17:41:51","date_gmt":"2022-06-29T20:41:51","guid":{"rendered":"https:\/\/wp.ufpel.edu.br\/ateliedefigurinos\/?page_id=3710"},"modified":"2023-05-10T10:18:06","modified_gmt":"2023-05-10T13:18:06","slug":"mascaras","status":"publish","type":"page","link":"https:\/\/wp.ufpel.edu.br\/ateliedefigurinos\/rededecontatos\/mascaras\/","title":{"rendered":"M\u00e1scaras"},"content":{"rendered":"<p>&gt;&gt;&gt; M\u00c1SCARAS<\/p>\n<h3><\/h3>\n<h3>RIO GRANDE DO SUL<\/h3>\n<p><strong>PELOTAS<\/strong><\/p>\n<p>&gt; Doida da Espanha e Usina Feminista &#8211; Joana de Leon dos Santos &#8211; <a href=\"mailto:joanadoida2020@gmail.com\">joanadoida2020@gmail.com<\/a> &#8211; (53) 99554762 &#8211; @doidadaespanha &#8211; @usinafeminista &#8211; Possui CNPJ &#8211; Designer de moda, Artes Visuais, figurinista e cenografista desde 2008.<\/p>\n<p>&gt; Jeroaz.arte &#8211; Jer\u00f4nimo Netto de Azambuja &#8211; <a href=\"mailto:jeronimo.azambuja@gmail.com\">jeronimo.azambuja@gmail.com<\/a> &#8211;\u00a0 (51) 997826331 &#8211; <a href=\"https:\/\/www.instagram.com\/jeroaz.arte\/\">@JeroAz.arte<\/a> &#8211; Esculturas e objetos cenogr\u00e1ficos. Nascido em Pelotas Jer\u00f4nimo Azambuja ou @JeroAz.Arte \u00e9 um escultor estudante de artes visuais e apaixonado pela cultura eletr\u00f4nica. Com grande envolvimento na cena trance atrav\u00e9s da redu\u00e7\u00e3o de danos\u00a0 &#8211;\u00a0 refer\u00eancias em grandes festivais pelo Brasil e h\u00e1 alguns anos vem se dedicando a compor ambienta\u00e7\u00f5es e cenografias que, em seus detalhes, completem a experi\u00eancia trazida pelos DJs.<\/p>\n","protected":false},"excerpt":{"rendered":"<p>&gt;&gt;&gt; M\u00c1SCARAS RIO GRANDE DO SUL PELOTAS &gt; Doida da Espanha e Usina Feminista &#8211; Joana de Leon dos Santos &#8211; joanadoida2020@gmail.com &#8211; (53) 99554762 &#8211; @doidadaespanha &#8211; @usinafeminista &#8211; Possui CNPJ &#8211; Designer de moda, Artes Visuais, figurinista e cenografista desde 2008. &gt; Jeroaz.arte &#8211; Jer\u00f4nimo Netto de Azambuja &#8211; jeronimo.azambuja@gmail.com &#8211;\u00a0 (51) 997826331 [&hellip;]<\/p>\n","protected":false},"author":412,"featured_media":0,"parent":391,"menu_order":10,"comment_status":"closed","ping_status":"closed","template":"","meta":{"jetpack_post_was_ever_published":false,"footnotes":""},"class_list":["post-3710","page","type-page","status-publish","hentry"],"jetpack_sharing_enabled":true,"jetpack_shortlink":"https:\/\/wp.me\/P9wvEO-XQ","jetpack_likes_enabled":true,"jetpack-related-posts":[],"_links":{"self":[{"href":"https:\/\/wp.ufpel.edu.br\/ateliedefigurinos\/wp-json\/wp\/v2\/pages\/3710","targetHints":{"allow":["GET"]}}],"collection":[{"href":"https:\/\/wp.ufpel.edu.br\/ateliedefigurinos\/wp-json\/wp\/v2\/pages"}],"about":[{"href":"https:\/\/wp.ufpel.edu.br\/ateliedefigurinos\/wp-json\/wp\/v2\/types\/page"}],"author":[{"embeddable":true,"href":"https:\/\/wp.ufpel.edu.br\/ateliedefigurinos\/wp-json\/wp\/v2\/users\/412"}],"replies":[{"embeddable":true,"href":"https:\/\/wp.ufpel.edu.br\/ateliedefigurinos\/wp-json\/wp\/v2\/comments?post=3710"}],"version-history":[{"count":3,"href":"https:\/\/wp.ufpel.edu.br\/ateliedefigurinos\/wp-json\/wp\/v2\/pages\/3710\/revisions"}],"predecessor-version":[{"id":4113,"href":"https:\/\/wp.ufpel.edu.br\/ateliedefigurinos\/wp-json\/wp\/v2\/pages\/3710\/revisions\/4113"}],"up":[{"embeddable":true,"href":"https:\/\/wp.ufpel.edu.br\/ateliedefigurinos\/wp-json\/wp\/v2\/pages\/391"}],"wp:attachment":[{"href":"https:\/\/wp.ufpel.edu.br\/ateliedefigurinos\/wp-json\/wp\/v2\/media?parent=3710"}],"curies":[{"name":"wp","href":"https:\/\/api.w.org\/{rel}","templated":true}]}}