{"id":3543,"date":"2022-06-03T01:31:02","date_gmt":"2022-06-03T04:31:02","guid":{"rendered":"https:\/\/wp.ufpel.edu.br\/ateliedefigurinos\/?page_id=3543"},"modified":"2022-06-03T02:25:58","modified_gmt":"2022-06-03T05:25:58","slug":"avaliacao-dos-participantes","status":"publish","type":"page","link":"https:\/\/wp.ufpel.edu.br\/ateliedefigurinos\/projeto-de-extensao\/curso-on-line-de-figurino\/sobre-o-curso\/avaliacao-dos-participantes\/","title":{"rendered":"Avalia\u00e7\u00e3o dos participantes"},"content":{"rendered":"<div class=\"NC79P\">&gt; Achei o curso de modo geral positivo para a modalidade online de uma \u00e1rea da cria\u00e7\u00e3o que exige atividades pr\u00e1ticas e n\u00e3o apenas te\u00f3rica. O curso tem car\u00e1ter introdut\u00f3rio e apresentou conte\u00fado suficiente para esta finalidade. A iniciativa da Professora Larissa \u00e9 uma grande contribui\u00e7\u00e3o ao of\u00edcio que o figurino representa.<\/div>\n<div>&gt;<\/div>\n<div>&gt; Eu gostei muito, para minha din\u00e2mica de vida foi perfeito.<\/div>\n<div>&gt;<\/div>\n<div>\n<div>&gt; Adorei o curso! Me encantei com as atividades. Apesar de n\u00e3o conseguir participar ao vivo dos encontros, adorei acompanhar, poderiam ter nas semanas de entrega das atividades para acompanhar as explica\u00e7\u00f5es pois adorei ouvi-las e saber dos detalhes da produ\u00e7\u00e3o de cada um.<\/div>\n<div>&gt;<\/div>\n<\/div>\n<div>&gt; O curso \u00e9 maravilhoso, \u00f3timo conte\u00fado, professora que sabe passar seu conhecimento, bem estruturado e com varias atividades.<\/div>\n<div>&gt;<\/div>\n<div>\n<div>&gt; Parab\u00e9ns! Eu adorei participar do curso. Foi muito enriquecedor para minha forma\u00e7\u00e3o e meu trabalho. Obrigado pela oportunidade.<\/div>\n<div>&gt;<\/div>\n<\/div>\n<div>\n<div>&gt; Adorei a experi\u00eancia proposta pelo curso, tudo foi \u00f3timo. Os conte\u00fados foram muito relevantes e s\u00f3 senti falta da intera\u00e7\u00e3o com a turma que infelizmente nesta \u00e9poca de pandemia \u00e9 imposs\u00edvel.<\/div>\n<div>&gt;<\/div>\n<\/div>\n<div>\n<div>&gt; Adorei a forma de distribui\u00e7\u00e3o do conte\u00fado, o site super organizado, os materiais disponibilizados e a did\u00e1tica da professora foram incr\u00edveis!<\/div>\n<div>&gt;<\/div>\n<\/div>\n<div>&gt; As aulas eram incr\u00edveis bem explanadas e de f\u00e1cil entendimento. Da mesma forma, as avalia\u00e7\u00f5es as vezes pareciam desafiadoras mas foram incr\u00edveis.<\/div>\n<div>&gt;<\/div>\n<div>&gt; Aprendi bastante com as aulas e me diverti com as atividades. Achei que as atividades foram na medida certa, se fossem mais frequentes talvez tivesse sido muita carga hor\u00e1ria e teria desistido. Da forma que foi consegui acompanhar at\u00e9 o final e me diverti bastante. Gostaria de ter tido experi\u00eancia de corte e costura, mas entendo que em EAD em decorr\u00eancia da quarentena \u00e9 dif\u00edcil. Considerando as limita\u00e7\u00f5es do EAD foi tudo perfeito.<\/div>\n<div>&gt;<\/div>\n<div>&gt; Sugiro que o curso possa seguir para novas turmas pois \u00e9 um conte\u00fado muito rico e que necessita ser repassado para a sociedade, a forma virtual faz com que isso seja proporcionado para um grupo maior e de outras cidades.<\/div>\n<div>&gt;<\/div>\n<div>&gt; \u00d3tima oportunidade que tive, minha sugest\u00e3o \u00e9 para que siga tendo cursos assim, realmente foi maravilhoso e muito divertido, al\u00e9m do aprendizado.<\/div>\n<div><\/div>\n<div><\/div>\n<div><\/div>\n","protected":false},"excerpt":{"rendered":"<p>&gt; Achei o curso de modo geral positivo para a modalidade online de uma \u00e1rea da cria\u00e7\u00e3o que exige atividades pr\u00e1ticas e n\u00e3o apenas te\u00f3rica. O curso tem car\u00e1ter introdut\u00f3rio e apresentou conte\u00fado suficiente para esta finalidade. A iniciativa da Professora Larissa \u00e9 uma grande contribui\u00e7\u00e3o ao of\u00edcio que o figurino representa. &gt; &gt; Eu [&hellip;]<\/p>\n","protected":false},"author":412,"featured_media":0,"parent":3119,"menu_order":0,"comment_status":"closed","ping_status":"closed","template":"","meta":{"jetpack_post_was_ever_published":false,"footnotes":""},"class_list":["post-3543","page","type-page","status-publish","hentry"],"jetpack_sharing_enabled":true,"jetpack_shortlink":"https:\/\/wp.me\/P9wvEO-V9","jetpack_likes_enabled":true,"jetpack-related-posts":[],"_links":{"self":[{"href":"https:\/\/wp.ufpel.edu.br\/ateliedefigurinos\/wp-json\/wp\/v2\/pages\/3543","targetHints":{"allow":["GET"]}}],"collection":[{"href":"https:\/\/wp.ufpel.edu.br\/ateliedefigurinos\/wp-json\/wp\/v2\/pages"}],"about":[{"href":"https:\/\/wp.ufpel.edu.br\/ateliedefigurinos\/wp-json\/wp\/v2\/types\/page"}],"author":[{"embeddable":true,"href":"https:\/\/wp.ufpel.edu.br\/ateliedefigurinos\/wp-json\/wp\/v2\/users\/412"}],"replies":[{"embeddable":true,"href":"https:\/\/wp.ufpel.edu.br\/ateliedefigurinos\/wp-json\/wp\/v2\/comments?post=3543"}],"version-history":[{"count":9,"href":"https:\/\/wp.ufpel.edu.br\/ateliedefigurinos\/wp-json\/wp\/v2\/pages\/3543\/revisions"}],"predecessor-version":[{"id":3555,"href":"https:\/\/wp.ufpel.edu.br\/ateliedefigurinos\/wp-json\/wp\/v2\/pages\/3543\/revisions\/3555"}],"up":[{"embeddable":true,"href":"https:\/\/wp.ufpel.edu.br\/ateliedefigurinos\/wp-json\/wp\/v2\/pages\/3119"}],"wp:attachment":[{"href":"https:\/\/wp.ufpel.edu.br\/ateliedefigurinos\/wp-json\/wp\/v2\/media?parent=3543"}],"curies":[{"name":"wp","href":"https:\/\/api.w.org\/{rel}","templated":true}]}}