{"id":3483,"date":"2022-03-21T22:19:01","date_gmt":"2022-03-22T01:19:01","guid":{"rendered":"https:\/\/wp.ufpel.edu.br\/ateliedefigurinos\/?page_id=3483"},"modified":"2023-09-22T11:26:18","modified_gmt":"2023-09-22T14:26:18","slug":"bibliografias","status":"publish","type":"page","link":"https:\/\/wp.ufpel.edu.br\/ateliedefigurinos\/bibliografias\/","title":{"rendered":"Bibliografias"},"content":{"rendered":"<p>Proposta de ficha desenvolvida com o intuito de facilitar e guiar as etapas de idealiza\u00e7\u00e3o, pesquisa, constru\u00e7\u00e3o e armazenamento de um figurino. O documento em quest\u00e3o foi criado pelo autor Lucas Bezerra Furtado a partir\u00a0do <em>Curso On-line de Figurinos.\u00a0<\/em><\/p>\n<p><span style=\"color: var(--cor-texto); font-family: var(--fonte-corpo);\">FURTADO, Lucas Bezerra.\u00a0<\/span><strong>Documenta\u00e7\u00e3o T\u00e9cnica de Desenvolvimento de Figurinos<\/strong><span style=\"color: var(--cor-texto); font-family: var(--fonte-corpo);\"><strong>. <\/strong>Pelotas: UFPel,\u00a02020.\u00a0<\/span><\/p>\n<p>Ficha&gt;&gt;&gt; <a href=\"https:\/\/wp.ufpel.edu.br\/ateliedefigurinos\/bibliografias\/documentacao-tecnica-de-desenvolvimento-de-figurinos\/\" target=\"_blank\" rel=\"attachment noopener wp-att-4147\">Documenta\u00e7\u00e3o T\u00e9cnica de Desenvolvimento de Figurinos<\/a><\/p>\n<p>&nbsp;<\/p>\n<p>&nbsp;<\/p>\n<p>PODCAST &#8211; PANO PRA MANGA<a href=\"https:\/\/open.spotify.com\/show\/4ZsVQ4Vi2YdZSxJkKq6Dup\"> &#8211; Pano pra Manga | Podcast no Spotify<\/a><\/p>\n<p>ABRANTES, Samuel. <strong>Her\u00f3is e buf\u00f5es: o figurino encena.<\/strong> Rio de Janeiro: Agora da Ilha, 2001. 90 p.<\/p>\n<p>ARAUJO, Lindomar da Silva<strong>. Figurino.<\/strong> Dispon\u00edvel em: <a href=\"https:\/\/www.infoescola.com\/artes-cenicas\/figurino\/\">https:\/\/www.infoescola.com\/artes-cenicas\/figurino\/<\/a><\/p>\n<p>BERTHOLD, Margot.<strong> Hist\u00f3ria Mundial do Teatro.<\/strong> S\u00e3o Paulo: Perspectiva, 2004.<\/p>\n<p>CAMARGO, Roberto Gill.\u00a0<strong>Fun\u00e7\u00e3o Est\u00e9tica da Luz.<\/strong>\u00a0S\u00e3o Paulo: Perspectiva, 2012.<\/p>\n<p>CASTRO, Marta Sorelia Feliz de; COSTA, Nara C\u00e9lia Rolim. <strong>Figurino \u2013 O Traje de Cena.<\/strong> IARA Revista de Moda, Cultura e Arte. S\u00e3o Paulo: V.3 No. 1. ago 2010.<\/p>\n<p>COSTA, Francisco Ara\u00fajo da. <strong>O figurino como elemento essencial da narrativa. <\/strong>An\u00e1lise f\u00edlmica. Sess\u00f5es do Imagin\u00e1rio. Porto Alegre, n\u00ba 8 (agosto). FAMECOS\/PUCRS, 2002, p. 38.<\/p>\n<p>FIGUEIREDO, Laura.<strong>\u00a0Luz, Tecnologia e Arte.<\/strong>\u00a0Dispon\u00edvel em: http:\/\/luztecnologiaearte.weebly.com\/interaccedilotildees.html<\/p>\n<p>LEITE, Adriana; GUERRA, Lisette. <strong>Figurino: uma experi\u00eancia na televis\u00e3o.<\/strong> S\u00e3o Paulo: Paz e Terra, 2002.<\/p>\n<p>MUNIZ, Rosane<strong>. Vestindo os nus: o figurino em cena. <\/strong>S\u00e3o Paulo: Editora Senac, 2004.<\/p>\n<p>PEREZ, Vilmar.\u00a0<strong>Dicas de Ilumina\u00e7\u00e3o C\u00eanica<\/strong>.<\/p>\n<p>PERITO, Renata Zandomenico;\u00a0 RECH, Sandra Regina. <strong>A Cria\u00e7\u00e3o do Figurino no Teatro.<\/strong> Universidade Estadual de Santa Catarina. 2012. Dispon\u00edvel em: <a href=\"http:\/\/www.coloquiomoda.com.br\/anais\/Coloquio%20de%20Moda%20-%202012\/GT09\/POSTER\/102328_A_Criacao_do_Figurino_no_Teatro.pdf\">http:\/\/www.coloquiomoda.com.br\/anais\/Coloquio%20de%20Moda%20-%202012\/GT09\/POSTER\/102328_A_Criacao_do_Figurino_no_Teatro.pdf<\/a><\/p>\n<p><a href=\"http:\/\/www.coloquiomoda.com.br\/anais\/Coloquio%20de%20Moda%20-%202012\/GT09\/POSTER\/102328_A_Criacao_do_Figurino_no_Teatro.pdf\">102328_A_Criacao_do_Figurino_no_Teatro.pdf (coloquiomoda.com.br)<\/a><\/p>\n<p>VIANA, Fausto. <strong>Figurino teatral e as renova\u00e7\u00f5es do s\u00e9culo XX. <\/strong>S\u00e3o Paulo: Esta\u00e7\u00e3o das Letras, 2010.<\/p>\n<p>VIANA, Fausto. <strong>O traje de cena como documento.<\/strong> Revista sala preta | Vol. 17 | n. 2 | 2017. P.130-150. Dispon\u00edvel em: <a href=\"https:\/\/www.revistas.usp.br\/salapreta\/article\/view\/138645\/137195\">https:\/\/www.revistas.usp.br\/salapreta\/article\/view\/138645\/137195<\/a><\/p>\n<p>SILVA, Mariana Rockemback da. <strong>O palco como desejo: a trajet\u00f3ria de Ant\u00f4nia Caringi de Aquino como centro do espet\u00e1culo.<\/strong> Dispon\u00edvel em: <a href=\"http:\/\/guaiaca.ufpel.edu.br\/handle\/prefix\/5580\">http:\/\/guaiaca.ufpel.edu.br\/handle\/prefix\/558<\/a><\/p>\n","protected":false},"excerpt":{"rendered":"<p>Proposta de ficha desenvolvida com o intuito de facilitar e guiar as etapas de idealiza\u00e7\u00e3o, pesquisa, constru\u00e7\u00e3o e armazenamento de um figurino. O documento em quest\u00e3o foi criado pelo autor Lucas Bezerra Furtado a partir\u00a0do Curso On-line de Figurinos.\u00a0 FURTADO, Lucas Bezerra.\u00a0Documenta\u00e7\u00e3o T\u00e9cnica de Desenvolvimento de Figurinos. Pelotas: UFPel,\u00a02020.\u00a0 Ficha&gt;&gt;&gt; Documenta\u00e7\u00e3o T\u00e9cnica de Desenvolvimento de [&hellip;]<\/p>\n","protected":false},"author":412,"featured_media":0,"parent":0,"menu_order":9,"comment_status":"closed","ping_status":"closed","template":"","meta":{"jetpack_post_was_ever_published":false,"footnotes":""},"class_list":["post-3483","page","type-page","status-publish","hentry"],"jetpack_sharing_enabled":true,"jetpack_shortlink":"https:\/\/wp.me\/P9wvEO-Ub","jetpack_likes_enabled":true,"jetpack-related-posts":[],"_links":{"self":[{"href":"https:\/\/wp.ufpel.edu.br\/ateliedefigurinos\/wp-json\/wp\/v2\/pages\/3483","targetHints":{"allow":["GET"]}}],"collection":[{"href":"https:\/\/wp.ufpel.edu.br\/ateliedefigurinos\/wp-json\/wp\/v2\/pages"}],"about":[{"href":"https:\/\/wp.ufpel.edu.br\/ateliedefigurinos\/wp-json\/wp\/v2\/types\/page"}],"author":[{"embeddable":true,"href":"https:\/\/wp.ufpel.edu.br\/ateliedefigurinos\/wp-json\/wp\/v2\/users\/412"}],"replies":[{"embeddable":true,"href":"https:\/\/wp.ufpel.edu.br\/ateliedefigurinos\/wp-json\/wp\/v2\/comments?post=3483"}],"version-history":[{"count":10,"href":"https:\/\/wp.ufpel.edu.br\/ateliedefigurinos\/wp-json\/wp\/v2\/pages\/3483\/revisions"}],"predecessor-version":[{"id":4149,"href":"https:\/\/wp.ufpel.edu.br\/ateliedefigurinos\/wp-json\/wp\/v2\/pages\/3483\/revisions\/4149"}],"wp:attachment":[{"href":"https:\/\/wp.ufpel.edu.br\/ateliedefigurinos\/wp-json\/wp\/v2\/media?parent=3483"}],"curies":[{"name":"wp","href":"https:\/\/api.w.org\/{rel}","templated":true}]}}