{"id":3119,"date":"2021-03-21T17:05:27","date_gmt":"2021-03-21T20:05:27","guid":{"rendered":"https:\/\/wp.ufpel.edu.br\/ateliedefigurinos\/?page_id=3119"},"modified":"2025-01-31T15:01:48","modified_gmt":"2025-01-31T18:01:48","slug":"sobre-o-curso","status":"publish","type":"page","link":"https:\/\/wp.ufpel.edu.br\/ateliedefigurinos\/projeto-de-extensao\/curso-on-line-de-figurino\/sobre-o-curso\/","title":{"rendered":"Sobre o curso"},"content":{"rendered":"<blockquote><p><strong>NOVA TURMA &#8211; 07 <\/strong><\/p>\n<p>Formul\u00e1rio de inscri\u00e7\u00e3o: <a class=\"qi72231t nu7423ey n3hqoq4p r86q59rh b3qcqh3k fq87ekyn bdao358l fsf7x5fv rse6dlih s5oniofx m8h3af8h l7ghb35v kjdc1dyq kmwttqpk srn514ro oxkhqvkx rl78xhln nch0832m cr00lzj9 rn8ck1ys s3jn8y49 icdlwmnq cxfqmxzd ezidihy3\" tabindex=\"0\" role=\"link\" href=\"https:\/\/forms.gle\/8aXoU7NiNf9iSo5SA?fbclid=IwAR1mE8M1c0XFnAVh216dibRCj9gvWp5ZYFPwP6bhVBAzlvy6eYErnz2tWyo\" target=\"_blank\" rel=\"nofollow noopener\">https:\/\/forms.gle\/8aXoU7NiNf9iSo5SA<\/a><\/p>\n<p>&nbsp;<\/p><\/blockquote>\n<p>&gt;&gt; APRESENTA\u00c7\u00c3O:<\/p>\n<p>Esta a\u00e7\u00e3o \u00e9 desenvolvida pelo Projeto Unificado Sala de Figurinos do Ateli\u00ea de Figurinos do Centro de Artes da Universidade Federal de Pelotas\/RS.<\/p>\n<p>O curso tem como objetivo estudar o figurino como elemento importante na composi\u00e7\u00e3o. O curso visa promover o desenvolvimento de olhares para a cria\u00e7\u00e3o e constru\u00e7\u00e3o do traje c\u00eanico e a rela\u00e7\u00e3o com os outros elementos da visualidade da cena.<\/p>\n<p>&nbsp;<\/p>\n<p>Curso gratuito, aberto \u00e0 comunidade.<\/p>\n<p>100% on-line<\/p>\n<p>Necessidade de acesso \u00e0 internet.<\/p>\n<p>&nbsp;<\/p>\n<blockquote><p>&gt;&gt; TEMAS ABORDADOS:<\/p><\/blockquote>\n<p>O que \u00e9 figurino<\/p>\n<p>Sobre a profiss\u00e3o figurinista<\/p>\n<p>\u00c1reas que utilizam figurino<\/p>\n<p>Hist\u00f3ria da roupa e do traje de cena<\/p>\n<p>Etapas do processo<\/p>\n<blockquote><p>Planejamento<\/p>\n<p>Execu\u00e7\u00e3o<\/p>\n<p>Utiliza\u00e7\u00e3o<\/p><\/blockquote>\n<p>Outras \u00e1reas que colaboram com o figurino<\/p>\n<p>Entre outros temas<\/p>\n<p>&nbsp;<\/p>\n<blockquote><p>&gt;&gt; METODOLOGIA:<\/p><\/blockquote>\n<p>Utiliza\u00e7\u00e3o de videoaulas gravadas, slides, v\u00eddeos, textos, podcast e links de sites.<\/p>\n<p>O curso tem dura\u00e7\u00e3o de 10 semanas, sendo 3 semanas com encontros s\u00edncronos que acontecer\u00e3o na primeira, na semana 05 e na \u00faltima semana do curso.<\/p>\n<p>As outras 7 aulas ser\u00e3o liberadas semanalmente por e-mail. Todas as aulas ficar\u00e3o dispon\u00edveis at\u00e9 a \u00faltima semana do curso.<\/p>\n<p>As aulas s\u00edncronas\/ao vivo ser\u00e3o transmitidas via WEBConf UFPel. (Encontros com dura\u00e7\u00e3o de no m\u00e1ximo 2 horas).<\/p>\n<p>As aulas liberadas semanalmente ficar\u00e3o dispon\u00edveis no site Ateli\u00ea de Figurinos.<\/p>\n<p>&nbsp;<\/p>\n<blockquote><p>&gt;&gt; P\u00daBLICO ALVO:<\/p><\/blockquote>\n<p>Pessoas interessadas em conhecer e aprender sobre o conceito e o processo de cria\u00e7\u00e3o e desenvolvimento de figurinos e outras \u00e1reas que comp\u00f5e a cena (adere\u00e7os, cen\u00e1rios, &#8230;).<\/p>\n<p>Aberto para o p\u00fablico em geral.<\/p>\n<p>N\u00e3o necessita experi\u00eancia ou outros pr\u00e9-requisitos.<\/p>\n<p>&nbsp;<\/p>\n<blockquote><p>&gt;&gt; CARGA HOR\u00c1RIA: 40h<\/p><\/blockquote>\n<p>&nbsp;<\/p>\n<blockquote><p>&gt;&gt; AVALIA\u00c7\u00c3O:<\/p><\/blockquote>\n<p>As avalia\u00e7\u00f5es ser\u00e3o realizadas quinzenalmente, sendo a\u00e7\u00f5es de pesquisa\/an\u00e1lise de figurinos, a\u00e7\u00f5es pr\u00e1ticas (cria\u00e7\u00e3o e planejamento), esbo\u00e7o\/desenho de figurino, foto\/composi\u00e7\u00e3o e uma avalia\u00e7\u00e3o final (question\u00e1rio com 10 perguntas).<\/p>\n<p>Ser\u00e3o realizadas 5 atividades durante o curso.<\/p>\n<p>&nbsp;<\/p>\n<blockquote><p>&gt;&gt; MATERIAL NECESS\u00c1RIO<\/p><\/blockquote>\n<p>Celular, tablet, notebook ou computador com acesso a internet.<\/p>\n<p>Papel, l\u00e1pis, borracha, r\u00e9gua (possibilidade de fazer no computador)<\/p>\n<p>Material para colorir (possibilidade de fazer no computador ou com recortes).<\/p>\n<p>Pe\u00e7as de roupas e acess\u00f3rios que se tenha em casa.<\/p>\n<p>&nbsp;<\/p>\n<blockquote><p>&gt;&gt; CERTIFICA\u00c7\u00c3O:<\/p><\/blockquote>\n<p>Certificado para quem entregar todas as atividades e alcan\u00e7ar 70% de aproveitamento nas avalia\u00e7\u00f5es.<\/p>\n<p>&nbsp;<\/p>\n<blockquote><p>&gt;&gt; INSCRI\u00c7\u00d5ES:<\/p><\/blockquote>\n<p>Vagas limitadas. Caso haja mais inscritos que o n\u00famero de vagas, ser\u00e1 feito sorteio.<\/p>\n<p>A abertura das turmas ser\u00e1 divulgada pelo site e redes sociais do Ateli\u00ea de Figurinos.<\/p>\n<p>Ser\u00e1 divulgado no:<\/p>\n<p>&gt; Site Ateli\u00ea de Figurinos: http:\/\/wp.ufpel.du.br\/ateliedefigurinos\/<\/p>\n<p>&gt; Facebook: Perfil: Ateli\u00eaFigurinos Ufpel<\/p>\n<p>P\u00e1gina: Ateli\u00ea de Figurinos &#8211; UFPel<\/p>\n<p>&gt; Instagram: @ateliefigurinos<\/p>\n<p>&gt; E-mail: ateliedefigurinos@ufpel.edu.br<\/p>\n<p>&nbsp;<\/p>\n<p>OBS: Infelizmente o curso n\u00e3o ter\u00e1 dispon\u00edvel recursos de acessibilidade.<\/p>\n<p>&nbsp;<\/p>\n<blockquote><p>&gt; CONTATOS:<\/p><\/blockquote>\n<p>E-mail: ateliedefigurinos@ufpel.edu.br<\/p>\n<p>Facebook: Perfil: Ateli\u00eaFigurinos Ufpel<\/p>\n<p>P\u00e1gina: Ateli\u00ea de Figurinos &#8211; UFPel<\/p>\n<p>Site Ateli\u00ea de Figurinos: http:\/\/wp.ufpel.du.br\/ateliedefigurinos\/<\/p>\n<p>Instagram: @ateliefigurinos<\/p>\n<p>&nbsp;<\/p>\n<blockquote><p>&gt; AVALIA\u00c7\u00c3O DOS PARTICIPANTES &#8211; <a href=\"https:\/\/wp.ufpel.edu.br\/ateliedefigurinos\/projeto-de-extensao\/curso-on-line-de-figurino\/sobre-o-curso\/avaliacao-dos-participantes\/\">Click aqui<\/a><\/p><\/blockquote>\n<p>&nbsp;<\/p>\n<p>&gt; Artigo sobre a experi\u00eancia do Curso on-line de Figurinos &#8211; <a href=\"https:\/\/wp.ufpel.edu.br\/ateliedefigurinos\/projeto-de-extensao\/curso-on-line-de-figurino\/sobre-o-curso\/livro-nuped\/\" target=\"_blank\" rel=\"attachment noopener wp-att-4258\">Click aqui<\/a><\/p>\n<p>&nbsp;<\/p>\n","protected":false},"excerpt":{"rendered":"<p>NOVA TURMA &#8211; 07 Formul\u00e1rio de inscri\u00e7\u00e3o: https:\/\/forms.gle\/8aXoU7NiNf9iSo5SA &nbsp; &gt;&gt; APRESENTA\u00c7\u00c3O: Esta a\u00e7\u00e3o \u00e9 desenvolvida pelo Projeto Unificado Sala de Figurinos do Ateli\u00ea de Figurinos do Centro de Artes da Universidade Federal de Pelotas\/RS. O curso tem como objetivo estudar o figurino como elemento importante na composi\u00e7\u00e3o. O curso visa promover o desenvolvimento de olhares [&hellip;]<\/p>\n","protected":false},"author":412,"featured_media":0,"parent":2762,"menu_order":0,"comment_status":"closed","ping_status":"closed","template":"","meta":{"jetpack_post_was_ever_published":false,"footnotes":""},"class_list":["post-3119","page","type-page","status-publish","hentry"],"jetpack_sharing_enabled":true,"jetpack_shortlink":"https:\/\/wp.me\/P9wvEO-Oj","jetpack_likes_enabled":true,"jetpack-related-posts":[],"_links":{"self":[{"href":"https:\/\/wp.ufpel.edu.br\/ateliedefigurinos\/wp-json\/wp\/v2\/pages\/3119","targetHints":{"allow":["GET"]}}],"collection":[{"href":"https:\/\/wp.ufpel.edu.br\/ateliedefigurinos\/wp-json\/wp\/v2\/pages"}],"about":[{"href":"https:\/\/wp.ufpel.edu.br\/ateliedefigurinos\/wp-json\/wp\/v2\/types\/page"}],"author":[{"embeddable":true,"href":"https:\/\/wp.ufpel.edu.br\/ateliedefigurinos\/wp-json\/wp\/v2\/users\/412"}],"replies":[{"embeddable":true,"href":"https:\/\/wp.ufpel.edu.br\/ateliedefigurinos\/wp-json\/wp\/v2\/comments?post=3119"}],"version-history":[{"count":21,"href":"https:\/\/wp.ufpel.edu.br\/ateliedefigurinos\/wp-json\/wp\/v2\/pages\/3119\/revisions"}],"predecessor-version":[{"id":3121,"href":"https:\/\/wp.ufpel.edu.br\/ateliedefigurinos\/wp-json\/wp\/v2\/pages\/3119\/revisions\/3121"}],"up":[{"embeddable":true,"href":"https:\/\/wp.ufpel.edu.br\/ateliedefigurinos\/wp-json\/wp\/v2\/pages\/2762"}],"wp:attachment":[{"href":"https:\/\/wp.ufpel.edu.br\/ateliedefigurinos\/wp-json\/wp\/v2\/media?parent=3119"}],"curies":[{"name":"wp","href":"https:\/\/api.w.org\/{rel}","templated":true}]}}