{"id":2852,"date":"2020-11-12T09:08:46","date_gmt":"2020-11-12T12:08:46","guid":{"rendered":"https:\/\/wp.ufpel.edu.br\/ateliedefigurinos\/?page_id=2852"},"modified":"2022-08-26T10:54:39","modified_gmt":"2022-08-26T13:54:39","slug":"iluminacao-cenica","status":"publish","type":"page","link":"https:\/\/wp.ufpel.edu.br\/ateliedefigurinos\/rededecontatos\/iluminacao-cenica\/","title":{"rendered":"Ilumina\u00e7\u00e3o C\u00eanica"},"content":{"rendered":"<p><strong>&gt;&gt;&gt; ILUMINA\u00c7\u00c3O C\u00caNICA<\/strong><\/p>\n<p>&nbsp;<\/p>\n<h3><strong>RIO GRANDE DO SUL<\/strong><\/h3>\n<p><strong>PELOTAS<\/strong><\/p>\n<p><strong>&gt;<\/strong>Felipe Cremonini &#8211; <u><a href=\"mailto:felipecremonini@hotmail.com\"><span class=\"tm7\">felipecremonini@hotmail.com <\/span><\/a><\/u>&#8211; (Pelotas e Sant&#8217;ana do Livramento) &#8211; Ilumina\u00e7\u00e3o de eventos e espet\u00e1culos (disciplina optativa de ilumina\u00e7\u00e3o).<\/p>\n<p>&gt; Luka Vargas &#8211; <a href=\"mailto:lukadevargas@gmail.com\">lukadevargas@gmail.com<\/a> &#8211; (51) 980285811 &#8211; www.Instagram.com\/@lukadevargas &#8211; Graduando em Artes Visuais e Arquitetura, meus trabalhos tem \u00eanfase em Escultura, V\u00eddeo e instala\u00e7\u00e3o; motivados pelo corpo, casa e a \u00e1gua. Participei de algumas exposi\u00e7\u00f5es, dentre elas o MASC e fa\u00e7o est\u00e1gio em um est\u00fadio de arquitetura. Meus trabalhos se encontram no Instagram e portif\u00f3lio online.<\/p>\n<p>&gt; Yane Caetano &#8211; <u><a href=\"https:\/\/mail.google.com\/mail\/u\/1\/#inbox_QgrcJHrhsvWgLCgbQlmmBNWmXmzgXspMCFQmailto_yanecaetano98_gmail_com\">yanecaetano98@gmail.com<\/a> &#8211; <\/u><span class=\"tm7\">WhatsApp: (53)984616810<\/span><\/p>\n<p>&nbsp;<\/p>\n","protected":false},"excerpt":{"rendered":"<p>&gt;&gt;&gt; ILUMINA\u00c7\u00c3O C\u00caNICA &nbsp; RIO GRANDE DO SUL PELOTAS &gt;Felipe Cremonini &#8211; felipecremonini@hotmail.com &#8211; (Pelotas e Sant&#8217;ana do Livramento) &#8211; Ilumina\u00e7\u00e3o de eventos e espet\u00e1culos (disciplina optativa de ilumina\u00e7\u00e3o). &gt; Luka Vargas &#8211; lukadevargas@gmail.com &#8211; (51) 980285811 &#8211; www.Instagram.com\/@lukadevargas &#8211; Graduando em Artes Visuais e Arquitetura, meus trabalhos tem \u00eanfase em Escultura, V\u00eddeo e instala\u00e7\u00e3o; [&hellip;]<\/p>\n","protected":false},"author":412,"featured_media":0,"parent":391,"menu_order":14,"comment_status":"closed","ping_status":"closed","template":"","meta":{"jetpack_post_was_ever_published":false,"footnotes":""},"class_list":["post-2852","page","type-page","status-publish","hentry"],"jetpack_sharing_enabled":true,"jetpack_shortlink":"https:\/\/wp.me\/P9wvEO-K0","jetpack_likes_enabled":true,"jetpack-related-posts":[],"_links":{"self":[{"href":"https:\/\/wp.ufpel.edu.br\/ateliedefigurinos\/wp-json\/wp\/v2\/pages\/2852","targetHints":{"allow":["GET"]}}],"collection":[{"href":"https:\/\/wp.ufpel.edu.br\/ateliedefigurinos\/wp-json\/wp\/v2\/pages"}],"about":[{"href":"https:\/\/wp.ufpel.edu.br\/ateliedefigurinos\/wp-json\/wp\/v2\/types\/page"}],"author":[{"embeddable":true,"href":"https:\/\/wp.ufpel.edu.br\/ateliedefigurinos\/wp-json\/wp\/v2\/users\/412"}],"replies":[{"embeddable":true,"href":"https:\/\/wp.ufpel.edu.br\/ateliedefigurinos\/wp-json\/wp\/v2\/comments?post=2852"}],"version-history":[{"count":7,"href":"https:\/\/wp.ufpel.edu.br\/ateliedefigurinos\/wp-json\/wp\/v2\/pages\/2852\/revisions"}],"predecessor-version":[{"id":3950,"href":"https:\/\/wp.ufpel.edu.br\/ateliedefigurinos\/wp-json\/wp\/v2\/pages\/2852\/revisions\/3950"}],"up":[{"embeddable":true,"href":"https:\/\/wp.ufpel.edu.br\/ateliedefigurinos\/wp-json\/wp\/v2\/pages\/391"}],"wp:attachment":[{"href":"https:\/\/wp.ufpel.edu.br\/ateliedefigurinos\/wp-json\/wp\/v2\/media?parent=2852"}],"curies":[{"name":"wp","href":"https:\/\/api.w.org\/{rel}","templated":true}]}}