{"id":2847,"date":"2020-11-12T09:05:46","date_gmt":"2020-11-12T12:05:46","guid":{"rendered":"https:\/\/wp.ufpel.edu.br\/ateliedefigurinos\/?page_id=2847"},"modified":"2022-07-13T11:47:46","modified_gmt":"2022-07-13T14:47:46","slug":"2847-2","status":"publish","type":"page","link":"https:\/\/wp.ufpel.edu.br\/ateliedefigurinos\/rededecontatos\/2847-2\/","title":{"rendered":"Maquiagem \/ Cabelo"},"content":{"rendered":"<p class=\"iw\"><strong>&gt;&gt;&gt; MAQUIAGEM \/ CABELO<\/strong><\/p>\n<h3><\/h3>\n<h3>RIO GRANDE DO SUL<\/h3>\n<p><strong>PELOTAS<\/strong><\/p>\n<p>&nbsp;<\/p>\n<p class=\"iw\">&gt; J\u00f4 Rommel &#8211; <a href=\"mailto:ciane.rommel@gmail.com\">ciane.rommel@gmail.com<\/a><\/p>\n<p>&gt; Sabrina Fonseca &#8211;<a href=\"mailto:sabrinafonseca69@gmail.com\"> sabrinafonseca69@gmail.com<\/a> &#8211; (53) 984314511 &#8211; Instagram: @sabrinafons &#8211; Curso de maquiagem, experi\u00eancia em sal\u00e3o de beleza. Cursando t\u00e9cnico em vestu\u00e1rio no CAVG.\u00a0 Curso de figurino UFPel Fa\u00e7o parte da Cia sem caras de teatro do IFSul, atuando e ajudando no cen\u00e1rio, maquiagem e figurino.<\/p>\n<p>&gt; Milla Lima &#8211; Ludmila De Lima Coutinho &#8211; <a href=\"mailto:ludlimacoutinho@gmail.com\">ludlimacoutinho@gmail.com<\/a> &#8211; (53) 992414039 &#8211; @limamilla24 &#8211; Possui CNPJ &#8211; Forma\u00e7\u00e3o em Design de Moda pela UCPEL e graduanda de Dan\u00e7a-Licenciatura UFPEL.<\/p>\n<p>&gt; Yane Caetano &#8211; <u><a href=\"https:\/\/mail.google.com\/mail\/u\/1\/#inbox_QgrcJHrhsvWgLCgbQlmmBNWmXmzgXspMCFQmailto_yanecaetano98_gmail_com\">yanecaetano98@gmail.com &#8211; <\/a><\/u><span class=\"tm7\">WhatsApp: (53)984616810<\/span><\/p>\n<p><span class=\"qu\" role=\"gridcell\"><span class=\"gD\" data-hovercard-id=\"vvveronicadiaz@gmail.com\" data-hovercard-owner-id=\"126\">&gt; <\/span><\/span><span class=\"qu\" role=\"gridcell\"><span class=\"gD\" data-hovercard-id=\"vvveronicadiaz@gmail.com\" data-hovercard-owner-id=\"126\">Ver\u00f4nica D\u00edaz &#8211; <\/span><\/span><a href=\"mailto:vvveronicadiaz@gmail.com\">vvveronicadiaz@gmail.com<\/a> &#8211; Maquiagem<\/p>\n<p>&nbsp;<\/p>\n<h3>RIO DE JANEIRO<\/h3>\n<p>&gt; Nianga Lucau &#8211; <a href=\"mailto:niangalucau@hotmail.com\">niangalucau@hotmail.com<\/a> &#8211; (21) 982977374 &#8211; @niangalucau &#8211; Possui CNPJ &#8211; Designer da Cor , Designer de Imagem pessoal , Personal Styling , Maquiadora Profissional e Figurinista , Expert em Cores , Produ\u00e7\u00e3o Criativa.<\/p>\n<h3><\/h3>\n<h3><strong>S\u00c3O PAULO<\/strong><\/h3>\n<p>&nbsp;<\/p>\n<div class=\"Qr7Oae\" role=\"listitem\">\n<div aria-describedby=\"c241\"><strong>DRACENA E CAMPINAS<\/strong><\/div>\n<\/div>\n<div aria-describedby=\"c241\"><\/div>\n<div class=\"Qr7Oae\" role=\"listitem\">\n<div class=\"OxAavc NVbRL\" data-required=\"true\" data-item-id=\"1844217239\">\n<div class=\"pYfr3c\">\n<div class=\"prOLdf\">\n<div class=\"g53bl\">\n<div class=\"cTDvob D1wxyf\" role=\"heading\" aria-level=\"3\" aria-describedby=\"i.desc.1844217239 c247\">\n<div class=\"Qr7Oae\" role=\"listitem\">\n<div class=\"OxAavc NVbRL\" data-item-id=\"41894374\">\n<div class=\"pYfr3c\">\n<div class=\"prOLdf\">\n<div class=\"g53bl\">\n<div class=\"cTDvob D1wxyf\" role=\"heading\" aria-level=\"3\" aria-describedby=\"i.desc.41894374\">\n<div class=\"Qr7Oae\" role=\"listitem\">\n<div class=\"OxAavc NVbRL\" data-required=\"true\" data-item-id=\"502265750\">\n<div class=\"pYfr3c\">\n<div class=\"prOLdf\">\n<div class=\"g53bl\">\n<div class=\"cTDvob D1wxyf\" role=\"heading\" aria-level=\"3\" aria-describedby=\"i.desc.502265750 c237\">\n<div class=\"Qr7Oae\" role=\"listitem\">\n<div class=\"OxAavc NVbRL\" data-item-id=\"1788132075\">\n<div class=\"pYfr3c\">\n<div class=\"prOLdf\">\n<div class=\"g53bl\">\n<div class=\"cTDvob D1wxyf\" role=\"heading\" aria-level=\"3\" aria-describedby=\"i.desc.1788132075\">\n<div class=\"Qr7Oae\" role=\"listitem\">\n<div class=\"OxAavc\" data-other-input=\"qSV85\" data-other-hidden=\"MfYA1e\" data-item-id=\"1184206378\">\n<div class=\"pYfr3c\">\n<div class=\"prOLdf\">\n<div class=\"g53bl\">\n<div id=\"c250\" class=\"cTDvob D1wxyf\" role=\"heading\" aria-level=\"3\" aria-describedby=\"i.desc.1184206378\">\n<div class=\"cTDvob D1wxyf\" role=\"heading\" aria-level=\"3\" aria-describedby=\"i.desc.532898831 c315\">\n<div class=\"Qr7Oae\" role=\"listitem\">\n<div class=\"OxAavc NVbRL\" data-item-id=\"1788132075\">\n<div class=\"xMZTse Ih4Dzb\">\n<div class=\"Mh5jwe JqSWld yqQS1\" aria-describedby=\"c415\">\n<p>&gt; Emme Toniolo &#8211; Maria Fernanda Toniolo &#8211; <a href=\"mailto:toniolomariafernanda@gmail.com\">toniolomariafernanda@gmail.com<\/a> &#8211; (18) 996450089 &#8211; @emme.toniolo (instagram) &#8211; Cursando Artes Visuais &#8211; Bacharelado. Quatro anos de Alta costura (M\u00e9todo R\u00e9derby). Experi\u00eancia em grupos de teatro (Cia An\u00f4nimos e NAE Puc Campinas). &#8211;\u00a0<a href=\"https:\/\/docs.google.com\/document\/d\/1QJR83bN28ISHVTBO9sEbBvtx9jS5oXZqP5IHcO2vw4I\/edit?usp=sharing\">https:\/\/docs.google.com\/document\/d\/1QJR83bN28ISHVTBO9sEbBvtx9jS5oXZqP5IHcO2vw4I\/edit?usp=sharing<\/a><\/p>\n<\/div>\n<\/div>\n<\/div>\n<\/div>\n<\/div>\n<\/div>\n<\/div>\n<div aria-describedby=\"c415\">\n<h3><\/h3>\n<h3><strong>MINAS GERAIS<\/strong><\/h3>\n<p><strong>BELO HORIZONTE<\/strong><\/p>\n<div class=\"Qr7Oae\" role=\"listitem\">\n<div class=\"OxAavc NVbRL\" data-item-id=\"1788132075\">\n<div class=\"xMZTse Ih4Dzb\">\n<div class=\"Mh5jwe JqSWld yqQS1\" aria-describedby=\"c367\">&gt; Juliana Floriano Produ\u00e7\u00f5es &#8211; <a href=\"mailto:florianojuflor@hotmail.com\">florianojuflor@hotmail.com<\/a> &#8211; (31) 99674-8544 &#8211; <a href=\"https:\/\/www.facebook.com\/juliana.floriano.12\/\">https:\/\/www.facebook.com\/juliana.floriano.12\/<\/a> (Facebook) &#8211; <a href=\"mailto:florianojuflor@hotmail.com\">florianojuflor@hotmail.com<\/a> (e-mail) &#8211; julianaflorianoflor (instagram) &#8211; Possui CNPJ &#8211; Forma\u00e7\u00e3o\/experi\u00eancia &#8211;<a href=\"https:\/\/docs.google.com\/document\/d\/11kc53uLXNTgQUhN6fSwUrlgbNinpaYHBsO-scuG2olo\/edit?usp=sharing\">Link<\/a>.<\/div>\n<\/div>\n<\/div>\n<\/div>\n<\/div>\n<\/div>\n<\/div>\n<\/div>\n<\/div>\n<\/div>\n<\/div>\n<\/div>\n<\/div>\n<\/div>\n<\/div>\n<\/div>\n<\/div>\n<\/div>\n<\/div>\n<\/div>\n<\/div>\n<\/div>\n<\/div>\n<\/div>\n<\/div>\n<\/div>\n<\/div>\n<\/div>\n<\/div>\n<\/div>\n<\/div>\n<\/div>\n<\/div>\n","protected":false},"excerpt":{"rendered":"<p>&gt;&gt;&gt; MAQUIAGEM \/ CABELO RIO GRANDE DO SUL PELOTAS &nbsp; &gt; J\u00f4 Rommel &#8211; ciane.rommel@gmail.com &gt; Sabrina Fonseca &#8211; sabrinafonseca69@gmail.com &#8211; (53) 984314511 &#8211; Instagram: @sabrinafons &#8211; Curso de maquiagem, experi\u00eancia em sal\u00e3o de beleza. Cursando t\u00e9cnico em vestu\u00e1rio no CAVG.\u00a0 Curso de figurino UFPel Fa\u00e7o parte da Cia sem caras de teatro do IFSul, [&hellip;]<\/p>\n","protected":false},"author":412,"featured_media":0,"parent":391,"menu_order":9,"comment_status":"closed","ping_status":"closed","template":"","meta":{"jetpack_post_was_ever_published":false,"footnotes":""},"class_list":["post-2847","page","type-page","status-publish","hentry"],"jetpack_sharing_enabled":true,"jetpack_shortlink":"https:\/\/wp.me\/P9wvEO-JV","jetpack_likes_enabled":true,"jetpack-related-posts":[],"_links":{"self":[{"href":"https:\/\/wp.ufpel.edu.br\/ateliedefigurinos\/wp-json\/wp\/v2\/pages\/2847","targetHints":{"allow":["GET"]}}],"collection":[{"href":"https:\/\/wp.ufpel.edu.br\/ateliedefigurinos\/wp-json\/wp\/v2\/pages"}],"about":[{"href":"https:\/\/wp.ufpel.edu.br\/ateliedefigurinos\/wp-json\/wp\/v2\/types\/page"}],"author":[{"embeddable":true,"href":"https:\/\/wp.ufpel.edu.br\/ateliedefigurinos\/wp-json\/wp\/v2\/users\/412"}],"replies":[{"embeddable":true,"href":"https:\/\/wp.ufpel.edu.br\/ateliedefigurinos\/wp-json\/wp\/v2\/comments?post=2847"}],"version-history":[{"count":15,"href":"https:\/\/wp.ufpel.edu.br\/ateliedefigurinos\/wp-json\/wp\/v2\/pages\/2847\/revisions"}],"predecessor-version":[{"id":3903,"href":"https:\/\/wp.ufpel.edu.br\/ateliedefigurinos\/wp-json\/wp\/v2\/pages\/2847\/revisions\/3903"}],"up":[{"embeddable":true,"href":"https:\/\/wp.ufpel.edu.br\/ateliedefigurinos\/wp-json\/wp\/v2\/pages\/391"}],"wp:attachment":[{"href":"https:\/\/wp.ufpel.edu.br\/ateliedefigurinos\/wp-json\/wp\/v2\/media?parent=2847"}],"curies":[{"name":"wp","href":"https:\/\/api.w.org\/{rel}","templated":true}]}}