{"id":2845,"date":"2020-11-12T09:02:52","date_gmt":"2020-11-12T12:02:52","guid":{"rendered":"https:\/\/wp.ufpel.edu.br\/ateliedefigurinos\/?page_id=2845"},"modified":"2023-05-10T10:11:40","modified_gmt":"2023-05-10T13:11:40","slug":"aderecos-artesanato","status":"publish","type":"page","link":"https:\/\/wp.ufpel.edu.br\/ateliedefigurinos\/rededecontatos\/aderecos-artesanato\/","title":{"rendered":"Adere\u00e7os \/ Artesanato"},"content":{"rendered":"<p><strong>&gt;&gt;&gt; ADERE\u00c7OS \/ ARTESANATO<\/strong><\/p>\n<h3><\/h3>\n<h3><strong>RIO GRANDE DO SUL<\/strong><\/h3>\n<p><strong>PELOTAS<\/strong><\/p>\n<p>&gt; Artic\u00f4 &#8211; Isabel Chevarria &#8211;\u00a0<a href=\"mailto:isabelcmchevarria@gmail.com\">isabelcmchevarria@gmail.com<\/a>\u00a0&#8211; Belin tric\u00f4 (Facebook ) bordadeira_ss900 (Instagram) &#8211; Tecido em l\u00e3 &#8211; Anos de experi\u00eancia em tric\u00f4 a m\u00e1quina &#8211; Aluna curso T\u00e9cnico de Vestu\u00e1rio &#8211; IFSul &#8211; CAVG.<\/p>\n<p>&gt; F\u00e1bio Silveira &#8211; E-mail: <a href=\"mailto:jacoord@gmail.com\">jacoord@gmail.com<\/a> &#8211; (53) 991612590 &#8211; Facebook: &#8220;FabioDS&#8221; &#8211; Produ\u00e7\u00e3o de desfile carnavalesco, desde escrita do enredo at\u00e9 montagem final do desfile na passarela. &#8211; Forma\u00e7\u00e3o acad\u00eamica em Hist\u00f3ria.<\/p>\n<p>&gt; Felipe Cremonini &#8211; <u><a href=\"mailto:felipecremonini@hotmail.com\"><span class=\"tm7\">felipecremonini@hotmail.com <\/span><\/a><\/u>&#8211; (Pelotas e Sant&#8217;ana do Livramento) &#8211; Produ\u00e7\u00e3o de acess\u00f3rios e objetos c\u00eanicos (experi\u00eancia pelo curso de Cinema)<\/p>\n<p>&gt; Jeroaz.arte &#8211; Jer\u00f4nimo Netto de Azambuja &#8211; <a href=\"mailto:jeronimo.azambuja@gmail.com\">jeronimo.azambuja@gmail.com<\/a> &#8211;\u00a0 (51) 997826331 &#8211; <a href=\"https:\/\/www.instagram.com\/jeroaz.arte\/\">@JeroAz.arte<\/a> &#8211; Esculturas e objetos cenogr\u00e1ficos. Nascido em Pelotas Jer\u00f4nimo Azambuja ou @JeroAz.Arte \u00e9 um escultor estudante de artes visuais e apaixonado pela cultura eletr\u00f4nica. Com grande envolvimento na cena trance atrav\u00e9s da redu\u00e7\u00e3o de danos\u00a0 &#8211;\u00a0 refer\u00eancias em grandes festivais pelo Brasil e h\u00e1 alguns anos vem se dedicando a compor ambienta\u00e7\u00f5es e cenografias que, em seus detalhes, completem a experi\u00eancia trazida pelos DJs.<\/p>\n<div class=\"Qr7Oae\" role=\"listitem\">\n<div class=\"OxAavc NVbRL\" data-required=\"true\" data-item-id=\"1844217239\">\n<div class=\"pYfr3c\">\n<div class=\"prOLdf\">\n<div class=\"g53bl\">\n<div class=\"cTDvob D1wxyf RjsPE\" role=\"heading\" aria-level=\"3\" aria-describedby=\"i.desc.1844217239 c471\">&gt; J\u00f4 Rommel &#8211; <a href=\"mailto:ciane.rommel@gmail.com\">ciane.rommel@gmail.com<\/a> &#8211; Instagram &#8211; <a href=\"https:\/\/instagram.com\/jo.comamor?igshid=1ny0g8t8u7bi3\">https:\/\/instagram.com\/jo.comamor?igshid=1ny0g8t8u7bi3 &#8211; <\/a>Facebook &#8211; <a href=\"https:\/\/www.facebook.com\/J%C3%B4-com-amor-583311488356953\">https:\/\/www.facebook.com\/J%C3%B4-com-amor-583311488356953<\/a><\/div>\n<\/div>\n<\/div>\n<\/div>\n<\/div>\n<\/div>\n<p>&gt; Santa Agulha Ateli\u00ea &#8211; Dany Macias &#8211; <a href=\"mailto:santaagulhaatelie@hotmail.com\">santaagulhaatelie@hotmail.com<\/a> &#8211; (53)999880995 0 <a href=\"https:\/\/www.instagram.com\/santaagulhaatelie\/\">@santaagulhaatelie<\/a> &#8211; Possui CNPJ &#8211; Modista e graduanda de Design de Moda.<\/p>\n<p>&gt; Shaiane Molina &#8211; <a href=\"mailto:molinashaiane@hotmail.com\" target=\"_blank\" rel=\"noopener noreferrer\">molinashaiane@hotmail.com &#8211; <\/a><a href=\"mailto:shaimolina@gmail.com\" target=\"_blank\" rel=\"noopener noreferrer\">shaimolina@gmail.com &#8211; <\/a>(53) 99925-0419 Celular e whats &#8211; Facebook: Shaiane Molina da Luz &#8211; Insta: Shaimolina<\/p>\n<p>&gt; Yane Caetano &#8211; <u><a href=\"https:\/\/mail.google.com\/mail\/u\/1\/#inbox_QgrcJHrhsvWgLCgbQlmmBNWmXmzgXspMCFQmailto_yanecaetano98_gmail_com\">yanecaetano98@gmail.com &#8211; <\/a><\/u><span class=\"tm7\">WhatsApp: (53)98461.6810<\/span><\/p>\n<p>&nbsp;<\/p>\n<p><strong>RIO GRANDE<\/strong><\/p>\n<div class=\"Qr7Oae\" role=\"listitem\">\n<div class=\"OxAavc NVbRL\" data-item-id=\"1788132075\">\n<div class=\"xMZTse Ih4Dzb\">\n<div class=\"Mh5jwe JqSWld yqQS1\" aria-describedby=\"c328\">&gt; Carolina Sim\u00f5es &#8211; <a href=\"mailto:carolsimoesrg@gmail.com\">carolsimoesrg@gmail.com<\/a> &#8211; (53) 984692606 &#8211; Instagram: @__carolinasimoes<\/div>\n<\/div>\n<\/div>\n<\/div>\n<div class=\"Qr7Oae\" role=\"listitem\">\n<div class=\"OxAavc NVbRL\" data-required=\"true\" data-item-id=\"1844217239\">\n<div class=\"pYfr3c\">\n<div class=\"prOLdf\">\n<div class=\"g53bl\">\n<div class=\"cTDvob D1wxyf\" role=\"heading\" aria-level=\"3\" aria-describedby=\"i.desc.1844217239 c334\">\n<div class=\"Qr7Oae\" role=\"listitem\">\n<div class=\"OxAavc NVbRL\" data-required=\"true\" data-item-id=\"502265750\">\n<div class=\"pYfr3c\">\n<div class=\"prOLdf\">\n<div class=\"g53bl\">\n<div class=\"cTDvob D1wxyf\" role=\"heading\" aria-level=\"3\" aria-describedby=\"i.desc.502265750 c324\">\n<div class=\"Qr7Oae\" role=\"listitem\">\n<div class=\"OxAavc NVbRL\" data-item-id=\"1788132075\">\n<div class=\"pYfr3c\">\n<div class=\"prOLdf\">\n<div class=\"g53bl\">\n<div class=\"cTDvob D1wxyf\" role=\"heading\" aria-level=\"3\" aria-describedby=\"i.desc.1788132075\">\n<div class=\"Qr7Oae\" role=\"listitem\">\n<div class=\"OxAavc\" data-other-input=\"qSV85\" data-other-hidden=\"MfYA1e\" data-item-id=\"1184206378\">\n<div class=\"pYfr3c\">\n<div class=\"prOLdf\">\n<div class=\"g53bl\">\n<div id=\"c337\" class=\"cTDvob D1wxyf\" role=\"heading\" aria-level=\"3\" aria-describedby=\"i.desc.1184206378\">\n<div class=\"Qr7Oae\" role=\"listitem\">\n<div class=\"OxAavc NVbRL\" data-required=\"true\" data-item-id=\"443475757\">\n<div class=\"Ih4Dzb\">\n<div class=\"q4tvle JqSWld yqQS1\">Curso de corte e costura no Ateli\u00ea Vera Oriente. Aluna do Design de Moda. Atualmente faz alguns ajustes para lojas de alfaiataria.<\/div>\n<\/div>\n<\/div>\n<\/div>\n<\/div>\n<\/div>\n<\/div>\n<\/div>\n<\/div>\n<\/div>\n<\/div>\n<\/div>\n<\/div>\n<\/div>\n<\/div>\n<\/div>\n<\/div>\n<\/div>\n<\/div>\n<\/div>\n<\/div>\n<\/div>\n<\/div>\n<\/div>\n<\/div>\n<\/div>\n<\/div>\n<\/div>\n<p>&nbsp;<\/p>\n<p><strong>LAJEADO<\/strong><\/p>\n<div class=\"Qr7Oae\" role=\"listitem\">\n<div class=\"OxAavc NVbRL\" data-item-id=\"1788132075\">\n<div class=\"xMZTse Ih4Dzb\">\n<div class=\"Mh5jwe JqSWld yqQS1\" aria-describedby=\"c1111\">&gt; Amorel\u00e2ncia &#8211; Ateli\u00ea Criativo &#8211; Carla Vieira &#8211; <a href=\"mailto:alo@amorelancia.com\">alo@amorelancia.com<\/a> &#8211; (51) 99133 8241 &#8211; <a href=\"https:\/\/beacons.ai\/amorelancia\">https:\/\/beacons.ai\/amorelancia<\/a> &#8211; Possui CNPJ<\/div>\n<\/div>\n<\/div>\n<\/div>\n<div class=\"cTDvob D1wxyf\" role=\"heading\" aria-level=\"3\" aria-describedby=\"i.desc.1844217239 c1117\">\n<div class=\"Qr7Oae\" role=\"listitem\">\n<div class=\"OxAavc NVbRL\" data-required=\"true\" data-item-id=\"443475757\">\n<div class=\"Ih4Dzb\">\n<div class=\"q4tvle JqSWld yqQS1\">Costura Bonecos, bichinhos e acess\u00f3rios em pano &#8211; Desenhos e modelagens pr\u00f3prias. \u00c9 feito todo o processo, desde o desenho at\u00e9 a costura e acabamentos.<\/div>\n<\/div>\n<\/div>\n<\/div>\n<div class=\"Qr7Oae\" role=\"listitem\">\n<div class=\"OxAavc\" data-required=\"true\" data-other-input=\"qSV85\" data-other-hidden=\"MfYA1e\" data-item-id=\"532898831\">\n<div class=\"pYfr3c\">\n<div class=\"prOLdf\">\n<div class=\"g53bl\">\n<div id=\"c1134\" class=\"cTDvob D1wxyf\" role=\"heading\" aria-level=\"3\" aria-describedby=\"i.desc.532898831 c1185\">\n<div class=\"Qr7Oae\" role=\"listitem\">\n<div class=\"OxAavc\" data-required=\"true\" data-other-input=\"qSV85\" data-other-hidden=\"MfYA1e\" data-item-id=\"532898831\">\n<div class=\"Eg06Ee\" role=\"list\" aria-labelledby=\"c1134\" aria-describedby=\"i.desc.532898831 i.err.532898831 i.req.532898831\">\n<div class=\"hfh9V\" role=\"listitem\" data-value=\"__other_option__\">\n<div class=\"ujnDW knKeFf\">\n<div class=\"ebm1oc\">\n<div class=\"xve8mb\">\n<div class=\"Rvxyde\"><\/div>\n<\/div>\n<\/div>\n<\/div>\n<\/div>\n<\/div>\n<div id=\"i.req.532898831\" class=\"fKfAyc\">\n<h3><strong>SANTA CATARINA<\/strong><\/h3>\n<div>\n<div class=\"Qr7Oae\" role=\"listitem\">\n<div class=\"OxAavc NVbRL\" data-required=\"true\" data-item-id=\"1844217239\">\n<div class=\"xMZTse Ih4Dzb\">\n<div class=\"Mh5jwe JqSWld yqQS1\" aria-describedby=\"c1375\"><strong>JOINVILLE<\/strong><\/div>\n<\/div>\n<div aria-describedby=\"c1375\">\n<div class=\"Qr7Oae\" role=\"listitem\">\n<div class=\"OxAavc NVbRL\" data-item-id=\"1788132075\">\n<div class=\"xMZTse Ih4Dzb\">\n<div aria-describedby=\"c1372\"><\/div>\n<div class=\"Mh5jwe JqSWld yqQS1\" aria-describedby=\"c1372\">\n<p>&gt; Mauren Armani Designer &#8211; <a href=\"mailto:maurenarmani@gmail.com\">maurenarmani@gmail.com<\/a> &#8211; (47) 991840750 &#8211;<a href=\"https:\/\/www.instagram.com\/p\/CNDGrerrwkc\/?utm_medium=copy_link\">https:\/\/www.instagram.com\/p\/CNDGrerrwkc\/?utm_medium=copy_link &#8211; <\/a>Faz parte do Projeto DESOL &#8211; <a href=\"https:\/\/www.instagram.com\/p\/CBTYexGhISa\/?utm_medium=copy_link\">Link. <\/a>\u00a0Faz parte da Mentoria do Farol Criativo da Funda\u00e7\u00e3o Hermann Hering &#8211; <a href=\"https:\/\/www.instagram.com\/p\/CNdnzs7HF5C\/?utm_medium=copy_link\">Link<\/a>, faz parte do Curso da Rede Asta de forma\u00e7\u00e3o de artesas &#8211; <a href=\"https:\/\/www.instagram.com\/p\/COgs_MaJch1\/?utm_medium=copy_link\">Link <\/a>Produz: Bolsas, Mochilas, Clutchs, Saquinhos de sementes e ervas medicinais e arom\u00e1ticas.<\/p>\n<\/div>\n<\/div>\n<div aria-describedby=\"c1372\"><\/div>\n<\/div>\n<\/div>\n<\/div>\n<\/div>\n<\/div>\n<\/div>\n<\/div>\n<div aria-describedby=\"c1372\">\n<div class=\"Qr7Oae\" role=\"listitem\">\n<div class=\"OxAavc NVbRL\" data-item-id=\"1788132075\">\n<div class=\"xMZTse Ih4Dzb\">\n<div class=\"Mh5jwe JqSWld yqQS1\" aria-describedby=\"c1651\">\n<p>&gt; Ami Cycle &#8211; Mauren Christine Armani &#8211; <a href=\"mailto:amicycle21@gmail.com\">amicycle21@gmail.com<\/a> &#8211; (47) 991840750 &#8211; <a href=\"https:\/\/www.instagram.com\/p\/CLW2X0LHW-O\/?utm_medium=copy_link\">Link , <\/a><a href=\"https:\/\/www.instagram.com\/p\/CBTYexGhISa\/?utm_medium=copy_link\">Link<\/a> , <a href=\"https:\/\/www.instagram.com\/p\/CNdnzs7HF5C\/?utm_medium=copy_link\">Link<\/a> , <a href=\"https:\/\/www.instagram.com\/p\/COgs_MaJch1\/?utm_medium=copy_link\">Link &#8211; <\/a>Atuamos no segmento do LAR e do BEM ESTAR : trabalhamos com res\u00edduo t\u00eaxtil e de madeira.<\/p>\n<\/div>\n<\/div>\n<\/div>\n<\/div>\n<\/div>\n<\/div>\n<\/div>\n<\/div>\n<\/div>\n<\/div>\n<\/div>\n<\/div>\n<\/div>\n<\/div>\n<div class=\"Qr7Oae\" role=\"listitem\">\n<div class=\"OxAavc\" data-required=\"true\" data-other-input=\"qSV85\" data-other-hidden=\"MfYA1e\" data-item-id=\"532898831\">\n<div id=\"i.req.532898831\" class=\"fKfAyc\"><\/div>\n<\/div>\n<\/div>\n<div class=\"Qr7Oae\" role=\"listitem\">\n<div class=\"OxAavc NVbRL\" data-item-id=\"1123955140\">\n<div class=\"pYfr3c\">\n<div class=\"prOLdf\">\n<div class=\"g53bl\">\n<div class=\"cTDvob D1wxyf\" role=\"heading\" aria-level=\"3\" aria-describedby=\"i.desc.1123955140\">\n<div aria-describedby=\"c328\">\n<div class=\"Qr7Oae\" role=\"listitem\">\n<div class=\"OxAavc NVbRL\" data-required=\"true\" data-item-id=\"1844217239\">\n<div class=\"pYfr3c\">\n<div class=\"prOLdf\">\n<div class=\"g53bl\">\n<div class=\"cTDvob D1wxyf\" role=\"heading\" aria-level=\"3\" aria-describedby=\"i.desc.1844217239 c439\">\n<div class=\"Qr7Oae\" role=\"listitem\">\n<h3>BRAS\u00cdLIA<\/h3>\n<\/div>\n<\/div>\n<\/div>\n<\/div>\n<\/div>\n<\/div>\n<\/div>\n<\/div>\n<div role=\"heading\" aria-level=\"3\" aria-describedby=\"i.desc.532898831 c507\">\n<p>&gt; Makanatelie &#8211; Aricelma Medrei &#8211; <a href=\"mailto:aricelma@gmail.com\">aricelma@gmail.com<\/a> &#8211; (61) 991153124 &#8211; Possui CNPJ &#8211; P\u00f3s-gradua\u00e7\u00e3o em Design de Moda , em Dan\u00e7a e consci\u00eancia corporal e Curso de Figurinos.<\/p>\n<\/div>\n<\/div>\n<\/div>\n<\/div>\n<\/div>\n<\/div>\n<\/div>\n<h3><\/h3>\n<h3><strong>MINAS GERAIS<\/strong><\/h3>\n<p>&gt; Princila Lizzy Cantagessi &#8211;\u00a0 <a href=\"mailto:lis170188@hotmail.com\">lis170188@hotmail.com<\/a> &#8211; (35) 98817.8705<\/p>\n<p><strong>BELO HORIZONTE<\/strong><\/p>\n<div class=\"Qr7Oae\" role=\"listitem\">\n<div class=\"OxAavc NVbRL\" data-item-id=\"1788132075\">\n<div class=\"xMZTse Ih4Dzb\">\n<div class=\"Mh5jwe JqSWld yqQS1\" aria-describedby=\"c367\">&gt; Juliana Floriano Produ\u00e7\u00f5es &#8211; <a href=\"mailto:florianojuflor@hotmail.com\">florianojuflor@hotmail.com<\/a> &#8211; (31) 99674-8544 &#8211; <a href=\"https:\/\/www.facebook.com\/juliana.floriano.12\/\">https:\/\/www.facebook.com\/juliana.floriano.12\/<\/a> (Facebook) &#8211; <a href=\"mailto:florianojuflor@hotmail.com\">florianojuflor@hotmail.com<\/a> (e-mail) &#8211; julianaflorianoflor (instagram) &#8211; Possui CNPJ &#8211; Forma\u00e7\u00e3o\/experi\u00eancia &#8211;<a href=\"https:\/\/docs.google.com\/document\/d\/11kc53uLXNTgQUhN6fSwUrlgbNinpaYHBsO-scuG2olo\/edit?usp=sharing\">Link<\/a>.<\/div>\n<\/div>\n<\/div>\n<\/div>\n<h3><\/h3>\n<h3><b>S\u00c3O<\/b><strong>\u00a0PAULO<\/strong><\/h3>\n<p>&gt; Abayomi Atelie &#8211; Pamela Candido Rosa &#8211; <a href=\"mailto:pamelabayomi@gmail.com\">pamelabayomi@gmail.com<\/a> &#8211; (11) 954516667 &#8211; Facebook: @abayomiatelie Instagram: @abayomiatelie &#8211; Possui CNPJ &#8211; Forma\u00e7\u00e3o\/experi\u00eancia &#8211; <a href=\"https:\/\/docs.google.com\/document\/d\/1CefZtVrKzeogugw0hIIhfR10CkavoID-evkMrI_Dr40\/edit?usp=sharing\">Link<\/a><\/p>\n<p>&gt; Daiana Inocente da Silva &#8211; <a href=\"mailto:daiana.inosilva@gmail.com\">daiana.inosilva@gmail.com<\/a> &#8211; (11) 986264584 &#8211; @die.inocente @loja.saranu<\/p>\n<div class=\"Qr7Oae\" role=\"listitem\">\n<div aria-describedby=\"c241\">&gt; Val\u00e9ria Feldman &#8211; <a href=\"mailto:valeria@ideografia.com.br\" target=\"_blank\" rel=\"noopener noreferrer\">valeria@ideografia.com.br<\/a>\u00a0 &#8211;\u00a0Whatsapp: (11) 994024934<\/div>\n<div aria-describedby=\"c241\"><\/div>\n<div aria-describedby=\"c241\">\n<p>&nbsp;<\/p>\n<p><strong>DRACENA E CAMPINAS<\/strong><\/p>\n<\/div>\n<\/div>\n<div aria-describedby=\"c241\"><\/div>\n<div class=\"Qr7Oae\" role=\"listitem\">\n<div class=\"OxAavc NVbRL\" data-required=\"true\" data-item-id=\"1844217239\">\n<div class=\"pYfr3c\">\n<div class=\"prOLdf\">\n<div class=\"g53bl\">\n<div class=\"cTDvob D1wxyf\" role=\"heading\" aria-level=\"3\" aria-describedby=\"i.desc.1844217239 c247\">\n<div class=\"Qr7Oae\" role=\"listitem\">\n<div class=\"OxAavc NVbRL\" data-item-id=\"41894374\">\n<div class=\"pYfr3c\">\n<div class=\"prOLdf\">\n<div class=\"g53bl\">\n<div class=\"cTDvob D1wxyf\" role=\"heading\" aria-level=\"3\" aria-describedby=\"i.desc.41894374\">\n<div class=\"Qr7Oae\" role=\"listitem\">\n<div class=\"OxAavc NVbRL\" data-required=\"true\" data-item-id=\"502265750\">\n<div class=\"pYfr3c\">\n<div class=\"prOLdf\">\n<div class=\"g53bl\">\n<div class=\"cTDvob D1wxyf\" role=\"heading\" aria-level=\"3\" aria-describedby=\"i.desc.502265750 c237\">\n<div class=\"Qr7Oae\" role=\"listitem\">\n<div class=\"OxAavc NVbRL\" data-item-id=\"1788132075\">\n<div class=\"pYfr3c\">\n<div class=\"prOLdf\">\n<div class=\"g53bl\">\n<div class=\"cTDvob D1wxyf\" role=\"heading\" aria-level=\"3\" aria-describedby=\"i.desc.1788132075\">\n<div class=\"Qr7Oae\" role=\"listitem\">\n<div class=\"OxAavc\" data-other-input=\"qSV85\" data-other-hidden=\"MfYA1e\" data-item-id=\"1184206378\">\n<div class=\"pYfr3c\">\n<div class=\"prOLdf\">\n<div class=\"g53bl\">\n<div id=\"c250\" class=\"cTDvob D1wxyf\" role=\"heading\" aria-level=\"3\" aria-describedby=\"i.desc.1184206378\">\n<div class=\"cTDvob D1wxyf\" role=\"heading\" aria-level=\"3\" aria-describedby=\"i.desc.532898831 c315\">\n<div class=\"Qr7Oae\" role=\"listitem\">\n<div class=\"OxAavc NVbRL\" data-item-id=\"1788132075\">\n<div class=\"xMZTse Ih4Dzb\">\n<div class=\"Mh5jwe JqSWld yqQS1\" aria-describedby=\"c415\">\n<p>&gt; Emme Toniolo &#8211; Maria Fernanda Toniolo &#8211; <a href=\"mailto:toniolomariafernanda@gmail.com\">toniolomariafernanda@gmail.com<\/a> &#8211; (18) 996450089 &#8211; @emme.toniolo (instagram) &#8211; Cursando Artes Visuais &#8211; Bacharelado. Quatro anos de Alta costura (M\u00e9todo R\u00e9derby). Experi\u00eancia em grupos de teatro (Cia An\u00f4nimos e NAE Puc Campinas). &#8211;\u00a0<a href=\"https:\/\/docs.google.com\/document\/d\/1QJR83bN28ISHVTBO9sEbBvtx9jS5oXZqP5IHcO2vw4I\/edit?usp=sharing\">https:\/\/docs.google.com\/document\/d\/1QJR83bN28ISHVTBO9sEbBvtx9jS5oXZqP5IHcO2vw4I\/edit?usp=sharing<\/a><\/p>\n<\/div>\n<\/div>\n<\/div>\n<\/div>\n<\/div>\n<\/div>\n<\/div>\n<\/div>\n<\/div>\n<\/div>\n<\/div>\n<\/div>\n<\/div>\n<\/div>\n<\/div>\n<\/div>\n<\/div>\n<\/div>\n<\/div>\n<\/div>\n<\/div>\n<\/div>\n<\/div>\n<\/div>\n<\/div>\n<\/div>\n<\/div>\n<\/div>\n<\/div>\n<\/div>\n<\/div>\n<\/div>\n<\/div>\n<\/div>\n<\/div>\n<div aria-describedby=\"c328\">\n<div class=\"Qr7Oae\" role=\"listitem\">\n<div class=\"OxAavc NVbRL\" data-required=\"true\" data-item-id=\"1844217239\">\n<div class=\"xMZTse Ih4Dzb\">\n<div aria-describedby=\"c436\">\n<div role=\"heading\" aria-level=\"3\" aria-describedby=\"i.desc.1184206378\">\n<p>&nbsp;<\/p>\n<p><strong>PRAIA GRANDE<\/strong><\/p>\n<\/div>\n<div role=\"heading\" aria-level=\"3\" aria-describedby=\"i.desc.1184206378\"><\/div>\n<div role=\"heading\" aria-level=\"3\" aria-describedby=\"i.desc.1184206378\">\n<p>&gt; Trapo | pano &amp; arte | &#8211; Maria de Fatima Jesus Beserra &#8211; <a href=\"mailto:fatimabeserra7@gmail.com\">fatimabeserra7@gmail.com<\/a> &#8211; (13) 981735875 &#8211; @trapo_art &#8211; Instagram.com\/trapo_art &#8211; Tem alguma experi\u00eancia com costura em m\u00e1quina reta dom\u00e9stica. O que sabe, aprendeu com a m\u00e3e, e tamb\u00e9m gosta de costurar pequenos trabalhos \u00e0 m\u00e3o.<\/p>\n<\/div>\n<\/div>\n<h3 aria-describedby=\"c436\"><strong>RIO DE JANEIRO<\/strong><\/h3>\n<div aria-describedby=\"c436\">\n<div class=\"Qr7Oae\" role=\"listitem\">\n<div class=\"OxAavc NVbRL\" data-item-id=\"1788132075\">\n<div class=\"xMZTse Ih4Dzb\">\n<div class=\"Mh5jwe JqSWld yqQS1\" aria-describedby=\"c589\">\n<p>&gt; Bereshit &#8211; Jasmine Iara Gomes da Silva &#8211; <a href=\"mailto:jasmineiara0307@gmail.com\">jasmineiara0307@gmail.com<\/a> &#8211; (21) 33134325 &#8211; @bereshit.art @bereshit.arts Portf\u00f3lio: <a href=\"https:\/\/www.behance.net\/jasmineiara\">https:\/\/www.behance.net\/jasmineiara<\/a> <a href=\"https:\/\/www.instagram.com\/p\/CLI5BRlHe4_\/?utm_source=ig_web_copy_link\">Link<\/a> <a href=\"https:\/\/www.instagram.com\/p\/CHvJOUcpkzt\/?utm_source=ig_web_copy_link\">Link<\/a> <a href=\"https:\/\/www.instagram.com\/p\/CMAymysDNs_\/?utm_source=ig_web_copy_link\">Link <\/a>&#8211; Formada em design de moda, t\u00e9cnica em modelagem do vestu\u00e1rio e especializa\u00e7\u00e3o em figurino. <a href=\"https:\/\/www.instagram.com\/p\/BvSuZiCBMGU\/?utm_source=ig_web_copy_link\">Link<\/a> <a href=\"https:\/\/www.instagram.com\/p\/B_nscPvnoe7\/?utm_source=ig_web_copy_link\">Link<\/a> <a href=\"https:\/\/www.instagram.com\/p\/CLI5BRlHe4_\/?utm_source=ig_web_copy_link\">Link<\/a><\/p>\n<\/div>\n<\/div>\n<\/div>\n<\/div>\n<\/div>\n<\/div>\n<\/div>\n<\/div>\n<\/div>\n<div aria-describedby=\"c436\"><\/div>\n<div aria-describedby=\"c436\">\n<p>&gt; Victoria Almeida &#8211; <a href=\"mailto:victoriaflor_figurino@outlook.com\">victoriaflor_figurino@outlook.com<\/a> &#8211; (21) 971506179 &#8211; Victoriah.flor. &#8211; Facebook Victoria Almeida &#8211; Possui CNPJ &#8211; Curso de figurino no Senai Sesi \/ Curso de Figurino da UFPel.<\/p>\n<\/div>\n<div aria-describedby=\"c436\"><\/div>\n<div aria-describedby=\"c436\">\n<p>&gt; Joanna Millet &#8211; <a href=\"mailto:ju.millet@gmail.com\">ju.millet@gmail.com<\/a> &#8211; (21) 998040128 &#8211; Instagram: @millet.stylist. &#8211; Possui CNPJ &#8211; Designer de moda pela Est\u00e1cio RJ &#8211; Assistente de figurino na pe\u00e7a infantil &#8220;Keka est\u00e1 na Moda&#8221; &#8211; Assistente de figurino no musical &#8220;O Primeiro Musical a Gente Nunca Esquece&#8221; &#8211; Produtora de figurino no longa &#8220;O \u00daltimo Virgem&#8221; &#8211; Assist\u00eancia de figurino para abertura do Pr\u00eamio Multishow 2019 &#8211; Pesquisa de figurino &#8211; Produ\u00e7\u00e3o e realiza\u00e7\u00e3o de figurinos para o carnaval de rua do Rio de Janeiro.<\/p>\n<\/div>\n<div aria-describedby=\"c436\"><\/div>\n<div aria-describedby=\"c328\">\n<div class=\"Qr7Oae\" role=\"listitem\">\n<div class=\"OxAavc NVbRL\" data-required=\"true\" data-item-id=\"1844217239\">\n<div class=\"xMZTse Ih4Dzb\">\n<div class=\"Mh5jwe JqSWld yqQS1\" aria-describedby=\"c436\">\n<p><strong>S\u00c3O JO\u00c3O DE MERITI<\/strong><\/p>\n<\/div>\n<\/div>\n<\/div>\n<\/div>\n<div class=\"Qr7Oae\" role=\"listitem\">\n<div class=\"OxAavc NVbRL\" data-item-id=\"995780703\">\n<div class=\"pYfr3c\">\n<div class=\"prOLdf\">\n<div class=\"cTDvob D1wxyf\" role=\"heading\" aria-level=\"3\" aria-describedby=\"i.desc.995780703\"><\/div>\n<\/div>\n<\/div>\n<\/div>\n<\/div>\n<\/div>\n<div aria-describedby=\"c328\">\n<div class=\"Qr7Oae\" role=\"listitem\">\n<div class=\"OxAavc NVbRL\" data-item-id=\"1788132075\">\n<div class=\"xMZTse Ih4Dzb\">\n<div class=\"Mh5jwe JqSWld yqQS1\" aria-describedby=\"c433\">\n<p>&gt; Rafa Loureiro Ateli\u00ea &#8211; Rafaelle Carvalho Loureiro &#8211; <a href=\"mailto:rafaellecarvalholoureiro@gmail.com\">rafaellecarvalholoureiro@gmail.com<\/a> &#8211; (21) 980147581 &#8211; <a href=\"https:\/\/instagram.com\/rafaelleloureiro?igshid=nwyuzo0i71uw\">https:\/\/instagram.com\/rafaelleloureiro?igshid=nwyuzo0i71uw<\/a> <a href=\"https:\/\/www.facebook.com\/profile.php?id=100017162323377\">https:\/\/www.facebook.com\/profile.php?id=100017162323377 &#8211; <\/a>Possui CNPJ &#8211; T\u00e9cnico em Modelagem<\/p>\n<\/div>\n<\/div>\n<\/div>\n<\/div>\n<\/div>\n<h3><\/h3>\n<h3><strong>GOI\u00c1S<\/strong><\/h3>\n<p><strong>GOI\u00c2NIA<\/strong><\/p>\n<p>&gt; Solange Amarilla &#8211; <a href=\"mailto:solangeamarilla@yahoo.com.br\">solangeamarilla@yahoo.com.br<\/a> &#8211; (62) 981224470 &#8211; @amarillasolange &#8211; Design de moda. Docente nas \u00e1rea de Figurino em Produ\u00e7\u00e3o C\u00eanica. Artes\u00e3.<\/p>\n<h3><strong>PAR\u00c1<\/strong><\/h3>\n<div class=\"cTDvob D1wxyf\" role=\"heading\" aria-level=\"3\" aria-describedby=\"i.desc.1788132075\">\n<div class=\"cTDvob D1wxyf\" role=\"heading\" aria-level=\"3\" aria-describedby=\"i.desc.1184206378\"><strong>BEL\u00c9M<\/strong><\/div>\n<div role=\"heading\" aria-level=\"3\" aria-describedby=\"i.desc.1184206378\"><\/div>\n<\/div>\n<div role=\"heading\" aria-level=\"3\" aria-describedby=\"i.desc.1184206378\">\n<div class=\"Qr7Oae\" role=\"listitem\">\n<div class=\"OxAavc NVbRL\" data-item-id=\"1788132075\">\n<div class=\"xMZTse Ih4Dzb\">\n<div class=\"Mh5jwe JqSWld yqQS1\" aria-describedby=\"c676\">\n<p>&gt; Ateli\u00ea Alcimara Braga &#8211; Alcimara De oliveira Braga do Amaral &#8211; <a href=\"mailto:alcimara.braga@gmail.com\">alcimara.braga@gmail.com<\/a> &#8211; (91) 991879311 &#8211; Facebook Maison alcimara Braga &#8211; Instagram:\u00a0 @estilistaalcimarabragafigurino &#8211; Estilista Paraense Formada em Matem\u00e1tica pela Universidade Federal do Par\u00e1.@ufpa_oficial &#8211; P\u00f3s Graduada em Culltura de Moda e Mercado Est\u00e1cio &#8211; Estudante de Figurino C\u00eanico na ETDUFPA &#8211; Modelista pelo @senac_pa &#8211; Forma\u00e7\u00e3o T\u00e9cnica em produ\u00e7\u00e3o de \u00f3pera pelo Teatro da Paz ( em andamento) &#8211; Cursos livres e de aperfei\u00e7oamento &#8211;\u00a0 Costura industrial , blusas femininas Senai &#8211; Costura Industrial Instituto Adra &#8211; Segredos da Moulage Francesa @maximustecidos &#8211;\u00a0 Cursos de extens\u00e3o pela @faculdadesenaicetiqt &#8211; Participa\u00e7\u00e3o em 3 Amaz\u00f4nias Fashion Weeks , o maior evento de moda da regi\u00e3o Norte.<\/p>\n<\/div>\n<\/div>\n<\/div>\n<\/div>\n<\/div>\n","protected":false},"excerpt":{"rendered":"<p>&gt;&gt;&gt; ADERE\u00c7OS \/ ARTESANATO RIO GRANDE DO SUL PELOTAS &gt; Artic\u00f4 &#8211; Isabel Chevarria &#8211;\u00a0isabelcmchevarria@gmail.com\u00a0&#8211; Belin tric\u00f4 (Facebook ) bordadeira_ss900 (Instagram) &#8211; Tecido em l\u00e3 &#8211; Anos de experi\u00eancia em tric\u00f4 a m\u00e1quina &#8211; Aluna curso T\u00e9cnico de Vestu\u00e1rio &#8211; IFSul &#8211; CAVG. &gt; F\u00e1bio Silveira &#8211; E-mail: jacoord@gmail.com &#8211; (53) 991612590 &#8211; Facebook: &#8220;FabioDS&#8221; [&hellip;]<\/p>\n","protected":false},"author":412,"featured_media":0,"parent":391,"menu_order":8,"comment_status":"closed","ping_status":"closed","template":"","meta":{"jetpack_post_was_ever_published":false,"footnotes":""},"class_list":["post-2845","page","type-page","status-publish","hentry"],"jetpack_sharing_enabled":true,"jetpack_shortlink":"https:\/\/wp.me\/P9wvEO-JT","jetpack_likes_enabled":true,"jetpack-related-posts":[],"_links":{"self":[{"href":"https:\/\/wp.ufpel.edu.br\/ateliedefigurinos\/wp-json\/wp\/v2\/pages\/2845","targetHints":{"allow":["GET"]}}],"collection":[{"href":"https:\/\/wp.ufpel.edu.br\/ateliedefigurinos\/wp-json\/wp\/v2\/pages"}],"about":[{"href":"https:\/\/wp.ufpel.edu.br\/ateliedefigurinos\/wp-json\/wp\/v2\/types\/page"}],"author":[{"embeddable":true,"href":"https:\/\/wp.ufpel.edu.br\/ateliedefigurinos\/wp-json\/wp\/v2\/users\/412"}],"replies":[{"embeddable":true,"href":"https:\/\/wp.ufpel.edu.br\/ateliedefigurinos\/wp-json\/wp\/v2\/comments?post=2845"}],"version-history":[{"count":43,"href":"https:\/\/wp.ufpel.edu.br\/ateliedefigurinos\/wp-json\/wp\/v2\/pages\/2845\/revisions"}],"predecessor-version":[{"id":2891,"href":"https:\/\/wp.ufpel.edu.br\/ateliedefigurinos\/wp-json\/wp\/v2\/pages\/2845\/revisions\/2891"}],"up":[{"embeddable":true,"href":"https:\/\/wp.ufpel.edu.br\/ateliedefigurinos\/wp-json\/wp\/v2\/pages\/391"}],"wp:attachment":[{"href":"https:\/\/wp.ufpel.edu.br\/ateliedefigurinos\/wp-json\/wp\/v2\/media?parent=2845"}],"curies":[{"name":"wp","href":"https:\/\/api.w.org\/{rel}","templated":true}]}}