{"id":2836,"date":"2020-11-12T08:54:41","date_gmt":"2020-11-12T11:54:41","guid":{"rendered":"https:\/\/wp.ufpel.edu.br\/ateliedefigurinos\/?page_id=2836"},"modified":"2022-08-26T10:46:17","modified_gmt":"2022-08-26T13:46:17","slug":"acabamentos-bordado-aplicacoes-etiquetas","status":"publish","type":"page","link":"https:\/\/wp.ufpel.edu.br\/ateliedefigurinos\/rededecontatos\/acabamentos-bordado-aplicacoes-etiquetas\/","title":{"rendered":"Acabamentos: Bordados, aplica\u00e7\u00f5es&#8230;"},"content":{"rendered":"<p>&gt;&gt;&gt;<strong> ACABAMENTO:\u00a0<\/strong><strong>BORDADOS, APLICA\u00c7\u00d5ES&#8230;<\/strong><\/p>\n<p>&nbsp;<\/p>\n<h3>RIO GRANDE DO SUL<\/h3>\n<p><strong>PELOTAS<\/strong><\/p>\n<p>&gt; Artic\u00f4 &#8211; Isabel Chevarria &#8211; <a href=\"mailto:isabelcmchevarria@gmail.com\">isabelcmchevarria@gmail.com<\/a>\u00a0&#8211; Belin tric\u00f4 (Facebook ) bordadeira_ss900 (Instagram) &#8211; Tecido em l\u00e3 &#8211; Anos de experi\u00eancia em tric\u00f4 a m\u00e1quina &#8211; Aluna curso T\u00e9cnico de Vestu\u00e1rio &#8211; IFSul &#8211; CAVG.<\/p>\n<p>&gt; F\u00e1bio Silveira &#8211; E-mail: <a href=\"mailto:jacoord@gmail.com\">jacoord@gmail.com<\/a> &#8211; (53) 991612590 &#8211; Facebook: &#8220;FabioDS&#8221; &#8211; Produ\u00e7\u00e3o de desfile carnavalesco, desde escrita do enredo at\u00e9 montagem final do desfile na passarela. &#8211; Forma\u00e7\u00e3o acad\u00eamica em Hist\u00f3ria.<\/p>\n<p><strong>&gt;<\/strong>Felipe Cremonini &#8211; <u><a href=\"mailto:felipecremonini@hotmail.com\"><span class=\"tm7\">felipecremonini@hotmail.com <\/span><\/a><\/u>&#8211; (Pelotas e Sant&#8217;ana do Livramento) &#8211; Bordado &#8211; Curso livre<\/p>\n<p>&gt; Larissa Gon\u00e7alves Medeiros &#8211; <a href=\"mailto:lisamedeiros1@gmail.com\">lisamedeiros1@gmail.com<\/a> &#8211; (53) 991488030 &#8211; Possui CNPJ &#8211; T\u00e9cnica em Vestu\u00e1rio.&gt;<\/p>\n<p>&gt; Luka Vargas &#8211; <a href=\"mailto:lukadevargas@gmail.com\">lukadevargas@gmail.com<\/a> &#8211; (51) 980285811 &#8211; www.Instagram.com\/@lukadevargas &#8211; Graduando em Artes Visuais e Arquitetura, meus trabalhos tem \u00eanfase em Escultura, V\u00eddeo e instala\u00e7\u00e3o; motivados pelo corpo, casa e a \u00e1gua. Participei de algumas exposi\u00e7\u00f5es, dentre elas o MASC e fa\u00e7o est\u00e1gio em um est\u00fadio de arquitetura. Meus trabalhos se encontram no Instagram e portif\u00f3lio online.<\/p>\n<p>&gt; Yane Caetano &#8211; <u><a href=\"https:\/\/mail.google.com\/mail\/u\/1\/#inbox_QgrcJHrhsvWgLCgbQlmmBNWmXmzgXspMCFQmailto_yanecaetano98_gmail_com\">yanecaetano98@gmail.com &#8211; <\/a><\/u><span class=\"tm7\">WhatsApp: (53)984616810<\/span><\/p>\n<p>&gt; Shaiane Molina &#8211;\u00a0<a href=\"mailto:molinashaiane@hotmail.com\" target=\"_blank\" rel=\"noopener noreferrer\">molinashaiane@hotmail.com &#8211; <\/a><a href=\"mailto:shaimolina@gmail.com\" target=\"_blank\" rel=\"noopener noreferrer\">shaimolina@gmail.com &#8211; <\/a>(53) 99925-0419 Celular e whats &#8211; Facebook: Shaiane Molina da Luz &#8211; Insta: Shaimolina<\/p>\n<p>&nbsp;<\/p>\n<p><strong>RIO GRANDE<\/strong><\/p>\n<div class=\"Qr7Oae\" role=\"listitem\">\n<div class=\"OxAavc NVbRL\" data-item-id=\"1788132075\">\n<div class=\"xMZTse Ih4Dzb\">\n<div class=\"Mh5jwe JqSWld yqQS1\" aria-describedby=\"c328\">&gt; Carolina Sim\u00f5es &#8211; <a href=\"mailto:carolsimoesrg@gmail.com\">carolsimoesrg@gmail.com<\/a> &#8211; (53) 984692606 &#8211; Instagram: @__carolinasimoes<\/div>\n<\/div>\n<\/div>\n<\/div>\n<div class=\"Qr7Oae\" role=\"listitem\">\n<div class=\"OxAavc NVbRL\" data-required=\"true\" data-item-id=\"1844217239\">\n<div class=\"pYfr3c\">\n<div class=\"prOLdf\">\n<div class=\"g53bl\">\n<div class=\"cTDvob D1wxyf\" role=\"heading\" aria-level=\"3\" aria-describedby=\"i.desc.1844217239 c334\">\n<div class=\"Qr7Oae\" role=\"listitem\">\n<div class=\"OxAavc NVbRL\" data-required=\"true\" data-item-id=\"502265750\">\n<div class=\"pYfr3c\">\n<div class=\"prOLdf\">\n<div class=\"g53bl\">\n<div class=\"cTDvob D1wxyf\" role=\"heading\" aria-level=\"3\" aria-describedby=\"i.desc.502265750 c324\">\n<div class=\"Qr7Oae\" role=\"listitem\">\n<div class=\"OxAavc NVbRL\" data-item-id=\"1788132075\">\n<div class=\"pYfr3c\">\n<div class=\"prOLdf\">\n<div class=\"g53bl\">\n<div class=\"cTDvob D1wxyf\" role=\"heading\" aria-level=\"3\" aria-describedby=\"i.desc.1788132075\">\n<div class=\"Qr7Oae\" role=\"listitem\">\n<div class=\"OxAavc\" data-other-input=\"qSV85\" data-other-hidden=\"MfYA1e\" data-item-id=\"1184206378\">\n<div class=\"pYfr3c\">\n<div class=\"prOLdf\">\n<div class=\"g53bl\">\n<div id=\"c337\" class=\"cTDvob D1wxyf\" role=\"heading\" aria-level=\"3\" aria-describedby=\"i.desc.1184206378\">\n<div class=\"Qr7Oae\" role=\"listitem\">\n<div class=\"OxAavc NVbRL\" data-required=\"true\" data-item-id=\"443475757\">\n<div class=\"Ih4Dzb\">\n<div class=\"q4tvle JqSWld yqQS1\">Curso de corte e costura no Ateli\u00ea Vera Oriente. Aluna do Design de Moda. Atualmente faz alguns ajustes para lojas de alfaiataria.<\/div>\n<\/div>\n<\/div>\n<\/div>\n<\/div>\n<\/div>\n<\/div>\n<\/div>\n<\/div>\n<\/div>\n<\/div>\n<\/div>\n<\/div>\n<\/div>\n<\/div>\n<\/div>\n<\/div>\n<\/div>\n<\/div>\n<\/div>\n<\/div>\n<\/div>\n<\/div>\n<\/div>\n<\/div>\n<\/div>\n<\/div>\n<\/div>\n<p>&nbsp;<\/p>\n<p>S\u00c3O PAULO<\/p>\n<div class=\"Qr7Oae\" role=\"listitem\">\n<div class=\"OxAavc NVbRL\" data-item-id=\"1788132075\">\n<div class=\"xMZTse Ih4Dzb\">\n<div class=\"Mh5jwe JqSWld yqQS1\" aria-describedby=\"c328\">&gt; Daiana Inocente da Silva &#8211; <a href=\"mailto:daiana.inosilva@gmail.com\">daiana.inosilva@gmail.com<\/a> &#8211; (11) 986264584 &#8211; @die.inocente @loja.saranu<\/div>\n<\/div>\n<\/div>\n<\/div>\n<p>&gt; Da Lama &#8211; La\u00eds Da Lama &#8211; La\u00eds Fernanda Rosa &#8211; <a href=\"mailto:figurinosdalama@gmail.com\">figurinosdalama@gmail.com<\/a> &#8211; (11) 951423073 &#8211; Instagram: @dalamaaoluxoo &#8211; @dalamaeuvim &#8211; @figurinosdalama &#8211; Facebook:\u00a0 DA LAMA ao luxoo. Possui CNPJ. Forma\u00e7\u00e3o acad\u00eamica Licenciatura de Artes Visuais. Cursos t\u00e9cnicos Senac: costureira, modelista, criadora de moda e estilista Curso livres: desenho, ilustra\u00e7\u00f5es e fotografia.<\/p>\n<div>\n<div role=\"heading\" aria-level=\"3\" aria-describedby=\"i.desc.1184206378\">\n<div class=\"Qr7Oae\" role=\"listitem\">\n<div class=\"OxAavc NVbRL\" data-required=\"true\" data-item-id=\"1844217239\">\n<div class=\"xMZTse Ih4Dzb\">\n<div aria-describedby=\"c262\">\n<div aria-describedby=\"c865\">\n<p><strong>S\u00c3O BERNARDO DO CAMPO<\/strong><\/p>\n<\/div>\n<div class=\"Mh5jwe JqSWld yqQS1\" aria-describedby=\"c865\">\n<div class=\"Qr7Oae\" role=\"listitem\">\n<div class=\"OxAavc NVbRL\" data-required=\"true\" data-item-id=\"502265750\">\n<div class=\"xMZTse Ih4Dzb\">\n<div class=\"Mh5jwe JqSWld yqQS1\" aria-describedby=\"c855\">&gt; Pablo dos Santos Abreu &#8211; <a href=\"mailto:pablosantosabreu@hotmail.com\">pablosantosabreu@hotmail.com<\/a> &#8211; (11) 953652885 &#8211; instagram.com\/pabluj\/ &#8211;\u00a0 pabloabreuportfolio.blogspot.com\/- www.instagram.com\/fratolish\/- Formado pelo Centro de Audiovisual (CAV) em 2019 no curso de Cine\/TV e pelo senac em Assistente de Arte.<\/div>\n<\/div>\n<\/div>\n<\/div>\n<\/div>\n<\/div>\n<div aria-describedby=\"c328\">\n<div class=\"Qr7Oae\" role=\"listitem\">\n<div class=\"OxAavc NVbRL\" data-required=\"true\" data-item-id=\"1844217239\">\n<div class=\"pYfr3c\">\n<div class=\"prOLdf\">\n<div class=\"g53bl\">\n<div class=\"cTDvob D1wxyf\" role=\"heading\" aria-level=\"3\" aria-describedby=\"i.desc.1844217239 c439\">\n<div class=\"Qr7Oae\" role=\"listitem\">\n<h3><\/h3>\n<h3>BRAS\u00cdLIA<\/h3>\n<\/div>\n<\/div>\n<\/div>\n<\/div>\n<\/div>\n<\/div>\n<\/div>\n<\/div>\n<div role=\"heading\" aria-level=\"3\" aria-describedby=\"i.desc.532898831 c507\">\n<p>&gt; Makanatelie &#8211; Aricelma Medrei &#8211; <a href=\"mailto:aricelma@gmail.com\">aricelma@gmail.com<\/a> &#8211; (61) 991153124 &#8211; Possui CNPJ &#8211; P\u00f3s-gradua\u00e7\u00e3o em Design de Moda , em Dan\u00e7a e consci\u00eancia corporal e Curso de Figurinos.<\/p>\n<\/div>\n<h3 aria-describedby=\"c262\"><\/h3>\n<h3 aria-describedby=\"c262\"><strong>PERNAMBUCO<\/strong><\/h3>\n<div aria-describedby=\"c262\"><strong>RECIFE<\/strong><\/div>\n<div aria-describedby=\"c262\"><\/div>\n<\/div>\n<\/div>\n<\/div>\n<\/div>\n<\/div>\n<div>\n<div role=\"heading\" aria-level=\"3\" aria-describedby=\"i.desc.1184206378\">\n<div class=\"Qr7Oae\" role=\"listitem\">\n<div class=\"OxAavc NVbRL\" data-item-id=\"995780703\">\n<div class=\"pYfr3c\">\n<div class=\"prOLdf\">\n<div class=\"g53bl\">\n<div class=\"cTDvob D1wxyf\" role=\"heading\" aria-level=\"3\" aria-describedby=\"i.desc.995780703\">\n<div class=\"Qr7Oae\" role=\"listitem\">\n<div class=\"OxAavc NVbRL\" data-required=\"true\" data-item-id=\"502265750\">\n<div class=\"xMZTse Ih4Dzb\">\n<div class=\"Mh5jwe JqSWld yqQS1\" aria-describedby=\"c252\">\n<p>&gt; Luana Nascimento &#8211; <a href=\"mailto:lua.sn@hotmail.com\">lua.sn@hotmail.com<\/a> &#8211; (81) 99600.5357 &#8211; @luanebulosa &#8211; Ilustra\u00e7\u00f5es <a href=\"https:\/\/www.instagram.com\/dropslunar\/\">https:\/\/www.instagram.com\/dropslunar\/<\/a> Projetos em figurino (p\u00e1gina em constru\u00e7\u00e3o) <a href=\"https:\/\/www.tumblr.com\/blog\/dropslunar\">https:\/\/www.tumblr.com\/blog\/dropslunar<\/a> Cenografia, brindes e material publicit\u00e1rio behance.net\/luanebulosa &#8211; Possui CNPJ &#8211; Primeiro contato com os bordado, croch\u00ea, tric\u00f4, corte e costura foi ainda pequena com familiares e amigos. J\u00e1 trabalhou com cenografia para eventos. Cursou dire\u00e7\u00e3o de arte para audiovisual no SESC-SP em 2020. Em 2021 participou de WORKSHOP sobre Processo Criativo em figurino com Janaina Castro, da Oficina Manuten\u00e7\u00e3o de Figurinos e Acervo da SPCD e Projeto de Extens\u00e3o Sala de Figurinos do Ateli\u00ea de Figurinos do Centro de Artes da Universidade Federal de Pelotas\/RS.<\/p>\n<\/div>\n<\/div>\n<\/div>\n<\/div>\n<\/div>\n<\/div>\n<\/div>\n<\/div>\n<\/div>\n<\/div>\n<\/div>\n<\/div>\n<h3><strong>BAHIA<\/strong><\/h3>\n<p><strong>SALVADOR<\/strong><\/p>\n<div class=\"Qr7Oae\" role=\"listitem\">\n<div class=\"OxAavc NVbRL\" data-item-id=\"1788132075\">\n<div class=\"xMZTse Ih4Dzb\">\n<div class=\"Mh5jwe JqSWld yqQS1\" aria-describedby=\"c1285\">&gt; @Littlebags &#8211; Normal\u00facia Pedreira &#8211; <a href=\"mailto:norma_pedreira@hotmail.com\">norma_pedreira@hotmail.com<\/a> &#8211; (71) 999518142 &#8211; @littlebags &#8211; Experi\u00eancia de mais de vinte anos em costura, reforma, consertos e modinha. Rede Asta, projeto m\u00e1scara mais renda ,escola de neg\u00f3cios Rede Asta, Projeto Aprendendo com uma av\u00f3 da @olabi.<\/div>\n<\/div>\n<\/div>\n<\/div>\n<h3><\/h3>\n<h3><strong>MINAS GERAIS<\/strong><\/h3>\n<p><strong>BELO HORIZONTE<\/strong><\/p>\n<div class=\"Qr7Oae\" role=\"listitem\">\n<div class=\"OxAavc NVbRL\" data-item-id=\"1788132075\">\n<div class=\"xMZTse Ih4Dzb\">\n<div class=\"Mh5jwe JqSWld yqQS1\" aria-describedby=\"c367\">&gt; Juliana Floriano Produ\u00e7\u00f5es &#8211;<a href=\"mailto:florianojuflor@hotmail.com\"> florianojuflor@hotmail.com<\/a> &#8211; (31) 99674-8544 &#8211; <a href=\"https:\/\/www.facebook.com\/juliana.floriano.12\/\">https:\/\/www.facebook.com\/juliana.floriano.12\/<\/a> (Facebook) &#8211; <a href=\"mailto:florianojuflor@hotmail.com\">florianojuflor@hotmail.com<\/a> (e-mail) &#8211; julianaflorianoflor (instagram) &#8211; Possui CNPJ &#8211; Forma\u00e7\u00e3o\/experi\u00eancia &#8211;<a href=\"https:\/\/docs.google.com\/document\/d\/11kc53uLXNTgQUhN6fSwUrlgbNinpaYHBsO-scuG2olo\/edit?usp=sharing\">Link<\/a>. Experi\u00eancia em pintura mural.<\/div>\n<\/div>\n<\/div>\n<\/div>\n<p>&nbsp;<\/p>\n<p>&nbsp;<\/p>\n<p>&nbsp;<\/p>\n<p>&nbsp;<\/p>\n<p><strong>Bordados computadorizados<\/strong><\/p>\n<p>&gt; Marisa Bordados &#8211; Marisa Fernanda &#8211; <a href=\"mailto:oficinadebordados@yahoo.com.br\" target=\"_blank\" rel=\"noopener noreferrer\">oficinadebordados64@gmail.com<\/a>&#8211; (53)984147657 \u00a0&#8211; Cria\u00e7\u00e3o e Bordados &#8211; @marisa.bordados<\/p>\n<p>&gt; Enomis &#8211; Bordados Novas Artes &#8211; Bordados e Logotipos (Simone e Bruna)<br \/>\nRua: Andrade Neves, n\u00ba 1934 &#8211; Sala: 18 &#8211; Shopping Cal\u00e7ad\u00e3o<br \/>\nFone: (53) 32250321<br \/>\nE-mail:\u00a0<a href=\"mailto:enomis.confec.fem@hotmail.com\">enomis.confec.fem@hotmail.com<\/a><\/p>\n<p>&gt; Laura Bordados<br \/>\nRua: General Sampaio N\u00ba 119 \u2013 Sim\u00f5es Lopes (ao lado Av. Brasil \u2013 Castelo)<br \/>\nFone: (53) 3026.2328 \/ 30272328<\/p>\n<p>&gt; Vera Regina Modas<br \/>\nRua: XV de Novembro n\u00ba 513 C \u2013 entre Tiradentes e Teles \u2013 quase em frente ao RU<br \/>\nFone: (53) 3227.9406 \/ 9155.6801 \/ 8433.8977<br \/>\nE-mail:\u00a0<a href=\"mailto:vera.reginamodas@hotmail.com\">vera.reginamodas@hotmail.com<\/a><\/p>\n<p>&gt; Bordados Chagas<br \/>\nFone: (53) 3025-3722 &#8211; Cel: (53) 9144-6290<\/p>\n<p>&gt; Arte Final Bordados e Serigrafia<br \/>\nFone: (53) 3028.5669<br \/>\nE-mail \/ MSN:\u00a0<a href=\"mailto:artefinalbordados@hotmail.com\">artefinalbordados@hotmail.com<\/a><\/p>\n<p>&gt; Criar Bordados Computadorizados<br \/>\nRua: Santos Dumont, n\u00ba 573 Ap. 201<br \/>\nFone: (53) 3027.2328<\/p>\n<p>&gt; Per.Fio &#8211; Confec\u00e7\u00f5es\u00a0e Bordados<br \/>\nRua: S\u00e3o Jos\u00e9, 23 Pr\u00f3ximo galeto Santa Justina &#8211; Anhanguera \u2013 Sta. Teresinha<br \/>\nFone: (53) 3223.1074 &#8211; 8122.0031<\/p>\n","protected":false},"excerpt":{"rendered":"<p>&gt;&gt;&gt; ACABAMENTO:\u00a0BORDADOS, APLICA\u00c7\u00d5ES&#8230; &nbsp; RIO GRANDE DO SUL PELOTAS &gt; Artic\u00f4 &#8211; Isabel Chevarria &#8211; isabelcmchevarria@gmail.com\u00a0&#8211; Belin tric\u00f4 (Facebook ) bordadeira_ss900 (Instagram) &#8211; Tecido em l\u00e3 &#8211; Anos de experi\u00eancia em tric\u00f4 a m\u00e1quina &#8211; Aluna curso T\u00e9cnico de Vestu\u00e1rio &#8211; IFSul &#8211; CAVG. &gt; F\u00e1bio Silveira &#8211; E-mail: jacoord@gmail.com &#8211; (53) 991612590 &#8211; Facebook: [&hellip;]<\/p>\n","protected":false},"author":412,"featured_media":0,"parent":391,"menu_order":6,"comment_status":"closed","ping_status":"closed","template":"","meta":{"jetpack_post_was_ever_published":false,"footnotes":""},"class_list":["post-2836","page","type-page","status-publish","hentry"],"jetpack_sharing_enabled":true,"jetpack_shortlink":"https:\/\/wp.me\/P9wvEO-JK","jetpack_likes_enabled":true,"jetpack-related-posts":[],"_links":{"self":[{"href":"https:\/\/wp.ufpel.edu.br\/ateliedefigurinos\/wp-json\/wp\/v2\/pages\/2836","targetHints":{"allow":["GET"]}}],"collection":[{"href":"https:\/\/wp.ufpel.edu.br\/ateliedefigurinos\/wp-json\/wp\/v2\/pages"}],"about":[{"href":"https:\/\/wp.ufpel.edu.br\/ateliedefigurinos\/wp-json\/wp\/v2\/types\/page"}],"author":[{"embeddable":true,"href":"https:\/\/wp.ufpel.edu.br\/ateliedefigurinos\/wp-json\/wp\/v2\/users\/412"}],"replies":[{"embeddable":true,"href":"https:\/\/wp.ufpel.edu.br\/ateliedefigurinos\/wp-json\/wp\/v2\/comments?post=2836"}],"version-history":[{"count":36,"href":"https:\/\/wp.ufpel.edu.br\/ateliedefigurinos\/wp-json\/wp\/v2\/pages\/2836\/revisions"}],"predecessor-version":[{"id":3946,"href":"https:\/\/wp.ufpel.edu.br\/ateliedefigurinos\/wp-json\/wp\/v2\/pages\/2836\/revisions\/3946"}],"up":[{"embeddable":true,"href":"https:\/\/wp.ufpel.edu.br\/ateliedefigurinos\/wp-json\/wp\/v2\/pages\/391"}],"wp:attachment":[{"href":"https:\/\/wp.ufpel.edu.br\/ateliedefigurinos\/wp-json\/wp\/v2\/media?parent=2836"}],"curies":[{"name":"wp","href":"https:\/\/api.w.org\/{rel}","templated":true}]}}