{"id":2820,"date":"2020-11-12T08:40:42","date_gmt":"2020-11-12T11:40:42","guid":{"rendered":"https:\/\/wp.ufpel.edu.br\/ateliedefigurinos\/?page_id=2820"},"modified":"2023-01-30T08:57:29","modified_gmt":"2023-01-30T11:57:29","slug":"modelagem","status":"publish","type":"page","link":"https:\/\/wp.ufpel.edu.br\/ateliedefigurinos\/rededecontatos\/modelagem\/","title":{"rendered":"Modelagem"},"content":{"rendered":"<p><strong>&gt;&gt;&gt; MODELAGEM<\/strong><\/p>\n<p>&nbsp;<\/p>\n<h3><strong>RIO GRANDE DO SUL<\/strong><\/h3>\n<p><strong>PELOTAS<\/strong><\/p>\n<p>&gt; Ateli\u00ea de Moda Andorinha &#8211; Manuella Mathias &#8211; Whats (53) 98433-0001 &#8211; Instagram:<a id=\"m_-6196344422226251629plusReplyChip-0\" class=\"gmail_plusreply\"><\/a>@useandorinha<\/p>\n<p>&gt; Anerreira Costura &#8211; Ana Cl\u00e1udia &#8211; <a href=\"mailto:anerreira.costura@gmail.com\">anerreira.costura@gmail.com<\/a> &#8211; (53)999901417 &#8211; Possui CNPJ &#8211; Professora de costura e modelagem. Curso de figurinista. Introdu\u00e7\u00e3o a Doc\u00eancia no SENAI Modelagem no sistema CAD na modalidade de aperfei\u00e7oamento profissional.<\/p>\n<p>&gt; Arcadium &#8211; Ana J\u00falia Corr\u00eaa &#8211; <a href=\"mailto:anajubs.tc@gmail.com\">anajubs.tc@gmail.com<\/a>\u00a0&#8211; (53) 999866364<\/p>\n<p>&gt; Doida da Espanha e Usina Feminista &#8211; Joana de Leon dos Santos &#8211; <a href=\"mailto:joanadoida2020@gmail.com\">joanadoida2020@gmail.com<\/a> &#8211; (53) 99554762 &#8211; @doidadaespanha &#8211; @usinafeminista &#8211; Possui CNPJ &#8211; Designer de moda, Artes Visuais, figurinista e cenografista desde 2008.<\/p>\n<p>&gt; Felipe de Nigris &#8211; E-mail: <u><a href=\"mailto:felipe1864farias@outlook.com\"><span class=\"tm9\">felipe1864farias@outlook.com <\/span><\/a><\/u>&#8211; (53) 98445.9799<\/p>\n<p>&gt; Luka Vargas &#8211; <a href=\"mailto:lukadevargas@gmail.com\">lukadevargas@gmail.com<\/a> &#8211; (51) 980285811 &#8211; www.Instagram.com\/@lukadevargas &#8211; Graduando em Artes Visuais e Arquitetura, meus trabalhos tem \u00eanfase em Escultura, V\u00eddeo e instala\u00e7\u00e3o; motivados pelo corpo, casa e a \u00e1gua. Participei de algumas exposi\u00e7\u00f5es, dentre elas o MASC e fa\u00e7o est\u00e1gio em um est\u00fadio de arquitetura. Meus trabalhos se encontram no Instagram e portif\u00f3lio online.<\/p>\n<p>&gt; Marcelly Soares &#8211; <a href=\"mailto:marcellysoares2@gmail.com\">marcellysoares2@gmail.com<\/a><\/p>\n<p>&gt; Mariana Gon\u00e7alves Garcia &#8211; <a href=\"mailto:mariana.goncalvesgarcia@hotmail.com\">mariana.goncalvesgarcia@hotmail.com<\/a> &#8211; 984072398. \/ M\u00e3e (984020933) &#8211; Face: Mariana Garcia &#8211; Inst&#8221; _mariigarcia_ &#8211; Formada em T\u00e9cnico em Vestu\u00e1rio, trabalhou na loja Central da Costura.<\/p>\n<p>&gt; Santa Agulha Ateli\u00ea &#8211; Dany Macias &#8211; <a href=\"mailto:santaagulhaatelie@hotmail.com\">santaagulhaatelie@hotmail.com<\/a> &#8211; (53)999880995 0 <a href=\"https:\/\/www.instagram.com\/santaagulhaatelie\/\">@santaagulhaatelie<\/a> &#8211; Possui CNPJ &#8211; Modista e graduanda de Design de Moda.<\/p>\n<p>&gt; Shaiane Molina &#8211; <a href=\"mailto:molinashaiane@hotmail.com\" target=\"_blank\" rel=\"noopener noreferrer\">molinashaiane@hotmail.com &#8211; <\/a><a href=\"mailto:shaimolina@gmail.com\" target=\"_blank\" rel=\"noopener noreferrer\">shaimolina@gmail.com &#8211; <\/a>(53) 99925-0419 Celular e whats &#8211; Facebook: Shaiane Molina da Luz &#8211; Insta: Shaimolina<\/p>\n<p>&gt; Taline Pereira &#8211; WhastApp: (53)991416447 &#8211; Facebook: <a href=\"https:\/\/www.facebook.com\/taline.pereira.1\" target=\"_blank\" rel=\"noopener noreferrer\" data-saferedirecturl=\"https:\/\/www.google.com\/url?q=https:\/\/www.facebook.com\/taline.pereira.1&amp;source=gmail&amp;ust=1605211816370000&amp;usg=AFQjCNFAA_l7XO-ymREZZnqdvwqz_1qstg\">https:\/\/www.facebook.com\/taline.pereira.1<\/a>\u00a0&#8211; Instagram: Taline Pereira<\/p>\n<p>&nbsp;<\/p>\n<p><strong>RIO GRANDE<\/strong><\/p>\n<div class=\"Qr7Oae\" role=\"listitem\">\n<div class=\"OxAavc NVbRL\" data-item-id=\"1788132075\">\n<div class=\"xMZTse Ih4Dzb\">\n<div class=\"Mh5jwe JqSWld yqQS1\" aria-describedby=\"c328\">&gt; Carolina Sim\u00f5es &#8211; <a href=\"mailto:carolsimoesrg@gmail.com\">carolsimoesrg@gmail.com<\/a> &#8211; (53) 984692606 &#8211; Instagram: @__carolinasimoes &#8211; Curso de corte e costura no Ateli\u00ea Vera Oriente. Aluna do Design de Moda. Atualmente faz alguns ajustes para lojas de alfaiataria.<\/div>\n<\/div>\n<\/div>\n<\/div>\n<div class=\"Qr7Oae\" role=\"listitem\">\n<div class=\"OxAavc NVbRL\" data-required=\"true\" data-item-id=\"1844217239\">\n<div class=\"pYfr3c\">\n<div class=\"prOLdf\">\n<div class=\"g53bl\">\n<div class=\"cTDvob D1wxyf\" role=\"heading\" aria-level=\"3\" aria-describedby=\"i.desc.1844217239 c334\">\n<div class=\"Qr7Oae\" role=\"listitem\">\n<div class=\"OxAavc NVbRL\" data-required=\"true\" data-item-id=\"502265750\">\n<div class=\"pYfr3c\">\n<div class=\"prOLdf\">\n<div class=\"g53bl\">\n<div class=\"cTDvob D1wxyf\" role=\"heading\" aria-level=\"3\" aria-describedby=\"i.desc.502265750 c324\">\n<div class=\"Qr7Oae\" role=\"listitem\">\n<div class=\"OxAavc NVbRL\" data-item-id=\"1788132075\">\n<div class=\"pYfr3c\">\n<div class=\"prOLdf\">\n<div class=\"g53bl\">\n<div class=\"cTDvob D1wxyf\" role=\"heading\" aria-level=\"3\" aria-describedby=\"i.desc.1788132075\">\n<div class=\"Qr7Oae\" role=\"listitem\">\n<div class=\"OxAavc\" data-other-input=\"qSV85\" data-other-hidden=\"MfYA1e\" data-item-id=\"1184206378\">\n<div class=\"pYfr3c\">\n<div class=\"prOLdf\">\n<div class=\"g53bl\">\n<div id=\"c337\" class=\"cTDvob D1wxyf\" role=\"heading\" aria-level=\"3\" aria-describedby=\"i.desc.1184206378\">\n<div class=\"Qr7Oae\" role=\"listitem\">\n<div class=\"OxAavc NVbRL\" data-required=\"true\" data-item-id=\"443475757\">\n<div><\/div>\n<\/div>\n<\/div>\n<\/div>\n<div>\n<div class=\"pYfr3c\">\n<div class=\"prOLdf\">\n<div class=\"cTDvob D1wxyf\" role=\"heading\" aria-level=\"3\" aria-describedby=\"i.desc.1184206378\">\n<div class=\"Qr7Oae\" role=\"listitem\">\n<div class=\"OxAavc\" data-required=\"true\" data-other-input=\"qSV85\" data-other-hidden=\"MfYA1e\" data-item-id=\"532898831\">\n<div class=\"pYfr3c\">\n<div class=\"cTDvob D1wxyf\" role=\"heading\" aria-level=\"3\" aria-describedby=\"i.desc.532898831 c228\">\n<p>&nbsp;<\/p>\n<p><strong>CANOAS<\/strong><\/p>\n<\/div>\n<\/div>\n<div role=\"heading\" aria-level=\"3\" aria-describedby=\"i.desc.532898831 c228\"><\/div>\n<\/div>\n<\/div>\n<div role=\"heading\" aria-level=\"3\" aria-describedby=\"i.desc.532898831 c228\">\n<div class=\"Qr7Oae\" role=\"listitem\">\n<div class=\"OxAavc NVbRL\" data-required=\"true\" data-item-id=\"502265750\">\n<div class=\"xMZTse Ih4Dzb\">\n<div class=\"Mh5jwe JqSWld yqQS1\" aria-describedby=\"c1731\">\n<p>&gt; Matheus de Oliveira &#8211; <a href=\"mailto:contato.matheusos@gmail.com\">contato.matheusos@gmail.com<\/a> &#8211; (51) 995187634 &#8211; <a href=\"https:\/\/www.instagram.com\/matheusfashiondesigner\">https:\/\/www.instagram.com\/matheusfashiondesigner<\/a> &#8211; Forma\u00e7\u00e3o em Designer de Moda pela Faculdade Senac &#8211; RS.<\/p>\n<\/div>\n<\/div>\n<\/div>\n<\/div>\n<\/div>\n<\/div>\n<\/div>\n<\/div>\n<div role=\"heading\" aria-level=\"3\" aria-describedby=\"i.desc.532898831 c228\">\n<div class=\"Qr7Oae\" role=\"listitem\">\n<div class=\"OxAavc\" data-required=\"true\" data-other-input=\"qSV85\" data-other-hidden=\"MfYA1e\" data-item-id=\"532898831\">\n<div class=\"pYfr3c\">\n<div class=\"prOLdf\">\n<div class=\"g53bl\">\n<div id=\"c1761\" class=\"cTDvob D1wxyf\" role=\"heading\" aria-level=\"3\" aria-describedby=\"i.desc.532898831 c1812\"><\/div>\n<\/div>\n<\/div>\n<\/div>\n<\/div>\n<\/div>\n<\/div>\n<\/div>\n<\/div>\n<\/div>\n<\/div>\n<\/div>\n<\/div>\n<\/div>\n<\/div>\n<\/div>\n<\/div>\n<\/div>\n<\/div>\n<\/div>\n<\/div>\n<\/div>\n<\/div>\n<\/div>\n<\/div>\n<\/div>\n<\/div>\n<\/div>\n<\/div>\n<\/div>\n<\/div>\n<p><strong>ENCANTADO<\/strong><\/p>\n<p>&gt; Marilha Zanon &#8211; Fone: (51) 98281.2642 &#8211; (51) 3751.1808 &#8211; Estilo Z &#8211; Moda sob medida &#8211; Facebook: @qualidadesobmedida<\/p>\n<p>&nbsp;<\/p>\n<h3><strong>S\u00c3O PAULO<\/strong><\/h3>\n<div class=\"Qr7Oae\" role=\"listitem\">\n<div class=\"OxAavc NVbRL\" data-required=\"true\" data-item-id=\"502265750\">\n<div class=\"xMZTse Ih4Dzb\">\n<div aria-describedby=\"c408\">&gt; Abayomi Atelie &#8211; Pamela Candido Rosa &#8211; <a href=\"mailto:pamelabayomi@gmail.com\">pamelabayomi@gmail.com<\/a> &#8211; (11) 954516667 &#8211; Facebook: @abayomiatelie Instagram: @abayomiatelie &#8211; Possui CNPJ &#8211; Forma\u00e7\u00e3o\/experi\u00eancia &#8211; <a href=\"https:\/\/docs.google.com\/document\/d\/1CefZtVrKzeogugw0hIIhfR10CkavoID-evkMrI_Dr40\/edit?usp=sharing\">Link<\/a><\/div>\n<div aria-describedby=\"c408\"><\/div>\n<div aria-describedby=\"c408\">\n<p>&gt; Da Lama &#8211; La\u00eds Da Lama &#8211; La\u00eds Fernanda Rosa &#8211; <a href=\"mailto:figurinosdalama@gmail.com\">figurinosdalama@gmail.com<\/a> &#8211; (11) 951423073 &#8211; Instagram: @dalamaaoluxoo &#8211; @dalamaeuvim &#8211; @figurinosdalama &#8211; Facebook:\u00a0 DA LAMA ao luxoo. Possui CNPJ.\u00a0Forma\u00e7\u00e3o acad\u00eamica Licenciatura de Artes Visuais. Cursos t\u00e9cnicos Senac: costureira, modelista, criadora de moda e estilista Curso livres: desenho, ilustra\u00e7\u00f5es e fotografia<\/p>\n<\/div>\n<div aria-describedby=\"c408\"><\/div>\n<div aria-describedby=\"c408\">&gt; Juliana Lopes &#8211; <a href=\"mailto:julianalopesmf@gmail.com\">julianalopesmf@gmail.com<\/a> &#8211; (11) 91139-6680 &#8211; Site:<a href=\"https:\/\/www.julianalopes.art.br\/p\/encomende-seu-figurino.html\"> https:\/\/www.julianalopes.art.br\/p\/encomende-seu-figurino.html<\/a> &#8211; Instagram: @julianalopesco &#8211; Facebook: <a href=\"https:\/\/facebook.com\/julianalopesco\">https:\/\/facebook.com\/julianalopesco <\/a>Formada em Neg\u00f3cios da moda. Com cursos em modelagem e costura, figurino e hist\u00f3ria da moda.<\/div>\n<\/div>\n<\/div>\n<\/div>\n<div class=\"Qr7Oae\" role=\"listitem\">\n<div class=\"OxAavc NVbRL\" data-item-id=\"41894374\">\n<div class=\"pYfr3c\">\n<div class=\"prOLdf\">\n<div class=\"g53bl\">\n<div class=\"cTDvob D1wxyf\" role=\"heading\" aria-level=\"3\" aria-describedby=\"i.desc.41894374\">\n<div class=\"Qr7Oae\" role=\"listitem\">\n<div class=\"OxAavc NVbRL\" data-required=\"true\" data-item-id=\"502265750\">\n<div class=\"pYfr3c\">\n<div class=\"prOLdf\">\n<div><\/div>\n<div>\n<p><strong>DRACENA E CAMPINAS<\/strong><\/p>\n<\/div>\n<div class=\"cTDvob D1wxyf\" role=\"heading\" aria-level=\"3\" aria-describedby=\"i.desc.502265750 c411\">\n<div class=\"Qr7Oae\" role=\"listitem\">\n<div class=\"OxAavc NVbRL\" data-item-id=\"1788132075\">\n<div class=\"pYfr3c\">\n<div class=\"prOLdf\">\n<div class=\"g53bl\">\n<div role=\"heading\" aria-level=\"3\" aria-describedby=\"i.desc.1184206378\">\n<div aria-describedby=\"c241\"><\/div>\n<div class=\"Qr7Oae\" role=\"listitem\">\n<div class=\"OxAavc NVbRL\" data-required=\"true\" data-item-id=\"1844217239\">\n<div class=\"pYfr3c\">\n<div class=\"prOLdf\">\n<div class=\"g53bl\">\n<div class=\"cTDvob D1wxyf\" role=\"heading\" aria-level=\"3\" aria-describedby=\"i.desc.1844217239 c247\">\n<div class=\"Qr7Oae\" role=\"listitem\">\n<div class=\"OxAavc NVbRL\" data-item-id=\"41894374\">\n<div class=\"pYfr3c\">\n<div class=\"prOLdf\">\n<div class=\"g53bl\">\n<div class=\"cTDvob D1wxyf\" role=\"heading\" aria-level=\"3\" aria-describedby=\"i.desc.41894374\">\n<div class=\"Qr7Oae\" role=\"listitem\">\n<div class=\"OxAavc NVbRL\" data-required=\"true\" data-item-id=\"502265750\">\n<div class=\"pYfr3c\">\n<div class=\"prOLdf\">\n<div class=\"g53bl\">\n<div class=\"cTDvob D1wxyf\" role=\"heading\" aria-level=\"3\" aria-describedby=\"i.desc.502265750 c237\">\n<div class=\"Qr7Oae\" role=\"listitem\">\n<div class=\"OxAavc NVbRL\" data-item-id=\"1788132075\">\n<div class=\"pYfr3c\">\n<div class=\"prOLdf\">\n<div class=\"g53bl\">\n<div class=\"cTDvob D1wxyf\" role=\"heading\" aria-level=\"3\" aria-describedby=\"i.desc.1788132075\">\n<div class=\"Qr7Oae\" role=\"listitem\">\n<div class=\"OxAavc\" data-other-input=\"qSV85\" data-other-hidden=\"MfYA1e\" data-item-id=\"1184206378\">\n<div class=\"pYfr3c\">\n<div class=\"prOLdf\">\n<div class=\"g53bl\">\n<div id=\"c250\" class=\"cTDvob D1wxyf\" role=\"heading\" aria-level=\"3\" aria-describedby=\"i.desc.1184206378\">\n<div class=\"cTDvob D1wxyf\" role=\"heading\" aria-level=\"3\" aria-describedby=\"i.desc.532898831 c315\">\n<div class=\"Qr7Oae\" role=\"listitem\">\n<div class=\"OxAavc NVbRL\" data-item-id=\"1788132075\">\n<div class=\"xMZTse Ih4Dzb\">\n<div class=\"Mh5jwe JqSWld yqQS1\" aria-describedby=\"c415\">&gt; Emme Toniolo &#8211; Maria Fernanda Toniolo &#8211; <a href=\"mailto:toniolomariafernanda@gmail.com\">toniolomariafernanda@gmail.com<\/a> &#8211; (18) 996450089 &#8211; @emme.toniolo (instagram) &#8211; Cursando Artes Visuais &#8211; Bacharelado. Quatro anos de Alta costura (M\u00e9todo R\u00e9derby). Experi\u00eancia em grupos de teatro (Cia An\u00f4nimos e NAE Puc Campinas). &#8211;\u00a0<a href=\"https:\/\/docs.google.com\/document\/d\/1QJR83bN28ISHVTBO9sEbBvtx9jS5oXZqP5IHcO2vw4I\/edit?usp=sharing\">https:\/\/docs.google.com\/document\/d\/1QJR83bN28ISHVTBO9sEbBvtx9jS5oXZqP5IHcO2vw4I\/edit?usp=sharing<\/a><\/div>\n<\/div>\n<\/div>\n<\/div>\n<\/div>\n<\/div>\n<\/div>\n<\/div>\n<\/div>\n<\/div>\n<\/div>\n<\/div>\n<\/div>\n<\/div>\n<\/div>\n<\/div>\n<\/div>\n<\/div>\n<\/div>\n<\/div>\n<\/div>\n<\/div>\n<\/div>\n<\/div>\n<\/div>\n<\/div>\n<\/div>\n<\/div>\n<\/div>\n<\/div>\n<\/div>\n<\/div>\n<\/div>\n<\/div>\n<\/div>\n<\/div>\n<div role=\"heading\" aria-level=\"3\" aria-describedby=\"i.desc.1788132075\">\n<div class=\"Qr7Oae\" role=\"listitem\">\n<div class=\"OxAavc NVbRL\" data-required=\"true\" data-item-id=\"443475757\">\n<div class=\"Ih4Dzb\">\n<div>\n<div class=\"cTDvob D1wxyf\" role=\"heading\" aria-level=\"3\" aria-describedby=\"i.desc.1788132075\">\n<div role=\"heading\" aria-level=\"3\" aria-describedby=\"i.desc.1184206378\">\n<div aria-describedby=\"c328\">\n<div class=\"Qr7Oae\" role=\"listitem\">\n<div class=\"OxAavc NVbRL\" data-required=\"true\" data-item-id=\"1844217239\">\n<div aria-describedby=\"c436\">\n<div class=\"OxAavc NVbRL\" data-item-id=\"1788132075\">\n<div class=\"pYfr3c\">\n<div>\n<div class=\"cTDvob D1wxyf\" role=\"heading\" aria-level=\"3\" aria-describedby=\"i.desc.1788132075\">\n<div role=\"heading\" aria-level=\"3\" aria-describedby=\"i.desc.1184206378\">\n<div class=\"Qr7Oae\" role=\"listitem\">\n<div class=\"OxAavc NVbRL\" data-item-id=\"995780703\">\n<div class=\"pYfr3c\">\n<div class=\"prOLdf\">\n<div class=\"g53bl\">\n<div class=\"cTDvob D1wxyf\" role=\"heading\" aria-level=\"3\" aria-describedby=\"i.desc.995780703\">\n<div class=\"Qr7Oae\" role=\"listitem\">\n<div class=\"OxAavc NVbRL\" data-required=\"true\" data-item-id=\"1844217239\">\n<div class=\"pYfr3c\">\n<div class=\"prOLdf\">\n<div class=\"g53bl\">\n<div class=\"cTDvob D1wxyf\" role=\"heading\" aria-level=\"3\" aria-describedby=\"i.desc.1844217239 c247\">\n<div class=\"Qr7Oae\" role=\"listitem\">\n<div class=\"OxAavc NVbRL\" data-item-id=\"41894374\">\n<div class=\"pYfr3c\">\n<div class=\"prOLdf\">\n<div class=\"g53bl\">\n<div class=\"cTDvob D1wxyf\" role=\"heading\" aria-level=\"3\" aria-describedby=\"i.desc.41894374\">\n<div class=\"Qr7Oae\" role=\"listitem\">\n<div class=\"OxAavc NVbRL\" data-required=\"true\" data-item-id=\"502265750\">\n<div class=\"pYfr3c\">\n<div class=\"prOLdf\">\n<div class=\"g53bl\">\n<div class=\"cTDvob D1wxyf\" role=\"heading\" aria-level=\"3\" aria-describedby=\"i.desc.502265750 c237\">\n<div class=\"Qr7Oae\" role=\"listitem\">\n<div class=\"OxAavc NVbRL\" data-item-id=\"1788132075\">\n<div class=\"pYfr3c\">\n<div class=\"prOLdf\">\n<div class=\"g53bl\">\n<div class=\"cTDvob D1wxyf\" role=\"heading\" aria-level=\"3\" aria-describedby=\"i.desc.1788132075\">\n<div class=\"Qr7Oae\" role=\"listitem\">\n<div class=\"OxAavc\" data-other-input=\"qSV85\" data-other-hidden=\"MfYA1e\" data-item-id=\"1184206378\">\n<div class=\"pYfr3c\">\n<div class=\"prOLdf\">\n<div class=\"g53bl\">\n<div id=\"c250\" class=\"cTDvob D1wxyf\" role=\"heading\" aria-level=\"3\" aria-describedby=\"i.desc.1184206378\">\n<div class=\"cTDvob D1wxyf\" role=\"heading\" aria-level=\"3\" aria-describedby=\"i.desc.532898831 c315\">\n<div class=\"Qr7Oae\" role=\"listitem\">\n<div class=\"OxAavc NVbRL\" data-required=\"true\" data-item-id=\"1844217239\">\n<div role=\"heading\" aria-level=\"3\" aria-describedby=\"i.desc.1844217239 c421\"><\/div>\n<div class=\"pYfr3c\">\n<div class=\"cTDvob D1wxyf\" role=\"heading\" aria-level=\"3\" aria-describedby=\"i.desc.1844217239 c421\">\n<p><strong>JANDIRA<\/strong><\/p>\n<\/div>\n<\/div>\n<\/div>\n<\/div>\n<\/div>\n<\/div>\n<\/div>\n<\/div>\n<\/div>\n<\/div>\n<\/div>\n<\/div>\n<\/div>\n<\/div>\n<\/div>\n<\/div>\n<\/div>\n<\/div>\n<\/div>\n<\/div>\n<\/div>\n<\/div>\n<\/div>\n<\/div>\n<\/div>\n<\/div>\n<\/div>\n<\/div>\n<\/div>\n<\/div>\n<\/div>\n<\/div>\n<\/div>\n<\/div>\n<\/div>\n<\/div>\n<\/div>\n<\/div>\n<\/div>\n<\/div>\n<\/div>\n<\/div>\n<\/div>\n<\/div>\n<\/div>\n<\/div>\n<div class=\"Qr7Oae\" role=\"listitem\">\n<div class=\"OxAavc NVbRL\" data-required=\"true\" data-item-id=\"502265750\">\n<div class=\"xMZTse Ih4Dzb\">\n<div aria-describedby=\"c1992\"><\/div>\n<div class=\"Mh5jwe JqSWld yqQS1\" aria-describedby=\"c1992\">&gt; Taina de Araujo &#8211; <a href=\"mailto:tainaswan02@gmail.com\">tainaswan02@gmail.com<\/a> &#8211; (11) 945794334 &#8211; <a href=\"https:\/\/www.instagram.com\/tainasoars\/\">https:\/\/www.instagram.com\/tainasoars\/<\/a> &#8211; Curso corte costura.<\/div>\n<\/div>\n<\/div>\n<\/div>\n<\/div>\n<div class=\"xMZTse Ih4Dzb\">\n<div aria-describedby=\"c436\">\n<h3><strong>RIO DE JANEIRO<\/strong><\/h3>\n<div class=\"Qr7Oae\" role=\"listitem\">\n<div class=\"OxAavc NVbRL\" data-item-id=\"1788132075\">\n<div class=\"xMZTse Ih4Dzb\">\n<div class=\"Mh5jwe JqSWld yqQS1\" aria-describedby=\"c589\">&gt; Bereshit &#8211; Jasmine Iara Gomes da Silva &#8211; <a href=\"mailto:jasmineiara0307@gmail.com\">jasmineiara0307@gmail.com<\/a> &#8211; (21) 33134325 &#8211; @bereshit.art @bereshit.arts Portf\u00f3lio: <a href=\"https:\/\/www.behance.net\/jasmineiara\">https:\/\/www.behance.net\/jasmineiara<\/a> <a href=\"https:\/\/www.instagram.com\/p\/CLI5BRlHe4_\/?utm_source=ig_web_copy_link\">Link<\/a> <a href=\"https:\/\/www.instagram.com\/p\/CHvJOUcpkzt\/?utm_source=ig_web_copy_link\">Link<\/a> <a href=\"https:\/\/www.instagram.com\/p\/CMAymysDNs_\/?utm_source=ig_web_copy_link\">Link<\/a><\/div>\n<\/div>\n<\/div>\n<\/div>\n<div class=\"Qr7Oae\" role=\"listitem\">\n<div class=\"OxAavc NVbRL\" data-required=\"true\" data-item-id=\"1844217239\">\n<div class=\"pYfr3c\">\n<div class=\"prOLdf\">\n<div class=\"cTDvob D1wxyf\" role=\"heading\" aria-level=\"3\" aria-describedby=\"i.desc.1844217239 c595\">Formada em design de moda, t\u00e9cnica em modelagem do vestu\u00e1rio e especializa\u00e7\u00e3o em figurino. <a href=\"https:\/\/www.instagram.com\/p\/BvSuZiCBMGU\/?utm_source=ig_web_copy_link\">Link<\/a> <a href=\"https:\/\/www.instagram.com\/p\/B_nscPvnoe7\/?utm_source=ig_web_copy_link\">Link<\/a> <a href=\"https:\/\/www.instagram.com\/p\/CLI5BRlHe4_\/?utm_source=ig_web_copy_link\">Link<\/a><\/div>\n<\/div>\n<\/div>\n<\/div>\n<\/div>\n<\/div>\n<div aria-describedby=\"c436\"><\/div>\n<div class=\"Mh5jwe JqSWld yqQS1\" aria-describedby=\"c436\">\n<p><strong>S\u00c3O JO\u00c3O DE MERITI<\/strong><\/p>\n<\/div>\n<\/div>\n<\/div>\n<\/div>\n<div class=\"Qr7Oae\" role=\"listitem\">\n<div class=\"OxAavc NVbRL\" data-item-id=\"995780703\">\n<div class=\"pYfr3c\">\n<div class=\"prOLdf\">\n<div class=\"cTDvob D1wxyf\" role=\"heading\" aria-level=\"3\" aria-describedby=\"i.desc.995780703\"><\/div>\n<\/div>\n<\/div>\n<\/div>\n<\/div>\n<\/div>\n<div aria-describedby=\"c328\">\n<div class=\"Qr7Oae\" role=\"listitem\">\n<div class=\"OxAavc NVbRL\" data-item-id=\"1788132075\">\n<div class=\"xMZTse Ih4Dzb\">\n<div class=\"Mh5jwe JqSWld yqQS1\" aria-describedby=\"c433\">&gt; Rafa Loureiro Ateli\u00ea &#8211; Rafaelle Carvalho Loureiro &#8211; <a href=\"mailto:rafaellecarvalholoureiro@gmail.com\">rafaellecarvalholoureiro@gmail.com<\/a> &#8211; (21) 980147581<\/div>\n<\/div>\n<\/div>\n<\/div>\n<div class=\"Qr7Oae\" role=\"listitem\">\n<div class=\"OxAavc NVbRL\" data-required=\"true\" data-item-id=\"1844217239\">\n<div class=\"pYfr3c\">\n<div class=\"prOLdf\">\n<div class=\"g53bl\">\n<div class=\"cTDvob D1wxyf\" role=\"heading\" aria-level=\"3\" aria-describedby=\"i.desc.1844217239 c439\">\n<div class=\"Qr7Oae\" role=\"listitem\">\n<div class=\"OxAavc NVbRL\" data-item-id=\"41894374\">\n<div class=\"pYfr3c\">\n<div class=\"prOLdf\">\n<div class=\"g53bl\">\n<div class=\"cTDvob D1wxyf\" role=\"heading\" aria-level=\"3\" aria-describedby=\"i.desc.41894374\">\n<div class=\"Qr7Oae\" role=\"listitem\">\n<div class=\"OxAavc NVbRL\" data-required=\"true\" data-item-id=\"502265750\">\n<div class=\"pYfr3c\">\n<div class=\"prOLdf\">\n<div class=\"g53bl\">\n<div role=\"heading\" aria-level=\"3\" aria-describedby=\"i.desc.502265750 c429\"><a href=\"https:\/\/instagram.com\/rafaelleloureiro?igshid=nwyuzo0i71uw\">https:\/\/instagram.com\/rafaelleloureiro?igshid=nwyuzo0i71uw<\/a> <a href=\"https:\/\/www.facebook.com\/profile.php?id=100017162323377\">https:\/\/www.facebook.com\/profile.php?id=100017162323377<\/a><\/div>\n<div role=\"heading\" aria-level=\"3\" aria-describedby=\"i.desc.502265750 c429\">Possui CNPJ &#8211; T\u00e9cnico em Modelagem<\/div>\n<\/div>\n<\/div>\n<\/div>\n<\/div>\n<\/div>\n<\/div>\n<\/div>\n<\/div>\n<\/div>\n<\/div>\n<\/div>\n<\/div>\n<\/div>\n<\/div>\n<\/div>\n<\/div>\n<\/div>\n<\/div>\n<\/div>\n<\/div>\n<\/div>\n<\/div>\n<div role=\"heading\" aria-level=\"3\" aria-describedby=\"i.desc.1184206378\"><\/div>\n<div class=\"Ih4Dzb\">\n<div class=\"cTDvob D1wxyf\" role=\"heading\" aria-level=\"3\" aria-describedby=\"i.desc.1788132075\">\n<div aria-describedby=\"c328\">\n<div class=\"Qr7Oae\" role=\"listitem\">\n<div class=\"OxAavc NVbRL\" data-required=\"true\" data-item-id=\"1844217239\">\n<div class=\"pYfr3c\">\n<div class=\"prOLdf\">\n<div class=\"g53bl\">\n<div class=\"cTDvob D1wxyf\" role=\"heading\" aria-level=\"3\" aria-describedby=\"i.desc.1844217239 c439\">\n<div class=\"Qr7Oae\" role=\"listitem\">\n<h3>BRAS\u00cdLIA<\/h3>\n<\/div>\n<\/div>\n<\/div>\n<\/div>\n<\/div>\n<\/div>\n<\/div>\n<\/div>\n<div role=\"heading\" aria-level=\"3\" aria-describedby=\"i.desc.532898831 c507\">\n<p>&gt; Makanatelie &#8211; Aricelma Medrei &#8211; <a href=\"mailto:aricelma@gmail.com\">aricelma@gmail.com<\/a> &#8211; (61) 991153124 &#8211; Possui CNPJ &#8211; P\u00f3s-gradua\u00e7\u00e3o em Design de Moda , em Dan\u00e7a e consci\u00eancia corporal e Curso de Figurinos.<\/p>\n<\/div>\n<h3 role=\"heading\" aria-level=\"3\" aria-describedby=\"i.desc.1184206378\"><\/h3>\n<h3 role=\"heading\" aria-level=\"3\" aria-describedby=\"i.desc.1184206378\"><strong>PAR\u00c1<\/strong><\/h3>\n<div class=\"cTDvob D1wxyf\" role=\"heading\" aria-level=\"3\" aria-describedby=\"i.desc.1184206378\"><strong>BEL\u00c9M<\/strong><\/div>\n<\/div>\n<div role=\"heading\" aria-level=\"3\" aria-describedby=\"i.desc.1184206378\">\n<div class=\"Qr7Oae\" role=\"listitem\">\n<div class=\"OxAavc NVbRL\" data-item-id=\"1788132075\">\n<div class=\"xMZTse Ih4Dzb\">\n<div class=\"Mh5jwe JqSWld yqQS1\" aria-describedby=\"c676\">\n<p>&gt; Ateli\u00ea Alcimara Braga &#8211; Alcimara De oliveira Braga do Amaral &#8211; <a href=\"mailto:alcimara.braga@gmail.com\">alcimara.braga@gmail.com<\/a> &#8211; (91) 991879311 &#8211; Facebook Maison alcimara Braga &#8211; Instagram:\u00a0 @estilistaalcimarabragafigurino &#8211; Estilista Paraense Formada em Matem\u00e1tica pela Universidade Federal do Par\u00e1.@ufpa_oficial &#8211; P\u00f3s Graduada em Culltura de Moda e Mercado Est\u00e1cio &#8211; Estudante de Figurino C\u00eanico na ETDUFPA &#8211; Modelista pelo @senac_pa &#8211; Forma\u00e7\u00e3o T\u00e9cnica em produ\u00e7\u00e3o de \u00f3pera pelo Teatro da Paz ( em andamento) &#8211; Cursos livres e de aperfei\u00e7oamento &#8211;\u00a0 Costura industrial , blusas femininas Senai &#8211; Costura Industrial Instituto Adra &#8211; Segredos da Moulage Francesa @maximustecidos &#8211;\u00a0 Cursos de extens\u00e3o pela @faculdadesenaicetiqt &#8211; Participa\u00e7\u00e3o em 3 Amaz\u00f4nias Fashion Weeks , o maior evento de moda da regi\u00e3o Norte.<\/p>\n<\/div>\n<\/div>\n<\/div>\n<\/div>\n<\/div>\n<\/div>\n<\/div>\n<div><\/div>\n<\/div>\n<div><\/div>\n<\/div>\n<\/div>\n<\/div>\n<\/div>\n<\/div>\n<\/div>\n<\/div>\n<\/div>\n<\/div>\n<\/div>\n<\/div>\n<\/div>\n<\/div>\n<\/div>\n<\/div>\n<\/div>\n<\/div>\n","protected":false},"excerpt":{"rendered":"<p>&gt;&gt;&gt; MODELAGEM &nbsp; RIO GRANDE DO SUL PELOTAS &gt; Ateli\u00ea de Moda Andorinha &#8211; Manuella Mathias &#8211; Whats (53) 98433-0001 &#8211; Instagram:@useandorinha &gt; Anerreira Costura &#8211; Ana Cl\u00e1udia &#8211; anerreira.costura@gmail.com &#8211; (53)999901417 &#8211; Possui CNPJ &#8211; Professora de costura e modelagem. Curso de figurinista. Introdu\u00e7\u00e3o a Doc\u00eancia no SENAI Modelagem no sistema CAD na modalidade [&hellip;]<\/p>\n","protected":false},"author":412,"featured_media":0,"parent":391,"menu_order":3,"comment_status":"closed","ping_status":"closed","template":"","meta":{"jetpack_post_was_ever_published":false,"footnotes":""},"class_list":["post-2820","page","type-page","status-publish","hentry"],"jetpack_sharing_enabled":true,"jetpack_shortlink":"https:\/\/wp.me\/P9wvEO-Ju","jetpack_likes_enabled":true,"jetpack-related-posts":[],"_links":{"self":[{"href":"https:\/\/wp.ufpel.edu.br\/ateliedefigurinos\/wp-json\/wp\/v2\/pages\/2820","targetHints":{"allow":["GET"]}}],"collection":[{"href":"https:\/\/wp.ufpel.edu.br\/ateliedefigurinos\/wp-json\/wp\/v2\/pages"}],"about":[{"href":"https:\/\/wp.ufpel.edu.br\/ateliedefigurinos\/wp-json\/wp\/v2\/types\/page"}],"author":[{"embeddable":true,"href":"https:\/\/wp.ufpel.edu.br\/ateliedefigurinos\/wp-json\/wp\/v2\/users\/412"}],"replies":[{"embeddable":true,"href":"https:\/\/wp.ufpel.edu.br\/ateliedefigurinos\/wp-json\/wp\/v2\/comments?post=2820"}],"version-history":[{"count":48,"href":"https:\/\/wp.ufpel.edu.br\/ateliedefigurinos\/wp-json\/wp\/v2\/pages\/2820\/revisions"}],"predecessor-version":[{"id":4085,"href":"https:\/\/wp.ufpel.edu.br\/ateliedefigurinos\/wp-json\/wp\/v2\/pages\/2820\/revisions\/4085"}],"up":[{"embeddable":true,"href":"https:\/\/wp.ufpel.edu.br\/ateliedefigurinos\/wp-json\/wp\/v2\/pages\/391"}],"wp:attachment":[{"href":"https:\/\/wp.ufpel.edu.br\/ateliedefigurinos\/wp-json\/wp\/v2\/media?parent=2820"}],"curies":[{"name":"wp","href":"https:\/\/api.w.org\/{rel}","templated":true}]}}