{"id":2762,"date":"2020-11-10T17:01:53","date_gmt":"2020-11-10T20:01:53","guid":{"rendered":"https:\/\/wp.ufpel.edu.br\/ateliedefigurinos\/?page_id=2762"},"modified":"2022-09-23T11:21:20","modified_gmt":"2022-09-23T14:21:20","slug":"curso-on-line-de-figurino","status":"publish","type":"page","link":"https:\/\/wp.ufpel.edu.br\/ateliedefigurinos\/projeto-de-extensao\/curso-on-line-de-figurino\/","title":{"rendered":"CURSO ON-LINE DE FIGURINO"},"content":{"rendered":"<p>Seja bem vindo (a) ao Curso On-line de Figurino!!<\/p>\n<p>&nbsp;<\/p>\n<p><span class=\"fxk3tzhb b2rh1bv3 gh55jysx m8h3af8h ewco64xe kjdc1dyq ms56khn7 bq6c9xl4 eohcrkr5 akh3l2rg\"><img src=\"https:\/\/static.xx.fbcdn.net\/images\/emoji.php\/v9\/t2\/1\/16\/1f60d.png\" alt=\"&#x1f60d;\" width=\"16\" height=\"16\" \/><\/span>CURSO ON-LINE DE FIGURINO!!!! TURMA 07 <span class=\"fxk3tzhb b2rh1bv3 gh55jysx m8h3af8h ewco64xe kjdc1dyq ms56khn7 bq6c9xl4 eohcrkr5 akh3l2rg\"><img src=\"https:\/\/static.xx.fbcdn.net\/images\/emoji.php\/v9\/tea\/1\/16\/1f970.png\" alt=\"&#x1f970;\" width=\"16\" height=\"16\" \/><\/span> <span class=\"fxk3tzhb b2rh1bv3 gh55jysx m8h3af8h ewco64xe kjdc1dyq ms56khn7 bq6c9xl4 eohcrkr5 akh3l2rg\"><img src=\"https:\/\/static.xx.fbcdn.net\/images\/emoji.php\/v9\/t6d\/1\/16\/1f973.png\" alt=\"&#x1f973;\" width=\"16\" height=\"16\" \/><\/span> <span class=\"fxk3tzhb b2rh1bv3 gh55jysx m8h3af8h ewco64xe kjdc1dyq ms56khn7 bq6c9xl4 eohcrkr5 akh3l2rg\"><img src=\"https:\/\/static.xx.fbcdn.net\/images\/emoji.php\/v9\/t58\/1\/16\/1f929.png\" alt=\"&#x1f929;\" width=\"16\" height=\"16\" \/><\/span><\/p>\n<p>Formul\u00e1rio de inscri\u00e7\u00e3o: <a class=\"qi72231t nu7423ey n3hqoq4p r86q59rh b3qcqh3k fq87ekyn bdao358l fsf7x5fv rse6dlih s5oniofx m8h3af8h l7ghb35v kjdc1dyq kmwttqpk srn514ro oxkhqvkx rl78xhln nch0832m cr00lzj9 rn8ck1ys s3jn8y49 icdlwmnq cxfqmxzd ezidihy3\" tabindex=\"0\" role=\"link\" href=\"https:\/\/forms.gle\/8aXoU7NiNf9iSo5SA?fbclid=IwAR1mE8M1c0XFnAVh216dibRCj9gvWp5ZYFPwP6bhVBAzlvy6eYErnz2tWyo\" target=\"_blank\" rel=\"nofollow noopener\">https:\/\/forms.gle\/8aXoU7NiNf9iSo5SA<\/a><\/p>\n<p>&nbsp;<\/p>\n<p><a href=\"https:\/\/wp.ufpel.edu.br\/ateliedefigurinos\/projeto-de-extensao\/curso-on-line-de-figurino\/turma-7\/\" rel=\"attachment wp-att-3972\"><img data-recalc-dims=\"1\" data-attachment-id=\"3972\" data-permalink=\"https:\/\/wp.ufpel.edu.br\/ateliedefigurinos\/projeto-de-extensao\/curso-on-line-de-figurino\/turma-7\/\" data-orig-file=\"https:\/\/i0.wp.com\/wp.ufpel.edu.br\/ateliedefigurinos\/files\/2022\/09\/Turma-7.jpg?fit=1600%2C1132&amp;ssl=1\" data-orig-size=\"1600,1132\" data-comments-opened=\"0\" data-image-meta=\"{&quot;aperture&quot;:&quot;0&quot;,&quot;credit&quot;:&quot;Acer&quot;,&quot;camera&quot;:&quot;&quot;,&quot;caption&quot;:&quot;&quot;,&quot;created_timestamp&quot;:&quot;0&quot;,&quot;copyright&quot;:&quot;&quot;,&quot;focal_length&quot;:&quot;0&quot;,&quot;iso&quot;:&quot;0&quot;,&quot;shutter_speed&quot;:&quot;0&quot;,&quot;title&quot;:&quot;&quot;,&quot;orientation&quot;:&quot;0&quot;}\" data-image-title=\"Turma 7\" data-image-description=\"\" data-image-caption=\"\" data-medium-file=\"https:\/\/i0.wp.com\/wp.ufpel.edu.br\/ateliedefigurinos\/files\/2022\/09\/Turma-7.jpg?fit=400%2C283&amp;ssl=1\" data-large-file=\"https:\/\/i0.wp.com\/wp.ufpel.edu.br\/ateliedefigurinos\/files\/2022\/09\/Turma-7.jpg?fit=1024%2C724&amp;ssl=1\" class=\"aligncenter wp-image-3972 size-large\" src=\"https:\/\/i0.wp.com\/wp.ufpel.edu.br\/ateliedefigurinos\/files\/2022\/09\/Turma-7.jpg?resize=1024%2C724&#038;ssl=1\" alt=\"\" width=\"1024\" height=\"724\" srcset=\"https:\/\/i0.wp.com\/wp.ufpel.edu.br\/ateliedefigurinos\/files\/2022\/09\/Turma-7.jpg?resize=1024%2C724&amp;ssl=1 1024w, https:\/\/i0.wp.com\/wp.ufpel.edu.br\/ateliedefigurinos\/files\/2022\/09\/Turma-7.jpg?resize=400%2C283&amp;ssl=1 400w, https:\/\/i0.wp.com\/wp.ufpel.edu.br\/ateliedefigurinos\/files\/2022\/09\/Turma-7.jpg?resize=768%2C543&amp;ssl=1 768w, https:\/\/i0.wp.com\/wp.ufpel.edu.br\/ateliedefigurinos\/files\/2022\/09\/Turma-7.jpg?resize=1536%2C1087&amp;ssl=1 1536w, https:\/\/i0.wp.com\/wp.ufpel.edu.br\/ateliedefigurinos\/files\/2022\/09\/Turma-7.jpg?w=1600&amp;ssl=1 1600w\" sizes=\"(max-width: 1000px) 100vw, 1000px\" \/><\/a><\/p>\n<div class=\"m8h3af8h l7ghb35v kjdc1dyq kmwttqpk gh25dzvf n3t5jt4f\">\n<div dir=\"auto\"><\/div>\n<\/div>\n<div class=\"l7ghb35v kjdc1dyq kmwttqpk gh25dzvf jikcssrz n3t5jt4f\">\n<div dir=\"auto\">\n<p>Curso gratuito, aberto \u00e0 comunidade.<\/p>\n<\/div>\n<div dir=\"auto\">100% on-line &#8211; Necessidade de acesso a internet.<\/div>\n<div dir=\"auto\">O curso tem dura\u00e7\u00e3o de 10 semanas, sendo 3 encontros s\u00edncronos.<\/div>\n<div dir=\"auto\">As outras aulas ser\u00e3o liberadas semanalmente por e-mail.<\/div>\n<div dir=\"auto\">Carga hor\u00e1ria: 40hs<\/div>\n<div dir=\"auto\">Vagas limitadas.<\/div>\n<div dir=\"auto\">Ap\u00f3s as inscri\u00e7\u00f5es, voc\u00ea ser\u00e1 avisado por e-mail se conseguiu vaga nesta turma.<\/div>\n<div dir=\"auto\">Certificado para quem alcan\u00e7ar 70% de aproveitamento na avalia\u00e7\u00e3o. As avalia\u00e7\u00f5es ser\u00e3o realizadas quinzenalmente.<\/div>\n<\/div>\n<div class=\"l7ghb35v kjdc1dyq kmwttqpk gh25dzvf jikcssrz n3t5jt4f\">\n<div dir=\"auto\"><\/div>\n<div dir=\"auto\">\n<p>OBS: Infelizmente o curso n\u00e3o ter\u00e1 dispon\u00edvel recursos de acessibilidade.<\/p>\n<\/div>\n<\/div>\n<div class=\"l7ghb35v kjdc1dyq kmwttqpk gh25dzvf jikcssrz n3t5jt4f\">\n<div dir=\"auto\">Mais informa\u00e7\u00f5es no site: <a class=\"qi72231t nu7423ey n3hqoq4p r86q59rh b3qcqh3k fq87ekyn bdao358l fsf7x5fv rse6dlih s5oniofx m8h3af8h l7ghb35v kjdc1dyq kmwttqpk srn514ro oxkhqvkx rl78xhln nch0832m cr00lzj9 rn8ck1ys s3jn8y49 icdlwmnq cxfqmxzd ezidihy3\" tabindex=\"0\" role=\"link\" href=\"https:\/\/wp.ufpel.edu.br\/ateliedefigurinos\/projeto-de-extensao\/curso-on-line-de-figurino\/sobre-o-curso\/?fbclid=IwAR1VkXOLnPc14iKO_nztBZyH71kBl4HwHDb1f137EUHBEKBl-SvcklPi1n4\" target=\"_blank\" rel=\"nofollow noopener\">https:\/\/wp.ufpel.edu.br\/&#8230;\/curso-on-line&#8230;\/sobre-o-curso\/<\/a><\/div>\n<\/div>\n<div class=\"l7ghb35v kjdc1dyq kmwttqpk gh25dzvf jikcssrz n3t5jt4f\">\n<div dir=\"auto\"><\/div>\n<div dir=\"auto\">\n<p>Qualquer outra d\u00favida entrar em contato.<\/p>\n<\/div>\n<\/div>\n<div class=\"l7ghb35v kjdc1dyq kmwttqpk gh25dzvf jikcssrz n3t5jt4f\">\n<div dir=\"auto\">E-mail: ateliedefigurinos@ufpel.edu.br<\/div>\n<div dir=\"auto\">Facebook: Perfil: Ateli\u00eaFigurinos Ufpel<\/div>\n<div dir=\"auto\">P\u00e1gina: Ateli\u00ea de Figurinos \u2013 UFPel<\/div>\n<div dir=\"auto\">Instagram: @ateliefigurinos<\/div>\n<\/div>\n<p>&nbsp;<\/p>\n","protected":false},"excerpt":{"rendered":"<p>Seja bem vindo (a) ao Curso On-line de Figurino!! &nbsp; CURSO ON-LINE DE FIGURINO!!!! TURMA 07 Formul\u00e1rio de inscri\u00e7\u00e3o: https:\/\/forms.gle\/8aXoU7NiNf9iSo5SA &nbsp; Curso gratuito, aberto \u00e0 comunidade. 100% on-line &#8211; Necessidade de acesso a internet. O curso tem dura\u00e7\u00e3o de 10 semanas, sendo 3 encontros s\u00edncronos. As outras aulas ser\u00e3o liberadas semanalmente por e-mail. Carga hor\u00e1ria: [&hellip;]<\/p>\n","protected":false},"author":412,"featured_media":0,"parent":119,"menu_order":2,"comment_status":"closed","ping_status":"closed","template":"","meta":{"jetpack_post_was_ever_published":false,"footnotes":""},"class_list":["post-2762","page","type-page","status-publish","hentry"],"jetpack_sharing_enabled":true,"jetpack_shortlink":"https:\/\/wp.me\/P9wvEO-Iy","jetpack_likes_enabled":true,"jetpack-related-posts":[],"_links":{"self":[{"href":"https:\/\/wp.ufpel.edu.br\/ateliedefigurinos\/wp-json\/wp\/v2\/pages\/2762","targetHints":{"allow":["GET"]}}],"collection":[{"href":"https:\/\/wp.ufpel.edu.br\/ateliedefigurinos\/wp-json\/wp\/v2\/pages"}],"about":[{"href":"https:\/\/wp.ufpel.edu.br\/ateliedefigurinos\/wp-json\/wp\/v2\/types\/page"}],"author":[{"embeddable":true,"href":"https:\/\/wp.ufpel.edu.br\/ateliedefigurinos\/wp-json\/wp\/v2\/users\/412"}],"replies":[{"embeddable":true,"href":"https:\/\/wp.ufpel.edu.br\/ateliedefigurinos\/wp-json\/wp\/v2\/comments?post=2762"}],"version-history":[{"count":7,"href":"https:\/\/wp.ufpel.edu.br\/ateliedefigurinos\/wp-json\/wp\/v2\/pages\/2762\/revisions"}],"predecessor-version":[{"id":3980,"href":"https:\/\/wp.ufpel.edu.br\/ateliedefigurinos\/wp-json\/wp\/v2\/pages\/2762\/revisions\/3980"}],"up":[{"embeddable":true,"href":"https:\/\/wp.ufpel.edu.br\/ateliedefigurinos\/wp-json\/wp\/v2\/pages\/119"}],"wp:attachment":[{"href":"https:\/\/wp.ufpel.edu.br\/ateliedefigurinos\/wp-json\/wp\/v2\/media?parent=2762"}],"curies":[{"name":"wp","href":"https:\/\/api.w.org\/{rel}","templated":true}]}}