{"id":2693,"date":"2020-10-15T11:53:08","date_gmt":"2020-10-15T14:53:08","guid":{"rendered":"https:\/\/wp.ufpel.edu.br\/ateliedefigurinos\/?page_id=2693"},"modified":"2020-10-15T12:02:42","modified_gmt":"2020-10-15T15:02:42","slug":"danca","status":"publish","type":"page","link":"https:\/\/wp.ufpel.edu.br\/ateliedefigurinos\/producoes\/danca\/","title":{"rendered":"Dan\u00e7a"},"content":{"rendered":"<h2><strong>2011<\/strong><\/h2>\n<p><a class=\"row-title\" href=\"https:\/\/drive.google.com\/file\/d\/1J70uXApbmC761fLm3slrIGYfykOuk9PO\/view?usp=sharing\" target=\"_blank\" rel=\"noopener noreferrer\" aria-label=\"\u201cMontagem de Espet\u00e1culo \u2013 Mulheres\u201d (Editar)\">Montagem de Espet\u00e1culo \u2013 Mulheres &#8211; Dir. Maria Falkembach<\/a><\/p>\n<h2><strong>2013<\/strong><\/h2>\n<p><a href=\"https:\/\/drive.google.com\/file\/d\/1oDKRHTHs-RPVj5GetMTBDw7I2zxAjVsH\/view?usp=sharing\" target=\"_blank\" rel=\"noopener noreferrer\">Montagem de Espet\u00e1culo \u2013 Estado Vital &#8211; Dir. Daniela Castro<\/a><\/p>\n<p><a class=\"row-title\" href=\"https:\/\/drive.google.com\/file\/d\/1R0tuz-hd22XjKqtIMiPuhqFExsp2ti5E\/view?usp=sharing\" target=\"_blank\" rel=\"noopener noreferrer\" aria-label=\"\u201cMontagem de Espet\u00e1culo \u2013 Dan\u00e7a \u2013 Notas Breves\u201d (Editar)\">Montagem de Espet\u00e1culo \u2013 Notas Breves &#8211; Dir. Daniela Castro<\/a><\/p>\n<h2><strong>2016<\/strong><\/h2>\n<p><a class=\"row-title\" href=\"https:\/\/drive.google.com\/file\/d\/1VEj_NK-Os-5AK6ikt1skFKEXjBDqrxfg\/view?usp=sharing\" target=\"_blank\" rel=\"noopener noreferrer\" aria-label=\"\u201cMontagem de Espet\u00e1culo \u2013 Dan\u00e7a\u201d (Editar)\">Montagem de Espet\u00e1culo \u2013 Espet\u00e1culo Um &#8211; Dir. Kelly Souza<\/a><\/p>\n<p><a href=\"https:\/\/drive.google.com\/file\/d\/1npqZJAsAp2iwuu7wI0dxxQWu_tr5DCtI\/view?usp=sharing\" target=\"_blank\" rel=\"noopener noreferrer\">Montagem de Espet\u00e1culo &#8211; Z\u00e9 &#8211; Dir. Mariana Rockenback<\/a><\/p>\n<h2><strong>2017<\/strong><\/h2>\n<p><a class=\"row-title\" href=\"https:\/\/drive.google.com\/file\/d\/1LvW2fLOIUXqyew2b7RybxVQiI4Oe1DKK\/view?usp=sharing\" target=\"_blank\" rel=\"noopener noreferrer\" aria-label=\"\u201cMontagem de Espet\u00e1culo \u2013 Dan\u00e7a\u201d (Editar)\">Montagem de Espet\u00e1culo II \u2013 Yi\u00e1 &#8211; Dir. Caroline Paz<\/a><\/p>\n<p><a href=\"https:\/\/drive.google.com\/file\/d\/1FvF2AIGZ0iEpj5-X9Uk9UoY5DVy8UCMP\/view?usp=sharing\" target=\"_blank\" rel=\"noopener noreferrer\">Montagem de Espet\u00e1culo II \u2013 A rua tamb\u00e9m \u00e9 minha &#8211; Dir. Janaina Bruna<\/a><\/p>\n<p><a class=\"row-title\" href=\"https:\/\/drive.google.com\/file\/d\/1qbUxGrilPDoE4EyNJd9LTxPa4dy7fE8F\/view?usp=sharing\" target=\"_blank\" rel=\"noopener noreferrer\" aria-label=\"\u201cMontagem de Espet\u00e1culo \u2013 Dan\u00e7a\u201d (Editar)\">Montagem de Espet\u00e1culo II \u2013 Axe: Dan\u00e7ando a F\u00e9 &#8211; Dir. J\u00e3o Cruz<\/a><\/p>\n<p><a class=\"row-title\" href=\"https:\/\/drive.google.com\/file\/d\/1lckUyS23os1Zrk18MOzrrJJ4L_J9_aqE\/view?usp=sharing\" target=\"_blank\" rel=\"noopener noreferrer\" aria-label=\"\u201cMontagem de Espet\u00e1culo \u2013 Dan\u00e7a\u201d (Editar)\">Montagem de Espet\u00e1culo II \u2013 Quer tomar um caf\u00e9? &#8211; Dir. J\u00e9ssica Carvalho<\/a><\/p>\n<p><a class=\"row-title\" href=\"https:\/\/drive.google.com\/file\/d\/1jAkaZ4JYs43Dpq9_7VIGG-ET4UsSv1C0\/view?usp=sharing\" target=\"_blank\" rel=\"noopener noreferrer\" aria-label=\"\u201cMontagem de Espet\u00e1culo \u2013 Dan\u00e7a\u201d (Editar)\">Montagem de Espet\u00e1culo II \u2013 De gafe me gafe &#8211; Dir. Larissa Marques<\/a><\/p>\n<p><a class=\"row-title\" href=\"https:\/\/drive.google.com\/file\/d\/1eFy97W7bG1I4Ilp5hdPmgNl8-HrERQVr\/view?usp=sharing\" target=\"_blank\" rel=\"noopener noreferrer\" aria-label=\"\u201cMontagem de Espet\u00e1culo \u2013 Dan\u00e7a\u201d (Editar)\">Montagem de Espet\u00e1culo II \u2013 Renascer &#8211; Dir. Maria Eduarda Say\u00e3o<\/a><\/p>\n<h2><strong>2018<\/strong><\/h2>\n<p><a href=\"https:\/\/drive.google.com\/file\/d\/1GMxosu08YuH2rCLPQWgcdJmqODWPoVzI\/view?usp=sharing\" target=\"_blank\" rel=\"noopener noreferrer\">Montagem de Espet\u00e1culo &#8211; Entre Lo(r)cas tramas &#8211; Dir. Beliza Gonzales Rocha<\/a><\/p>\n<p><a href=\"https:\/\/drive.google.com\/file\/d\/1LXs3DLHTadQS-F-ONUfmSswafq7BYN3Y\/view?usp=sharing\" target=\"_blank\" rel=\"noopener noreferrer\">Montagem de Espet\u00e1culo &#8211; Nordestiando &#8211; Dir. Carol Portela<\/a><\/p>\n<p><a href=\"https:\/\/drive.google.com\/file\/d\/1UlyvXYhe3bFUEPswCZXXCQniYQaU6pEj\/view?usp=sharing\" target=\"_blank\" rel=\"noopener noreferrer\">Montagem de Espet\u00e1culo &#8211; Woodstock 1969 &#8211; Dir. Geovana Silva de Carvalho<\/a><\/p>\n<p><a href=\"https:\/\/drive.google.com\/file\/d\/1obroK_32bHvNwf7jWW5ylJ9XletfG0oZ\/view?usp=sharing\" target=\"_blank\" rel=\"noopener noreferrer\">Montagem de Espet\u00e1culo &#8211; Serenede ao Luar &#8211; Dir. Gregory Souza<\/a><\/p>\n<p><a href=\"https:\/\/drive.google.com\/file\/d\/1pC5RZoatY0NxOgiJ8oA4T8C7KgZZwZ0M\/view?usp=sharing\" target=\"_blank\" rel=\"noopener noreferrer\">Montagem de Espet\u00e1culo &#8211; Caos e Cais &#8211; Dir. Ivi Oliveira<\/a><\/p>\n<p><a href=\"https:\/\/drive.google.com\/file\/d\/1zdqoFdDhMa2w_3I7EGm369meRbShidoz\/view?usp=sharing\" target=\"_blank\" rel=\"noopener noreferrer\">Montagem de Espet\u00e1culo &#8211; Moonwlaker Club &#8211; Dir. Joice Soares<\/a><\/p>\n<p><a href=\"https:\/\/drive.google.com\/file\/d\/1snc79nDfQ6CSjRDHqFTE89CjRXdBVxhb\/view?usp=sharing\" target=\"_blank\" rel=\"noopener noreferrer\">Montagem de Espet\u00e1culo &#8211; MOB&#8217;S &#8220;Na avenida da vida&#8221; &#8211; Dir . Keity Lemke<\/a><\/p>\n<p><a href=\"https:\/\/drive.google.com\/file\/d\/18B50ru1b0aDG4O0ZzeHhrDCdKRNDNBad\/view?usp=sharing\" target=\"_blank\" rel=\"noopener noreferrer\">Montagem de Espet\u00e1culo &#8211; Em eterno retorno &#8211; Dir. Marina Timm Medeiros<\/a><\/p>\n<p><a href=\"https:\/\/drive.google.com\/file\/d\/1Mgf6Iuzpbn6MG58iyNQ9y9IX2Qi4tQDW\/view?usp=sharing\" target=\"_blank\" rel=\"noopener noreferrer\">Montagem de Espet\u00e1culo &#8211; Samsara &#8211; O ciclo das 6 exist\u00eanixas &#8211; Dir. Ramon Granado<\/a><\/p>\n<p><a href=\"https:\/\/drive.google.com\/file\/d\/1VaK0DcD_G6GEuxbv9PI6sFiSc_Q-3fIp\/view?usp=sharing\" target=\"_blank\" rel=\"noopener noreferrer\">Montagem de Espet\u00e1culo &#8211; Traces d&#8217; Am\u00e9lie &#8211; Dir. Raquel Gu\u00ea<\/a><\/p>\n<p><a href=\"https:\/\/drive.google.com\/file\/d\/1pnbYDaENa7eiMYltk0m3qTfImBl2HOIQ\/view?usp=sharing\" target=\"_blank\" rel=\"noopener noreferrer\">Montagem de Espet\u00e1culo &#8211; Museu do Sapateado &#8211; Dir. Renan Bri\u00e3o<\/a><\/p>\n<p><a href=\"https:\/\/drive.google.com\/file\/d\/1s1djycTIqNB_9CIFEBtaJp90nGkqSMdh\/view?usp=sharing\" target=\"_blank\" rel=\"noopener noreferrer\">Montagem de Espet\u00e1culo &#8211; Upgrading &#8211; evoluir, aprimorar, transcender &#8211; Dir. Robson Bordignon<\/a><\/p>\n<h2><strong>2019<\/strong><\/h2>\n<p><a href=\"https:\/\/drive.google.com\/file\/d\/1bT3mSvmZ8XD0eZxx5naS-iTa-aTJsOaG\/view?usp=sharing\" target=\"_blank\" rel=\"noopener noreferrer\">Montagem de Espet\u00e1culo &#8211; Para al\u00e9m de N\u00e1rnia &#8211; <span lang=\"PT-BR\">Bruna Baes<\/span><\/a><\/p>\n<p><a href=\"https:\/\/drive.google.com\/file\/d\/1rVRBeN3MNpA7zK5xbzMQPt5vhA3Ok5MV\/view?usp=sharing\" target=\"_blank\" rel=\"noopener noreferrer\">Montagem de Espet\u00e1culo &#8211; Insu<span lang=\"PT-BR\">fici\u00eancias &#8211; <\/span><span lang=\"PT-BR\">Carolina Pinto<\/span><\/a><\/p>\n<p><a href=\"https:\/\/drive.google.com\/file\/d\/1VRVdZwHBaVQy4EvJs26rN5tPJF1pkTko\/view?usp=sharing\" target=\"_blank\" rel=\"noopener noreferrer\">Montagem de Espet\u00e1culo &#8211; Bah, Brrr&#8230; &#8211; Daniela Ricarte<\/a><\/p>\n<p><a href=\"https:\/\/drive.google.com\/file\/d\/163HGiN-mqaxQgGRLLKaV6J12BA3FiR5p\/view?usp=sharing\" target=\"_blank\" rel=\"noopener noreferrer\">Montagem de Espet\u00e1culo &#8211; Afinal de contas&#8230;o que \u00e9 morte? &#8211; <span lang=\"PT-BR\">Inda Rulio Bajar<\/span><\/a><\/p>\n<p><a href=\"https:\/\/drive.google.com\/file\/d\/1TuS3vbQSbsCSX8JCw2WqE4-GcXIvYZJW\/view?usp=sharing\" target=\"_blank\" rel=\"noopener noreferrer\">Montagem de Espet\u00e1culo &#8211; Como tratar da quest\u00e3o? &#8211; <span lang=\"PT-BR\">Nadyne Uakti<\/span><\/a><\/p>\n<p><a href=\"https:\/\/drive.google.com\/file\/d\/18bu-dAqHdPN_PhfNrqw9XLJzLf76dccv\/view?usp=sharing\" target=\"_blank\" rel=\"noopener noreferrer\">Montagem de Espet\u00e1culo &#8211; Preto \u00e9 o lugar onde eu moro &#8211; <span lang=\"PT-BR\">Naiane Ribeiro<\/span><\/a><\/p>\n<p><a href=\"https:\/\/drive.google.com\/file\/d\/1-GEYKYshHqhbed0edKO_-Q3nMnJpx1cw\/view?usp=sharing\" target=\"_blank\" rel=\"noopener noreferrer\">Montagem de Espet\u00e1culo &#8211; &#8220;64&#8221; &#8211; <span lang=\"PT-BR\">Shaiane Beatriz dos Santos<\/span><\/a><\/p>\n<p><a href=\"https:\/\/drive.google.com\/file\/d\/1gN4lkLpNPvKSa_qLzwiV6fHybwc-CRwf\/view?usp=sharing\" target=\"_blank\" rel=\"noopener noreferrer\">Montagem de Espet\u00e1culo &#8211; Rumo ao Estrelato &#8211; <span lang=\"PT-BR\">Yane Bueno<\/span><\/a><\/p>\n","protected":false},"excerpt":{"rendered":"<p>2011 Montagem de Espet\u00e1culo \u2013 Mulheres &#8211; Dir. Maria Falkembach 2013 Montagem de Espet\u00e1culo \u2013 Estado Vital &#8211; Dir. Daniela Castro Montagem de Espet\u00e1culo \u2013 Notas Breves &#8211; Dir. Daniela Castro 2016 Montagem de Espet\u00e1culo \u2013 Espet\u00e1culo Um &#8211; Dir. Kelly Souza Montagem de Espet\u00e1culo &#8211; Z\u00e9 &#8211; Dir. Mariana Rockenback 2017 Montagem de Espet\u00e1culo [&hellip;]<\/p>\n","protected":false},"author":412,"featured_media":0,"parent":66,"menu_order":0,"comment_status":"closed","ping_status":"closed","template":"","meta":{"jetpack_post_was_ever_published":false,"footnotes":""},"class_list":["post-2693","page","type-page","status-publish","hentry"],"jetpack_sharing_enabled":true,"jetpack_shortlink":"https:\/\/wp.me\/P9wvEO-Hr","jetpack_likes_enabled":true,"jetpack-related-posts":[],"_links":{"self":[{"href":"https:\/\/wp.ufpel.edu.br\/ateliedefigurinos\/wp-json\/wp\/v2\/pages\/2693","targetHints":{"allow":["GET"]}}],"collection":[{"href":"https:\/\/wp.ufpel.edu.br\/ateliedefigurinos\/wp-json\/wp\/v2\/pages"}],"about":[{"href":"https:\/\/wp.ufpel.edu.br\/ateliedefigurinos\/wp-json\/wp\/v2\/types\/page"}],"author":[{"embeddable":true,"href":"https:\/\/wp.ufpel.edu.br\/ateliedefigurinos\/wp-json\/wp\/v2\/users\/412"}],"replies":[{"embeddable":true,"href":"https:\/\/wp.ufpel.edu.br\/ateliedefigurinos\/wp-json\/wp\/v2\/comments?post=2693"}],"version-history":[{"count":4,"href":"https:\/\/wp.ufpel.edu.br\/ateliedefigurinos\/wp-json\/wp\/v2\/pages\/2693\/revisions"}],"predecessor-version":[{"id":2699,"href":"https:\/\/wp.ufpel.edu.br\/ateliedefigurinos\/wp-json\/wp\/v2\/pages\/2693\/revisions\/2699"}],"up":[{"embeddable":true,"href":"https:\/\/wp.ufpel.edu.br\/ateliedefigurinos\/wp-json\/wp\/v2\/pages\/66"}],"wp:attachment":[{"href":"https:\/\/wp.ufpel.edu.br\/ateliedefigurinos\/wp-json\/wp\/v2\/media?parent=2693"}],"curies":[{"name":"wp","href":"https:\/\/api.w.org\/{rel}","templated":true}]}}