{"id":2084,"date":"2020-06-22T09:03:46","date_gmt":"2020-06-22T12:03:46","guid":{"rendered":"https:\/\/wp.ufpel.edu.br\/ateliedefigurinos\/?page_id=2084"},"modified":"2025-10-15T10:17:01","modified_gmt":"2025-10-15T13:17:01","slug":"normasdefuncionamento","status":"publish","type":"page","link":"https:\/\/wp.ufpel.edu.br\/ateliedefigurinos\/apresentacao\/normasdefuncionamento\/","title":{"rendered":"Normas de Funcionamento"},"content":{"rendered":"<p><strong>Normas de funcionamento Ateli\u00ea de Figurinos \/ Regimento<\/strong><\/p>\n<p><strong>\u00a0<\/strong><\/p>\n<p><strong>Cap\u00edtulo I<\/strong><\/p>\n<p><strong>Do objetivo<\/strong><\/p>\n<p>Art. 1\u00ba &#8211; Este documento tem como objetivo estabelecer normas e procedimentos que o Ateli\u00ea de Figurinos adota para o seu melhor funcionamento. O espa\u00e7o est\u00e1 lotado no Centro de Artes da Universidade Federal de Pelotas (CA-UFPel).<\/p>\n<p>&nbsp;<\/p>\n<p><strong>Cap\u00edtulo II<\/strong><\/p>\n<p><strong>Da natureza do Ateli\u00ea de Figurinos<\/strong><\/p>\n<p>Art. 2\u00ba &#8211; O Ateli\u00ea de Figurinos est\u00e1 ligado aos cursos de Teatro-Licenciatura e Dan\u00e7a-Licenciatura, mas atende toda a comunidade acad\u00eamica com empr\u00e9stimo de material e a\u00e7\u00f5es do projeto unificado.<\/p>\n<p>&nbsp;<\/p>\n<p><strong>Cap\u00edtulo III<\/strong><\/p>\n<p><strong>Da composi\u00e7\u00e3o e da estrutura do Ateli\u00ea de Figurinos:<\/strong><\/p>\n<p>Art. 3\u00ba &#8211; O Ateli\u00ea de Figurinos \u00e9 constitu\u00eddo por uma servidora t\u00e9cnica administrativa.<\/p>\n<p>Art. 4\u00ba &#8211; O Ateli\u00ea de Figurinos est\u00e1 sediado no Bloco 3 do Centro de Artes, localizado na sala 69. Rua Alberto Rosa, 117.<\/p>\n<p>&nbsp;<\/p>\n<p><strong>Cap\u00edtulo IV<\/strong><\/p>\n<p><strong>Das compet\u00eancias e dos objetivos do Ateli\u00ea de Figurinos:<\/strong><\/p>\n<p>Art. 5\u00ba &#8211; Ao Ateli\u00ea de Figurinos compete:<\/p>\n<ul>\n<li>1\u00ba &#8211; Desenvolver figurinos, adere\u00e7os e cen\u00e1rios para algumas produ\u00e7\u00f5es realizadas nos cursos de Teatro-Licenciatura e Dan\u00e7a-Licenciatura da UFPel.<\/li>\n<li>2\u00ba &#8211; Auxiliar na cria\u00e7\u00e3o e confec\u00e7\u00e3o de figurinos, adere\u00e7os e cen\u00e1rios para projetos e disciplinas n\u00e3o listadas como prioridade. Proporcionar a\u00e7\u00f5es de integra\u00e7\u00e3o do ensino, pesquisa e extens\u00e3o;<\/li>\n<li>3\u00ba &#8211; Desenvolver cursos de capacita\u00e7\u00e3o e extens\u00e3o, tanto de forma presencial, como on-line, sendo uma forma de qualificar os alunos e interessados.<\/li>\n<li>4\u00ba &#8211; Desenvolver o uso racional, sustent\u00e1vel e otimizado dos recursos e materiais da unidade;<\/li>\n<li>5\u00ba &#8211; Receber alunos, volunt\u00e1rios e comunidade em geral, sendo um espa\u00e7o de acolhimento e aprendizado.<\/li>\n<\/ul>\n<p>&nbsp;<\/p>\n<p><strong>Cap\u00edtulo V<\/strong><\/p>\n<p><strong>Das atribui\u00e7\u00f5es e demandas gerais do Ateli\u00ea de Figurinos:<\/strong><\/p>\n<p>Art. 6\u00ba &#8211; S\u00e3o as seguintes atribui\u00e7\u00f5es gerais do Ateli\u00ea de Figurinos (sem preju\u00edzo de outras que venham a ser criadas):<\/p>\n<ul>\n<li>1 \u00ba &#8211; Criar e confeccionar figurinos, adere\u00e7os e cen\u00e1rios para algumas disciplinas dos cursos de Dan\u00e7a-Licenciatura e Teatro-Licenciatura. (regras mais detalhadas no Art. 15.).<\/li>\n<li>2\u00ba &#8211; Realizar projetos e a\u00e7\u00f5es com \u00eanfase extensionista, ampliando a atua\u00e7\u00e3o do Ateli\u00ea de Figurino junto \u00e0 comunidade externa.<\/li>\n<li>3\u00ba &#8211; Continuar ofertando cursos on-line, proporcionando \u00e0 pessoas de todas as cidades possam participar e conhecer mais sobre as a\u00e7\u00f5es do Ateli\u00ea.<\/li>\n<li>4\u00ba &#8211; Auxiliar nas disciplinas do Centro de Artes, ministrando oficinas sobre figurino, al\u00e9m de propiciar o acesso mais abrangente aos cursos ministrados pelo Ateli\u00ea de Figurinos.<\/li>\n<li>5\u00ba &#8211; Atuar em atividades de ensino previamente planejadas (conjuntamente aos docentes e aos acad\u00eamicos, seja em disciplinas, projetos de ensino, est\u00e1gios, componentes curriculares, etc.)<\/li>\n<li>6\u00ba &#8211; Manter as redes sociais ativas, sendo uma forma de divulgar as a\u00e7\u00f5es e todas as produ\u00e7\u00f5es realizadas pelo Ateli\u00ea.<\/li>\n<li>7\u00ba &#8211; Ampliar o empr\u00e9stimo do acervo do Ateli\u00ea de Figurinos, possibilitando que todos os cursos possam ter acesso os figurinos, adere\u00e7os e cen\u00e1rios para suas produ\u00e7\u00f5es.<\/li>\n<li>8\u00ba &#8211; Periodicamente realizar a manuten\u00e7\u00e3o do acervo, mantendo todas as pe\u00e7as organizadas e prontas para uso.<\/li>\n<li>9\u00ba &#8211; Realizar reuni\u00f5es de planejamento e avalia\u00e7\u00e3o, buscando aprimorar ainda mais a uni\u00e3o com os colegas e os servi\u00e7os prestados pelo Ateli\u00ea.<\/li>\n<\/ul>\n<p>&nbsp;<\/p>\n<p><strong>Cap\u00edtulo VI<\/strong><\/p>\n<p><strong>Do uso dos espa\u00e7os<\/strong><\/p>\n<p>Art. 7\u00ba &#8211; O acesso a qualquer sala do Ateli\u00ea dever\u00e1 ser registrado na portaria do pr\u00e9dio (Bloco 3), juntamente com a retirada das chaves.<\/p>\n<p>Art. 8\u00ba &#8211; O acesso ao Ateli\u00ea s\u00f3 \u00e9 autorizado com a presen\u00e7a de um servidor. Como a sala possui equipamentos espec\u00edficos, o uso do espa\u00e7o se d\u00e1 apenas com acompanhamento. A escolha e reserva do acervo poder\u00e1 ser feita de forma presencial ou on-line e a retirada poder\u00e1 ser agendada.<\/p>\n<p>Art. 9\u00ba. &#8211; Caso n\u00e3o tenha sido programada a escolha e retirada de material, o acesso ao acervo s\u00f3 ser\u00e1 permitido com acompanhamento de um servidor docente. A lista de itens retirados e o nome do respons\u00e1vel, dever\u00e1 ser anotado.<\/p>\n<p>Art. 10. &#8211; Os usu\u00e1rios das salas dever\u00e3o:<\/p>\n<ul>\n<li>1\u00ba &#8211; Respeitar a finalidade acad\u00eamica das salas;<\/li>\n<li>2\u00ba &#8211; Zelar pela manuten\u00e7\u00e3o dos equipamentos e materiais e pela organiza\u00e7\u00e3o dos ambientes;<\/li>\n<li>3\u00ba &#8211; Ap\u00f3s o uso, deixar as salas nas mesmas condi\u00e7\u00f5es de organiza\u00e7\u00e3o e limpeza;<\/li>\n<li>4\u00ba &#8211; Comunicar imediatamente \u00e0 Secretaria do Centro de Artes ou aos Docentes e\/ou Servidores respons\u00e1veis pelo agendamento, quaisquer danos causados nas salas, materiais e acervo;<\/li>\n<\/ul>\n<p>Art. 11. &#8211; \u00c9 vedado aos usu\u00e1rios:<\/p>\n<ul>\n<li>1\u00ba &#8211; Comer, beber ou fumar nas depend\u00eancias das salas;<\/li>\n<li>2\u00ba &#8211; Usar as instala\u00e7\u00f5es das salas com fins lucrativos ou il\u00edcitos;<\/li>\n<li>3\u00ba &#8211; Usar os equipamentos el\u00e9tricos e eletr\u00f4nicos das salas sem a presen\u00e7a de Docente ou Servidor T\u00e9cnico respons\u00e1vel;<\/li>\n<li>4\u00ba &#8211; Abrir, violar ou danificar qualquer equipamento ou material das salas.<\/li>\n<\/ul>\n<p>&nbsp;<\/p>\n<p><strong>Cap\u00edtulo VII<\/strong><\/p>\n<p><strong>Das regras de confec\u00e7\u00e3o de figurinos, adere\u00e7os e cen\u00e1rios<\/strong><\/p>\n<p>Art. 12. &#8211; Considerando a demanda do Ateli\u00ea e a equipe reduzida, as a\u00e7\u00f5es visam auxiliar o coletivo, n\u00e3o desenvolvendo a\u00e7\u00f5es individuais, somente sendo produzidos figurinos para grupos\/disciplinas coletivas.<\/p>\n<p>Art. 13. &#8211; Somente ser\u00e3o confeccionados figurinos para as disciplinas de:<\/p>\n<ul>\n<li>1 \u00ba &#8211; Montagem Teatral I e II (Teatro)<\/li>\n<li>2 \u00ba &#8211; Composi\u00e7\u00e3o Coreogr\u00e1fica (Dan\u00e7a)<\/li>\n<\/ul>\n<p>Art. 14. &#8211; Todas as solicita\u00e7\u00f5es de produ\u00e7\u00e3o de figurinos adere\u00e7os e cen\u00e1rios ser\u00e3o analisadas, considerando a equipe dispon\u00edvel e o tempo h\u00e1bil para confec\u00e7\u00e3o.<\/p>\n<p>Art. 15. &#8211; A produ\u00e7\u00e3o do Ateli\u00ea de Figurinos tem foco no aux\u00edlio ao ensino, n\u00e3o tendo a obrigatoriedade de produzir material para projetos de pesquisa e extens\u00e3o. A confec\u00e7\u00e3o de figurinos, adere\u00e7os e cen\u00e1rios para projetos, outras disciplinas e projetos particulares ser\u00e3o analisados caso a caso, sendo auxiliado somente se a equipe do Ateli\u00ea de Figurinos tiver disponibilidade. A equipe se prop\u00f5e a desenvolver cursos que qualifiquem os alunos, incentivando que produzam seus pr\u00f3prios figurinos.<\/p>\n<p>Art. 16. &#8211; Poder\u00e3o ser utilizados os tecidos do Ateli\u00ea para confec\u00e7\u00e3o das pe\u00e7as, mas todos os figurinos e adere\u00e7os ap\u00f3s serem utilizados, dever\u00e3o voltar para o acervo. Quando a produ\u00e7\u00e3o for feita com o material do aluno, o mesmo poder\u00e1 ficar com o item.<\/p>\n<p><strong>\u00a0<\/strong><\/p>\n<p><strong>Cap\u00edtulo VIII<\/strong><\/p>\n<p><strong>Das regras de empr\u00e9stimo do acervo<\/strong><\/p>\n<p>Art. 17. &#8211; O empr\u00e9stimo do acervo somente ser\u00e1 para atividades de Ensino, Pesquisa e Extens\u00e3o. Somente para alunos e servidores da Universidade Federal de Pelotas, mediante cadastro. O empr\u00e9stimo para outros grupos e comunidade em geral ser\u00e1 tratada em reuni\u00e3o, onde ser\u00e1 observado caso a caso.<\/p>\n<p>Art. 18. &#8211; Todas as pe\u00e7as que est\u00e3o no Ateli\u00ea de Figurinos \u2013 e n\u00e3o est\u00e3o reservadas &#8211; est\u00e3o dispon\u00edveis para empr\u00e9stimo.<\/p>\n<p>Art. 19. &#8211; Grande parte dos acervos est\u00e3o fotografados e disponibilizados no site: <a href=\"https:\/\/wp.ufpel.edu.br\/ateliedefigurinos\/emprestimos-de-figurinos\/\">https:\/\/wp.ufpel.edu.br\/ateliedefigurinos\/emprestimos-de-figurinos\/<\/a><\/p>\n<p>Art. 20. \u2013 Com este link, o aluno pode ter acesso de qualquer lugar, tendo uma ideia das pe\u00e7as existentes no acervo. Todo o contato para informa\u00e7\u00f5es e reserva de material pode ser feito pelos canais de comunica\u00e7\u00e3o on-line ou pessoalmente.<\/p>\n<p>Art. 21. &#8211; As redes sociais (Facebook, Instagram), e-mail e site est\u00e3o sempre sendo atualizados, buscando ser um canal de f\u00e1cil acesso para todas as quest\u00f5es envolvendo o Ateli\u00ea de Figurinos.<\/p>\n<p>Art. 22 &#8211; Preferencialmente as pe\u00e7as devem ser entregues em m\u00e3os para a servidoras respons\u00e1vel pelo espa\u00e7o.<\/p>\n<p>Art. 23. &#8211; Quando for necess\u00e1rio o aluno pegar ou devolver algum material fora do hor\u00e1rio de expediente, o mesmo poder\u00e1 deixar nos arm\u00e1rios que ficam ao lado da porta da sala 69 (Ateli\u00ea de Figurinos). Qualquer pe\u00e7a deixada neste espa\u00e7o, dever\u00e1 ser avisada para a servidora respons\u00e1vel.<\/p>\n<p>Art. 24. &#8211; Todas as pe\u00e7as retiradas dever\u00e3o ser anotadas, junto com os dados e contato do aluno.<\/p>\n<p>Art. 25. &#8211; A perman\u00eancia com a pe\u00e7a dever\u00e1 ser programada, n\u00e3o ultrapassando 1 m\u00eas. Se necess\u00e1rio mais tempo, dever\u00e1 ser renovado o pedido junto ao Ateli\u00ea.<\/p>\n<p>Art. 26. &#8211; Caso danifique ou perca a pe\u00e7a, o respons\u00e1vel dever\u00e1 ressarcir o Ateli\u00ea, onde dever\u00e1 repor o acervo com uma pe\u00e7a similar.<\/p>\n<p>Art. 27. &#8211; A n\u00e3o devolu\u00e7\u00e3o dos itens implicar\u00e1 em multas e impossibilidade de formatura.<\/p>\n<p>Art. 28. &#8211; S\u00f3 poder\u00e1 pegar outra pe\u00e7a, se n\u00e3o houver d\u00edvidas anteriores superiores a 6 meses.<\/p>\n<p>Art. 29. &#8211; No ato do empr\u00e9stimo o respons\u00e1vel dever\u00e1 preencher uma ficha se responsabilizando pela(s) pe\u00e7a(s). No ato da entrega dever\u00e1 assinar novamente, comprovando a devolu\u00e7\u00e3o.<\/p>\n<p>Art. 30. &#8211; Todos figurinos (salvo exce\u00e7\u00f5es) dever\u00e3o ser entregues lavados e sem danos. As exce\u00e7\u00f5es ser\u00e3o previamente avisadas.<\/p>\n<p>Art. 31. &#8211; O Ateli\u00ea aceita doa\u00e7\u00f5es de pe\u00e7as, visando ampliar e qualificar o acervo do Ateli\u00ea. Quando uma pe\u00e7a de roupa n\u00e3o se enquadra na pol\u00edtica de aquisi\u00e7\u00e3o, a mesma \u00e9 doada para institui\u00e7\u00f5es que dar\u00e3o o encaminhamento correto.<\/p>\n<p>&nbsp;<\/p>\n<p><strong>Cap\u00edtulo IX <\/strong><\/p>\n<p><strong>Das a\u00e7\u00f5es e projetos<\/strong><\/p>\n<p>Art. 30. &#8211; O Projeto unificado Sala de Figurinos, visa oferecer cursos presencias e on-line com o objetivo de qualificar os interessados, para que possam construir suas pr\u00f3prias pe\u00e7as.<\/p>\n<p>Art. 31. &#8211; Pretende-se formar pessoas capazes de criar e confeccionar pe\u00e7as de figurinos, adere\u00e7os e cen\u00e1rios para utiliza\u00e7\u00e3o nas mais variadas a\u00e7\u00f5es (projetos, grupos art\u00edsticos, est\u00e1gios, escolas, etc.).<\/p>\n<p>Art. 32. &#8211; Proporcionar aos alunos e comunidade em geral, experi\u00eancias diferenciadas nas pr\u00e1ticas art\u00edsticas, colaborando para o aprendizado, desenvolvimento e busca da compreens\u00e3o sobre os temas estudados.<\/p>\n<p>Art. 33. -Todas as atividades ser\u00e3o divulgadas nos murais dos pr\u00e9dios e pela internet.<\/p>\n<p>&nbsp;<\/p>\n<p><strong>Cap\u00edtulo X<\/strong><\/p>\n<p><strong>Das disposi\u00e7\u00f5es gerais<\/strong><\/p>\n<p>Art. 34. &#8211; Os casos omissos ou n\u00e3o previstos nestas normas ser\u00e3o avaliados pela equipe do Ateli\u00ea de Figurinos, colegiados dos cursos de Dan\u00e7a-Licenciatura e Teatro-Licenciatura e Dire\u00e7\u00e3o do Centro de Artes, salvo expressa compet\u00eancia de outro \u00f3rg\u00e3o.<\/p>\n<p>Art. 35. &#8211; Estas regras entram em vigor a partir da data de sua aprova\u00e7\u00e3o pelos Colegiados dos cursos de Teatro-Licenciatura e Dan\u00e7a-Licenciatura da UFPel. As normas poder\u00e3o ser modificadas a qualquer momento, sendo sempre atualizada no site oficial do Ateli\u00ea de Figurinos e afixadas em local de f\u00e1cil visualiza\u00e7\u00e3o.<\/p>\n<p>Art. 36. &#8211; Demandas pessoais e n\u00e3o institucionais n\u00e3o ser\u00e3o atendidas.<\/p>\n<p>Art. 37. &#8211; O descumprimento ou inobserv\u00e2ncia de quaisquer normas das salas poder\u00e1 acarretar a suspens\u00e3o imediata de acesso as salas.<\/p>\n<p>&nbsp;<\/p>\n<p>Mais informa\u00e7\u00f5es no site: <a href=\"https:\/\/wp.ufpel.edu.br\/ateliedefigurinos\/\">https:\/\/wp.ufpel.edu.br\/ateliedefigurinos\/<\/a><\/p>\n<p>&nbsp;<\/p>\n<p>Pelotas, 02 de mar\u00e7o de 2022.<\/p>\n<p>Atualiza\u00e7\u00e3o: 06 de junho de 2025.<\/p>\n<p>&nbsp;<\/p>\n<p>Servidora: Larissa Martins<\/p>\n<p>Site: <a href=\"https:\/\/wp.ufpel.edu.br\/ateliedefigurinos\/\">https:\/\/wp.ufpel.edu.br\/ateliedefigurinos\/<\/a><\/p>\n<p>E-mail: <a href=\"mailto:ateliedefigurinos@ufpel.edu.br\">ateliedefigurinos@ufpel.edu.br<\/a><\/p>\n<p>Facebook: Perfil: Ateli\u00eaFigurinosUfpel<\/p>\n<p>P\u00e1gina: Ateli\u00ea de Figurinos \u2013 UFPel<\/p>\n<p>Instagram:\u00a0@ateliefigurinos<\/p>\n<p>&nbsp;<\/p>\n","protected":false},"excerpt":{"rendered":"<p>Normas de funcionamento Ateli\u00ea de Figurinos \/ Regimento \u00a0 Cap\u00edtulo I Do objetivo Art. 1\u00ba &#8211; Este documento tem como objetivo estabelecer normas e procedimentos que o Ateli\u00ea de Figurinos adota para o seu melhor funcionamento. O espa\u00e7o est\u00e1 lotado no Centro de Artes da Universidade Federal de Pelotas (CA-UFPel). &nbsp; Cap\u00edtulo II Da natureza [&hellip;]<\/p>\n","protected":false},"author":412,"featured_media":0,"parent":87,"menu_order":2,"comment_status":"closed","ping_status":"closed","template":"","meta":{"jetpack_post_was_ever_published":false,"footnotes":""},"class_list":["post-2084","page","type-page","status-publish","hentry"],"jetpack_sharing_enabled":true,"jetpack_shortlink":"https:\/\/wp.me\/P9wvEO-xC","jetpack_likes_enabled":true,"jetpack-related-posts":[],"_links":{"self":[{"href":"https:\/\/wp.ufpel.edu.br\/ateliedefigurinos\/wp-json\/wp\/v2\/pages\/2084","targetHints":{"allow":["GET"]}}],"collection":[{"href":"https:\/\/wp.ufpel.edu.br\/ateliedefigurinos\/wp-json\/wp\/v2\/pages"}],"about":[{"href":"https:\/\/wp.ufpel.edu.br\/ateliedefigurinos\/wp-json\/wp\/v2\/types\/page"}],"author":[{"embeddable":true,"href":"https:\/\/wp.ufpel.edu.br\/ateliedefigurinos\/wp-json\/wp\/v2\/users\/412"}],"replies":[{"embeddable":true,"href":"https:\/\/wp.ufpel.edu.br\/ateliedefigurinos\/wp-json\/wp\/v2\/comments?post=2084"}],"version-history":[{"count":3,"href":"https:\/\/wp.ufpel.edu.br\/ateliedefigurinos\/wp-json\/wp\/v2\/pages\/2084\/revisions"}],"predecessor-version":[{"id":2405,"href":"https:\/\/wp.ufpel.edu.br\/ateliedefigurinos\/wp-json\/wp\/v2\/pages\/2084\/revisions\/2405"}],"up":[{"embeddable":true,"href":"https:\/\/wp.ufpel.edu.br\/ateliedefigurinos\/wp-json\/wp\/v2\/pages\/87"}],"wp:attachment":[{"href":"https:\/\/wp.ufpel.edu.br\/ateliedefigurinos\/wp-json\/wp\/v2\/media?parent=2084"}],"curies":[{"name":"wp","href":"https:\/\/api.w.org\/{rel}","templated":true}]}}