{"id":122,"date":"2017-10-25T18:07:03","date_gmt":"2017-10-25T20:07:03","guid":{"rendered":"https:\/\/wp.ufpel.edu.br\/ateliedefigurinos\/?page_id=122"},"modified":"2025-03-04T00:27:32","modified_gmt":"2025-03-04T03:27:32","slug":"atuais","status":"publish","type":"page","link":"https:\/\/wp.ufpel.edu.br\/ateliedefigurinos\/projeto-de-extensao\/minicursos\/atuais\/","title":{"rendered":"Atuais \/ Em Breve"},"content":{"rendered":"<h1><strong>Minicurso B\u00e1sico de Costura<\/strong><\/h1>\n<p><a href=\"https:\/\/wp.ufpel.edu.br\/ateliedefigurinos\/projeto-de-extensao\/minicursos\/atuais\/cartaz\/\" rel=\"attachment wp-att-4215\"><img data-recalc-dims=\"1\" data-attachment-id=\"4215\" data-permalink=\"https:\/\/wp.ufpel.edu.br\/ateliedefigurinos\/projeto-de-extensao\/minicursos\/atuais\/cartaz\/\" data-orig-file=\"https:\/\/i0.wp.com\/wp.ufpel.edu.br\/ateliedefigurinos\/files\/2025\/01\/CARTAZ.jpeg?fit=1599%2C1600&amp;ssl=1\" data-orig-size=\"1599,1600\" data-comments-opened=\"0\" data-image-meta=\"{&quot;aperture&quot;:&quot;0&quot;,&quot;credit&quot;:&quot;&quot;,&quot;camera&quot;:&quot;&quot;,&quot;caption&quot;:&quot;&quot;,&quot;created_timestamp&quot;:&quot;0&quot;,&quot;copyright&quot;:&quot;&quot;,&quot;focal_length&quot;:&quot;0&quot;,&quot;iso&quot;:&quot;0&quot;,&quot;shutter_speed&quot;:&quot;0&quot;,&quot;title&quot;:&quot;&quot;,&quot;orientation&quot;:&quot;0&quot;}\" data-image-title=\"CARTAZ\" data-image-description=\"\" data-image-caption=\"\" data-medium-file=\"https:\/\/i0.wp.com\/wp.ufpel.edu.br\/ateliedefigurinos\/files\/2025\/01\/CARTAZ.jpeg?fit=400%2C400&amp;ssl=1\" data-large-file=\"https:\/\/i0.wp.com\/wp.ufpel.edu.br\/ateliedefigurinos\/files\/2025\/01\/CARTAZ.jpeg?fit=1024%2C1024&amp;ssl=1\" class=\"aligncenter wp-image-4215 size-large\" src=\"https:\/\/i0.wp.com\/wp.ufpel.edu.br\/ateliedefigurinos\/files\/2025\/01\/CARTAZ.jpeg?resize=1024%2C1024&#038;ssl=1\" alt=\"\" width=\"1024\" height=\"1024\" srcset=\"https:\/\/i0.wp.com\/wp.ufpel.edu.br\/ateliedefigurinos\/files\/2025\/01\/CARTAZ.jpeg?resize=1024%2C1024&amp;ssl=1 1024w, https:\/\/i0.wp.com\/wp.ufpel.edu.br\/ateliedefigurinos\/files\/2025\/01\/CARTAZ.jpeg?resize=400%2C400&amp;ssl=1 400w, https:\/\/i0.wp.com\/wp.ufpel.edu.br\/ateliedefigurinos\/files\/2025\/01\/CARTAZ.jpeg?resize=200%2C200&amp;ssl=1 200w, https:\/\/i0.wp.com\/wp.ufpel.edu.br\/ateliedefigurinos\/files\/2025\/01\/CARTAZ.jpeg?resize=768%2C768&amp;ssl=1 768w, https:\/\/i0.wp.com\/wp.ufpel.edu.br\/ateliedefigurinos\/files\/2025\/01\/CARTAZ.jpeg?resize=1536%2C1536&amp;ssl=1 1536w, https:\/\/i0.wp.com\/wp.ufpel.edu.br\/ateliedefigurinos\/files\/2025\/01\/CARTAZ.jpeg?w=1599&amp;ssl=1 1599w\" sizes=\"(max-width: 1000px) 100vw, 1000px\" \/><\/a><\/p>\n<p>&nbsp;<\/p>\n<h1><strong>EM BREVE, NOVAS TURMAS<\/strong><\/h1>\n<p>&nbsp;<\/p>\n<p>Projeto de Extens\u00e3o &#8211; Centro de Artes &#8211; Universidade Federal de Pelotas<\/p>\n<div>Curso gratuito, aberto \u00e0 comunidade. Presencial.<\/div>\n<div><\/div>\n<div>\n<p>Local: Ateli\u00ea de Figurinos. Rua: Alberto Rosa, 117. Sala 69. Largo do Bola. Bloco 3 Centro de Artes.<\/p>\n<\/div>\n<div><\/div>\n<div><\/div>\n<div>\n<div><\/div>\n<div><\/div>\n<div><\/div>\n<\/div>\n<div>\n<div><b><u>TURMA 01 &#8211; FEVEREIRO &#8211; INCRI\u00c7\u00d5ES FINALIZADAS<\/u><\/b><\/div>\n<div>\n<div>&gt;&gt; 11\/02\/25 &#8211; <span style=\"color: var(--cor-texto); font-family: var(--fonte-corpo);\">8h30 \u00e0s 11h30.<\/span> (Ter\u00e7a-feira)<br \/>\n&gt;&gt; 12\/02\/25 &#8211; <span style=\"color: var(--cor-texto); font-family: var(--fonte-corpo);\">8h30 \u00e0s 11h30.<\/span> (Quarta-feira)<\/div>\n<div>&gt;&gt; 13\/02\/25 &#8211; <span style=\"color: var(--cor-texto); font-family: var(--fonte-corpo);\">8h30 \u00e0s 11h30.<\/span> \u00a0(Quinta-feira)<\/div>\n<\/div>\n<\/div>\n<div><\/div>\n<div>\n<div>Inscri\u00e7\u00f5es para a Turma 1 at\u00e9 07\/02 as 23h59.<\/div>\n<div>No dia 08\/02, os selecionados ser\u00e3o avisados por e-mail.<\/div>\n<div><\/div>\n<div>___________________________________________<\/div>\n<div><\/div>\n<div><b><u>TURMA 02 &#8211; FEVEREIRO &#8211; INCRI\u00c7\u00d5ES FINALIZADAS<\/u><\/b><\/div>\n<div>\n<div>&gt;&gt; 25\/02\/25 &#8211; 14h \u00e0s 17h. (Ter\u00e7a-feira)<br \/>\n&gt;&gt; 26\/02\/25\u00a0&#8211; 14h \u00e0s 17h. (Quarta-feira)<\/div>\n<div>&gt;&gt; 27\/02\/25\u00a0&#8211; 14h \u00e0s 17h.\u00a0\u00a0(Quinta-feira)<\/div>\n<\/div>\n<div><\/div>\n<div>\n<div>Inscri\u00e7\u00f5es para a Turma 2 at\u00e9 17\/02 as 23h59.<\/div>\n<\/div>\n<div>\n<div>No dia 18\/02, os selecionados ser\u00e3o avisados por e-mail.<\/div>\n<div><\/div>\n<\/div>\n<div>__________________________________________<\/div>\n<div><\/div>\n<div><b><u>TURMA 03 &#8211; MAR\u00c7O &#8211; INCRI\u00c7\u00d5ES FINALIZADAS<\/u><\/b><\/div>\n<div>\n<div><\/div>\n<div>&gt;&gt; 10\/03\/25 &#8211; 11h30 \u00e0s 14h30. (Segunda-feira)<br \/>\n&gt;&gt; 12\/03\/25\u00a0&#8211; 11h30 \u00e0s 14h30. (Quarta-feira)<\/div>\n<div>&gt;&gt; 14\/03\/25\u00a0&#8211; 11h30 \u00e0s 14h30.\u00a0\u00a0(Sexta-feira)<\/div>\n<\/div>\n<div><\/div>\n<div>\n<div>Inscri\u00e7\u00f5es para a Turma 3 at\u00e9 03\/03 as 23h59<\/div>\n<\/div>\n<div>\n<div>No dia 04\/03, os selecionados ser\u00e3o avisados por e-mail.<\/div>\n<div><\/div>\n<\/div>\n<div>___________________________________________<\/div>\n<div><\/div>\n<div>O minicurso tem dura\u00e7\u00e3o de 3 dias.<\/div>\n<div><\/div>\n<div>\n<div><\/div>\n<div>Carga hor\u00e1ria: 10h. Com certificado de participa\u00e7\u00e3o. Certificado para quem comparecer no m\u00ednimo a 2 aulas.<\/div>\n<div><\/div>\n<\/div>\n<div><\/div>\n<div>VAGAS LIMITADAS. Caso haja mais inscritos que o n\u00famero de vagas, ser\u00e1 feito sorteio. Ser\u00e1 feita lista de espera.<\/div>\n<div>N\u00e3o necessita experi\u00eancia ou outros pr\u00e9-requisitos.<\/div>\n<div><\/div>\n<div><\/div>\n<div>No curso voc\u00ea vai aprender a fazer costuras a m\u00e3o e costurar na m\u00e1quina de costura reta dom\u00e9stica.<\/div>\n<div>\n<p>Ser\u00e1 produzido um Alfineteiro e uma Necessaire para guardar os itens de costura.<\/p>\n<\/div>\n<\/div>\n<div><\/div>\n<div>\n<div>\n<div><\/div>\n<div><\/div>\n<div><\/div>\n<div><u><b>Materiais necess\u00e1rios:<\/b><\/u><\/div>\n<div><\/div>\n<div>&gt;&gt; Alfineteiro:<\/div>\n<div>Tecido &#8211; 20cm de di\u00e2metro<\/div>\n<div>El\u00e1stico &#8211; 15cm (aprox. 3cm de largura)<\/div>\n<div><\/div>\n<\/div>\n<div><\/div>\n<\/div>\n<div><\/div>\n<div><\/div>\n<div>\n<div><a href=\"https:\/\/wp.ufpel.edu.br\/ateliedefigurinos\/projeto-de-extensao\/minicursos\/atuais\/whatsapp-image-2025-01-31-at-07-17-14-1\/\" rel=\"attachment wp-att-4216\"><img data-recalc-dims=\"1\" data-attachment-id=\"4216\" data-permalink=\"https:\/\/wp.ufpel.edu.br\/ateliedefigurinos\/projeto-de-extensao\/minicursos\/atuais\/whatsapp-image-2025-01-31-at-07-17-14-1\/\" data-orig-file=\"https:\/\/i0.wp.com\/wp.ufpel.edu.br\/ateliedefigurinos\/files\/2025\/01\/WhatsApp-Image-2025-01-31-at-07.17.14-1.jpeg?fit=973%2C720&amp;ssl=1\" data-orig-size=\"973,720\" data-comments-opened=\"0\" data-image-meta=\"{&quot;aperture&quot;:&quot;0&quot;,&quot;credit&quot;:&quot;&quot;,&quot;camera&quot;:&quot;&quot;,&quot;caption&quot;:&quot;&quot;,&quot;created_timestamp&quot;:&quot;0&quot;,&quot;copyright&quot;:&quot;&quot;,&quot;focal_length&quot;:&quot;0&quot;,&quot;iso&quot;:&quot;0&quot;,&quot;shutter_speed&quot;:&quot;0&quot;,&quot;title&quot;:&quot;&quot;,&quot;orientation&quot;:&quot;0&quot;}\" data-image-title=\"WhatsApp Image 2025-01-31 at 07.17.14 (1)\" data-image-description=\"\" data-image-caption=\"\" data-medium-file=\"https:\/\/i0.wp.com\/wp.ufpel.edu.br\/ateliedefigurinos\/files\/2025\/01\/WhatsApp-Image-2025-01-31-at-07.17.14-1.jpeg?fit=400%2C296&amp;ssl=1\" data-large-file=\"https:\/\/i0.wp.com\/wp.ufpel.edu.br\/ateliedefigurinos\/files\/2025\/01\/WhatsApp-Image-2025-01-31-at-07.17.14-1.jpeg?fit=973%2C720&amp;ssl=1\" class=\"alignleft wp-image-4216 size-medium\" src=\"https:\/\/i0.wp.com\/wp.ufpel.edu.br\/ateliedefigurinos\/files\/2025\/01\/WhatsApp-Image-2025-01-31-at-07.17.14-1.jpeg?resize=400%2C296&#038;ssl=1\" alt=\"\" width=\"400\" height=\"296\" srcset=\"https:\/\/i0.wp.com\/wp.ufpel.edu.br\/ateliedefigurinos\/files\/2025\/01\/WhatsApp-Image-2025-01-31-at-07.17.14-1.jpeg?resize=400%2C296&amp;ssl=1 400w, https:\/\/i0.wp.com\/wp.ufpel.edu.br\/ateliedefigurinos\/files\/2025\/01\/WhatsApp-Image-2025-01-31-at-07.17.14-1.jpeg?resize=768%2C568&amp;ssl=1 768w, https:\/\/i0.wp.com\/wp.ufpel.edu.br\/ateliedefigurinos\/files\/2025\/01\/WhatsApp-Image-2025-01-31-at-07.17.14-1.jpeg?w=973&amp;ssl=1 973w\" sizes=\"(max-width: 400px) 100vw, 400px\" \/><\/a> <a href=\"https:\/\/wp.ufpel.edu.br\/ateliedefigurinos\/projeto-de-extensao\/minicursos\/atuais\/whatsapp-image-2025-01-31-at-07-17-14\/\" rel=\"attachment wp-att-4217\"><img data-recalc-dims=\"1\" data-attachment-id=\"4217\" data-permalink=\"https:\/\/wp.ufpel.edu.br\/ateliedefigurinos\/projeto-de-extensao\/minicursos\/atuais\/whatsapp-image-2025-01-31-at-07-17-14\/\" data-orig-file=\"https:\/\/i0.wp.com\/wp.ufpel.edu.br\/ateliedefigurinos\/files\/2025\/01\/WhatsApp-Image-2025-01-31-at-07.17.14.jpeg?fit=720%2C863&amp;ssl=1\" data-orig-size=\"720,863\" data-comments-opened=\"0\" data-image-meta=\"{&quot;aperture&quot;:&quot;0&quot;,&quot;credit&quot;:&quot;&quot;,&quot;camera&quot;:&quot;&quot;,&quot;caption&quot;:&quot;&quot;,&quot;created_timestamp&quot;:&quot;0&quot;,&quot;copyright&quot;:&quot;&quot;,&quot;focal_length&quot;:&quot;0&quot;,&quot;iso&quot;:&quot;0&quot;,&quot;shutter_speed&quot;:&quot;0&quot;,&quot;title&quot;:&quot;&quot;,&quot;orientation&quot;:&quot;0&quot;}\" data-image-title=\"WhatsApp Image 2025-01-31 at 07.17.14\" data-image-description=\"\" data-image-caption=\"\" data-medium-file=\"https:\/\/i0.wp.com\/wp.ufpel.edu.br\/ateliedefigurinos\/files\/2025\/01\/WhatsApp-Image-2025-01-31-at-07.17.14.jpeg?fit=334%2C400&amp;ssl=1\" data-large-file=\"https:\/\/i0.wp.com\/wp.ufpel.edu.br\/ateliedefigurinos\/files\/2025\/01\/WhatsApp-Image-2025-01-31-at-07.17.14.jpeg?fit=720%2C863&amp;ssl=1\" class=\"size-medium wp-image-4217 alignleft\" src=\"https:\/\/i0.wp.com\/wp.ufpel.edu.br\/ateliedefigurinos\/files\/2025\/01\/WhatsApp-Image-2025-01-31-at-07.17.14.jpeg?resize=334%2C400&#038;ssl=1\" alt=\"\" width=\"334\" height=\"400\" srcset=\"https:\/\/i0.wp.com\/wp.ufpel.edu.br\/ateliedefigurinos\/files\/2025\/01\/WhatsApp-Image-2025-01-31-at-07.17.14.jpeg?resize=334%2C400&amp;ssl=1 334w, https:\/\/i0.wp.com\/wp.ufpel.edu.br\/ateliedefigurinos\/files\/2025\/01\/WhatsApp-Image-2025-01-31-at-07.17.14.jpeg?w=720&amp;ssl=1 720w\" sizes=\"(max-width: 334px) 100vw, 334px\" \/><\/a><\/div>\n<div>\n<div><\/div>\n<div><\/div>\n<div><\/div>\n<div><\/div>\n<div><\/div>\n<div><\/div>\n<div><\/div>\n<div><\/div>\n<div><\/div>\n<div><\/div>\n<div><\/div>\n<div><\/div>\n<div><\/div>\n<div><\/div>\n<div><\/div>\n<div><\/div>\n<div><\/div>\n<div><\/div>\n<div>&gt;&gt; Necessaire:<\/div>\n<div>Tecido &#8211; Tecido plano sem elastano (algod\u00e3o, brim, feltro, gorgur\u00e3o&#8230;) &#8211; Peda\u00e7o de 30cm x 30cm.<\/div>\n<div>Z\u00edper simples &#8211; 30cm<\/div>\n<\/div>\n<\/div>\n<div><\/div>\n<div><\/div>\n<div>\n<div>\n<div><a href=\"https:\/\/wp.ufpel.edu.br\/ateliedefigurinos\/projeto-de-extensao\/minicursos\/atuais\/whatsapp-image-2025-01-31-at-07-17-15\/\" rel=\"attachment wp-att-4218\"><img data-recalc-dims=\"1\" data-attachment-id=\"4218\" data-permalink=\"https:\/\/wp.ufpel.edu.br\/ateliedefigurinos\/projeto-de-extensao\/minicursos\/atuais\/whatsapp-image-2025-01-31-at-07-17-15\/\" data-orig-file=\"https:\/\/i0.wp.com\/wp.ufpel.edu.br\/ateliedefigurinos\/files\/2025\/01\/WhatsApp-Image-2025-01-31-at-07.17.15.jpeg?fit=866%2C720&amp;ssl=1\" data-orig-size=\"866,720\" data-comments-opened=\"0\" data-image-meta=\"{&quot;aperture&quot;:&quot;0&quot;,&quot;credit&quot;:&quot;&quot;,&quot;camera&quot;:&quot;&quot;,&quot;caption&quot;:&quot;&quot;,&quot;created_timestamp&quot;:&quot;0&quot;,&quot;copyright&quot;:&quot;&quot;,&quot;focal_length&quot;:&quot;0&quot;,&quot;iso&quot;:&quot;0&quot;,&quot;shutter_speed&quot;:&quot;0&quot;,&quot;title&quot;:&quot;&quot;,&quot;orientation&quot;:&quot;0&quot;}\" data-image-title=\"WhatsApp Image 2025-01-31 at 07.17.15\" data-image-description=\"\" data-image-caption=\"\" data-medium-file=\"https:\/\/i0.wp.com\/wp.ufpel.edu.br\/ateliedefigurinos\/files\/2025\/01\/WhatsApp-Image-2025-01-31-at-07.17.15.jpeg?fit=400%2C333&amp;ssl=1\" data-large-file=\"https:\/\/i0.wp.com\/wp.ufpel.edu.br\/ateliedefigurinos\/files\/2025\/01\/WhatsApp-Image-2025-01-31-at-07.17.15.jpeg?fit=866%2C720&amp;ssl=1\" class=\" wp-image-4218 alignleft\" src=\"https:\/\/i0.wp.com\/wp.ufpel.edu.br\/ateliedefigurinos\/files\/2025\/01\/WhatsApp-Image-2025-01-31-at-07.17.15.jpeg?resize=400%2C333&#038;ssl=1\" alt=\"\" width=\"400\" height=\"333\" srcset=\"https:\/\/i0.wp.com\/wp.ufpel.edu.br\/ateliedefigurinos\/files\/2025\/01\/WhatsApp-Image-2025-01-31-at-07.17.15.jpeg?resize=400%2C333&amp;ssl=1 400w, https:\/\/i0.wp.com\/wp.ufpel.edu.br\/ateliedefigurinos\/files\/2025\/01\/WhatsApp-Image-2025-01-31-at-07.17.15.jpeg?resize=768%2C639&amp;ssl=1 768w, https:\/\/i0.wp.com\/wp.ufpel.edu.br\/ateliedefigurinos\/files\/2025\/01\/WhatsApp-Image-2025-01-31-at-07.17.15.jpeg?w=866&amp;ssl=1 866w\" sizes=\"(max-width: 400px) 100vw, 400px\" \/><\/a><\/div>\n<\/div>\n<\/div>\n<div><\/div>\n<div>\n<div>\n<div><\/div>\n<\/div>\n<div><\/div>\n<\/div>\n<div><\/div>\n<div><\/div>\n<div><\/div>\n<div><\/div>\n<div><\/div>\n<div><\/div>\n<div><\/div>\n<div><\/div>\n<div><\/div>\n<div><\/div>\n<div><\/div>\n<div><\/div>\n<div><\/div>\n<div><\/div>\n<div><\/div>\n<div><\/div>\n<div><\/div>\n<div><\/div>\n<div><\/div>\n<div><\/div>\n<div><\/div>\n<div><\/div>\n<div><\/div>\n<div>\n<div>\n<div>\n<p>&nbsp;<\/p>\n<\/div>\n<p>&nbsp;<\/p>\n<\/div>\n<\/div>\n<div>\n<div>\n<div>\n<p>&nbsp;<\/p>\n<p>&nbsp;<\/p>\n<p>&nbsp;<\/p>\n<p>&nbsp;<\/p>\n<p>&nbsp;<\/p>\n<p>&nbsp;<\/p>\n<p>Quem tiver e puder trazer: Tesoura, agulha, alfinete, el\u00e1stico, fita m\u00e9trica, vi\u00e9s, fitas, retalhos de tecidos, velcro, bot\u00f5es, rendas&#8230;(itens n\u00e3o obrigat\u00f3rios)<\/p>\n<\/div>\n<\/div>\n<div><\/div>\n<div>\n<div>\n<p>&nbsp;<\/p>\n<p>&nbsp;<\/p>\n<p>Para facilitar, foram feitos kits para quem n\u00e3o tem ou n\u00e3o tem tempo de comprar. Os kits tem valores entre R$ 3,00 e R$ 6,00 reais. Mais informa\u00e7\u00f5es, entre e contato!<\/p>\n<\/div>\n<\/div>\n<\/div>\n<p><a href=\"https:\/\/wp.ufpel.edu.br\/ateliedefigurinos\/projeto-de-extensao\/minicursos\/atuais\/whatsapp-image-2025-01-31-at-07-17-13-1\/\" rel=\"attachment wp-att-4219\"><img data-recalc-dims=\"1\" data-attachment-id=\"4219\" data-permalink=\"https:\/\/wp.ufpel.edu.br\/ateliedefigurinos\/projeto-de-extensao\/minicursos\/atuais\/whatsapp-image-2025-01-31-at-07-17-13-1\/\" data-orig-file=\"https:\/\/i0.wp.com\/wp.ufpel.edu.br\/ateliedefigurinos\/files\/2025\/01\/WhatsApp-Image-2025-01-31-at-07.17.13-1.jpeg?fit=720%2C1195&amp;ssl=1\" data-orig-size=\"720,1195\" data-comments-opened=\"0\" data-image-meta=\"{&quot;aperture&quot;:&quot;0&quot;,&quot;credit&quot;:&quot;&quot;,&quot;camera&quot;:&quot;&quot;,&quot;caption&quot;:&quot;&quot;,&quot;created_timestamp&quot;:&quot;0&quot;,&quot;copyright&quot;:&quot;&quot;,&quot;focal_length&quot;:&quot;0&quot;,&quot;iso&quot;:&quot;0&quot;,&quot;shutter_speed&quot;:&quot;0&quot;,&quot;title&quot;:&quot;&quot;,&quot;orientation&quot;:&quot;0&quot;}\" data-image-title=\"WhatsApp Image 2025-01-31 at 07.17.13 (1)\" data-image-description=\"\" data-image-caption=\"\" data-medium-file=\"https:\/\/i0.wp.com\/wp.ufpel.edu.br\/ateliedefigurinos\/files\/2025\/01\/WhatsApp-Image-2025-01-31-at-07.17.13-1.jpeg?fit=241%2C400&amp;ssl=1\" data-large-file=\"https:\/\/i0.wp.com\/wp.ufpel.edu.br\/ateliedefigurinos\/files\/2025\/01\/WhatsApp-Image-2025-01-31-at-07.17.13-1.jpeg?fit=617%2C1024&amp;ssl=1\" class=\"size-medium wp-image-4219 alignleft\" src=\"https:\/\/i0.wp.com\/wp.ufpel.edu.br\/ateliedefigurinos\/files\/2025\/01\/WhatsApp-Image-2025-01-31-at-07.17.13-1.jpeg?resize=241%2C400&#038;ssl=1\" alt=\"\" width=\"241\" height=\"400\" srcset=\"https:\/\/i0.wp.com\/wp.ufpel.edu.br\/ateliedefigurinos\/files\/2025\/01\/WhatsApp-Image-2025-01-31-at-07.17.13-1.jpeg?resize=241%2C400&amp;ssl=1 241w, https:\/\/i0.wp.com\/wp.ufpel.edu.br\/ateliedefigurinos\/files\/2025\/01\/WhatsApp-Image-2025-01-31-at-07.17.13-1.jpeg?resize=617%2C1024&amp;ssl=1 617w, https:\/\/i0.wp.com\/wp.ufpel.edu.br\/ateliedefigurinos\/files\/2025\/01\/WhatsApp-Image-2025-01-31-at-07.17.13-1.jpeg?w=720&amp;ssl=1 720w\" sizes=\"(max-width: 241px) 100vw, 241px\" \/><\/a><\/p>\n<p>&nbsp;<\/p>\n<p>&nbsp;<\/p>\n<p>&nbsp;<\/p>\n<p>&nbsp;<\/p>\n<p>&nbsp;<\/p>\n<p>&nbsp;<\/p>\n<p>&nbsp;<\/p>\n<p>&nbsp;<\/p>\n<p>&nbsp;<\/p>\n<p>&nbsp;<\/p>\n<p>&nbsp;<\/p>\n<div><\/div>\n<div><\/div>\n<div><\/div>\n<div><\/div>\n<div><\/div>\n<div><\/div>\n<div><\/div>\n<div><\/div>\n<div><\/div>\n<div><\/div>\n<div><\/div>\n<div><\/div>\n<div><\/div>\n<div><\/div>\n<div><\/div>\n<div><\/div>\n<div><\/div>\n<div>\n<div>\n<div><\/div>\n<div>\n<p>Em breve, novas turmas e hor\u00e1rios.<\/p>\n<\/div>\n<\/div>\n<div><\/div>\n<div>\n<p>Qualquer outra d\u00favida entrar em contato.<br \/>\nE-mail:\u00a0<a href=\"mailto:ateliedefigurinos@ufpel.edu.br\">ateliedefigurinos@ufpel.edu.br<\/a><br \/>\nFacebook: Ateli\u00eaFigurinos Ufpel<br \/>\nInstagram: @ateliefigurinos<\/p>\n<\/div>\n<\/div>\n<div><\/div>\n<div><\/div>\n","protected":false},"excerpt":{"rendered":"<p>Minicurso B\u00e1sico de Costura &nbsp; EM BREVE, NOVAS TURMAS &nbsp; Projeto de Extens\u00e3o &#8211; Centro de Artes &#8211; Universidade Federal de Pelotas Curso gratuito, aberto \u00e0 comunidade. Presencial. Local: Ateli\u00ea de Figurinos. Rua: Alberto Rosa, 117. Sala 69. Largo do Bola. Bloco 3 Centro de Artes. TURMA 01 &#8211; FEVEREIRO &#8211; INCRI\u00c7\u00d5ES FINALIZADAS &gt;&gt; 11\/02\/25 [&hellip;]<\/p>\n","protected":false},"author":412,"featured_media":0,"parent":48,"menu_order":0,"comment_status":"closed","ping_status":"closed","template":"","meta":{"jetpack_post_was_ever_published":false,"footnotes":""},"class_list":["post-122","page","type-page","status-publish","hentry"],"jetpack_sharing_enabled":true,"jetpack_shortlink":"https:\/\/wp.me\/P9wvEO-1Y","jetpack_likes_enabled":true,"jetpack-related-posts":[],"_links":{"self":[{"href":"https:\/\/wp.ufpel.edu.br\/ateliedefigurinos\/wp-json\/wp\/v2\/pages\/122","targetHints":{"allow":["GET"]}}],"collection":[{"href":"https:\/\/wp.ufpel.edu.br\/ateliedefigurinos\/wp-json\/wp\/v2\/pages"}],"about":[{"href":"https:\/\/wp.ufpel.edu.br\/ateliedefigurinos\/wp-json\/wp\/v2\/types\/page"}],"author":[{"embeddable":true,"href":"https:\/\/wp.ufpel.edu.br\/ateliedefigurinos\/wp-json\/wp\/v2\/users\/412"}],"replies":[{"embeddable":true,"href":"https:\/\/wp.ufpel.edu.br\/ateliedefigurinos\/wp-json\/wp\/v2\/comments?post=122"}],"version-history":[{"count":63,"href":"https:\/\/wp.ufpel.edu.br\/ateliedefigurinos\/wp-json\/wp\/v2\/pages\/122\/revisions"}],"predecessor-version":[{"id":4270,"href":"https:\/\/wp.ufpel.edu.br\/ateliedefigurinos\/wp-json\/wp\/v2\/pages\/122\/revisions\/4270"}],"up":[{"embeddable":true,"href":"https:\/\/wp.ufpel.edu.br\/ateliedefigurinos\/wp-json\/wp\/v2\/pages\/48"}],"wp:attachment":[{"href":"https:\/\/wp.ufpel.edu.br\/ateliedefigurinos\/wp-json\/wp\/v2\/media?parent=122"}],"curies":[{"name":"wp","href":"https:\/\/api.w.org\/{rel}","templated":true}]}}